{"id":28129,"date":"2023-05-10T13:23:41","date_gmt":"2023-05-10T11:23:41","guid":{"rendered":"https:\/\/librairie7l.com\/?post_type=product&#038;p=28129"},"modified":"2026-04-11T22:56:46","modified_gmt":"2026-04-11T20:56:46","slug":"utopie-maladrerie","status":"publish","type":"product","link":"https:\/\/librairie7l.com\/en\/produit\/utopie-maladrerie\/","title":{"rendered":"UTOPIE MALADRERIE"},"content":{"rendered":"<p>Le quartier de la Maladrerie, \u00e0 Aubervilliers en Seine-Saint-Denis est l&#8217;une des r\u00e9alisations les plus remarquables de l&#8217;architecture urbaine de la fin des ann\u00e9es 1970. \u00ab La Mala \u00bb, comme ses habitants l&#8217;appelent, a \u00e9t\u00e9 imagin\u00e9 par Ren\u00e9e Gailhoustet. L&#8217;architecte a alors pour ambition de repenser les liens entre la ville et le logement social. Entre 1975 et 1984, c&#8217;est un ensemble de 9 hectares et de 1 000 logements, tous diff\u00e9rents, qui voient le jour. Des commerces, des \u00e9quipements socio-culturels et des ateliers d&#8217;artistes s&#8217;int\u00e8grent \u00e0 l&#8217;ensemble. D\u00e9laissant le mod\u00e8le \u00e9cul\u00e9 des barres et des tours, l&#8217;exp\u00e9rience architecturale qu&#8217;elle m\u00e8ne \u00e0 Aubervilliers ambitionne de changer le statut du logement social dans le tissu urbain. Architecture futuriste m\u00ealant b\u00e9ton, verre, terrasses v\u00e9g\u00e9talis\u00e9es et formes angulaires, elle laisse une grande place \u00e0 la circulation pi\u00e9tonne et \u00e0 la v\u00e9g\u00e9tation. Un genre d&#8217;utopie en banlieue rouge. La Maladrerie est, en effet, l&#8217;une des rares r\u00e9alisations de logements sociaux en gradins, o\u00f9 chaque appartement pr\u00e9sente un plan unique, la plupart se prolongeant \u00e0 l&#8217;ext\u00e9rieur par une terrasse-jardin en \u00e9tage ou un jardin en pleine terre en rez-de-chauss\u00e9e.<br \/>\nEn 2017, l&#8217;artiste Julie Balagu\u00e9 s&#8217;y installe. Depuis, elle y vit et y travaille.<br \/>\nElle est all\u00e9e \u00e0 la rencontre des habitants, des passants et des associations du coin. Des conversations naissent : elles sont utopiques ou alarmantes et refl\u00e8tent les questionnements du devenir de cet ensemble o\u00f9 toutes les cat\u00e9gories sociales, tous les m\u00e9tiers, tous les \u00e2ges, toutes les origines et toutes les exp\u00e9riences se rencontrent et cohabitent. Son travail m\u00eale des photographies de l&#8217;ensemble architectural et des portraits des habitants.<br \/>\nDe courts textes po\u00e9tiques de la romanci\u00e8re Fanny Taillandier, inspir\u00e9s des t\u00e9moignages recueillis par la photographe, accompagnent la s\u00e9rie d&#8217;images. En fin d&#8217;ouvrage est ins\u00e9r\u00e9 un livret qui rassemble deux textes plus contextuels et th\u00e9oriques de l&#8217;architecte Katherine Fiumani d&#8217;une part et de l&#8217;historienne de la photographie, Rapha\u00eble Bertho.<\/p>\n","protected":false},"excerpt":{"rendered":"<p>Le quartier de la Maladrerie, \u00e0 Aubervilliers en Seine-Saint-Denis est l&#8217;une des r\u00e9alisations les plus remarquables de l&#8217;architecture urbaine de la fin des ann\u00e9es 1970. \u00ab La Mala \u00bb, comme ses habitants l&#8217;appelent, a \u00e9t\u00e9 imagin\u00e9 par Ren\u00e9e Gailhoustet. L&#8217;architecte a alors pour ambition de repenser les liens entre la ville et le logement social. [&hellip;]<\/p>\n","protected":false},"featured_media":28127,"template":"","meta":[],"product_cat":[55,2948,22,2950],"product_tag":[],"acf":[],"yoast_head":"<!-- This site is optimized with the Yoast SEO plugin v20.11 - https:\/\/yoast.com\/wordpress\/plugins\/seo\/ -->\n<title>UTOPIE MALADRERIE - Librairie 7L<\/title>\n<meta name=\"robots\" content=\"index, follow, max-snippet:-1, max-image-preview:large, max-video-preview:-1\" \/>\n<link rel=\"canonical\" href=\"https:\/\/librairie7l.com\/en\/produit\/utopie-maladrerie\/\" \/>\n<meta property=\"og:locale\" content=\"en_US\" \/>\n<meta property=\"og:type\" content=\"article\" \/>\n<meta property=\"og:title\" content=\"UTOPIE MALADRERIE - Librairie 7L\" \/>\n<meta property=\"og:description\" content=\"Le quartier de la Maladrerie, \u00e0 Aubervilliers en Seine-Saint-Denis est l&#8217;une des r\u00e9alisations les plus remarquables de l&#8217;architecture urbaine de la fin des ann\u00e9es 1970. \u00ab La Mala \u00bb, comme ses habitants l&#8217;appelent, a \u00e9t\u00e9 imagin\u00e9 par Ren\u00e9e Gailhoustet. L&#8217;architecte a alors pour ambition de repenser les liens entre la ville et le logement social. [&hellip;]\" \/>\n<meta property=\"og:url\" content=\"https:\/\/librairie7l.com\/en\/produit\/utopie-maladrerie\/\" \/>\n<meta property=\"og:site_name\" content=\"Librairie 7L\" \/>\n<meta property=\"article:modified_time\" content=\"2026-04-11T20:56:46+00:00\" \/>\n<meta property=\"og:image\" content=\"https:\/\/librairie7l.com\/wp-content\/uploads\/2020\/06\/9782843140334_1_75.jpg\" \/>\n\t<meta property=\"og:image:width\" content=\"367\" \/>\n\t<meta property=\"og:image:height\" content=\"469\" \/>\n\t<meta property=\"og:image:type\" content=\"image\/jpeg\" \/>\n<meta name=\"twitter:card\" content=\"summary_large_image\" \/>\n<meta name=\"twitter:label1\" content=\"Est. reading time\" \/>\n\t<meta name=\"twitter:data1\" content=\"2 minutes\" \/>\n<script type=\"application\/ld+json\" class=\"yoast-schema-graph\">{\"@context\":\"https:\/\/schema.org\",\"@graph\":[{\"@type\":\"WebPage\",\"@id\":\"https:\/\/librairie7l.com\/en\/produit\/utopie-maladrerie\/\",\"url\":\"https:\/\/librairie7l.com\/en\/produit\/utopie-maladrerie\/\",\"name\":\"UTOPIE MALADRERIE - Librairie 7L\",\"isPartOf\":{\"@id\":\"https:\/\/librairie7l.com\/en\/#website\"},\"datePublished\":\"2023-05-10T11:23:41+00:00\",\"dateModified\":\"2026-04-11T20:56:46+00:00\",\"breadcrumb\":{\"@id\":\"https:\/\/librairie7l.com\/en\/produit\/utopie-maladrerie\/#breadcrumb\"},\"inLanguage\":\"en-US\",\"potentialAction\":[{\"@type\":\"ReadAction\",\"target\":[\"https:\/\/librairie7l.com\/en\/produit\/utopie-maladrerie\/\"]}]},{\"@type\":\"BreadcrumbList\",\"@id\":\"https:\/\/librairie7l.com\/en\/produit\/utopie-maladrerie\/#breadcrumb\",\"itemListElement\":[{\"@type\":\"ListItem\",\"position\":1,\"name\":\"Accueil\",\"item\":\"https:\/\/librairie7l.com\/en\/\"},{\"@type\":\"ListItem\",\"position\":2,\"name\":\"Shop\",\"item\":\"https:\/\/librairie7l.com\/en\/shop\/\"},{\"@type\":\"ListItem\",\"position\":3,\"name\":\"UTOPIE MALADRERIE\"}]},{\"@type\":\"WebSite\",\"@id\":\"https:\/\/librairie7l.com\/en\/#website\",\"url\":\"https:\/\/librairie7l.com\/en\/\",\"name\":\"Librairie 7L\",\"description\":\"Librairie fond\u00e9e en 1999 par Karl Lagerfeld \u00e0 Paris\",\"publisher\":{\"@id\":\"https:\/\/librairie7l.com\/en\/#organization\"},\"potentialAction\":[{\"@type\":\"SearchAction\",\"target\":{\"@type\":\"EntryPoint\",\"urlTemplate\":\"https:\/\/librairie7l.com\/en\/?s={search_term_string}\"},\"query-input\":\"required name=search_term_string\"}],\"inLanguage\":\"en-US\"},{\"@type\":\"Organization\",\"@id\":\"https:\/\/librairie7l.com\/en\/#organization\",\"name\":\"Librairie 7L\",\"url\":\"https:\/\/librairie7l.com\/en\/\",\"logo\":{\"@type\":\"ImageObject\",\"inLanguage\":\"en-US\",\"@id\":\"https:\/\/librairie7l.com\/en\/#\/schema\/logo\/image\/\",\"url\":\"https:\/\/librairie7l.com\/wp-content\/uploads\/2022\/08\/logo-1.png\",\"contentUrl\":\"https:\/\/librairie7l.com\/wp-content\/uploads\/2022\/08\/logo-1.png\",\"width\":227,\"height\":301,\"caption\":\"Librairie 7L\"},\"image\":{\"@id\":\"https:\/\/librairie7l.com\/en\/#\/schema\/logo\/image\/\"}}]}<\/script>\n<!-- \/ Yoast SEO plugin. -->","yoast_head_json":{"title":"UTOPIE MALADRERIE - Librairie 7L","robots":{"index":"index","follow":"follow","max-snippet":"max-snippet:-1","max-image-preview":"max-image-preview:large","max-video-preview":"max-video-preview:-1"},"canonical":"https:\/\/librairie7l.com\/en\/produit\/utopie-maladrerie\/","og_locale":"en_US","og_type":"article","og_title":"UTOPIE MALADRERIE - Librairie 7L","og_description":"Le quartier de la Maladrerie, \u00e0 Aubervilliers en Seine-Saint-Denis est l&#8217;une des r\u00e9alisations les plus remarquables de l&#8217;architecture urbaine de la fin des ann\u00e9es 1970. \u00ab La Mala \u00bb, comme ses habitants l&#8217;appelent, a \u00e9t\u00e9 imagin\u00e9 par Ren\u00e9e Gailhoustet. L&#8217;architecte a alors pour ambition de repenser les liens entre la ville et le logement social. [&hellip;]","og_url":"https:\/\/librairie7l.com\/en\/produit\/utopie-maladrerie\/","og_site_name":"Librairie 7L","article_modified_time":"2026-04-11T20:56:46+00:00","og_image":[{"width":367,"height":469,"url":"https:\/\/librairie7l.com\/wp-content\/uploads\/2020\/06\/9782843140334_1_75.jpg","type":"image\/jpeg"}],"twitter_card":"summary_large_image","twitter_misc":{"Est. reading time":"2 minutes"},"schema":{"@context":"https:\/\/schema.org","@graph":[{"@type":"WebPage","@id":"https:\/\/librairie7l.com\/en\/produit\/utopie-maladrerie\/","url":"https:\/\/librairie7l.com\/en\/produit\/utopie-maladrerie\/","name":"UTOPIE MALADRERIE - Librairie 7L","isPartOf":{"@id":"https:\/\/librairie7l.com\/en\/#website"},"datePublished":"2023-05-10T11:23:41+00:00","dateModified":"2026-04-11T20:56:46+00:00","breadcrumb":{"@id":"https:\/\/librairie7l.com\/en\/produit\/utopie-maladrerie\/#breadcrumb"},"inLanguage":"en-US","potentialAction":[{"@type":"ReadAction","target":["https:\/\/librairie7l.com\/en\/produit\/utopie-maladrerie\/"]}]},{"@type":"BreadcrumbList","@id":"https:\/\/librairie7l.com\/en\/produit\/utopie-maladrerie\/#breadcrumb","itemListElement":[{"@type":"ListItem","position":1,"name":"Accueil","item":"https:\/\/librairie7l.com\/en\/"},{"@type":"ListItem","position":2,"name":"Shop","item":"https:\/\/librairie7l.com\/en\/shop\/"},{"@type":"ListItem","position":3,"name":"UTOPIE MALADRERIE"}]},{"@type":"WebSite","@id":"https:\/\/librairie7l.com\/en\/#website","url":"https:\/\/librairie7l.com\/en\/","name":"Librairie 7L","description":"Librairie fond\u00e9e en 1999 par Karl Lagerfeld \u00e0 Paris","publisher":{"@id":"https:\/\/librairie7l.com\/en\/#organization"},"potentialAction":[{"@type":"SearchAction","target":{"@type":"EntryPoint","urlTemplate":"https:\/\/librairie7l.com\/en\/?s={search_term_string}"},"query-input":"required name=search_term_string"}],"inLanguage":"en-US"},{"@type":"Organization","@id":"https:\/\/librairie7l.com\/en\/#organization","name":"Librairie 7L","url":"https:\/\/librairie7l.com\/en\/","logo":{"@type":"ImageObject","inLanguage":"en-US","@id":"https:\/\/librairie7l.com\/en\/#\/schema\/logo\/image\/","url":"https:\/\/librairie7l.com\/wp-content\/uploads\/2022\/08\/logo-1.png","contentUrl":"https:\/\/librairie7l.com\/wp-content\/uploads\/2022\/08\/logo-1.png","width":227,"height":301,"caption":"Librairie 7L"},"image":{"@id":"https:\/\/librairie7l.com\/en\/#\/schema\/logo\/image\/"}}]}},"_links":{"self":[{"href":"https:\/\/librairie7l.com\/en\/wp-json\/wp\/v2\/product\/28129"}],"collection":[{"href":"https:\/\/librairie7l.com\/en\/wp-json\/wp\/v2\/product"}],"about":[{"href":"https:\/\/librairie7l.com\/en\/wp-json\/wp\/v2\/types\/product"}],"wp:featuredmedia":[{"embeddable":true,"href":"https:\/\/librairie7l.com\/en\/wp-json\/wp\/v2\/media\/28127"}],"wp:attachment":[{"href":"https:\/\/librairie7l.com\/en\/wp-json\/wp\/v2\/media?parent=28129"}],"wp:term":[{"taxonomy":"product_cat","embeddable":true,"href":"https:\/\/librairie7l.com\/en\/wp-json\/wp\/v2\/product_cat?post=28129"},{"taxonomy":"product_tag","embeddable":true,"href":"https:\/\/librairie7l.com\/en\/wp-json\/wp\/v2\/product_tag?post=28129"}],"curies":[{"name":"wp","href":"https:\/\/api.w.org\/{rel}","templated":true}]}}