{"id":28145,"date":"2023-05-10T13:24:02","date_gmt":"2023-05-10T11:24:02","guid":{"rendered":"https:\/\/librairie7l.com\/?post_type=product&#038;p=28145"},"modified":"2026-05-05T22:00:17","modified_gmt":"2026-05-05T20:00:17","slug":"cloud-physics","status":"publish","type":"product","link":"https:\/\/librairie7l.com\/en\/produit\/cloud-physics\/","title":{"rendered":"CLOUD PHYSICS"},"content":{"rendered":"<p>Le vivant, la nature, l&#8217;eau, l&#8217;air, la lumi\u00e8re, le feu, quelles percep-tions avons-nous de notre environnement, quel est notre rapport au monde sensible ? Tout est m\u00e9tamorphoses, impermanence. La photographe am\u00e9ricaine Terri Weifenbach observe avec acuit\u00e9 les changements perp\u00e9tuels d&#8217;une nature que bien souvent nous n\u00e9gligeons : son objectif capte les infimes variations de lumi\u00e8re, d&#8217;humidit\u00e9, de touffeur. Les nuages s&#8217;\u00e9paississent, se teintent de nuances mordor\u00e9es, le monde v\u00e9g\u00e9tal bruisse, charg\u00e9 d&#8217;humidit\u00e9, la pr\u00e9sence animale se r\u00e9v\u00e8le au creux d&#8217;un bois : la nature chez Terri Weifenbach se per\u00e7oit \u00e0 la d\u00e9rob\u00e9e. R\u00e9alis\u00e9es dans la for\u00eat de Fontainebleau, au jardin du Mus\u00e9um national d&#8217;histoire naturelle de Paris, au Japon dans les parcs de Nara et de Mishima, dans les Rocheuses et vastes plaines du Montana et du Wyoming ou encore dans les marais salants de Saint-Catherine Island, en G\u00e9orgie, ses images donnent \u00e0 voir une nature immanente, qui laisse percer ses myst\u00e8res \u00e0 condition de l&#8217;approcher avec attention et curiosit\u00e9. Le geste photographique se fait perception.<\/p>\n<p>Titulaire d&#8217;une bourse de recherche, qui lui a ouvert les portes du prestigieux laboratoire am\u00e9ricain de l&#8217;ARM (Atmospheric Radiation Measurement Research) o\u00f9 l&#8217;on mesure les particules pr\u00e9sentes dans l&#8217;air, la dimension des nuages, les fractions de ciel couvertes de cirrus, la hauteur du plafond nuageux, le rayonnement solaire \u00e0 la surface de la Terre ou encore la densit\u00e9 des pluies, Terri Weifenbach oeuvre en contrepoint aux instruments scientifiques qui mesurent l&#8217;immat\u00e9riel. Ses images nous immergent dans une nature fragile et myst\u00e9rieuse, o\u00f9 seule l&#8217;exp\u00e9rience sensorielle et notre perception visuelle et intuitive nous donnent acc\u00e8s au r\u00e9el.<\/p>\n","protected":false},"excerpt":{"rendered":"<p>Le vivant, la nature, l&#8217;eau, l&#8217;air, la lumi\u00e8re, le feu, quelles percep-tions avons-nous de notre environnement, quel est notre rapport au monde sensible ? Tout est m\u00e9tamorphoses, impermanence. La photographe am\u00e9ricaine Terri Weifenbach observe avec acuit\u00e9 les changements perp\u00e9tuels d&#8217;une nature que bien souvent nous n\u00e9gligeons : son objectif capte les infimes variations de lumi\u00e8re, [&hellip;]<\/p>\n","protected":false},"featured_media":28143,"template":"","meta":[],"product_cat":[55,2948,2958,17],"product_tag":[],"acf":[],"yoast_head":"<!-- This site is optimized with the Yoast SEO plugin v20.11 - https:\/\/yoast.com\/wordpress\/plugins\/seo\/ -->\n<title>CLOUD PHYSICS - Librairie 7L<\/title>\n<meta name=\"robots\" content=\"index, follow, max-snippet:-1, max-image-preview:large, max-video-preview:-1\" \/>\n<link rel=\"canonical\" href=\"https:\/\/librairie7l.com\/en\/produit\/cloud-physics\/\" \/>\n<meta property=\"og:locale\" content=\"en_US\" \/>\n<meta property=\"og:type\" content=\"article\" \/>\n<meta property=\"og:title\" content=\"CLOUD PHYSICS - Librairie 7L\" \/>\n<meta property=\"og:description\" content=\"Le vivant, la nature, l&#8217;eau, l&#8217;air, la lumi\u00e8re, le feu, quelles percep-tions avons-nous de notre environnement, quel est notre rapport au monde sensible ? Tout est m\u00e9tamorphoses, impermanence. La photographe am\u00e9ricaine Terri Weifenbach observe avec acuit\u00e9 les changements perp\u00e9tuels d&#8217;une nature que bien souvent nous n\u00e9gligeons : son objectif capte les infimes variations de lumi\u00e8re, [&hellip;]\" \/>\n<meta property=\"og:url\" content=\"https:\/\/librairie7l.com\/en\/produit\/cloud-physics\/\" \/>\n<meta property=\"og:site_name\" content=\"Librairie 7L\" \/>\n<meta property=\"article:modified_time\" content=\"2026-05-05T20:00:17+00:00\" \/>\n<meta property=\"og:image\" content=\"https:\/\/librairie7l.com\/wp-content\/uploads\/2021\/06\/9782365113069_1_75.jpg\" \/>\n\t<meta property=\"og:image:width\" content=\"600\" \/>\n\t<meta property=\"og:image:height\" content=\"796\" \/>\n\t<meta property=\"og:image:type\" content=\"image\/jpeg\" \/>\n<meta name=\"twitter:card\" content=\"summary_large_image\" \/>\n<meta name=\"twitter:label1\" content=\"Est. reading time\" \/>\n\t<meta name=\"twitter:data1\" content=\"1 minute\" \/>\n<script type=\"application\/ld+json\" class=\"yoast-schema-graph\">{\"@context\":\"https:\/\/schema.org\",\"@graph\":[{\"@type\":\"WebPage\",\"@id\":\"https:\/\/librairie7l.com\/en\/produit\/cloud-physics\/\",\"url\":\"https:\/\/librairie7l.com\/en\/produit\/cloud-physics\/\",\"name\":\"CLOUD PHYSICS - Librairie 7L\",\"isPartOf\":{\"@id\":\"https:\/\/librairie7l.com\/en\/#website\"},\"datePublished\":\"2023-05-10T11:24:02+00:00\",\"dateModified\":\"2026-05-05T20:00:17+00:00\",\"breadcrumb\":{\"@id\":\"https:\/\/librairie7l.com\/en\/produit\/cloud-physics\/#breadcrumb\"},\"inLanguage\":\"en-US\",\"potentialAction\":[{\"@type\":\"ReadAction\",\"target\":[\"https:\/\/librairie7l.com\/en\/produit\/cloud-physics\/\"]}]},{\"@type\":\"BreadcrumbList\",\"@id\":\"https:\/\/librairie7l.com\/en\/produit\/cloud-physics\/#breadcrumb\",\"itemListElement\":[{\"@type\":\"ListItem\",\"position\":1,\"name\":\"Accueil\",\"item\":\"https:\/\/librairie7l.com\/en\/\"},{\"@type\":\"ListItem\",\"position\":2,\"name\":\"Shop\",\"item\":\"https:\/\/librairie7l.com\/en\/shop\/\"},{\"@type\":\"ListItem\",\"position\":3,\"name\":\"CLOUD PHYSICS\"}]},{\"@type\":\"WebSite\",\"@id\":\"https:\/\/librairie7l.com\/en\/#website\",\"url\":\"https:\/\/librairie7l.com\/en\/\",\"name\":\"Librairie 7L\",\"description\":\"Librairie fond\u00e9e en 1999 par Karl Lagerfeld \u00e0 Paris\",\"publisher\":{\"@id\":\"https:\/\/librairie7l.com\/en\/#organization\"},\"potentialAction\":[{\"@type\":\"SearchAction\",\"target\":{\"@type\":\"EntryPoint\",\"urlTemplate\":\"https:\/\/librairie7l.com\/en\/?s={search_term_string}\"},\"query-input\":\"required name=search_term_string\"}],\"inLanguage\":\"en-US\"},{\"@type\":\"Organization\",\"@id\":\"https:\/\/librairie7l.com\/en\/#organization\",\"name\":\"Librairie 7L\",\"url\":\"https:\/\/librairie7l.com\/en\/\",\"logo\":{\"@type\":\"ImageObject\",\"inLanguage\":\"en-US\",\"@id\":\"https:\/\/librairie7l.com\/en\/#\/schema\/logo\/image\/\",\"url\":\"https:\/\/librairie7l.com\/wp-content\/uploads\/2022\/08\/logo-1.png\",\"contentUrl\":\"https:\/\/librairie7l.com\/wp-content\/uploads\/2022\/08\/logo-1.png\",\"width\":227,\"height\":301,\"caption\":\"Librairie 7L\"},\"image\":{\"@id\":\"https:\/\/librairie7l.com\/en\/#\/schema\/logo\/image\/\"}}]}<\/script>\n<!-- \/ Yoast SEO plugin. -->","yoast_head_json":{"title":"CLOUD PHYSICS - Librairie 7L","robots":{"index":"index","follow":"follow","max-snippet":"max-snippet:-1","max-image-preview":"max-image-preview:large","max-video-preview":"max-video-preview:-1"},"canonical":"https:\/\/librairie7l.com\/en\/produit\/cloud-physics\/","og_locale":"en_US","og_type":"article","og_title":"CLOUD PHYSICS - Librairie 7L","og_description":"Le vivant, la nature, l&#8217;eau, l&#8217;air, la lumi\u00e8re, le feu, quelles percep-tions avons-nous de notre environnement, quel est notre rapport au monde sensible ? Tout est m\u00e9tamorphoses, impermanence. La photographe am\u00e9ricaine Terri Weifenbach observe avec acuit\u00e9 les changements perp\u00e9tuels d&#8217;une nature que bien souvent nous n\u00e9gligeons : son objectif capte les infimes variations de lumi\u00e8re, [&hellip;]","og_url":"https:\/\/librairie7l.com\/en\/produit\/cloud-physics\/","og_site_name":"Librairie 7L","article_modified_time":"2026-05-05T20:00:17+00:00","og_image":[{"width":600,"height":796,"url":"https:\/\/librairie7l.com\/wp-content\/uploads\/2021\/06\/9782365113069_1_75.jpg","type":"image\/jpeg"}],"twitter_card":"summary_large_image","twitter_misc":{"Est. reading time":"1 minute"},"schema":{"@context":"https:\/\/schema.org","@graph":[{"@type":"WebPage","@id":"https:\/\/librairie7l.com\/en\/produit\/cloud-physics\/","url":"https:\/\/librairie7l.com\/en\/produit\/cloud-physics\/","name":"CLOUD PHYSICS - Librairie 7L","isPartOf":{"@id":"https:\/\/librairie7l.com\/en\/#website"},"datePublished":"2023-05-10T11:24:02+00:00","dateModified":"2026-05-05T20:00:17+00:00","breadcrumb":{"@id":"https:\/\/librairie7l.com\/en\/produit\/cloud-physics\/#breadcrumb"},"inLanguage":"en-US","potentialAction":[{"@type":"ReadAction","target":["https:\/\/librairie7l.com\/en\/produit\/cloud-physics\/"]}]},{"@type":"BreadcrumbList","@id":"https:\/\/librairie7l.com\/en\/produit\/cloud-physics\/#breadcrumb","itemListElement":[{"@type":"ListItem","position":1,"name":"Accueil","item":"https:\/\/librairie7l.com\/en\/"},{"@type":"ListItem","position":2,"name":"Shop","item":"https:\/\/librairie7l.com\/en\/shop\/"},{"@type":"ListItem","position":3,"name":"CLOUD PHYSICS"}]},{"@type":"WebSite","@id":"https:\/\/librairie7l.com\/en\/#website","url":"https:\/\/librairie7l.com\/en\/","name":"Librairie 7L","description":"Librairie fond\u00e9e en 1999 par Karl Lagerfeld \u00e0 Paris","publisher":{"@id":"https:\/\/librairie7l.com\/en\/#organization"},"potentialAction":[{"@type":"SearchAction","target":{"@type":"EntryPoint","urlTemplate":"https:\/\/librairie7l.com\/en\/?s={search_term_string}"},"query-input":"required name=search_term_string"}],"inLanguage":"en-US"},{"@type":"Organization","@id":"https:\/\/librairie7l.com\/en\/#organization","name":"Librairie 7L","url":"https:\/\/librairie7l.com\/en\/","logo":{"@type":"ImageObject","inLanguage":"en-US","@id":"https:\/\/librairie7l.com\/en\/#\/schema\/logo\/image\/","url":"https:\/\/librairie7l.com\/wp-content\/uploads\/2022\/08\/logo-1.png","contentUrl":"https:\/\/librairie7l.com\/wp-content\/uploads\/2022\/08\/logo-1.png","width":227,"height":301,"caption":"Librairie 7L"},"image":{"@id":"https:\/\/librairie7l.com\/en\/#\/schema\/logo\/image\/"}}]}},"_links":{"self":[{"href":"https:\/\/librairie7l.com\/en\/wp-json\/wp\/v2\/product\/28145"}],"collection":[{"href":"https:\/\/librairie7l.com\/en\/wp-json\/wp\/v2\/product"}],"about":[{"href":"https:\/\/librairie7l.com\/en\/wp-json\/wp\/v2\/types\/product"}],"wp:featuredmedia":[{"embeddable":true,"href":"https:\/\/librairie7l.com\/en\/wp-json\/wp\/v2\/media\/28143"}],"wp:attachment":[{"href":"https:\/\/librairie7l.com\/en\/wp-json\/wp\/v2\/media?parent=28145"}],"wp:term":[{"taxonomy":"product_cat","embeddable":true,"href":"https:\/\/librairie7l.com\/en\/wp-json\/wp\/v2\/product_cat?post=28145"},{"taxonomy":"product_tag","embeddable":true,"href":"https:\/\/librairie7l.com\/en\/wp-json\/wp\/v2\/product_tag?post=28145"}],"curies":[{"name":"wp","href":"https:\/\/api.w.org\/{rel}","templated":true}]}}