{"id":28171,"date":"2023-05-10T13:24:45","date_gmt":"2023-05-10T11:24:45","guid":{"rendered":"https:\/\/librairie7l.com\/?post_type=product&#038;p=28171"},"modified":"2026-04-23T11:05:56","modified_gmt":"2026-04-23T09:05:56","slug":"devenir-fleur","status":"publish","type":"product","link":"https:\/\/librairie7l.com\/en\/produit\/devenir-fleur\/","title":{"rendered":"DEVENIR FLEUR"},"content":{"rendered":"<p>Devenir Fleur ? Alors que le bouleversement des \u00e9cosyst\u00e8mes et du climat nous am\u00e8ne \u00e0 repenser notre relation \u00e0 la nature et au monde vivant que pouvons-nous apprendre des fleurs, de leur r\u00e9silience, de leur adaptation constante \u00e0 leur milieu, de leur sobri\u00e9t\u00e9 ? Vuln\u00e9rables et essentielles, elles sont un moteur indispensable de la vie : elles produisent la nourriture que consomment humains, animaux et insectes et l&#8217;oxyg\u00e8ne que nous respirons.<br \/>\nAvec les avanc\u00e9es scientifiques sur l&#8217;intelligence du v\u00e9g\u00e9tal et une nouvelle approche du vivant, la fascination qu&#8217;elles exercent ne cesse d&#8217;augmenter &#8211; bien au-del\u00e0 du simple plaisir esth\u00e9tique. Symboles de fragilit\u00e9 et de renaissance, elles deviennent un marqueur particuli\u00e8rement puissant pour \u00e9clairer les enjeux actuels. \u00c0 travers le regard d&#8217;artistes, femmes et hommes de vingt nationalit\u00e9s diff\u00e9rentes, Devenir fleur tente d&#8217;apporter un \u00e9clairage nouveau et sensible sur les sujets \u00e9cologiques, anthropologiques, g\u00e9opolitiques contemporains. Le volume fait surgir une botanique de l&#8217;histoire mondiale, ainsi que de nouvelles formes d&#8217;attentions, de sensibilit\u00e9s, de pens\u00e9es.<\/p>\n","protected":false},"excerpt":{"rendered":"<p>Devenir Fleur ? Alors que le bouleversement des \u00e9cosyst\u00e8mes et du climat nous am\u00e8ne \u00e0 repenser notre relation \u00e0 la nature et au monde vivant que pouvons-nous apprendre des fleurs, de leur r\u00e9silience, de leur adaptation constante \u00e0 leur milieu, de leur sobri\u00e9t\u00e9 ? Vuln\u00e9rables et essentielles, elles sont un moteur indispensable de la vie [&hellip;]<\/p>\n","protected":false},"featured_media":28169,"template":"","meta":[],"product_cat":[55,2948,2958,17],"product_tag":[],"acf":[],"yoast_head":"<!-- This site is optimized with the Yoast SEO plugin v20.11 - https:\/\/yoast.com\/wordpress\/plugins\/seo\/ -->\n<title>DEVENIR FLEUR - Librairie 7L<\/title>\n<meta name=\"robots\" content=\"index, follow, max-snippet:-1, max-image-preview:large, max-video-preview:-1\" \/>\n<link rel=\"canonical\" href=\"https:\/\/librairie7l.com\/en\/produit\/devenir-fleur\/\" \/>\n<meta property=\"og:locale\" content=\"en_US\" \/>\n<meta property=\"og:type\" content=\"article\" \/>\n<meta property=\"og:title\" content=\"DEVENIR FLEUR - Librairie 7L\" \/>\n<meta property=\"og:description\" content=\"Devenir Fleur ? Alors que le bouleversement des \u00e9cosyst\u00e8mes et du climat nous am\u00e8ne \u00e0 repenser notre relation \u00e0 la nature et au monde vivant que pouvons-nous apprendre des fleurs, de leur r\u00e9silience, de leur adaptation constante \u00e0 leur milieu, de leur sobri\u00e9t\u00e9 ? Vuln\u00e9rables et essentielles, elles sont un moteur indispensable de la vie [&hellip;]\" \/>\n<meta property=\"og:url\" content=\"https:\/\/librairie7l.com\/en\/produit\/devenir-fleur\/\" \/>\n<meta property=\"og:site_name\" content=\"Librairie 7L\" \/>\n<meta property=\"article:modified_time\" content=\"2026-04-23T09:05:56+00:00\" \/>\n<meta property=\"og:image\" content=\"https:\/\/librairie7l.com\/wp-content\/uploads\/2022\/08\/9788836653317_1_75.jpg\" \/>\n\t<meta property=\"og:image:width\" content=\"400\" \/>\n\t<meta property=\"og:image:height\" content=\"462\" \/>\n\t<meta property=\"og:image:type\" content=\"image\/jpeg\" \/>\n<meta name=\"twitter:card\" content=\"summary_large_image\" \/>\n<meta name=\"twitter:label1\" content=\"Est. reading time\" \/>\n\t<meta name=\"twitter:data1\" content=\"1 minute\" \/>\n<script type=\"application\/ld+json\" class=\"yoast-schema-graph\">{\"@context\":\"https:\/\/schema.org\",\"@graph\":[{\"@type\":\"WebPage\",\"@id\":\"https:\/\/librairie7l.com\/en\/produit\/devenir-fleur\/\",\"url\":\"https:\/\/librairie7l.com\/en\/produit\/devenir-fleur\/\",\"name\":\"DEVENIR FLEUR - Librairie 7L\",\"isPartOf\":{\"@id\":\"https:\/\/librairie7l.com\/en\/#website\"},\"datePublished\":\"2023-05-10T11:24:45+00:00\",\"dateModified\":\"2026-04-23T09:05:56+00:00\",\"breadcrumb\":{\"@id\":\"https:\/\/librairie7l.com\/en\/produit\/devenir-fleur\/#breadcrumb\"},\"inLanguage\":\"en-US\",\"potentialAction\":[{\"@type\":\"ReadAction\",\"target\":[\"https:\/\/librairie7l.com\/en\/produit\/devenir-fleur\/\"]}]},{\"@type\":\"BreadcrumbList\",\"@id\":\"https:\/\/librairie7l.com\/en\/produit\/devenir-fleur\/#breadcrumb\",\"itemListElement\":[{\"@type\":\"ListItem\",\"position\":1,\"name\":\"Accueil\",\"item\":\"https:\/\/librairie7l.com\/en\/\"},{\"@type\":\"ListItem\",\"position\":2,\"name\":\"Shop\",\"item\":\"https:\/\/librairie7l.com\/en\/shop\/\"},{\"@type\":\"ListItem\",\"position\":3,\"name\":\"DEVENIR FLEUR\"}]},{\"@type\":\"WebSite\",\"@id\":\"https:\/\/librairie7l.com\/en\/#website\",\"url\":\"https:\/\/librairie7l.com\/en\/\",\"name\":\"Librairie 7L\",\"description\":\"Librairie fond\u00e9e en 1999 par Karl Lagerfeld \u00e0 Paris\",\"publisher\":{\"@id\":\"https:\/\/librairie7l.com\/en\/#organization\"},\"potentialAction\":[{\"@type\":\"SearchAction\",\"target\":{\"@type\":\"EntryPoint\",\"urlTemplate\":\"https:\/\/librairie7l.com\/en\/?s={search_term_string}\"},\"query-input\":\"required name=search_term_string\"}],\"inLanguage\":\"en-US\"},{\"@type\":\"Organization\",\"@id\":\"https:\/\/librairie7l.com\/en\/#organization\",\"name\":\"Librairie 7L\",\"url\":\"https:\/\/librairie7l.com\/en\/\",\"logo\":{\"@type\":\"ImageObject\",\"inLanguage\":\"en-US\",\"@id\":\"https:\/\/librairie7l.com\/en\/#\/schema\/logo\/image\/\",\"url\":\"https:\/\/librairie7l.com\/wp-content\/uploads\/2022\/08\/logo-1.png\",\"contentUrl\":\"https:\/\/librairie7l.com\/wp-content\/uploads\/2022\/08\/logo-1.png\",\"width\":227,\"height\":301,\"caption\":\"Librairie 7L\"},\"image\":{\"@id\":\"https:\/\/librairie7l.com\/en\/#\/schema\/logo\/image\/\"}}]}<\/script>\n<!-- \/ Yoast SEO plugin. -->","yoast_head_json":{"title":"DEVENIR FLEUR - Librairie 7L","robots":{"index":"index","follow":"follow","max-snippet":"max-snippet:-1","max-image-preview":"max-image-preview:large","max-video-preview":"max-video-preview:-1"},"canonical":"https:\/\/librairie7l.com\/en\/produit\/devenir-fleur\/","og_locale":"en_US","og_type":"article","og_title":"DEVENIR FLEUR - Librairie 7L","og_description":"Devenir Fleur ? Alors que le bouleversement des \u00e9cosyst\u00e8mes et du climat nous am\u00e8ne \u00e0 repenser notre relation \u00e0 la nature et au monde vivant que pouvons-nous apprendre des fleurs, de leur r\u00e9silience, de leur adaptation constante \u00e0 leur milieu, de leur sobri\u00e9t\u00e9 ? Vuln\u00e9rables et essentielles, elles sont un moteur indispensable de la vie [&hellip;]","og_url":"https:\/\/librairie7l.com\/en\/produit\/devenir-fleur\/","og_site_name":"Librairie 7L","article_modified_time":"2026-04-23T09:05:56+00:00","og_image":[{"width":400,"height":462,"url":"https:\/\/librairie7l.com\/wp-content\/uploads\/2022\/08\/9788836653317_1_75.jpg","type":"image\/jpeg"}],"twitter_card":"summary_large_image","twitter_misc":{"Est. reading time":"1 minute"},"schema":{"@context":"https:\/\/schema.org","@graph":[{"@type":"WebPage","@id":"https:\/\/librairie7l.com\/en\/produit\/devenir-fleur\/","url":"https:\/\/librairie7l.com\/en\/produit\/devenir-fleur\/","name":"DEVENIR FLEUR - Librairie 7L","isPartOf":{"@id":"https:\/\/librairie7l.com\/en\/#website"},"datePublished":"2023-05-10T11:24:45+00:00","dateModified":"2026-04-23T09:05:56+00:00","breadcrumb":{"@id":"https:\/\/librairie7l.com\/en\/produit\/devenir-fleur\/#breadcrumb"},"inLanguage":"en-US","potentialAction":[{"@type":"ReadAction","target":["https:\/\/librairie7l.com\/en\/produit\/devenir-fleur\/"]}]},{"@type":"BreadcrumbList","@id":"https:\/\/librairie7l.com\/en\/produit\/devenir-fleur\/#breadcrumb","itemListElement":[{"@type":"ListItem","position":1,"name":"Accueil","item":"https:\/\/librairie7l.com\/en\/"},{"@type":"ListItem","position":2,"name":"Shop","item":"https:\/\/librairie7l.com\/en\/shop\/"},{"@type":"ListItem","position":3,"name":"DEVENIR FLEUR"}]},{"@type":"WebSite","@id":"https:\/\/librairie7l.com\/en\/#website","url":"https:\/\/librairie7l.com\/en\/","name":"Librairie 7L","description":"Librairie fond\u00e9e en 1999 par Karl Lagerfeld \u00e0 Paris","publisher":{"@id":"https:\/\/librairie7l.com\/en\/#organization"},"potentialAction":[{"@type":"SearchAction","target":{"@type":"EntryPoint","urlTemplate":"https:\/\/librairie7l.com\/en\/?s={search_term_string}"},"query-input":"required name=search_term_string"}],"inLanguage":"en-US"},{"@type":"Organization","@id":"https:\/\/librairie7l.com\/en\/#organization","name":"Librairie 7L","url":"https:\/\/librairie7l.com\/en\/","logo":{"@type":"ImageObject","inLanguage":"en-US","@id":"https:\/\/librairie7l.com\/en\/#\/schema\/logo\/image\/","url":"https:\/\/librairie7l.com\/wp-content\/uploads\/2022\/08\/logo-1.png","contentUrl":"https:\/\/librairie7l.com\/wp-content\/uploads\/2022\/08\/logo-1.png","width":227,"height":301,"caption":"Librairie 7L"},"image":{"@id":"https:\/\/librairie7l.com\/en\/#\/schema\/logo\/image\/"}}]}},"_links":{"self":[{"href":"https:\/\/librairie7l.com\/en\/wp-json\/wp\/v2\/product\/28171"}],"collection":[{"href":"https:\/\/librairie7l.com\/en\/wp-json\/wp\/v2\/product"}],"about":[{"href":"https:\/\/librairie7l.com\/en\/wp-json\/wp\/v2\/types\/product"}],"wp:featuredmedia":[{"embeddable":true,"href":"https:\/\/librairie7l.com\/en\/wp-json\/wp\/v2\/media\/28169"}],"wp:attachment":[{"href":"https:\/\/librairie7l.com\/en\/wp-json\/wp\/v2\/media?parent=28171"}],"wp:term":[{"taxonomy":"product_cat","embeddable":true,"href":"https:\/\/librairie7l.com\/en\/wp-json\/wp\/v2\/product_cat?post=28171"},{"taxonomy":"product_tag","embeddable":true,"href":"https:\/\/librairie7l.com\/en\/wp-json\/wp\/v2\/product_tag?post=28171"}],"curies":[{"name":"wp","href":"https:\/\/api.w.org\/{rel}","templated":true}]}}