{"id":28175,"date":"2023-05-10T13:24:53","date_gmt":"2023-05-10T11:24:53","guid":{"rendered":"https:\/\/librairie7l.com\/?post_type=product&#038;p=28175"},"modified":"2026-04-05T22:10:43","modified_gmt":"2026-04-05T20:10:43","slug":"le-domaine-du-rayol-oser-les-mediterranees","status":"publish","type":"product","link":"https:\/\/librairie7l.com\/en\/produit\/le-domaine-du-rayol-oser-les-mediterranees\/","title":{"rendered":"LE DOMAINE DU RAYOL ; OSER LES M\u00c9DITERRAN\u00c9ES"},"content":{"rendered":"<p>Ce livre raconte l&#8217;histoire d&#8217;un territoire embl\u00e9matique de la C\u00f4te d&#8217;Azur. Par le jardin que Gilles Cl\u00e9ment y a con\u00e7u, le Domaine du Rayol est d\u00e9sormais reli\u00e9 aux M\u00e9diterran\u00e9es du monde. Il offre des paysages qui existent aux Canaries, au Chili, en Nouvelle-Z\u00e9lande, en Australie et en Afrique du Sud, partout o\u00f9 le climat m\u00e9diterran\u00e9en impose sa marque. Ce jardin constitue un outil de d\u00e9couverte de la nature, qui permet de comprendre l&#8217;eau rare et brutale, le feu sans cesse mena\u00e7ant, la pr\u00e9sence humaine tant\u00f4t prometteuse, tant\u00f4t destructrice. Publi\u00e9 \u00e0 l&#8217;occasion des trente ans de l&#8217;acquisition du Rayol par le Conservatoire du littoral, ce beau livre, richement illustr\u00e9, parcourt les cent ans de la vie du domaine, et, ce faisant, esquisse un avenir possible pour le littoral m\u00e9diterran\u00e9en.<\/p>\n","protected":false},"excerpt":{"rendered":"<p>Ce livre raconte l&#8217;histoire d&#8217;un territoire embl\u00e9matique de la C\u00f4te d&#8217;Azur. Par le jardin que Gilles Cl\u00e9ment y a con\u00e7u, le Domaine du Rayol est d\u00e9sormais reli\u00e9 aux M\u00e9diterran\u00e9es du monde. Il offre des paysages qui existent aux Canaries, au Chili, en Nouvelle-Z\u00e9lande, en Australie et en Afrique du Sud, partout o\u00f9 le climat m\u00e9diterran\u00e9en [&hellip;]<\/p>\n","protected":false},"featured_media":28173,"template":"","meta":[],"product_cat":[55,2948,2956,23],"product_tag":[],"acf":[],"yoast_head":"<!-- This site is optimized with the Yoast SEO plugin v20.11 - https:\/\/yoast.com\/wordpress\/plugins\/seo\/ -->\n<title>LE DOMAINE DU RAYOL ; OSER LES M\u00c9DITERRAN\u00c9ES - Librairie 7L<\/title>\n<meta name=\"robots\" content=\"index, follow, max-snippet:-1, max-image-preview:large, max-video-preview:-1\" \/>\n<link rel=\"canonical\" href=\"https:\/\/librairie7l.com\/en\/produit\/le-domaine-du-rayol-oser-les-mediterranees\/\" \/>\n<meta property=\"og:locale\" content=\"en_US\" \/>\n<meta property=\"og:type\" content=\"article\" \/>\n<meta property=\"og:title\" content=\"LE DOMAINE DU RAYOL ; OSER LES M\u00c9DITERRAN\u00c9ES - Librairie 7L\" \/>\n<meta property=\"og:description\" content=\"Ce livre raconte l&#8217;histoire d&#8217;un territoire embl\u00e9matique de la C\u00f4te d&#8217;Azur. Par le jardin que Gilles Cl\u00e9ment y a con\u00e7u, le Domaine du Rayol est d\u00e9sormais reli\u00e9 aux M\u00e9diterran\u00e9es du monde. Il offre des paysages qui existent aux Canaries, au Chili, en Nouvelle-Z\u00e9lande, en Australie et en Afrique du Sud, partout o\u00f9 le climat m\u00e9diterran\u00e9en [&hellip;]\" \/>\n<meta property=\"og:url\" content=\"https:\/\/librairie7l.com\/en\/produit\/le-domaine-du-rayol-oser-les-mediterranees\/\" \/>\n<meta property=\"og:site_name\" content=\"Librairie 7L\" \/>\n<meta property=\"article:modified_time\" content=\"2026-04-05T20:10:43+00:00\" \/>\n<meta property=\"og:image\" content=\"https:\/\/librairie7l.com\/wp-content\/uploads\/2019\/05\/9782330127442_1_75.jpg\" \/>\n\t<meta property=\"og:image:width\" content=\"600\" \/>\n\t<meta property=\"og:image:height\" content=\"684\" \/>\n\t<meta property=\"og:image:type\" content=\"image\/jpeg\" \/>\n<meta name=\"twitter:card\" content=\"summary_large_image\" \/>\n<meta name=\"twitter:label1\" content=\"Est. reading time\" \/>\n\t<meta name=\"twitter:data1\" content=\"1 minute\" \/>\n<script type=\"application\/ld+json\" class=\"yoast-schema-graph\">{\"@context\":\"https:\/\/schema.org\",\"@graph\":[{\"@type\":\"WebPage\",\"@id\":\"https:\/\/librairie7l.com\/en\/produit\/le-domaine-du-rayol-oser-les-mediterranees\/\",\"url\":\"https:\/\/librairie7l.com\/en\/produit\/le-domaine-du-rayol-oser-les-mediterranees\/\",\"name\":\"LE DOMAINE DU RAYOL ; OSER LES M\u00c9DITERRAN\u00c9ES - Librairie 7L\",\"isPartOf\":{\"@id\":\"https:\/\/librairie7l.com\/en\/#website\"},\"datePublished\":\"2023-05-10T11:24:53+00:00\",\"dateModified\":\"2026-04-05T20:10:43+00:00\",\"breadcrumb\":{\"@id\":\"https:\/\/librairie7l.com\/en\/produit\/le-domaine-du-rayol-oser-les-mediterranees\/#breadcrumb\"},\"inLanguage\":\"en-US\",\"potentialAction\":[{\"@type\":\"ReadAction\",\"target\":[\"https:\/\/librairie7l.com\/en\/produit\/le-domaine-du-rayol-oser-les-mediterranees\/\"]}]},{\"@type\":\"BreadcrumbList\",\"@id\":\"https:\/\/librairie7l.com\/en\/produit\/le-domaine-du-rayol-oser-les-mediterranees\/#breadcrumb\",\"itemListElement\":[{\"@type\":\"ListItem\",\"position\":1,\"name\":\"Accueil\",\"item\":\"https:\/\/librairie7l.com\/en\/\"},{\"@type\":\"ListItem\",\"position\":2,\"name\":\"Shop\",\"item\":\"https:\/\/librairie7l.com\/en\/shop\/\"},{\"@type\":\"ListItem\",\"position\":3,\"name\":\"LE DOMAINE DU RAYOL ; OSER LES M\u00c9DITERRAN\u00c9ES\"}]},{\"@type\":\"WebSite\",\"@id\":\"https:\/\/librairie7l.com\/en\/#website\",\"url\":\"https:\/\/librairie7l.com\/en\/\",\"name\":\"Librairie 7L\",\"description\":\"Librairie fond\u00e9e en 1999 par Karl Lagerfeld \u00e0 Paris\",\"publisher\":{\"@id\":\"https:\/\/librairie7l.com\/en\/#organization\"},\"potentialAction\":[{\"@type\":\"SearchAction\",\"target\":{\"@type\":\"EntryPoint\",\"urlTemplate\":\"https:\/\/librairie7l.com\/en\/?s={search_term_string}\"},\"query-input\":\"required name=search_term_string\"}],\"inLanguage\":\"en-US\"},{\"@type\":\"Organization\",\"@id\":\"https:\/\/librairie7l.com\/en\/#organization\",\"name\":\"Librairie 7L\",\"url\":\"https:\/\/librairie7l.com\/en\/\",\"logo\":{\"@type\":\"ImageObject\",\"inLanguage\":\"en-US\",\"@id\":\"https:\/\/librairie7l.com\/en\/#\/schema\/logo\/image\/\",\"url\":\"https:\/\/librairie7l.com\/wp-content\/uploads\/2022\/08\/logo-1.png\",\"contentUrl\":\"https:\/\/librairie7l.com\/wp-content\/uploads\/2022\/08\/logo-1.png\",\"width\":227,\"height\":301,\"caption\":\"Librairie 7L\"},\"image\":{\"@id\":\"https:\/\/librairie7l.com\/en\/#\/schema\/logo\/image\/\"}}]}<\/script>\n<!-- \/ Yoast SEO plugin. -->","yoast_head_json":{"title":"LE DOMAINE DU RAYOL ; OSER LES M\u00c9DITERRAN\u00c9ES - Librairie 7L","robots":{"index":"index","follow":"follow","max-snippet":"max-snippet:-1","max-image-preview":"max-image-preview:large","max-video-preview":"max-video-preview:-1"},"canonical":"https:\/\/librairie7l.com\/en\/produit\/le-domaine-du-rayol-oser-les-mediterranees\/","og_locale":"en_US","og_type":"article","og_title":"LE DOMAINE DU RAYOL ; OSER LES M\u00c9DITERRAN\u00c9ES - Librairie 7L","og_description":"Ce livre raconte l&#8217;histoire d&#8217;un territoire embl\u00e9matique de la C\u00f4te d&#8217;Azur. Par le jardin que Gilles Cl\u00e9ment y a con\u00e7u, le Domaine du Rayol est d\u00e9sormais reli\u00e9 aux M\u00e9diterran\u00e9es du monde. Il offre des paysages qui existent aux Canaries, au Chili, en Nouvelle-Z\u00e9lande, en Australie et en Afrique du Sud, partout o\u00f9 le climat m\u00e9diterran\u00e9en [&hellip;]","og_url":"https:\/\/librairie7l.com\/en\/produit\/le-domaine-du-rayol-oser-les-mediterranees\/","og_site_name":"Librairie 7L","article_modified_time":"2026-04-05T20:10:43+00:00","og_image":[{"width":600,"height":684,"url":"https:\/\/librairie7l.com\/wp-content\/uploads\/2019\/05\/9782330127442_1_75.jpg","type":"image\/jpeg"}],"twitter_card":"summary_large_image","twitter_misc":{"Est. reading time":"1 minute"},"schema":{"@context":"https:\/\/schema.org","@graph":[{"@type":"WebPage","@id":"https:\/\/librairie7l.com\/en\/produit\/le-domaine-du-rayol-oser-les-mediterranees\/","url":"https:\/\/librairie7l.com\/en\/produit\/le-domaine-du-rayol-oser-les-mediterranees\/","name":"LE DOMAINE DU RAYOL ; OSER LES M\u00c9DITERRAN\u00c9ES - Librairie 7L","isPartOf":{"@id":"https:\/\/librairie7l.com\/en\/#website"},"datePublished":"2023-05-10T11:24:53+00:00","dateModified":"2026-04-05T20:10:43+00:00","breadcrumb":{"@id":"https:\/\/librairie7l.com\/en\/produit\/le-domaine-du-rayol-oser-les-mediterranees\/#breadcrumb"},"inLanguage":"en-US","potentialAction":[{"@type":"ReadAction","target":["https:\/\/librairie7l.com\/en\/produit\/le-domaine-du-rayol-oser-les-mediterranees\/"]}]},{"@type":"BreadcrumbList","@id":"https:\/\/librairie7l.com\/en\/produit\/le-domaine-du-rayol-oser-les-mediterranees\/#breadcrumb","itemListElement":[{"@type":"ListItem","position":1,"name":"Accueil","item":"https:\/\/librairie7l.com\/en\/"},{"@type":"ListItem","position":2,"name":"Shop","item":"https:\/\/librairie7l.com\/en\/shop\/"},{"@type":"ListItem","position":3,"name":"LE DOMAINE DU RAYOL ; OSER LES M\u00c9DITERRAN\u00c9ES"}]},{"@type":"WebSite","@id":"https:\/\/librairie7l.com\/en\/#website","url":"https:\/\/librairie7l.com\/en\/","name":"Librairie 7L","description":"Librairie fond\u00e9e en 1999 par Karl Lagerfeld \u00e0 Paris","publisher":{"@id":"https:\/\/librairie7l.com\/en\/#organization"},"potentialAction":[{"@type":"SearchAction","target":{"@type":"EntryPoint","urlTemplate":"https:\/\/librairie7l.com\/en\/?s={search_term_string}"},"query-input":"required name=search_term_string"}],"inLanguage":"en-US"},{"@type":"Organization","@id":"https:\/\/librairie7l.com\/en\/#organization","name":"Librairie 7L","url":"https:\/\/librairie7l.com\/en\/","logo":{"@type":"ImageObject","inLanguage":"en-US","@id":"https:\/\/librairie7l.com\/en\/#\/schema\/logo\/image\/","url":"https:\/\/librairie7l.com\/wp-content\/uploads\/2022\/08\/logo-1.png","contentUrl":"https:\/\/librairie7l.com\/wp-content\/uploads\/2022\/08\/logo-1.png","width":227,"height":301,"caption":"Librairie 7L"},"image":{"@id":"https:\/\/librairie7l.com\/en\/#\/schema\/logo\/image\/"}}]}},"_links":{"self":[{"href":"https:\/\/librairie7l.com\/en\/wp-json\/wp\/v2\/product\/28175"}],"collection":[{"href":"https:\/\/librairie7l.com\/en\/wp-json\/wp\/v2\/product"}],"about":[{"href":"https:\/\/librairie7l.com\/en\/wp-json\/wp\/v2\/types\/product"}],"wp:featuredmedia":[{"embeddable":true,"href":"https:\/\/librairie7l.com\/en\/wp-json\/wp\/v2\/media\/28173"}],"wp:attachment":[{"href":"https:\/\/librairie7l.com\/en\/wp-json\/wp\/v2\/media?parent=28175"}],"wp:term":[{"taxonomy":"product_cat","embeddable":true,"href":"https:\/\/librairie7l.com\/en\/wp-json\/wp\/v2\/product_cat?post=28175"},{"taxonomy":"product_tag","embeddable":true,"href":"https:\/\/librairie7l.com\/en\/wp-json\/wp\/v2\/product_tag?post=28175"}],"curies":[{"name":"wp","href":"https:\/\/api.w.org\/{rel}","templated":true}]}}