{"id":28187,"date":"2023-05-10T13:25:08","date_gmt":"2023-05-10T11:25:08","guid":{"rendered":"https:\/\/librairie7l.com\/?post_type=product&#038;p=28187"},"modified":"2026-04-06T20:06:28","modified_gmt":"2026-04-06T18:06:28","slug":"atlas-mondial-du-look-et-des-contre-cultures","status":"publish","type":"product","link":"https:\/\/librairie7l.com\/en\/produit\/atlas-mondial-du-look-et-des-contre-cultures\/","title":{"rendered":"ATLAS MONDIAL DU LOOK ET DES CONTRE-CULTURES"},"content":{"rendered":"<p>Pr\u00e9sentant les principaux looks port\u00e9s depuis un si\u00e8cle sur les cinq continents, l&#8217;auteure expose l&#8217;histoire et les valeurs des contre-cultures et sous-cultures dont ils sont les \u00e9tendards.<br \/>\nDu grunge de Seattle au steampunk de Nouvelle-Z\u00e9lande, en passant par le cosplay chinois, le style sapeur congolais ou l&#8217;anarcho-punk berlinois, l&#8217;Atlas mondial du look et des contre-cultures d\u00e9montre la richesse qui se cache derri\u00e8re un style et des v\u00eatements. Un look exprime souvent en effet la r\u00e9sistance, la subversion, une appartenance \u00e0 une communaut\u00e9 musicale, ou les trois \u00e0 la fois.<br \/>\nIllustr\u00e9 par plus de 600 photographies, cet atlas d\u00e9fie le temps et l&#8217;espace afin de compiler dans ses pages un panorama incroyablement riche des cultures urbaines des quatre coins du monde.<\/p>\n","protected":false},"excerpt":{"rendered":"<p>Pr\u00e9sentant les principaux looks port\u00e9s depuis un si\u00e8cle sur les cinq continents, l&#8217;auteure expose l&#8217;histoire et les valeurs des contre-cultures et sous-cultures dont ils sont les \u00e9tendards. Du grunge de Seattle au steampunk de Nouvelle-Z\u00e9lande, en passant par le cosplay chinois, le style sapeur congolais ou l&#8217;anarcho-punk berlinois, l&#8217;Atlas mondial du look et des contre-cultures [&hellip;]<\/p>\n","protected":false},"featured_media":28185,"template":"","meta":[],"product_cat":[55,2948,47,2953],"product_tag":[],"acf":[],"yoast_head":"<!-- This site is optimized with the Yoast SEO plugin v20.11 - https:\/\/yoast.com\/wordpress\/plugins\/seo\/ -->\n<title>ATLAS MONDIAL DU LOOK ET DES CONTRE-CULTURES - Librairie 7L<\/title>\n<meta name=\"robots\" content=\"index, follow, max-snippet:-1, max-image-preview:large, max-video-preview:-1\" \/>\n<link rel=\"canonical\" href=\"https:\/\/librairie7l.com\/en\/produit\/atlas-mondial-du-look-et-des-contre-cultures\/\" \/>\n<meta property=\"og:locale\" content=\"en_US\" \/>\n<meta property=\"og:type\" content=\"article\" \/>\n<meta property=\"og:title\" content=\"ATLAS MONDIAL DU LOOK ET DES CONTRE-CULTURES - Librairie 7L\" \/>\n<meta property=\"og:description\" content=\"Pr\u00e9sentant les principaux looks port\u00e9s depuis un si\u00e8cle sur les cinq continents, l&#8217;auteure expose l&#8217;histoire et les valeurs des contre-cultures et sous-cultures dont ils sont les \u00e9tendards. Du grunge de Seattle au steampunk de Nouvelle-Z\u00e9lande, en passant par le cosplay chinois, le style sapeur congolais ou l&#8217;anarcho-punk berlinois, l&#8217;Atlas mondial du look et des contre-cultures [&hellip;]\" \/>\n<meta property=\"og:url\" content=\"https:\/\/librairie7l.com\/en\/produit\/atlas-mondial-du-look-et-des-contre-cultures\/\" \/>\n<meta property=\"og:site_name\" content=\"Librairie 7L\" \/>\n<meta property=\"article:modified_time\" content=\"2026-04-06T18:06:28+00:00\" \/>\n<meta property=\"og:image\" content=\"https:\/\/librairie7l.com\/wp-content\/uploads\/2017\/06\/9782350174129_1_75.jpg\" \/>\n\t<meta property=\"og:image:width\" content=\"600\" \/>\n\t<meta property=\"og:image:height\" content=\"687\" \/>\n\t<meta property=\"og:image:type\" content=\"image\/jpeg\" \/>\n<meta name=\"twitter:card\" content=\"summary_large_image\" \/>\n<meta name=\"twitter:label1\" content=\"Est. reading time\" \/>\n\t<meta name=\"twitter:data1\" content=\"1 minute\" \/>\n<script type=\"application\/ld+json\" class=\"yoast-schema-graph\">{\"@context\":\"https:\/\/schema.org\",\"@graph\":[{\"@type\":\"WebPage\",\"@id\":\"https:\/\/librairie7l.com\/en\/produit\/atlas-mondial-du-look-et-des-contre-cultures\/\",\"url\":\"https:\/\/librairie7l.com\/en\/produit\/atlas-mondial-du-look-et-des-contre-cultures\/\",\"name\":\"ATLAS MONDIAL DU LOOK ET DES CONTRE-CULTURES - Librairie 7L\",\"isPartOf\":{\"@id\":\"https:\/\/librairie7l.com\/en\/#website\"},\"datePublished\":\"2023-05-10T11:25:08+00:00\",\"dateModified\":\"2026-04-06T18:06:28+00:00\",\"breadcrumb\":{\"@id\":\"https:\/\/librairie7l.com\/en\/produit\/atlas-mondial-du-look-et-des-contre-cultures\/#breadcrumb\"},\"inLanguage\":\"en-US\",\"potentialAction\":[{\"@type\":\"ReadAction\",\"target\":[\"https:\/\/librairie7l.com\/en\/produit\/atlas-mondial-du-look-et-des-contre-cultures\/\"]}]},{\"@type\":\"BreadcrumbList\",\"@id\":\"https:\/\/librairie7l.com\/en\/produit\/atlas-mondial-du-look-et-des-contre-cultures\/#breadcrumb\",\"itemListElement\":[{\"@type\":\"ListItem\",\"position\":1,\"name\":\"Accueil\",\"item\":\"https:\/\/librairie7l.com\/en\/\"},{\"@type\":\"ListItem\",\"position\":2,\"name\":\"Shop\",\"item\":\"https:\/\/librairie7l.com\/en\/shop\/\"},{\"@type\":\"ListItem\",\"position\":3,\"name\":\"ATLAS MONDIAL DU LOOK ET DES CONTRE-CULTURES\"}]},{\"@type\":\"WebSite\",\"@id\":\"https:\/\/librairie7l.com\/en\/#website\",\"url\":\"https:\/\/librairie7l.com\/en\/\",\"name\":\"Librairie 7L\",\"description\":\"Librairie fond\u00e9e en 1999 par Karl Lagerfeld \u00e0 Paris\",\"publisher\":{\"@id\":\"https:\/\/librairie7l.com\/en\/#organization\"},\"potentialAction\":[{\"@type\":\"SearchAction\",\"target\":{\"@type\":\"EntryPoint\",\"urlTemplate\":\"https:\/\/librairie7l.com\/en\/?s={search_term_string}\"},\"query-input\":\"required name=search_term_string\"}],\"inLanguage\":\"en-US\"},{\"@type\":\"Organization\",\"@id\":\"https:\/\/librairie7l.com\/en\/#organization\",\"name\":\"Librairie 7L\",\"url\":\"https:\/\/librairie7l.com\/en\/\",\"logo\":{\"@type\":\"ImageObject\",\"inLanguage\":\"en-US\",\"@id\":\"https:\/\/librairie7l.com\/en\/#\/schema\/logo\/image\/\",\"url\":\"https:\/\/librairie7l.com\/wp-content\/uploads\/2022\/08\/logo-1.png\",\"contentUrl\":\"https:\/\/librairie7l.com\/wp-content\/uploads\/2022\/08\/logo-1.png\",\"width\":227,\"height\":301,\"caption\":\"Librairie 7L\"},\"image\":{\"@id\":\"https:\/\/librairie7l.com\/en\/#\/schema\/logo\/image\/\"}}]}<\/script>\n<!-- \/ Yoast SEO plugin. -->","yoast_head_json":{"title":"ATLAS MONDIAL DU LOOK ET DES CONTRE-CULTURES - Librairie 7L","robots":{"index":"index","follow":"follow","max-snippet":"max-snippet:-1","max-image-preview":"max-image-preview:large","max-video-preview":"max-video-preview:-1"},"canonical":"https:\/\/librairie7l.com\/en\/produit\/atlas-mondial-du-look-et-des-contre-cultures\/","og_locale":"en_US","og_type":"article","og_title":"ATLAS MONDIAL DU LOOK ET DES CONTRE-CULTURES - Librairie 7L","og_description":"Pr\u00e9sentant les principaux looks port\u00e9s depuis un si\u00e8cle sur les cinq continents, l&#8217;auteure expose l&#8217;histoire et les valeurs des contre-cultures et sous-cultures dont ils sont les \u00e9tendards. Du grunge de Seattle au steampunk de Nouvelle-Z\u00e9lande, en passant par le cosplay chinois, le style sapeur congolais ou l&#8217;anarcho-punk berlinois, l&#8217;Atlas mondial du look et des contre-cultures [&hellip;]","og_url":"https:\/\/librairie7l.com\/en\/produit\/atlas-mondial-du-look-et-des-contre-cultures\/","og_site_name":"Librairie 7L","article_modified_time":"2026-04-06T18:06:28+00:00","og_image":[{"width":600,"height":687,"url":"https:\/\/librairie7l.com\/wp-content\/uploads\/2017\/06\/9782350174129_1_75.jpg","type":"image\/jpeg"}],"twitter_card":"summary_large_image","twitter_misc":{"Est. reading time":"1 minute"},"schema":{"@context":"https:\/\/schema.org","@graph":[{"@type":"WebPage","@id":"https:\/\/librairie7l.com\/en\/produit\/atlas-mondial-du-look-et-des-contre-cultures\/","url":"https:\/\/librairie7l.com\/en\/produit\/atlas-mondial-du-look-et-des-contre-cultures\/","name":"ATLAS MONDIAL DU LOOK ET DES CONTRE-CULTURES - Librairie 7L","isPartOf":{"@id":"https:\/\/librairie7l.com\/en\/#website"},"datePublished":"2023-05-10T11:25:08+00:00","dateModified":"2026-04-06T18:06:28+00:00","breadcrumb":{"@id":"https:\/\/librairie7l.com\/en\/produit\/atlas-mondial-du-look-et-des-contre-cultures\/#breadcrumb"},"inLanguage":"en-US","potentialAction":[{"@type":"ReadAction","target":["https:\/\/librairie7l.com\/en\/produit\/atlas-mondial-du-look-et-des-contre-cultures\/"]}]},{"@type":"BreadcrumbList","@id":"https:\/\/librairie7l.com\/en\/produit\/atlas-mondial-du-look-et-des-contre-cultures\/#breadcrumb","itemListElement":[{"@type":"ListItem","position":1,"name":"Accueil","item":"https:\/\/librairie7l.com\/en\/"},{"@type":"ListItem","position":2,"name":"Shop","item":"https:\/\/librairie7l.com\/en\/shop\/"},{"@type":"ListItem","position":3,"name":"ATLAS MONDIAL DU LOOK ET DES CONTRE-CULTURES"}]},{"@type":"WebSite","@id":"https:\/\/librairie7l.com\/en\/#website","url":"https:\/\/librairie7l.com\/en\/","name":"Librairie 7L","description":"Librairie fond\u00e9e en 1999 par Karl Lagerfeld \u00e0 Paris","publisher":{"@id":"https:\/\/librairie7l.com\/en\/#organization"},"potentialAction":[{"@type":"SearchAction","target":{"@type":"EntryPoint","urlTemplate":"https:\/\/librairie7l.com\/en\/?s={search_term_string}"},"query-input":"required name=search_term_string"}],"inLanguage":"en-US"},{"@type":"Organization","@id":"https:\/\/librairie7l.com\/en\/#organization","name":"Librairie 7L","url":"https:\/\/librairie7l.com\/en\/","logo":{"@type":"ImageObject","inLanguage":"en-US","@id":"https:\/\/librairie7l.com\/en\/#\/schema\/logo\/image\/","url":"https:\/\/librairie7l.com\/wp-content\/uploads\/2022\/08\/logo-1.png","contentUrl":"https:\/\/librairie7l.com\/wp-content\/uploads\/2022\/08\/logo-1.png","width":227,"height":301,"caption":"Librairie 7L"},"image":{"@id":"https:\/\/librairie7l.com\/en\/#\/schema\/logo\/image\/"}}]}},"_links":{"self":[{"href":"https:\/\/librairie7l.com\/en\/wp-json\/wp\/v2\/product\/28187"}],"collection":[{"href":"https:\/\/librairie7l.com\/en\/wp-json\/wp\/v2\/product"}],"about":[{"href":"https:\/\/librairie7l.com\/en\/wp-json\/wp\/v2\/types\/product"}],"wp:featuredmedia":[{"embeddable":true,"href":"https:\/\/librairie7l.com\/en\/wp-json\/wp\/v2\/media\/28185"}],"wp:attachment":[{"href":"https:\/\/librairie7l.com\/en\/wp-json\/wp\/v2\/media?parent=28187"}],"wp:term":[{"taxonomy":"product_cat","embeddable":true,"href":"https:\/\/librairie7l.com\/en\/wp-json\/wp\/v2\/product_cat?post=28187"},{"taxonomy":"product_tag","embeddable":true,"href":"https:\/\/librairie7l.com\/en\/wp-json\/wp\/v2\/product_tag?post=28187"}],"curies":[{"name":"wp","href":"https:\/\/api.w.org\/{rel}","templated":true}]}}