{"id":28191,"date":"2023-05-10T13:25:14","date_gmt":"2023-05-10T11:25:14","guid":{"rendered":"https:\/\/librairie7l.com\/?post_type=product&#038;p=28191"},"modified":"2026-04-24T11:27:20","modified_gmt":"2026-04-24T09:27:20","slug":"isabelle-stanislas-dessiner-lespace-creer-lemotion-2","status":"publish","type":"product","link":"https:\/\/librairie7l.com\/en\/produit\/isabelle-stanislas-dessiner-lespace-creer-lemotion-2\/","title":{"rendered":"ISABELLE STANISLAS, DESSINER L&#8217;ESPACE, CR\u00c9ER L&#8217;\u00c9MOTION"},"content":{"rendered":"<p>Cette premi\u00e8re monographie explore l&#8217;oeuvre d&#8217;Isabelle Stanislas, encr\u00e9e dans la recherche d&#8217;un \u00e9quilibre permanent entre le respect du patrimoine et l&#8217;audace de la modernit\u00e9 tout en conservant le go\u00fbt de l&#8217;excellence. Reconnue pour son talent d&#8217;entrelacer art, architecture et urbanisme, en 2018 le Pr\u00e9sident de la R\u00e9publique lui a confi\u00e9 la r\u00e9novation de la salle des f\u00eates du palais de l&#8217;\u00c9lys\u00e9e.<br \/>\nLe style d&#8217;Isabelle Stanislas, marqu\u00e9 par la pr\u00e9cision et le minimalisme, est d&#8217;une extr\u00eame sophistication par son choix subtil des mat\u00e9riaux, tout en tenant compte de leur port\u00e9e \u00e9cologique et environnementale. Investis d&#8217;une d\u00e9coration \u00e9l\u00e9gante et de mati\u00e8res textur\u00e9es, ses int\u00e9rieurs int\u00e8grent des pi\u00e8ces de design contemporain et mettent en sc\u00e8ne les oeuvres d&#8217;artistes tels que Ai Weiwei, Keith Haring, Christopher Wool et Franz West.<br \/>\nDe l&#8217;architecture \u00e0 la d\u00e9coration d&#8217;int\u00e9rieur et la cr\u00e9ation de pi\u00e8ces de mobiliers originaux et sur mesure, ce livre explore la formidable ampleur du travail et de l&#8217;art d&#8217;Isabelle Stanislas.<br \/>\n10 projets sont pr\u00e9sent\u00e9s, illustr\u00e9s de plus de 180 photographies, dont certaines sp\u00e9cialement r\u00e9alis\u00e9es pour l&#8217;ouvrage. Ils nous plongent dans un voyage architectural de Paris \u00e0 la c\u00f4te atlantique du Portugal \u00e0 Comporta en passant par Londres.<br \/>\nL&#8217;ouvrage est enrichi d&#8217;une pr\u00e9face d&#8217;Herv\u00e9 Lemoine, directeur du Mobilier national et des Manufactures des Gobelins, et d&#8217;une introduction d\u00e9taill\u00e9e et personnelle de Thomas Erber, fondateur du Cabinet de curiosit\u00e9s, qui conna\u00eet et c\u00f4toie l&#8217;architecte. Les projets sont introduits par les mots d&#8217;Isabelle Stanislas elle-m\u00eame.<\/p>\n","protected":false},"excerpt":{"rendered":"<p>Cette premi\u00e8re monographie explore l&#8217;oeuvre d&#8217;Isabelle Stanislas, encr\u00e9e dans la recherche d&#8217;un \u00e9quilibre permanent entre le respect du patrimoine et l&#8217;audace de la modernit\u00e9 tout en conservant le go\u00fbt de l&#8217;excellence. Reconnue pour son talent d&#8217;entrelacer art, architecture et urbanisme, en 2018 le Pr\u00e9sident de la R\u00e9publique lui a confi\u00e9 la r\u00e9novation de la salle [&hellip;]<\/p>\n","protected":false},"featured_media":28189,"template":"","meta":[],"product_cat":[55,2948,18,2952],"product_tag":[],"acf":[],"yoast_head":"<!-- This site is optimized with the Yoast SEO plugin v20.11 - https:\/\/yoast.com\/wordpress\/plugins\/seo\/ -->\n<title>ISABELLE STANISLAS, DESSINER L&#039;ESPACE, CR\u00c9ER L&#039;\u00c9MOTION - Librairie 7L<\/title>\n<meta name=\"robots\" content=\"index, follow, max-snippet:-1, max-image-preview:large, max-video-preview:-1\" \/>\n<link rel=\"canonical\" href=\"https:\/\/librairie7l.com\/en\/produit\/isabelle-stanislas-dessiner-lespace-creer-lemotion-2\/\" \/>\n<meta property=\"og:locale\" content=\"en_US\" \/>\n<meta property=\"og:type\" content=\"article\" \/>\n<meta property=\"og:title\" content=\"ISABELLE STANISLAS, DESSINER L&#039;ESPACE, CR\u00c9ER L&#039;\u00c9MOTION - Librairie 7L\" \/>\n<meta property=\"og:description\" content=\"Cette premi\u00e8re monographie explore l&#8217;oeuvre d&#8217;Isabelle Stanislas, encr\u00e9e dans la recherche d&#8217;un \u00e9quilibre permanent entre le respect du patrimoine et l&#8217;audace de la modernit\u00e9 tout en conservant le go\u00fbt de l&#8217;excellence. Reconnue pour son talent d&#8217;entrelacer art, architecture et urbanisme, en 2018 le Pr\u00e9sident de la R\u00e9publique lui a confi\u00e9 la r\u00e9novation de la salle [&hellip;]\" \/>\n<meta property=\"og:url\" content=\"https:\/\/librairie7l.com\/en\/produit\/isabelle-stanislas-dessiner-lespace-creer-lemotion-2\/\" \/>\n<meta property=\"og:site_name\" content=\"Librairie 7L\" \/>\n<meta property=\"article:modified_time\" content=\"2026-04-24T09:27:20+00:00\" \/>\n<meta property=\"og:image\" content=\"https:\/\/librairie7l.com\/wp-content\/uploads\/2021\/04\/9780847871001_1_75.jpg\" \/>\n\t<meta property=\"og:image:width\" content=\"600\" \/>\n\t<meta property=\"og:image:height\" content=\"760\" \/>\n\t<meta property=\"og:image:type\" content=\"image\/jpeg\" \/>\n<meta name=\"twitter:card\" content=\"summary_large_image\" \/>\n<meta name=\"twitter:label1\" content=\"Est. reading time\" \/>\n\t<meta name=\"twitter:data1\" content=\"1 minute\" \/>\n<script type=\"application\/ld+json\" class=\"yoast-schema-graph\">{\"@context\":\"https:\/\/schema.org\",\"@graph\":[{\"@type\":\"WebPage\",\"@id\":\"https:\/\/librairie7l.com\/en\/produit\/isabelle-stanislas-dessiner-lespace-creer-lemotion-2\/\",\"url\":\"https:\/\/librairie7l.com\/en\/produit\/isabelle-stanislas-dessiner-lespace-creer-lemotion-2\/\",\"name\":\"ISABELLE STANISLAS, DESSINER L'ESPACE, CR\u00c9ER L'\u00c9MOTION - Librairie 7L\",\"isPartOf\":{\"@id\":\"https:\/\/librairie7l.com\/en\/#website\"},\"datePublished\":\"2023-05-10T11:25:14+00:00\",\"dateModified\":\"2026-04-24T09:27:20+00:00\",\"breadcrumb\":{\"@id\":\"https:\/\/librairie7l.com\/en\/produit\/isabelle-stanislas-dessiner-lespace-creer-lemotion-2\/#breadcrumb\"},\"inLanguage\":\"en-US\",\"potentialAction\":[{\"@type\":\"ReadAction\",\"target\":[\"https:\/\/librairie7l.com\/en\/produit\/isabelle-stanislas-dessiner-lespace-creer-lemotion-2\/\"]}]},{\"@type\":\"BreadcrumbList\",\"@id\":\"https:\/\/librairie7l.com\/en\/produit\/isabelle-stanislas-dessiner-lespace-creer-lemotion-2\/#breadcrumb\",\"itemListElement\":[{\"@type\":\"ListItem\",\"position\":1,\"name\":\"Accueil\",\"item\":\"https:\/\/librairie7l.com\/en\/\"},{\"@type\":\"ListItem\",\"position\":2,\"name\":\"Shop\",\"item\":\"https:\/\/librairie7l.com\/en\/shop\/\"},{\"@type\":\"ListItem\",\"position\":3,\"name\":\"ISABELLE STANISLAS, DESSINER L&#8217;ESPACE, CR\u00c9ER L&#8217;\u00c9MOTION\"}]},{\"@type\":\"WebSite\",\"@id\":\"https:\/\/librairie7l.com\/en\/#website\",\"url\":\"https:\/\/librairie7l.com\/en\/\",\"name\":\"Librairie 7L\",\"description\":\"Librairie fond\u00e9e en 1999 par Karl Lagerfeld \u00e0 Paris\",\"publisher\":{\"@id\":\"https:\/\/librairie7l.com\/en\/#organization\"},\"potentialAction\":[{\"@type\":\"SearchAction\",\"target\":{\"@type\":\"EntryPoint\",\"urlTemplate\":\"https:\/\/librairie7l.com\/en\/?s={search_term_string}\"},\"query-input\":\"required name=search_term_string\"}],\"inLanguage\":\"en-US\"},{\"@type\":\"Organization\",\"@id\":\"https:\/\/librairie7l.com\/en\/#organization\",\"name\":\"Librairie 7L\",\"url\":\"https:\/\/librairie7l.com\/en\/\",\"logo\":{\"@type\":\"ImageObject\",\"inLanguage\":\"en-US\",\"@id\":\"https:\/\/librairie7l.com\/en\/#\/schema\/logo\/image\/\",\"url\":\"https:\/\/librairie7l.com\/wp-content\/uploads\/2022\/08\/logo-1.png\",\"contentUrl\":\"https:\/\/librairie7l.com\/wp-content\/uploads\/2022\/08\/logo-1.png\",\"width\":227,\"height\":301,\"caption\":\"Librairie 7L\"},\"image\":{\"@id\":\"https:\/\/librairie7l.com\/en\/#\/schema\/logo\/image\/\"}}]}<\/script>\n<!-- \/ Yoast SEO plugin. -->","yoast_head_json":{"title":"ISABELLE STANISLAS, DESSINER L'ESPACE, CR\u00c9ER L'\u00c9MOTION - Librairie 7L","robots":{"index":"index","follow":"follow","max-snippet":"max-snippet:-1","max-image-preview":"max-image-preview:large","max-video-preview":"max-video-preview:-1"},"canonical":"https:\/\/librairie7l.com\/en\/produit\/isabelle-stanislas-dessiner-lespace-creer-lemotion-2\/","og_locale":"en_US","og_type":"article","og_title":"ISABELLE STANISLAS, DESSINER L'ESPACE, CR\u00c9ER L'\u00c9MOTION - Librairie 7L","og_description":"Cette premi\u00e8re monographie explore l&#8217;oeuvre d&#8217;Isabelle Stanislas, encr\u00e9e dans la recherche d&#8217;un \u00e9quilibre permanent entre le respect du patrimoine et l&#8217;audace de la modernit\u00e9 tout en conservant le go\u00fbt de l&#8217;excellence. Reconnue pour son talent d&#8217;entrelacer art, architecture et urbanisme, en 2018 le Pr\u00e9sident de la R\u00e9publique lui a confi\u00e9 la r\u00e9novation de la salle [&hellip;]","og_url":"https:\/\/librairie7l.com\/en\/produit\/isabelle-stanislas-dessiner-lespace-creer-lemotion-2\/","og_site_name":"Librairie 7L","article_modified_time":"2026-04-24T09:27:20+00:00","og_image":[{"width":600,"height":760,"url":"https:\/\/librairie7l.com\/wp-content\/uploads\/2021\/04\/9780847871001_1_75.jpg","type":"image\/jpeg"}],"twitter_card":"summary_large_image","twitter_misc":{"Est. reading time":"1 minute"},"schema":{"@context":"https:\/\/schema.org","@graph":[{"@type":"WebPage","@id":"https:\/\/librairie7l.com\/en\/produit\/isabelle-stanislas-dessiner-lespace-creer-lemotion-2\/","url":"https:\/\/librairie7l.com\/en\/produit\/isabelle-stanislas-dessiner-lespace-creer-lemotion-2\/","name":"ISABELLE STANISLAS, DESSINER L'ESPACE, CR\u00c9ER L'\u00c9MOTION - Librairie 7L","isPartOf":{"@id":"https:\/\/librairie7l.com\/en\/#website"},"datePublished":"2023-05-10T11:25:14+00:00","dateModified":"2026-04-24T09:27:20+00:00","breadcrumb":{"@id":"https:\/\/librairie7l.com\/en\/produit\/isabelle-stanislas-dessiner-lespace-creer-lemotion-2\/#breadcrumb"},"inLanguage":"en-US","potentialAction":[{"@type":"ReadAction","target":["https:\/\/librairie7l.com\/en\/produit\/isabelle-stanislas-dessiner-lespace-creer-lemotion-2\/"]}]},{"@type":"BreadcrumbList","@id":"https:\/\/librairie7l.com\/en\/produit\/isabelle-stanislas-dessiner-lespace-creer-lemotion-2\/#breadcrumb","itemListElement":[{"@type":"ListItem","position":1,"name":"Accueil","item":"https:\/\/librairie7l.com\/en\/"},{"@type":"ListItem","position":2,"name":"Shop","item":"https:\/\/librairie7l.com\/en\/shop\/"},{"@type":"ListItem","position":3,"name":"ISABELLE STANISLAS, DESSINER L&#8217;ESPACE, CR\u00c9ER L&#8217;\u00c9MOTION"}]},{"@type":"WebSite","@id":"https:\/\/librairie7l.com\/en\/#website","url":"https:\/\/librairie7l.com\/en\/","name":"Librairie 7L","description":"Librairie fond\u00e9e en 1999 par Karl Lagerfeld \u00e0 Paris","publisher":{"@id":"https:\/\/librairie7l.com\/en\/#organization"},"potentialAction":[{"@type":"SearchAction","target":{"@type":"EntryPoint","urlTemplate":"https:\/\/librairie7l.com\/en\/?s={search_term_string}"},"query-input":"required name=search_term_string"}],"inLanguage":"en-US"},{"@type":"Organization","@id":"https:\/\/librairie7l.com\/en\/#organization","name":"Librairie 7L","url":"https:\/\/librairie7l.com\/en\/","logo":{"@type":"ImageObject","inLanguage":"en-US","@id":"https:\/\/librairie7l.com\/en\/#\/schema\/logo\/image\/","url":"https:\/\/librairie7l.com\/wp-content\/uploads\/2022\/08\/logo-1.png","contentUrl":"https:\/\/librairie7l.com\/wp-content\/uploads\/2022\/08\/logo-1.png","width":227,"height":301,"caption":"Librairie 7L"},"image":{"@id":"https:\/\/librairie7l.com\/en\/#\/schema\/logo\/image\/"}}]}},"_links":{"self":[{"href":"https:\/\/librairie7l.com\/en\/wp-json\/wp\/v2\/product\/28191"}],"collection":[{"href":"https:\/\/librairie7l.com\/en\/wp-json\/wp\/v2\/product"}],"about":[{"href":"https:\/\/librairie7l.com\/en\/wp-json\/wp\/v2\/types\/product"}],"wp:featuredmedia":[{"embeddable":true,"href":"https:\/\/librairie7l.com\/en\/wp-json\/wp\/v2\/media\/28189"}],"wp:attachment":[{"href":"https:\/\/librairie7l.com\/en\/wp-json\/wp\/v2\/media?parent=28191"}],"wp:term":[{"taxonomy":"product_cat","embeddable":true,"href":"https:\/\/librairie7l.com\/en\/wp-json\/wp\/v2\/product_cat?post=28191"},{"taxonomy":"product_tag","embeddable":true,"href":"https:\/\/librairie7l.com\/en\/wp-json\/wp\/v2\/product_tag?post=28191"}],"curies":[{"name":"wp","href":"https:\/\/api.w.org\/{rel}","templated":true}]}}