{"id":28215,"date":"2023-05-10T13:25:47","date_gmt":"2023-05-10T11:25:47","guid":{"rendered":"https:\/\/librairie7l.com\/?post_type=product&#038;p=28215"},"modified":"2026-04-10T12:29:03","modified_gmt":"2026-04-10T10:29:03","slug":"cartes","status":"publish","type":"product","link":"https:\/\/librairie7l.com\/en\/produit\/cartes\/","title":{"rendered":"CARTES"},"content":{"rendered":"<p>Choisies par un comit\u00e9 international de vendeurs, cartographes, universitaires et collectionneurs du monde entier, ces cartes couvrent plus de 5?000 ans d&#8217;innovation cartographique refl\u00e9tant la vari\u00e9t\u00e9 des cultures et des traditions.<\/p>\n<p>Tr\u00e8s complet, cet ouvrage pr\u00e9sente tous les types de cartes &#8211; cartes de navigation, relev\u00e9s ou cartes astronomiques, cartes par satellite et cartes num\u00e9riques &#8211; ainsi que des oeuvres d&#8217;art inspir\u00e9es par la cartographie.<\/p>\n<p>Les cartes sont pr\u00e9sent\u00e9es par juxtapositions, les deux cartes se faisant face invitant \u00e0 une lecture vivante et \u00e9tonnante.<\/p>\n<p>Inclut le travail de cartographes et institutions exer\u00e7ant une grande influence, tels G\u00e9rard Mercator, Abraham Ortelius, Phyllis Pearson, Heinrich Berann, Bill Rankin, Ordnance Survey et Google Earth.<\/p>\n<p>D&#8217;un format pratique, avec de grandes reproductions, des textes qui font autorit\u00e9 et des l\u00e9gendes d\u00e9taill\u00e9es, l&#8217;ouvrage constitue une introduction parfaite \u00e0 la cartographie.<\/p>\n<p>Il comporte \u00e9galement une chronologie d\u00e9taill\u00e9e de l&#8217;histoire de la cartographie, des biographies des cartographes de premier plan ainsi qu&#8217;un glossaire des termes de cartographie.<\/p>\n<p>Il s&#8217;adresse aux sp\u00e9cialistes, aux graphistes et aux historiens de l&#8217;art, mais \u00e9galement \u00e0 un lectorat bien plus vaste.<\/p>\n","protected":false},"excerpt":{"rendered":"<p>Choisies par un comit\u00e9 international de vendeurs, cartographes, universitaires et collectionneurs du monde entier, ces cartes couvrent plus de 5?000 ans d&#8217;innovation cartographique refl\u00e9tant la vari\u00e9t\u00e9 des cultures et des traditions. Tr\u00e8s complet, cet ouvrage pr\u00e9sente tous les types de cartes &#8211; cartes de navigation, relev\u00e9s ou cartes astronomiques, cartes par satellite et cartes num\u00e9riques [&hellip;]<\/p>\n","protected":false},"featured_media":28213,"template":"","meta":[],"product_cat":[55,2948,2956,23],"product_tag":[],"acf":[],"yoast_head":"<!-- This site is optimized with the Yoast SEO plugin v20.11 - https:\/\/yoast.com\/wordpress\/plugins\/seo\/ -->\n<title>CARTES - Librairie 7L<\/title>\n<meta name=\"robots\" content=\"index, follow, max-snippet:-1, max-image-preview:large, max-video-preview:-1\" \/>\n<link rel=\"canonical\" href=\"https:\/\/librairie7l.com\/en\/produit\/cartes\/\" \/>\n<meta property=\"og:locale\" content=\"en_US\" \/>\n<meta property=\"og:type\" content=\"article\" \/>\n<meta property=\"og:title\" content=\"CARTES - Librairie 7L\" \/>\n<meta property=\"og:description\" content=\"Choisies par un comit\u00e9 international de vendeurs, cartographes, universitaires et collectionneurs du monde entier, ces cartes couvrent plus de 5?000 ans d&#8217;innovation cartographique refl\u00e9tant la vari\u00e9t\u00e9 des cultures et des traditions. Tr\u00e8s complet, cet ouvrage pr\u00e9sente tous les types de cartes &#8211; cartes de navigation, relev\u00e9s ou cartes astronomiques, cartes par satellite et cartes num\u00e9riques [&hellip;]\" \/>\n<meta property=\"og:url\" content=\"https:\/\/librairie7l.com\/en\/produit\/cartes\/\" \/>\n<meta property=\"og:site_name\" content=\"Librairie 7L\" \/>\n<meta property=\"article:modified_time\" content=\"2026-04-10T10:29:03+00:00\" \/>\n<meta property=\"og:image\" content=\"https:\/\/librairie7l.com\/wp-content\/uploads\/2015\/04\/9780714870823_1_75.jpg\" \/>\n\t<meta property=\"og:image:width\" content=\"1000\" \/>\n\t<meta property=\"og:image:height\" content=\"1156\" \/>\n\t<meta property=\"og:image:type\" content=\"image\/jpeg\" \/>\n<meta name=\"twitter:card\" content=\"summary_large_image\" \/>\n<meta name=\"twitter:label1\" content=\"Est. reading time\" \/>\n\t<meta name=\"twitter:data1\" content=\"1 minute\" \/>\n<script type=\"application\/ld+json\" class=\"yoast-schema-graph\">{\"@context\":\"https:\/\/schema.org\",\"@graph\":[{\"@type\":\"WebPage\",\"@id\":\"https:\/\/librairie7l.com\/en\/produit\/cartes\/\",\"url\":\"https:\/\/librairie7l.com\/en\/produit\/cartes\/\",\"name\":\"CARTES - Librairie 7L\",\"isPartOf\":{\"@id\":\"https:\/\/librairie7l.com\/en\/#website\"},\"datePublished\":\"2023-05-10T11:25:47+00:00\",\"dateModified\":\"2026-04-10T10:29:03+00:00\",\"breadcrumb\":{\"@id\":\"https:\/\/librairie7l.com\/en\/produit\/cartes\/#breadcrumb\"},\"inLanguage\":\"en-US\",\"potentialAction\":[{\"@type\":\"ReadAction\",\"target\":[\"https:\/\/librairie7l.com\/en\/produit\/cartes\/\"]}]},{\"@type\":\"BreadcrumbList\",\"@id\":\"https:\/\/librairie7l.com\/en\/produit\/cartes\/#breadcrumb\",\"itemListElement\":[{\"@type\":\"ListItem\",\"position\":1,\"name\":\"Accueil\",\"item\":\"https:\/\/librairie7l.com\/en\/\"},{\"@type\":\"ListItem\",\"position\":2,\"name\":\"Shop\",\"item\":\"https:\/\/librairie7l.com\/en\/shop\/\"},{\"@type\":\"ListItem\",\"position\":3,\"name\":\"CARTES\"}]},{\"@type\":\"WebSite\",\"@id\":\"https:\/\/librairie7l.com\/en\/#website\",\"url\":\"https:\/\/librairie7l.com\/en\/\",\"name\":\"Librairie 7L\",\"description\":\"Librairie fond\u00e9e en 1999 par Karl Lagerfeld \u00e0 Paris\",\"publisher\":{\"@id\":\"https:\/\/librairie7l.com\/en\/#organization\"},\"potentialAction\":[{\"@type\":\"SearchAction\",\"target\":{\"@type\":\"EntryPoint\",\"urlTemplate\":\"https:\/\/librairie7l.com\/en\/?s={search_term_string}\"},\"query-input\":\"required name=search_term_string\"}],\"inLanguage\":\"en-US\"},{\"@type\":\"Organization\",\"@id\":\"https:\/\/librairie7l.com\/en\/#organization\",\"name\":\"Librairie 7L\",\"url\":\"https:\/\/librairie7l.com\/en\/\",\"logo\":{\"@type\":\"ImageObject\",\"inLanguage\":\"en-US\",\"@id\":\"https:\/\/librairie7l.com\/en\/#\/schema\/logo\/image\/\",\"url\":\"https:\/\/librairie7l.com\/wp-content\/uploads\/2022\/08\/logo-1.png\",\"contentUrl\":\"https:\/\/librairie7l.com\/wp-content\/uploads\/2022\/08\/logo-1.png\",\"width\":227,\"height\":301,\"caption\":\"Librairie 7L\"},\"image\":{\"@id\":\"https:\/\/librairie7l.com\/en\/#\/schema\/logo\/image\/\"}}]}<\/script>\n<!-- \/ Yoast SEO plugin. -->","yoast_head_json":{"title":"CARTES - Librairie 7L","robots":{"index":"index","follow":"follow","max-snippet":"max-snippet:-1","max-image-preview":"max-image-preview:large","max-video-preview":"max-video-preview:-1"},"canonical":"https:\/\/librairie7l.com\/en\/produit\/cartes\/","og_locale":"en_US","og_type":"article","og_title":"CARTES - Librairie 7L","og_description":"Choisies par un comit\u00e9 international de vendeurs, cartographes, universitaires et collectionneurs du monde entier, ces cartes couvrent plus de 5?000 ans d&#8217;innovation cartographique refl\u00e9tant la vari\u00e9t\u00e9 des cultures et des traditions. Tr\u00e8s complet, cet ouvrage pr\u00e9sente tous les types de cartes &#8211; cartes de navigation, relev\u00e9s ou cartes astronomiques, cartes par satellite et cartes num\u00e9riques [&hellip;]","og_url":"https:\/\/librairie7l.com\/en\/produit\/cartes\/","og_site_name":"Librairie 7L","article_modified_time":"2026-04-10T10:29:03+00:00","og_image":[{"width":1000,"height":1156,"url":"https:\/\/librairie7l.com\/wp-content\/uploads\/2015\/04\/9780714870823_1_75.jpg","type":"image\/jpeg"}],"twitter_card":"summary_large_image","twitter_misc":{"Est. reading time":"1 minute"},"schema":{"@context":"https:\/\/schema.org","@graph":[{"@type":"WebPage","@id":"https:\/\/librairie7l.com\/en\/produit\/cartes\/","url":"https:\/\/librairie7l.com\/en\/produit\/cartes\/","name":"CARTES - Librairie 7L","isPartOf":{"@id":"https:\/\/librairie7l.com\/en\/#website"},"datePublished":"2023-05-10T11:25:47+00:00","dateModified":"2026-04-10T10:29:03+00:00","breadcrumb":{"@id":"https:\/\/librairie7l.com\/en\/produit\/cartes\/#breadcrumb"},"inLanguage":"en-US","potentialAction":[{"@type":"ReadAction","target":["https:\/\/librairie7l.com\/en\/produit\/cartes\/"]}]},{"@type":"BreadcrumbList","@id":"https:\/\/librairie7l.com\/en\/produit\/cartes\/#breadcrumb","itemListElement":[{"@type":"ListItem","position":1,"name":"Accueil","item":"https:\/\/librairie7l.com\/en\/"},{"@type":"ListItem","position":2,"name":"Shop","item":"https:\/\/librairie7l.com\/en\/shop\/"},{"@type":"ListItem","position":3,"name":"CARTES"}]},{"@type":"WebSite","@id":"https:\/\/librairie7l.com\/en\/#website","url":"https:\/\/librairie7l.com\/en\/","name":"Librairie 7L","description":"Librairie fond\u00e9e en 1999 par Karl Lagerfeld \u00e0 Paris","publisher":{"@id":"https:\/\/librairie7l.com\/en\/#organization"},"potentialAction":[{"@type":"SearchAction","target":{"@type":"EntryPoint","urlTemplate":"https:\/\/librairie7l.com\/en\/?s={search_term_string}"},"query-input":"required name=search_term_string"}],"inLanguage":"en-US"},{"@type":"Organization","@id":"https:\/\/librairie7l.com\/en\/#organization","name":"Librairie 7L","url":"https:\/\/librairie7l.com\/en\/","logo":{"@type":"ImageObject","inLanguage":"en-US","@id":"https:\/\/librairie7l.com\/en\/#\/schema\/logo\/image\/","url":"https:\/\/librairie7l.com\/wp-content\/uploads\/2022\/08\/logo-1.png","contentUrl":"https:\/\/librairie7l.com\/wp-content\/uploads\/2022\/08\/logo-1.png","width":227,"height":301,"caption":"Librairie 7L"},"image":{"@id":"https:\/\/librairie7l.com\/en\/#\/schema\/logo\/image\/"}}]}},"_links":{"self":[{"href":"https:\/\/librairie7l.com\/en\/wp-json\/wp\/v2\/product\/28215"}],"collection":[{"href":"https:\/\/librairie7l.com\/en\/wp-json\/wp\/v2\/product"}],"about":[{"href":"https:\/\/librairie7l.com\/en\/wp-json\/wp\/v2\/types\/product"}],"wp:featuredmedia":[{"embeddable":true,"href":"https:\/\/librairie7l.com\/en\/wp-json\/wp\/v2\/media\/28213"}],"wp:attachment":[{"href":"https:\/\/librairie7l.com\/en\/wp-json\/wp\/v2\/media?parent=28215"}],"wp:term":[{"taxonomy":"product_cat","embeddable":true,"href":"https:\/\/librairie7l.com\/en\/wp-json\/wp\/v2\/product_cat?post=28215"},{"taxonomy":"product_tag","embeddable":true,"href":"https:\/\/librairie7l.com\/en\/wp-json\/wp\/v2\/product_tag?post=28215"}],"curies":[{"name":"wp","href":"https:\/\/api.w.org\/{rel}","templated":true}]}}