{"id":28219,"date":"2023-05-10T13:25:58","date_gmt":"2023-05-10T11:25:58","guid":{"rendered":"https:\/\/librairie7l.com\/?post_type=product&#038;p=28219"},"modified":"2026-05-05T17:06:03","modified_gmt":"2026-05-05T15:06:03","slug":"limaginaire-des-grottes-dans-les-jardins-europeens","status":"publish","type":"product","link":"https:\/\/librairie7l.com\/en\/produit\/limaginaire-des-grottes-dans-les-jardins-europeens\/","title":{"rendered":"L&#8217;IMAGINAIRE DES GROTTES DANS LES JARDINS EUROP\u00c9ENS"},"content":{"rendered":"<p>Remise en vente de cet ouvrage \u00e0 70 ttc au lieu de 125  ttc (son prix d&#8217;origine).<br \/>\nCet ouvrage a re\u00e7u 5 prix !<br \/>\nPrix du Syndicat National des Antiquaires 2015 Prix du cercle Montherlant de l&#8217;Acad\u00e9mie des Beaux-Arts 2015 Prix de l&#8217;Acad\u00e9mie fran\u00e7aise (m\u00e9daille de vermeil) 2015 Prix Pierre-Joseph Redout\u00e9 2015 Prix Ren\u00e9 Pech\u00e8re 2016 D\u00e8s l&#8217;Antiquit\u00e9, puis de la Renaissance \u00e0 nos jours, les grottes artificielles constituent un topos incontournable dans la cr\u00e9ation des jardins de toute l&#8217;Europe, soumis \u00e0 d&#8217;infinies variations de formes, au gr\u00e9 des changements de go\u00fbt, de l&#8217;excentricit\u00e9 des m\u00e9c\u00e8nes et de la fantaisie des concepteurs.<\/p>\n<p>Ce sont des milliers de grottes qui furent am\u00e9nag\u00e9es au cours des cinq derniers si\u00e8cles selon des \u00e9chelles extraordinairement vari\u00e9es allant de la simple niche abritant une petite fontaine \u00e0 l&#8217;immense chaos naturel transform\u00e9 en paysage sublime. Beaucoup ont disparu, en raison de l&#8217;extr\u00eame fragilit\u00e9 de ces d\u00e9cors pr\u00e9cieux, mais d&#8217;admirables r\u00e9alisations t\u00e9moignent encore de cet engouement jamais d\u00e9menti, notamment en Allemagne, en France, en Italie ou au Royaume-Uni, au Portugal et en Russie, en Finlande et Ukraine. En rendant compte sans volont\u00e9 d&#8217;exhaustivit\u00e9 &#8211; \u00e0 travers plus d&#8217;une centaine d&#8217;exemples illustr\u00e9s gr\u00e2ce \u00e0 des prises de vue actuelles d&#8217;excellente qualit\u00e9 &#8211; de la richesse de ce patrimoine relativement m\u00e9connu, l&#8217;ouvrage vise \u00e0 explorer les enjeux de cette fascination ininterrompue pour les grottes de jardin et \u00e0 mettre en lumi\u00e8re l&#8217;inventivit\u00e9 formelle et technique \u00e0 laquelle elles ont donn\u00e9 lieu. Il ne s&#8217;agit pas d&#8217;aborder les grottes en tant que motifs autonomes et isol\u00e9s, mais bien de les inscrire tant dans leur contexte spatial et culturel, en consid\u00e9rant le r\u00f4le qu&#8217;elles tiennent dans la composition et la po\u00e9sie du jardin, l&#8217;\u00e9criture du relief et des eaux miroitantes ou jaillissantes, la narration de la statuaire, et la mani\u00e8re dont elles r\u00e9v\u00e8lent les aspirations de chaque \u00e9poque ou de chaque individu. Une centaine de documents iconographiques &#8211; illustrations encyclop\u00e9diques, peintures all\u00e9goriques, portraits, d\u00e9cors de th\u00e9\u00e2tre, etc. -, permettent d&#8217;\u00e9voquer leur arri\u00e8re-plan \u00e0 la fois artistique, litt\u00e9raire, scientifique, technique, religieux, philosophique ou encore anthropologique. Si le jardin op\u00e8re comme microcosme, la grotte constitue \u00e0 son tour un monde en r\u00e9duction, une cristallisation de l&#8217;imaginaire s&#8217;incarnant dans des formes sensibles qui puisent \u00e0 la r\u00e9alit\u00e9 des lieux et poussent le vocabulaire ornemental \u00e0 son paroxysme, qu&#8217;il rel\u00e8ve du rustique, du grotesque ou encore de la rocaille. L&#8217;accumulation des mat\u00e9riaux et l&#8217;intensit\u00e9 des effets sonores et lumineux produisent des fantasmagories th\u00e9\u00e2trales ; la p\u00e9nombre, les anfractuosit\u00e9s favorisent une intimit\u00e9 qui renvoie aux origines. D\u00e9passant le simple catalogue par pays ou par p\u00e9riodes, les douze chapitres diachroniques de ce livre embrassent une s\u00e9rie de cat\u00e9gories litt\u00e9raires, esth\u00e9tiques ou anthropologiques, qui, du primordial au profane en passant par le tellurique, le merveilleux et le diluvien, d\u00e9clinent la po\u00e9tique profonde des \u00e9l\u00e9ments et des \u00e9motions \u00e0 l&#8217;oeuvre dans la grotte. Un patrimoine exceptionnel \u00e0 travers toute l&#8217;Europe red\u00e9couvert ici. Une iconographie non moins exceptionnelle. Un livre prestigieux pr\u00e9sent\u00e9 dans un coffret.<\/p>\n","protected":false},"excerpt":{"rendered":"<p>Remise en vente de cet ouvrage \u00e0 70 ttc au lieu de 125 ttc (son prix d&#8217;origine). Cet ouvrage a re\u00e7u 5 prix ! Prix du Syndicat National des Antiquaires 2015 Prix du cercle Montherlant de l&#8217;Acad\u00e9mie des Beaux-Arts 2015 Prix de l&#8217;Acad\u00e9mie fran\u00e7aise (m\u00e9daille de vermeil) 2015 Prix Pierre-Joseph Redout\u00e9 2015 Prix Ren\u00e9 Pech\u00e8re [&hellip;]<\/p>\n","protected":false},"featured_media":28217,"template":"","meta":[],"product_cat":[55,2948,2956,23],"product_tag":[],"acf":[],"yoast_head":"<!-- This site is optimized with the Yoast SEO plugin v20.11 - https:\/\/yoast.com\/wordpress\/plugins\/seo\/ -->\n<title>L&#039;IMAGINAIRE DES GROTTES DANS LES JARDINS EUROP\u00c9ENS - Librairie 7L<\/title>\n<meta name=\"robots\" content=\"index, follow, max-snippet:-1, max-image-preview:large, max-video-preview:-1\" \/>\n<link rel=\"canonical\" href=\"https:\/\/librairie7l.com\/en\/produit\/limaginaire-des-grottes-dans-les-jardins-europeens\/\" \/>\n<meta property=\"og:locale\" content=\"en_US\" \/>\n<meta property=\"og:type\" content=\"article\" \/>\n<meta property=\"og:title\" content=\"L&#039;IMAGINAIRE DES GROTTES DANS LES JARDINS EUROP\u00c9ENS - Librairie 7L\" \/>\n<meta property=\"og:description\" content=\"Remise en vente de cet ouvrage \u00e0 70 ttc au lieu de 125 ttc (son prix d&#8217;origine). Cet ouvrage a re\u00e7u 5 prix ! Prix du Syndicat National des Antiquaires 2015 Prix du cercle Montherlant de l&#8217;Acad\u00e9mie des Beaux-Arts 2015 Prix de l&#8217;Acad\u00e9mie fran\u00e7aise (m\u00e9daille de vermeil) 2015 Prix Pierre-Joseph Redout\u00e9 2015 Prix Ren\u00e9 Pech\u00e8re [&hellip;]\" \/>\n<meta property=\"og:url\" content=\"https:\/\/librairie7l.com\/en\/produit\/limaginaire-des-grottes-dans-les-jardins-europeens\/\" \/>\n<meta property=\"og:site_name\" content=\"Librairie 7L\" \/>\n<meta property=\"article:modified_time\" content=\"2026-05-05T15:06:03+00:00\" \/>\n<meta property=\"og:image\" content=\"https:\/\/librairie7l.com\/wp-content\/uploads\/2014\/06\/9782754104890_1_75.jpg\" \/>\n\t<meta property=\"og:image:width\" content=\"600\" \/>\n\t<meta property=\"og:image:height\" content=\"706\" \/>\n\t<meta property=\"og:image:type\" content=\"image\/jpeg\" \/>\n<meta name=\"twitter:card\" content=\"summary_large_image\" \/>\n<meta name=\"twitter:label1\" content=\"Est. reading time\" \/>\n\t<meta name=\"twitter:data1\" content=\"3 minutes\" \/>\n<script type=\"application\/ld+json\" class=\"yoast-schema-graph\">{\"@context\":\"https:\/\/schema.org\",\"@graph\":[{\"@type\":\"WebPage\",\"@id\":\"https:\/\/librairie7l.com\/en\/produit\/limaginaire-des-grottes-dans-les-jardins-europeens\/\",\"url\":\"https:\/\/librairie7l.com\/en\/produit\/limaginaire-des-grottes-dans-les-jardins-europeens\/\",\"name\":\"L'IMAGINAIRE DES GROTTES DANS LES JARDINS EUROP\u00c9ENS - Librairie 7L\",\"isPartOf\":{\"@id\":\"https:\/\/librairie7l.com\/en\/#website\"},\"datePublished\":\"2023-05-10T11:25:58+00:00\",\"dateModified\":\"2026-05-05T15:06:03+00:00\",\"breadcrumb\":{\"@id\":\"https:\/\/librairie7l.com\/en\/produit\/limaginaire-des-grottes-dans-les-jardins-europeens\/#breadcrumb\"},\"inLanguage\":\"en-US\",\"potentialAction\":[{\"@type\":\"ReadAction\",\"target\":[\"https:\/\/librairie7l.com\/en\/produit\/limaginaire-des-grottes-dans-les-jardins-europeens\/\"]}]},{\"@type\":\"BreadcrumbList\",\"@id\":\"https:\/\/librairie7l.com\/en\/produit\/limaginaire-des-grottes-dans-les-jardins-europeens\/#breadcrumb\",\"itemListElement\":[{\"@type\":\"ListItem\",\"position\":1,\"name\":\"Accueil\",\"item\":\"https:\/\/librairie7l.com\/en\/\"},{\"@type\":\"ListItem\",\"position\":2,\"name\":\"Shop\",\"item\":\"https:\/\/librairie7l.com\/en\/shop\/\"},{\"@type\":\"ListItem\",\"position\":3,\"name\":\"L&#8217;IMAGINAIRE DES GROTTES DANS LES JARDINS EUROP\u00c9ENS\"}]},{\"@type\":\"WebSite\",\"@id\":\"https:\/\/librairie7l.com\/en\/#website\",\"url\":\"https:\/\/librairie7l.com\/en\/\",\"name\":\"Librairie 7L\",\"description\":\"Librairie fond\u00e9e en 1999 par Karl Lagerfeld \u00e0 Paris\",\"publisher\":{\"@id\":\"https:\/\/librairie7l.com\/en\/#organization\"},\"potentialAction\":[{\"@type\":\"SearchAction\",\"target\":{\"@type\":\"EntryPoint\",\"urlTemplate\":\"https:\/\/librairie7l.com\/en\/?s={search_term_string}\"},\"query-input\":\"required name=search_term_string\"}],\"inLanguage\":\"en-US\"},{\"@type\":\"Organization\",\"@id\":\"https:\/\/librairie7l.com\/en\/#organization\",\"name\":\"Librairie 7L\",\"url\":\"https:\/\/librairie7l.com\/en\/\",\"logo\":{\"@type\":\"ImageObject\",\"inLanguage\":\"en-US\",\"@id\":\"https:\/\/librairie7l.com\/en\/#\/schema\/logo\/image\/\",\"url\":\"https:\/\/librairie7l.com\/wp-content\/uploads\/2022\/08\/logo-1.png\",\"contentUrl\":\"https:\/\/librairie7l.com\/wp-content\/uploads\/2022\/08\/logo-1.png\",\"width\":227,\"height\":301,\"caption\":\"Librairie 7L\"},\"image\":{\"@id\":\"https:\/\/librairie7l.com\/en\/#\/schema\/logo\/image\/\"}}]}<\/script>\n<!-- \/ Yoast SEO plugin. -->","yoast_head_json":{"title":"L'IMAGINAIRE DES GROTTES DANS LES JARDINS EUROP\u00c9ENS - Librairie 7L","robots":{"index":"index","follow":"follow","max-snippet":"max-snippet:-1","max-image-preview":"max-image-preview:large","max-video-preview":"max-video-preview:-1"},"canonical":"https:\/\/librairie7l.com\/en\/produit\/limaginaire-des-grottes-dans-les-jardins-europeens\/","og_locale":"en_US","og_type":"article","og_title":"L'IMAGINAIRE DES GROTTES DANS LES JARDINS EUROP\u00c9ENS - Librairie 7L","og_description":"Remise en vente de cet ouvrage \u00e0 70 ttc au lieu de 125 ttc (son prix d&#8217;origine). Cet ouvrage a re\u00e7u 5 prix ! Prix du Syndicat National des Antiquaires 2015 Prix du cercle Montherlant de l&#8217;Acad\u00e9mie des Beaux-Arts 2015 Prix de l&#8217;Acad\u00e9mie fran\u00e7aise (m\u00e9daille de vermeil) 2015 Prix Pierre-Joseph Redout\u00e9 2015 Prix Ren\u00e9 Pech\u00e8re [&hellip;]","og_url":"https:\/\/librairie7l.com\/en\/produit\/limaginaire-des-grottes-dans-les-jardins-europeens\/","og_site_name":"Librairie 7L","article_modified_time":"2026-05-05T15:06:03+00:00","og_image":[{"width":600,"height":706,"url":"https:\/\/librairie7l.com\/wp-content\/uploads\/2014\/06\/9782754104890_1_75.jpg","type":"image\/jpeg"}],"twitter_card":"summary_large_image","twitter_misc":{"Est. reading time":"3 minutes"},"schema":{"@context":"https:\/\/schema.org","@graph":[{"@type":"WebPage","@id":"https:\/\/librairie7l.com\/en\/produit\/limaginaire-des-grottes-dans-les-jardins-europeens\/","url":"https:\/\/librairie7l.com\/en\/produit\/limaginaire-des-grottes-dans-les-jardins-europeens\/","name":"L'IMAGINAIRE DES GROTTES DANS LES JARDINS EUROP\u00c9ENS - Librairie 7L","isPartOf":{"@id":"https:\/\/librairie7l.com\/en\/#website"},"datePublished":"2023-05-10T11:25:58+00:00","dateModified":"2026-05-05T15:06:03+00:00","breadcrumb":{"@id":"https:\/\/librairie7l.com\/en\/produit\/limaginaire-des-grottes-dans-les-jardins-europeens\/#breadcrumb"},"inLanguage":"en-US","potentialAction":[{"@type":"ReadAction","target":["https:\/\/librairie7l.com\/en\/produit\/limaginaire-des-grottes-dans-les-jardins-europeens\/"]}]},{"@type":"BreadcrumbList","@id":"https:\/\/librairie7l.com\/en\/produit\/limaginaire-des-grottes-dans-les-jardins-europeens\/#breadcrumb","itemListElement":[{"@type":"ListItem","position":1,"name":"Accueil","item":"https:\/\/librairie7l.com\/en\/"},{"@type":"ListItem","position":2,"name":"Shop","item":"https:\/\/librairie7l.com\/en\/shop\/"},{"@type":"ListItem","position":3,"name":"L&#8217;IMAGINAIRE DES GROTTES DANS LES JARDINS EUROP\u00c9ENS"}]},{"@type":"WebSite","@id":"https:\/\/librairie7l.com\/en\/#website","url":"https:\/\/librairie7l.com\/en\/","name":"Librairie 7L","description":"Librairie fond\u00e9e en 1999 par Karl Lagerfeld \u00e0 Paris","publisher":{"@id":"https:\/\/librairie7l.com\/en\/#organization"},"potentialAction":[{"@type":"SearchAction","target":{"@type":"EntryPoint","urlTemplate":"https:\/\/librairie7l.com\/en\/?s={search_term_string}"},"query-input":"required name=search_term_string"}],"inLanguage":"en-US"},{"@type":"Organization","@id":"https:\/\/librairie7l.com\/en\/#organization","name":"Librairie 7L","url":"https:\/\/librairie7l.com\/en\/","logo":{"@type":"ImageObject","inLanguage":"en-US","@id":"https:\/\/librairie7l.com\/en\/#\/schema\/logo\/image\/","url":"https:\/\/librairie7l.com\/wp-content\/uploads\/2022\/08\/logo-1.png","contentUrl":"https:\/\/librairie7l.com\/wp-content\/uploads\/2022\/08\/logo-1.png","width":227,"height":301,"caption":"Librairie 7L"},"image":{"@id":"https:\/\/librairie7l.com\/en\/#\/schema\/logo\/image\/"}}]}},"_links":{"self":[{"href":"https:\/\/librairie7l.com\/en\/wp-json\/wp\/v2\/product\/28219"}],"collection":[{"href":"https:\/\/librairie7l.com\/en\/wp-json\/wp\/v2\/product"}],"about":[{"href":"https:\/\/librairie7l.com\/en\/wp-json\/wp\/v2\/types\/product"}],"wp:featuredmedia":[{"embeddable":true,"href":"https:\/\/librairie7l.com\/en\/wp-json\/wp\/v2\/media\/28217"}],"wp:attachment":[{"href":"https:\/\/librairie7l.com\/en\/wp-json\/wp\/v2\/media?parent=28219"}],"wp:term":[{"taxonomy":"product_cat","embeddable":true,"href":"https:\/\/librairie7l.com\/en\/wp-json\/wp\/v2\/product_cat?post=28219"},{"taxonomy":"product_tag","embeddable":true,"href":"https:\/\/librairie7l.com\/en\/wp-json\/wp\/v2\/product_tag?post=28219"}],"curies":[{"name":"wp","href":"https:\/\/api.w.org\/{rel}","templated":true}]}}