{"id":28227,"date":"2023-05-10T13:26:47","date_gmt":"2023-05-10T11:26:47","guid":{"rendered":"https:\/\/librairie7l.com\/?post_type=product&#038;p=28227"},"modified":"2026-05-05T22:09:54","modified_gmt":"2026-05-05T20:09:54","slug":"arles-les-rencontres-de-la-photographie-50-ans-dhistoire","status":"publish","type":"product","link":"https:\/\/librairie7l.com\/en\/produit\/arles-les-rencontres-de-la-photographie-50-ans-dhistoire\/","title":{"rendered":"ARLES : LES RENCONTRES DE LA PHOTOGRAPHIE ; 50 ANS D&#8217;HISTOIRE"},"content":{"rendered":"<p>Les Rencontres de la photographie f\u00eatent leurs cinquante ans ! Le succ\u00e8s de cette aventure embl\u00e9matique de l&#8217;histoire des festivals en France a largement d\u00e9pass\u00e9 les esp\u00e9rances des fondateurs : Arles est devenu un lieu de d\u00e9couverte, de d\u00e9bat, parfois de scandale, et le festival, un \u00e9v\u00e9nement incontournable pour tous les photographes, expos\u00e9s ou de passage. Une collection riche de plus de 3 300 oeuvres a \u00e9t\u00e9 constitu\u00e9e au fil du temps o\u00f9 se c\u00f4toient grands ma\u00eetres, jeunes photographes ou anonymes. \u00c0 l&#8217;occasion de leur cinquantenaire, les Rencontres ont initi\u00e9 un vaste programme de valorisation de leur collection, pr\u00e9sent\u00e9e pour la premi\u00e8re fois dans cet ouvrage \u00e0 partir d&#8217;un corpus de 300 oeuvres \u00e9tabli par Sam Stourdz\u00e9. Fran\u00e7oise Denoyelle, historienne de la photographie, retrace l&#8217;histoire du festival et plus largement l&#8217;\u00e9volution du monde de la photographie au cours de ces cinq d\u00e9cennies. Elle compl\u00e8te son propos par cinq entretiens avec de grandes figures du festival &#8211; Jean-Claude Gautrand, Maryse Cordesse, Jean-Claude Lemagny, Fran\u00e7ois H\u00e9bel et Sam Stourdz\u00e9 &#8211; t\u00e9moignant, d&#8217;une mani\u00e8re in\u00e9dite, des coulisses arl\u00e9siennes.<\/p>\n","protected":false},"excerpt":{"rendered":"<p>Les Rencontres de la photographie f\u00eatent leurs cinquante ans ! Le succ\u00e8s de cette aventure embl\u00e9matique de l&#8217;histoire des festivals en France a largement d\u00e9pass\u00e9 les esp\u00e9rances des fondateurs : Arles est devenu un lieu de d\u00e9couverte, de d\u00e9bat, parfois de scandale, et le festival, un \u00e9v\u00e9nement incontournable pour tous les photographes, expos\u00e9s ou de [&hellip;]<\/p>\n","protected":false},"featured_media":28225,"template":"","meta":[],"product_cat":[55,2948,2958,17],"product_tag":[],"acf":[],"yoast_head":"<!-- This site is optimized with the Yoast SEO plugin v20.11 - https:\/\/yoast.com\/wordpress\/plugins\/seo\/ -->\n<title>ARLES : LES RENCONTRES DE LA PHOTOGRAPHIE ; 50 ANS D&#039;HISTOIRE - Librairie 7L<\/title>\n<meta name=\"robots\" content=\"index, follow, max-snippet:-1, max-image-preview:large, max-video-preview:-1\" \/>\n<link rel=\"canonical\" href=\"https:\/\/librairie7l.com\/en\/produit\/arles-les-rencontres-de-la-photographie-50-ans-dhistoire\/\" \/>\n<meta property=\"og:locale\" content=\"en_US\" \/>\n<meta property=\"og:type\" content=\"article\" \/>\n<meta property=\"og:title\" content=\"ARLES : LES RENCONTRES DE LA PHOTOGRAPHIE ; 50 ANS D&#039;HISTOIRE - Librairie 7L\" \/>\n<meta property=\"og:description\" content=\"Les Rencontres de la photographie f\u00eatent leurs cinquante ans ! Le succ\u00e8s de cette aventure embl\u00e9matique de l&#8217;histoire des festivals en France a largement d\u00e9pass\u00e9 les esp\u00e9rances des fondateurs : Arles est devenu un lieu de d\u00e9couverte, de d\u00e9bat, parfois de scandale, et le festival, un \u00e9v\u00e9nement incontournable pour tous les photographes, expos\u00e9s ou de [&hellip;]\" \/>\n<meta property=\"og:url\" content=\"https:\/\/librairie7l.com\/en\/produit\/arles-les-rencontres-de-la-photographie-50-ans-dhistoire\/\" \/>\n<meta property=\"og:site_name\" content=\"Librairie 7L\" \/>\n<meta property=\"article:modified_time\" content=\"2026-05-05T20:09:54+00:00\" \/>\n<meta property=\"og:image\" content=\"https:\/\/librairie7l.com\/wp-content\/uploads\/2019\/03\/9782732490885_1_75.jpg\" \/>\n\t<meta property=\"og:image:width\" content=\"400\" \/>\n\t<meta property=\"og:image:height\" content=\"537\" \/>\n\t<meta property=\"og:image:type\" content=\"image\/jpeg\" \/>\n<meta name=\"twitter:card\" content=\"summary_large_image\" \/>\n<meta name=\"twitter:label1\" content=\"Est. reading time\" \/>\n\t<meta name=\"twitter:data1\" content=\"1 minute\" \/>\n<script type=\"application\/ld+json\" class=\"yoast-schema-graph\">{\"@context\":\"https:\/\/schema.org\",\"@graph\":[{\"@type\":\"WebPage\",\"@id\":\"https:\/\/librairie7l.com\/en\/produit\/arles-les-rencontres-de-la-photographie-50-ans-dhistoire\/\",\"url\":\"https:\/\/librairie7l.com\/en\/produit\/arles-les-rencontres-de-la-photographie-50-ans-dhistoire\/\",\"name\":\"ARLES : LES RENCONTRES DE LA PHOTOGRAPHIE ; 50 ANS D'HISTOIRE - Librairie 7L\",\"isPartOf\":{\"@id\":\"https:\/\/librairie7l.com\/en\/#website\"},\"datePublished\":\"2023-05-10T11:26:47+00:00\",\"dateModified\":\"2026-05-05T20:09:54+00:00\",\"breadcrumb\":{\"@id\":\"https:\/\/librairie7l.com\/en\/produit\/arles-les-rencontres-de-la-photographie-50-ans-dhistoire\/#breadcrumb\"},\"inLanguage\":\"en-US\",\"potentialAction\":[{\"@type\":\"ReadAction\",\"target\":[\"https:\/\/librairie7l.com\/en\/produit\/arles-les-rencontres-de-la-photographie-50-ans-dhistoire\/\"]}]},{\"@type\":\"BreadcrumbList\",\"@id\":\"https:\/\/librairie7l.com\/en\/produit\/arles-les-rencontres-de-la-photographie-50-ans-dhistoire\/#breadcrumb\",\"itemListElement\":[{\"@type\":\"ListItem\",\"position\":1,\"name\":\"Accueil\",\"item\":\"https:\/\/librairie7l.com\/en\/\"},{\"@type\":\"ListItem\",\"position\":2,\"name\":\"Shop\",\"item\":\"https:\/\/librairie7l.com\/en\/shop\/\"},{\"@type\":\"ListItem\",\"position\":3,\"name\":\"ARLES : LES RENCONTRES DE LA PHOTOGRAPHIE ; 50 ANS D&#8217;HISTOIRE\"}]},{\"@type\":\"WebSite\",\"@id\":\"https:\/\/librairie7l.com\/en\/#website\",\"url\":\"https:\/\/librairie7l.com\/en\/\",\"name\":\"Librairie 7L\",\"description\":\"Librairie fond\u00e9e en 1999 par Karl Lagerfeld \u00e0 Paris\",\"publisher\":{\"@id\":\"https:\/\/librairie7l.com\/en\/#organization\"},\"potentialAction\":[{\"@type\":\"SearchAction\",\"target\":{\"@type\":\"EntryPoint\",\"urlTemplate\":\"https:\/\/librairie7l.com\/en\/?s={search_term_string}\"},\"query-input\":\"required name=search_term_string\"}],\"inLanguage\":\"en-US\"},{\"@type\":\"Organization\",\"@id\":\"https:\/\/librairie7l.com\/en\/#organization\",\"name\":\"Librairie 7L\",\"url\":\"https:\/\/librairie7l.com\/en\/\",\"logo\":{\"@type\":\"ImageObject\",\"inLanguage\":\"en-US\",\"@id\":\"https:\/\/librairie7l.com\/en\/#\/schema\/logo\/image\/\",\"url\":\"https:\/\/librairie7l.com\/wp-content\/uploads\/2022\/08\/logo-1.png\",\"contentUrl\":\"https:\/\/librairie7l.com\/wp-content\/uploads\/2022\/08\/logo-1.png\",\"width\":227,\"height\":301,\"caption\":\"Librairie 7L\"},\"image\":{\"@id\":\"https:\/\/librairie7l.com\/en\/#\/schema\/logo\/image\/\"}}]}<\/script>\n<!-- \/ Yoast SEO plugin. -->","yoast_head_json":{"title":"ARLES : LES RENCONTRES DE LA PHOTOGRAPHIE ; 50 ANS D'HISTOIRE - Librairie 7L","robots":{"index":"index","follow":"follow","max-snippet":"max-snippet:-1","max-image-preview":"max-image-preview:large","max-video-preview":"max-video-preview:-1"},"canonical":"https:\/\/librairie7l.com\/en\/produit\/arles-les-rencontres-de-la-photographie-50-ans-dhistoire\/","og_locale":"en_US","og_type":"article","og_title":"ARLES : LES RENCONTRES DE LA PHOTOGRAPHIE ; 50 ANS D'HISTOIRE - Librairie 7L","og_description":"Les Rencontres de la photographie f\u00eatent leurs cinquante ans ! Le succ\u00e8s de cette aventure embl\u00e9matique de l&#8217;histoire des festivals en France a largement d\u00e9pass\u00e9 les esp\u00e9rances des fondateurs : Arles est devenu un lieu de d\u00e9couverte, de d\u00e9bat, parfois de scandale, et le festival, un \u00e9v\u00e9nement incontournable pour tous les photographes, expos\u00e9s ou de [&hellip;]","og_url":"https:\/\/librairie7l.com\/en\/produit\/arles-les-rencontres-de-la-photographie-50-ans-dhistoire\/","og_site_name":"Librairie 7L","article_modified_time":"2026-05-05T20:09:54+00:00","og_image":[{"width":400,"height":537,"url":"https:\/\/librairie7l.com\/wp-content\/uploads\/2019\/03\/9782732490885_1_75.jpg","type":"image\/jpeg"}],"twitter_card":"summary_large_image","twitter_misc":{"Est. reading time":"1 minute"},"schema":{"@context":"https:\/\/schema.org","@graph":[{"@type":"WebPage","@id":"https:\/\/librairie7l.com\/en\/produit\/arles-les-rencontres-de-la-photographie-50-ans-dhistoire\/","url":"https:\/\/librairie7l.com\/en\/produit\/arles-les-rencontres-de-la-photographie-50-ans-dhistoire\/","name":"ARLES : LES RENCONTRES DE LA PHOTOGRAPHIE ; 50 ANS D'HISTOIRE - Librairie 7L","isPartOf":{"@id":"https:\/\/librairie7l.com\/en\/#website"},"datePublished":"2023-05-10T11:26:47+00:00","dateModified":"2026-05-05T20:09:54+00:00","breadcrumb":{"@id":"https:\/\/librairie7l.com\/en\/produit\/arles-les-rencontres-de-la-photographie-50-ans-dhistoire\/#breadcrumb"},"inLanguage":"en-US","potentialAction":[{"@type":"ReadAction","target":["https:\/\/librairie7l.com\/en\/produit\/arles-les-rencontres-de-la-photographie-50-ans-dhistoire\/"]}]},{"@type":"BreadcrumbList","@id":"https:\/\/librairie7l.com\/en\/produit\/arles-les-rencontres-de-la-photographie-50-ans-dhistoire\/#breadcrumb","itemListElement":[{"@type":"ListItem","position":1,"name":"Accueil","item":"https:\/\/librairie7l.com\/en\/"},{"@type":"ListItem","position":2,"name":"Shop","item":"https:\/\/librairie7l.com\/en\/shop\/"},{"@type":"ListItem","position":3,"name":"ARLES : LES RENCONTRES DE LA PHOTOGRAPHIE ; 50 ANS D&#8217;HISTOIRE"}]},{"@type":"WebSite","@id":"https:\/\/librairie7l.com\/en\/#website","url":"https:\/\/librairie7l.com\/en\/","name":"Librairie 7L","description":"Librairie fond\u00e9e en 1999 par Karl Lagerfeld \u00e0 Paris","publisher":{"@id":"https:\/\/librairie7l.com\/en\/#organization"},"potentialAction":[{"@type":"SearchAction","target":{"@type":"EntryPoint","urlTemplate":"https:\/\/librairie7l.com\/en\/?s={search_term_string}"},"query-input":"required name=search_term_string"}],"inLanguage":"en-US"},{"@type":"Organization","@id":"https:\/\/librairie7l.com\/en\/#organization","name":"Librairie 7L","url":"https:\/\/librairie7l.com\/en\/","logo":{"@type":"ImageObject","inLanguage":"en-US","@id":"https:\/\/librairie7l.com\/en\/#\/schema\/logo\/image\/","url":"https:\/\/librairie7l.com\/wp-content\/uploads\/2022\/08\/logo-1.png","contentUrl":"https:\/\/librairie7l.com\/wp-content\/uploads\/2022\/08\/logo-1.png","width":227,"height":301,"caption":"Librairie 7L"},"image":{"@id":"https:\/\/librairie7l.com\/en\/#\/schema\/logo\/image\/"}}]}},"_links":{"self":[{"href":"https:\/\/librairie7l.com\/en\/wp-json\/wp\/v2\/product\/28227"}],"collection":[{"href":"https:\/\/librairie7l.com\/en\/wp-json\/wp\/v2\/product"}],"about":[{"href":"https:\/\/librairie7l.com\/en\/wp-json\/wp\/v2\/types\/product"}],"wp:featuredmedia":[{"embeddable":true,"href":"https:\/\/librairie7l.com\/en\/wp-json\/wp\/v2\/media\/28225"}],"wp:attachment":[{"href":"https:\/\/librairie7l.com\/en\/wp-json\/wp\/v2\/media?parent=28227"}],"wp:term":[{"taxonomy":"product_cat","embeddable":true,"href":"https:\/\/librairie7l.com\/en\/wp-json\/wp\/v2\/product_cat?post=28227"},{"taxonomy":"product_tag","embeddable":true,"href":"https:\/\/librairie7l.com\/en\/wp-json\/wp\/v2\/product_tag?post=28227"}],"curies":[{"name":"wp","href":"https:\/\/api.w.org\/{rel}","templated":true}]}}