{"id":28243,"date":"2023-05-10T13:28:02","date_gmt":"2023-05-10T11:28:02","guid":{"rendered":"https:\/\/librairie7l.com\/?post_type=product&#038;p=28243"},"modified":"2026-04-12T01:06:22","modified_gmt":"2026-04-11T23:06:22","slug":"mexico-the-land-of-charm","status":"publish","type":"product","link":"https:\/\/librairie7l.com\/en\/produit\/mexico-the-land-of-charm\/","title":{"rendered":"MEXICO : THE LAND OF CHARM"},"content":{"rendered":"<p>Des timbres aux affiches grand format en passant par les magazines, les tracts, les partitions ou les publicit\u00e9s, ce livre rassemble plus de 350 imprim\u00e9s mexicains des ann\u00e9es 1910 aux ann\u00e9es 1960, allant des micro-tirages aux impressions en quantit\u00e9 massive. Cette banque d&#8217;image engag\u00e9e et color\u00e9e en dit long sur l&#8217;Histoire du pays apr\u00e8s la R\u00e9volution Mexicaine de 1910, sur la culture de l&#8217;imprim\u00e9 qui y reste omnipr\u00e9sente et sur l&#8217;importance que l&#8217;imagerie populaire mexicaine, entre fantasme et r\u00e9alit\u00e9.<\/p>\n","protected":false},"excerpt":{"rendered":"<p>Des timbres aux affiches grand format en passant par les magazines, les tracts, les partitions ou les publicit\u00e9s, ce livre rassemble plus de 350 imprim\u00e9s mexicains des ann\u00e9es 1910 aux ann\u00e9es 1960, allant des micro-tirages aux impressions en quantit\u00e9 massive. Cette banque d&#8217;image engag\u00e9e et color\u00e9e en dit long sur l&#8217;Histoire du pays apr\u00e8s la [&hellip;]<\/p>\n","protected":false},"featured_media":28241,"template":"","meta":[],"product_cat":[55,2948,18,2952],"product_tag":[],"acf":[],"yoast_head":"<!-- This site is optimized with the Yoast SEO plugin v20.11 - https:\/\/yoast.com\/wordpress\/plugins\/seo\/ -->\n<title>MEXICO : THE LAND OF CHARM - Librairie 7L<\/title>\n<meta name=\"robots\" content=\"index, follow, max-snippet:-1, max-image-preview:large, max-video-preview:-1\" \/>\n<link rel=\"canonical\" href=\"https:\/\/librairie7l.com\/en\/produit\/mexico-the-land-of-charm\/\" \/>\n<meta property=\"og:locale\" content=\"en_US\" \/>\n<meta property=\"og:type\" content=\"article\" \/>\n<meta property=\"og:title\" content=\"MEXICO : THE LAND OF CHARM - Librairie 7L\" \/>\n<meta property=\"og:description\" content=\"Des timbres aux affiches grand format en passant par les magazines, les tracts, les partitions ou les publicit\u00e9s, ce livre rassemble plus de 350 imprim\u00e9s mexicains des ann\u00e9es 1910 aux ann\u00e9es 1960, allant des micro-tirages aux impressions en quantit\u00e9 massive. Cette banque d&#8217;image engag\u00e9e et color\u00e9e en dit long sur l&#8217;Histoire du pays apr\u00e8s la [&hellip;]\" \/>\n<meta property=\"og:url\" content=\"https:\/\/librairie7l.com\/en\/produit\/mexico-the-land-of-charm\/\" \/>\n<meta property=\"og:site_name\" content=\"Librairie 7L\" \/>\n<meta property=\"article:modified_time\" content=\"2026-04-11T23:06:22+00:00\" \/>\n<meta property=\"og:image\" content=\"https:\/\/librairie7l.com\/wp-content\/uploads\/2021\/02\/9788417975517_1_75.jpg\" \/>\n\t<meta property=\"og:image:width\" content=\"360\" \/>\n\t<meta property=\"og:image:height\" content=\"500\" \/>\n\t<meta property=\"og:image:type\" content=\"image\/jpeg\" \/>\n<meta name=\"twitter:card\" content=\"summary_large_image\" \/>\n<script type=\"application\/ld+json\" class=\"yoast-schema-graph\">{\"@context\":\"https:\/\/schema.org\",\"@graph\":[{\"@type\":\"WebPage\",\"@id\":\"https:\/\/librairie7l.com\/en\/produit\/mexico-the-land-of-charm\/\",\"url\":\"https:\/\/librairie7l.com\/en\/produit\/mexico-the-land-of-charm\/\",\"name\":\"MEXICO : THE LAND OF CHARM - Librairie 7L\",\"isPartOf\":{\"@id\":\"https:\/\/librairie7l.com\/en\/#website\"},\"datePublished\":\"2023-05-10T11:28:02+00:00\",\"dateModified\":\"2026-04-11T23:06:22+00:00\",\"breadcrumb\":{\"@id\":\"https:\/\/librairie7l.com\/en\/produit\/mexico-the-land-of-charm\/#breadcrumb\"},\"inLanguage\":\"en-US\",\"potentialAction\":[{\"@type\":\"ReadAction\",\"target\":[\"https:\/\/librairie7l.com\/en\/produit\/mexico-the-land-of-charm\/\"]}]},{\"@type\":\"BreadcrumbList\",\"@id\":\"https:\/\/librairie7l.com\/en\/produit\/mexico-the-land-of-charm\/#breadcrumb\",\"itemListElement\":[{\"@type\":\"ListItem\",\"position\":1,\"name\":\"Accueil\",\"item\":\"https:\/\/librairie7l.com\/en\/\"},{\"@type\":\"ListItem\",\"position\":2,\"name\":\"Shop\",\"item\":\"https:\/\/librairie7l.com\/en\/shop\/\"},{\"@type\":\"ListItem\",\"position\":3,\"name\":\"MEXICO : THE LAND OF CHARM\"}]},{\"@type\":\"WebSite\",\"@id\":\"https:\/\/librairie7l.com\/en\/#website\",\"url\":\"https:\/\/librairie7l.com\/en\/\",\"name\":\"Librairie 7L\",\"description\":\"Librairie fond\u00e9e en 1999 par Karl Lagerfeld \u00e0 Paris\",\"publisher\":{\"@id\":\"https:\/\/librairie7l.com\/en\/#organization\"},\"potentialAction\":[{\"@type\":\"SearchAction\",\"target\":{\"@type\":\"EntryPoint\",\"urlTemplate\":\"https:\/\/librairie7l.com\/en\/?s={search_term_string}\"},\"query-input\":\"required name=search_term_string\"}],\"inLanguage\":\"en-US\"},{\"@type\":\"Organization\",\"@id\":\"https:\/\/librairie7l.com\/en\/#organization\",\"name\":\"Librairie 7L\",\"url\":\"https:\/\/librairie7l.com\/en\/\",\"logo\":{\"@type\":\"ImageObject\",\"inLanguage\":\"en-US\",\"@id\":\"https:\/\/librairie7l.com\/en\/#\/schema\/logo\/image\/\",\"url\":\"https:\/\/librairie7l.com\/wp-content\/uploads\/2022\/08\/logo-1.png\",\"contentUrl\":\"https:\/\/librairie7l.com\/wp-content\/uploads\/2022\/08\/logo-1.png\",\"width\":227,\"height\":301,\"caption\":\"Librairie 7L\"},\"image\":{\"@id\":\"https:\/\/librairie7l.com\/en\/#\/schema\/logo\/image\/\"}}]}<\/script>\n<!-- \/ Yoast SEO plugin. -->","yoast_head_json":{"title":"MEXICO : THE LAND OF CHARM - Librairie 7L","robots":{"index":"index","follow":"follow","max-snippet":"max-snippet:-1","max-image-preview":"max-image-preview:large","max-video-preview":"max-video-preview:-1"},"canonical":"https:\/\/librairie7l.com\/en\/produit\/mexico-the-land-of-charm\/","og_locale":"en_US","og_type":"article","og_title":"MEXICO : THE LAND OF CHARM - Librairie 7L","og_description":"Des timbres aux affiches grand format en passant par les magazines, les tracts, les partitions ou les publicit\u00e9s, ce livre rassemble plus de 350 imprim\u00e9s mexicains des ann\u00e9es 1910 aux ann\u00e9es 1960, allant des micro-tirages aux impressions en quantit\u00e9 massive. Cette banque d&#8217;image engag\u00e9e et color\u00e9e en dit long sur l&#8217;Histoire du pays apr\u00e8s la [&hellip;]","og_url":"https:\/\/librairie7l.com\/en\/produit\/mexico-the-land-of-charm\/","og_site_name":"Librairie 7L","article_modified_time":"2026-04-11T23:06:22+00:00","og_image":[{"width":360,"height":500,"url":"https:\/\/librairie7l.com\/wp-content\/uploads\/2021\/02\/9788417975517_1_75.jpg","type":"image\/jpeg"}],"twitter_card":"summary_large_image","schema":{"@context":"https:\/\/schema.org","@graph":[{"@type":"WebPage","@id":"https:\/\/librairie7l.com\/en\/produit\/mexico-the-land-of-charm\/","url":"https:\/\/librairie7l.com\/en\/produit\/mexico-the-land-of-charm\/","name":"MEXICO : THE LAND OF CHARM - Librairie 7L","isPartOf":{"@id":"https:\/\/librairie7l.com\/en\/#website"},"datePublished":"2023-05-10T11:28:02+00:00","dateModified":"2026-04-11T23:06:22+00:00","breadcrumb":{"@id":"https:\/\/librairie7l.com\/en\/produit\/mexico-the-land-of-charm\/#breadcrumb"},"inLanguage":"en-US","potentialAction":[{"@type":"ReadAction","target":["https:\/\/librairie7l.com\/en\/produit\/mexico-the-land-of-charm\/"]}]},{"@type":"BreadcrumbList","@id":"https:\/\/librairie7l.com\/en\/produit\/mexico-the-land-of-charm\/#breadcrumb","itemListElement":[{"@type":"ListItem","position":1,"name":"Accueil","item":"https:\/\/librairie7l.com\/en\/"},{"@type":"ListItem","position":2,"name":"Shop","item":"https:\/\/librairie7l.com\/en\/shop\/"},{"@type":"ListItem","position":3,"name":"MEXICO : THE LAND OF CHARM"}]},{"@type":"WebSite","@id":"https:\/\/librairie7l.com\/en\/#website","url":"https:\/\/librairie7l.com\/en\/","name":"Librairie 7L","description":"Librairie fond\u00e9e en 1999 par Karl Lagerfeld \u00e0 Paris","publisher":{"@id":"https:\/\/librairie7l.com\/en\/#organization"},"potentialAction":[{"@type":"SearchAction","target":{"@type":"EntryPoint","urlTemplate":"https:\/\/librairie7l.com\/en\/?s={search_term_string}"},"query-input":"required name=search_term_string"}],"inLanguage":"en-US"},{"@type":"Organization","@id":"https:\/\/librairie7l.com\/en\/#organization","name":"Librairie 7L","url":"https:\/\/librairie7l.com\/en\/","logo":{"@type":"ImageObject","inLanguage":"en-US","@id":"https:\/\/librairie7l.com\/en\/#\/schema\/logo\/image\/","url":"https:\/\/librairie7l.com\/wp-content\/uploads\/2022\/08\/logo-1.png","contentUrl":"https:\/\/librairie7l.com\/wp-content\/uploads\/2022\/08\/logo-1.png","width":227,"height":301,"caption":"Librairie 7L"},"image":{"@id":"https:\/\/librairie7l.com\/en\/#\/schema\/logo\/image\/"}}]}},"_links":{"self":[{"href":"https:\/\/librairie7l.com\/en\/wp-json\/wp\/v2\/product\/28243"}],"collection":[{"href":"https:\/\/librairie7l.com\/en\/wp-json\/wp\/v2\/product"}],"about":[{"href":"https:\/\/librairie7l.com\/en\/wp-json\/wp\/v2\/types\/product"}],"wp:featuredmedia":[{"embeddable":true,"href":"https:\/\/librairie7l.com\/en\/wp-json\/wp\/v2\/media\/28241"}],"wp:attachment":[{"href":"https:\/\/librairie7l.com\/en\/wp-json\/wp\/v2\/media?parent=28243"}],"wp:term":[{"taxonomy":"product_cat","embeddable":true,"href":"https:\/\/librairie7l.com\/en\/wp-json\/wp\/v2\/product_cat?post=28243"},{"taxonomy":"product_tag","embeddable":true,"href":"https:\/\/librairie7l.com\/en\/wp-json\/wp\/v2\/product_tag?post=28243"}],"curies":[{"name":"wp","href":"https:\/\/api.w.org\/{rel}","templated":true}]}}