{"id":28279,"date":"2023-05-10T13:28:53","date_gmt":"2023-05-10T11:28:53","guid":{"rendered":"https:\/\/librairie7l.com\/?post_type=product&#038;p=28279"},"modified":"2026-04-08T15:31:50","modified_gmt":"2026-04-08T13:31:50","slug":"lalanne-bestiaires","status":"publish","type":"product","link":"https:\/\/librairie7l.com\/en\/produit\/lalanne-bestiaires\/","title":{"rendered":"LALANNE BESTIAIRES"},"content":{"rendered":"<p>Au tournant des ann\u00e9es 2000, Fran\u00e7ois-Xavier Lalanne entama une collaboration avec les Presses de Serendip en illustrant un choix personnel de fables de La Fontaine, projet qui lui tenait \u00e0 coeur depuis longtemps et qu&#8217;il n&#8217;avait pu jusqu&#8217;alors mener \u00e0 bien.<br \/>\nRenouant avec l&#8217;art de la gravure et s&#8217;\u00e9tant pris au jeu, il imagina dans la foul\u00e9e un Bestiaire ordinaire, consacr\u00e9 aux animaux et insectes qui nous entourent, dont il accompagna les images d&#8217;une suite de petits textes \u00e0 l&#8217;esprit et l&#8217;humour remarquables.<br \/>\nDe ce qui devait \u00eatre un volume unique, sortit finalement un triptyque : le Bestiaire ordinaire fut suivi d&#8217;un Bestiaire n\u00e9cessaire, exaltant la faune domestique, puis d&#8217;un Bestiaire l\u00e9gendaire, peupl\u00e9 de cr\u00e9atures fabuleuses, du centaure \u00e0 Mickey. En un d\u00e9fi suppl\u00e9mentaire, chaque planche de ce triptyque se devait d&#8217;\u00eatre ex\u00e9cut\u00e9e dans une technique diff\u00e9rente, reflet de la diversit\u00e9 du r\u00e9el : de la gravure sur bois \u00e0 la photo, en passant par la lithographie, la pointe s\u00e8che et l&#8217;h\u00e9liogravure.<br \/>\nLimit\u00e9s \u00e0 soixante-quinze exemplaires, imprim\u00e9s \u00e0 la main sur velin d&#8217;Arches, ces volumes n&#8217;ont gu\u00e8re quitt\u00e9 le secret des cabinets de collectionneurs et n&#8217;ont \u00e9t\u00e9 vus que d&#8217;une poign\u00e9e d&#8217;amateurs. Ils battent d\u00e9sormais des records en vente publique.<br \/>\nLe pr\u00e9sent volume rassemble pour la premi\u00e8re fois l&#8217;ensemble des planches des trois Bestiaires (y compris celles, restreintes \u00e0 dix exemplaires, des tirages de t\u00eate). Mettant en regard gravures et sculptures, il illustre superbement la dimension graphique d&#8217;un univers dont on connaissait essentiellement la valeur plastique. Il offre ainsi une v\u00e9ritable r\u00e9v\u00e9lation sur un aspect totalement m\u00e9connu de la cr\u00e9ation de Claude et Francois-Xavier Lalanne, artistes dont l&#8217;oeuvre est aujourd&#8217;hui salu\u00e9e par la cons\u00e9cration internationale.<\/p>\n","protected":false},"excerpt":{"rendered":"<p>Au tournant des ann\u00e9es 2000, Fran\u00e7ois-Xavier Lalanne entama une collaboration avec les Presses de Serendip en illustrant un choix personnel de fables de La Fontaine, projet qui lui tenait \u00e0 coeur depuis longtemps et qu&#8217;il n&#8217;avait pu jusqu&#8217;alors mener \u00e0 bien. Renouant avec l&#8217;art de la gravure et s&#8217;\u00e9tant pris au jeu, il imagina dans [&hellip;]<\/p>\n","protected":false},"featured_media":28277,"template":"","meta":[],"product_cat":[55,2948,47,2953],"product_tag":[],"acf":[],"yoast_head":"<!-- This site is optimized with the Yoast SEO plugin v20.11 - https:\/\/yoast.com\/wordpress\/plugins\/seo\/ -->\n<title>LALANNE BESTIAIRES - Librairie 7L<\/title>\n<meta name=\"robots\" content=\"index, follow, max-snippet:-1, max-image-preview:large, max-video-preview:-1\" \/>\n<link rel=\"canonical\" href=\"https:\/\/librairie7l.com\/en\/produit\/lalanne-bestiaires\/\" \/>\n<meta property=\"og:locale\" content=\"en_US\" \/>\n<meta property=\"og:type\" content=\"article\" \/>\n<meta property=\"og:title\" content=\"LALANNE BESTIAIRES - Librairie 7L\" \/>\n<meta property=\"og:description\" content=\"Au tournant des ann\u00e9es 2000, Fran\u00e7ois-Xavier Lalanne entama une collaboration avec les Presses de Serendip en illustrant un choix personnel de fables de La Fontaine, projet qui lui tenait \u00e0 coeur depuis longtemps et qu&#8217;il n&#8217;avait pu jusqu&#8217;alors mener \u00e0 bien. Renouant avec l&#8217;art de la gravure et s&#8217;\u00e9tant pris au jeu, il imagina dans [&hellip;]\" \/>\n<meta property=\"og:url\" content=\"https:\/\/librairie7l.com\/en\/produit\/lalanne-bestiaires\/\" \/>\n<meta property=\"og:site_name\" content=\"Librairie 7L\" \/>\n<meta property=\"article:modified_time\" content=\"2026-04-08T13:31:50+00:00\" \/>\n<meta property=\"og:image\" content=\"https:\/\/librairie7l.com\/wp-content\/uploads\/2022\/04\/9782493882004_1_75.jpg\" \/>\n\t<meta property=\"og:image:width\" content=\"400\" \/>\n\t<meta property=\"og:image:height\" content=\"318\" \/>\n\t<meta property=\"og:image:type\" content=\"image\/jpeg\" \/>\n<meta name=\"twitter:card\" content=\"summary_large_image\" \/>\n<meta name=\"twitter:label1\" content=\"Est. reading time\" \/>\n\t<meta name=\"twitter:data1\" content=\"1 minute\" \/>\n<script type=\"application\/ld+json\" class=\"yoast-schema-graph\">{\"@context\":\"https:\/\/schema.org\",\"@graph\":[{\"@type\":\"WebPage\",\"@id\":\"https:\/\/librairie7l.com\/en\/produit\/lalanne-bestiaires\/\",\"url\":\"https:\/\/librairie7l.com\/en\/produit\/lalanne-bestiaires\/\",\"name\":\"LALANNE BESTIAIRES - Librairie 7L\",\"isPartOf\":{\"@id\":\"https:\/\/librairie7l.com\/en\/#website\"},\"datePublished\":\"2023-05-10T11:28:53+00:00\",\"dateModified\":\"2026-04-08T13:31:50+00:00\",\"breadcrumb\":{\"@id\":\"https:\/\/librairie7l.com\/en\/produit\/lalanne-bestiaires\/#breadcrumb\"},\"inLanguage\":\"en-US\",\"potentialAction\":[{\"@type\":\"ReadAction\",\"target\":[\"https:\/\/librairie7l.com\/en\/produit\/lalanne-bestiaires\/\"]}]},{\"@type\":\"BreadcrumbList\",\"@id\":\"https:\/\/librairie7l.com\/en\/produit\/lalanne-bestiaires\/#breadcrumb\",\"itemListElement\":[{\"@type\":\"ListItem\",\"position\":1,\"name\":\"Accueil\",\"item\":\"https:\/\/librairie7l.com\/en\/\"},{\"@type\":\"ListItem\",\"position\":2,\"name\":\"Shop\",\"item\":\"https:\/\/librairie7l.com\/en\/shop\/\"},{\"@type\":\"ListItem\",\"position\":3,\"name\":\"LALANNE BESTIAIRES\"}]},{\"@type\":\"WebSite\",\"@id\":\"https:\/\/librairie7l.com\/en\/#website\",\"url\":\"https:\/\/librairie7l.com\/en\/\",\"name\":\"Librairie 7L\",\"description\":\"Librairie fond\u00e9e en 1999 par Karl Lagerfeld \u00e0 Paris\",\"publisher\":{\"@id\":\"https:\/\/librairie7l.com\/en\/#organization\"},\"potentialAction\":[{\"@type\":\"SearchAction\",\"target\":{\"@type\":\"EntryPoint\",\"urlTemplate\":\"https:\/\/librairie7l.com\/en\/?s={search_term_string}\"},\"query-input\":\"required name=search_term_string\"}],\"inLanguage\":\"en-US\"},{\"@type\":\"Organization\",\"@id\":\"https:\/\/librairie7l.com\/en\/#organization\",\"name\":\"Librairie 7L\",\"url\":\"https:\/\/librairie7l.com\/en\/\",\"logo\":{\"@type\":\"ImageObject\",\"inLanguage\":\"en-US\",\"@id\":\"https:\/\/librairie7l.com\/en\/#\/schema\/logo\/image\/\",\"url\":\"https:\/\/librairie7l.com\/wp-content\/uploads\/2022\/08\/logo-1.png\",\"contentUrl\":\"https:\/\/librairie7l.com\/wp-content\/uploads\/2022\/08\/logo-1.png\",\"width\":227,\"height\":301,\"caption\":\"Librairie 7L\"},\"image\":{\"@id\":\"https:\/\/librairie7l.com\/en\/#\/schema\/logo\/image\/\"}}]}<\/script>\n<!-- \/ Yoast SEO plugin. -->","yoast_head_json":{"title":"LALANNE BESTIAIRES - Librairie 7L","robots":{"index":"index","follow":"follow","max-snippet":"max-snippet:-1","max-image-preview":"max-image-preview:large","max-video-preview":"max-video-preview:-1"},"canonical":"https:\/\/librairie7l.com\/en\/produit\/lalanne-bestiaires\/","og_locale":"en_US","og_type":"article","og_title":"LALANNE BESTIAIRES - Librairie 7L","og_description":"Au tournant des ann\u00e9es 2000, Fran\u00e7ois-Xavier Lalanne entama une collaboration avec les Presses de Serendip en illustrant un choix personnel de fables de La Fontaine, projet qui lui tenait \u00e0 coeur depuis longtemps et qu&#8217;il n&#8217;avait pu jusqu&#8217;alors mener \u00e0 bien. Renouant avec l&#8217;art de la gravure et s&#8217;\u00e9tant pris au jeu, il imagina dans [&hellip;]","og_url":"https:\/\/librairie7l.com\/en\/produit\/lalanne-bestiaires\/","og_site_name":"Librairie 7L","article_modified_time":"2026-04-08T13:31:50+00:00","og_image":[{"width":400,"height":318,"url":"https:\/\/librairie7l.com\/wp-content\/uploads\/2022\/04\/9782493882004_1_75.jpg","type":"image\/jpeg"}],"twitter_card":"summary_large_image","twitter_misc":{"Est. reading time":"1 minute"},"schema":{"@context":"https:\/\/schema.org","@graph":[{"@type":"WebPage","@id":"https:\/\/librairie7l.com\/en\/produit\/lalanne-bestiaires\/","url":"https:\/\/librairie7l.com\/en\/produit\/lalanne-bestiaires\/","name":"LALANNE BESTIAIRES - Librairie 7L","isPartOf":{"@id":"https:\/\/librairie7l.com\/en\/#website"},"datePublished":"2023-05-10T11:28:53+00:00","dateModified":"2026-04-08T13:31:50+00:00","breadcrumb":{"@id":"https:\/\/librairie7l.com\/en\/produit\/lalanne-bestiaires\/#breadcrumb"},"inLanguage":"en-US","potentialAction":[{"@type":"ReadAction","target":["https:\/\/librairie7l.com\/en\/produit\/lalanne-bestiaires\/"]}]},{"@type":"BreadcrumbList","@id":"https:\/\/librairie7l.com\/en\/produit\/lalanne-bestiaires\/#breadcrumb","itemListElement":[{"@type":"ListItem","position":1,"name":"Accueil","item":"https:\/\/librairie7l.com\/en\/"},{"@type":"ListItem","position":2,"name":"Shop","item":"https:\/\/librairie7l.com\/en\/shop\/"},{"@type":"ListItem","position":3,"name":"LALANNE BESTIAIRES"}]},{"@type":"WebSite","@id":"https:\/\/librairie7l.com\/en\/#website","url":"https:\/\/librairie7l.com\/en\/","name":"Librairie 7L","description":"Librairie fond\u00e9e en 1999 par Karl Lagerfeld \u00e0 Paris","publisher":{"@id":"https:\/\/librairie7l.com\/en\/#organization"},"potentialAction":[{"@type":"SearchAction","target":{"@type":"EntryPoint","urlTemplate":"https:\/\/librairie7l.com\/en\/?s={search_term_string}"},"query-input":"required name=search_term_string"}],"inLanguage":"en-US"},{"@type":"Organization","@id":"https:\/\/librairie7l.com\/en\/#organization","name":"Librairie 7L","url":"https:\/\/librairie7l.com\/en\/","logo":{"@type":"ImageObject","inLanguage":"en-US","@id":"https:\/\/librairie7l.com\/en\/#\/schema\/logo\/image\/","url":"https:\/\/librairie7l.com\/wp-content\/uploads\/2022\/08\/logo-1.png","contentUrl":"https:\/\/librairie7l.com\/wp-content\/uploads\/2022\/08\/logo-1.png","width":227,"height":301,"caption":"Librairie 7L"},"image":{"@id":"https:\/\/librairie7l.com\/en\/#\/schema\/logo\/image\/"}}]}},"_links":{"self":[{"href":"https:\/\/librairie7l.com\/en\/wp-json\/wp\/v2\/product\/28279"}],"collection":[{"href":"https:\/\/librairie7l.com\/en\/wp-json\/wp\/v2\/product"}],"about":[{"href":"https:\/\/librairie7l.com\/en\/wp-json\/wp\/v2\/types\/product"}],"wp:featuredmedia":[{"embeddable":true,"href":"https:\/\/librairie7l.com\/en\/wp-json\/wp\/v2\/media\/28277"}],"wp:attachment":[{"href":"https:\/\/librairie7l.com\/en\/wp-json\/wp\/v2\/media?parent=28279"}],"wp:term":[{"taxonomy":"product_cat","embeddable":true,"href":"https:\/\/librairie7l.com\/en\/wp-json\/wp\/v2\/product_cat?post=28279"},{"taxonomy":"product_tag","embeddable":true,"href":"https:\/\/librairie7l.com\/en\/wp-json\/wp\/v2\/product_tag?post=28279"}],"curies":[{"name":"wp","href":"https:\/\/api.w.org\/{rel}","templated":true}]}}