{"id":28283,"date":"2023-05-10T13:28:56","date_gmt":"2023-05-10T11:28:56","guid":{"rendered":"https:\/\/librairie7l.com\/?post_type=product&#038;p=28283"},"modified":"2026-05-02T02:45:13","modified_gmt":"2026-05-02T00:45:13","slug":"rene-gabriel","status":"publish","type":"product","link":"https:\/\/librairie7l.com\/en\/produit\/rene-gabriel\/","title":{"rendered":"REN\u00c9 GABRIEL"},"content":{"rendered":"<p>La red\u00e9couverte des archives de Ren\u00e9 Gabriel (1899-1950) \u00e0 la biblioth\u00e8que de l&#8217;\u00c9cole nationale sup\u00e9rieure des arts d\u00e9coratifs a permis d&#8217;\u00e9clairer sous un jour nouveau l&#8217;oeuvre de ce d\u00e9corateur, figure marquante du modernisme social et des ann\u00e9es de reconstruction.<br \/>\nRen\u00e9 Gabriel conna\u00eet ses premiers succ\u00e8s en dessinant et produisant, jeune \u00e9tudiant, ses propres papiers peints. Cr\u00e9ateur de meubles, il re\u00e7oit \u00e0 23 ans la bourse Blumenthal et participe en 1925 \u00e0 l&#8217;Exposition internationale des arts d\u00e9coratifs et industriels, aux c\u00f4t\u00e9s de Francis Jourdain et des modernistes. Illustrateur, il est \u00e9galement d\u00e9corateur de th\u00e9\u00e2tre et sc\u00e9nographe, notamment pour ses amis L\u00e9on Chancerel et Louis Jouvet.<br \/>\nEn retrait des grandes figures des ann\u00e9es 20, Ren\u00e9 Gabriel se distingue de ses contemporains par son rejet du luxe et de l&#8217;ostentation. Poursuivant son travail d&#8217;artiste et de d\u00e9corateur, qui l&#8217;am\u00e8ne \u00e0 collaborer avec des maisons prestigieuses &#8211; Nobilis, Leroy, Follot -, il joue un r\u00f4le d\u00e9terminant dans le design de la reconstruction : il dessine notamment des centaines de mod\u00e8les pour les sinistr\u00e9s et se rapproche d&#8217;Auguste Perret pour la reconstruction du Havre.<br \/>\nPersonnage cl\u00e9 dans l&#8217;histoire des arts d\u00e9coratifs du XXe si\u00e8cle, il est aujourd&#8217;hui consid\u00e9r\u00e9 comme un pr\u00e9curseur du \u00ab design industriel \u00bb.<\/p>\n","protected":false},"excerpt":{"rendered":"<p>La red\u00e9couverte des archives de Ren\u00e9 Gabriel (1899-1950) \u00e0 la biblioth\u00e8que de l&#8217;\u00c9cole nationale sup\u00e9rieure des arts d\u00e9coratifs a permis d&#8217;\u00e9clairer sous un jour nouveau l&#8217;oeuvre de ce d\u00e9corateur, figure marquante du modernisme social et des ann\u00e9es de reconstruction. Ren\u00e9 Gabriel conna\u00eet ses premiers succ\u00e8s en dessinant et produisant, jeune \u00e9tudiant, ses propres papiers peints. [&hellip;]<\/p>\n","protected":false},"featured_media":28281,"template":"","meta":[],"product_cat":[55,2948,18,2952],"product_tag":[],"acf":[],"yoast_head":"<!-- This site is optimized with the Yoast SEO plugin v20.11 - https:\/\/yoast.com\/wordpress\/plugins\/seo\/ -->\n<title>REN\u00c9 GABRIEL - Librairie 7L<\/title>\n<meta name=\"robots\" content=\"index, follow, max-snippet:-1, max-image-preview:large, max-video-preview:-1\" \/>\n<link rel=\"canonical\" href=\"https:\/\/librairie7l.com\/en\/produit\/rene-gabriel\/\" \/>\n<meta property=\"og:locale\" content=\"en_US\" \/>\n<meta property=\"og:type\" content=\"article\" \/>\n<meta property=\"og:title\" content=\"REN\u00c9 GABRIEL - Librairie 7L\" \/>\n<meta property=\"og:description\" content=\"La red\u00e9couverte des archives de Ren\u00e9 Gabriel (1899-1950) \u00e0 la biblioth\u00e8que de l&#8217;\u00c9cole nationale sup\u00e9rieure des arts d\u00e9coratifs a permis d&#8217;\u00e9clairer sous un jour nouveau l&#8217;oeuvre de ce d\u00e9corateur, figure marquante du modernisme social et des ann\u00e9es de reconstruction. Ren\u00e9 Gabriel conna\u00eet ses premiers succ\u00e8s en dessinant et produisant, jeune \u00e9tudiant, ses propres papiers peints. [&hellip;]\" \/>\n<meta property=\"og:url\" content=\"https:\/\/librairie7l.com\/en\/produit\/rene-gabriel\/\" \/>\n<meta property=\"og:site_name\" content=\"Librairie 7L\" \/>\n<meta property=\"article:modified_time\" content=\"2026-05-02T00:45:13+00:00\" \/>\n<meta property=\"og:image\" content=\"https:\/\/librairie7l.com\/wp-content\/uploads\/2015\/04\/9782915542752_1_75.jpg\" \/>\n\t<meta property=\"og:image:width\" content=\"600\" \/>\n\t<meta property=\"og:image:height\" content=\"770\" \/>\n\t<meta property=\"og:image:type\" content=\"image\/jpeg\" \/>\n<meta name=\"twitter:card\" content=\"summary_large_image\" \/>\n<meta name=\"twitter:label1\" content=\"Est. reading time\" \/>\n\t<meta name=\"twitter:data1\" content=\"1 minute\" \/>\n<script type=\"application\/ld+json\" class=\"yoast-schema-graph\">{\"@context\":\"https:\/\/schema.org\",\"@graph\":[{\"@type\":\"WebPage\",\"@id\":\"https:\/\/librairie7l.com\/en\/produit\/rene-gabriel\/\",\"url\":\"https:\/\/librairie7l.com\/en\/produit\/rene-gabriel\/\",\"name\":\"REN\u00c9 GABRIEL - Librairie 7L\",\"isPartOf\":{\"@id\":\"https:\/\/librairie7l.com\/en\/#website\"},\"datePublished\":\"2023-05-10T11:28:56+00:00\",\"dateModified\":\"2026-05-02T00:45:13+00:00\",\"breadcrumb\":{\"@id\":\"https:\/\/librairie7l.com\/en\/produit\/rene-gabriel\/#breadcrumb\"},\"inLanguage\":\"en-US\",\"potentialAction\":[{\"@type\":\"ReadAction\",\"target\":[\"https:\/\/librairie7l.com\/en\/produit\/rene-gabriel\/\"]}]},{\"@type\":\"BreadcrumbList\",\"@id\":\"https:\/\/librairie7l.com\/en\/produit\/rene-gabriel\/#breadcrumb\",\"itemListElement\":[{\"@type\":\"ListItem\",\"position\":1,\"name\":\"Accueil\",\"item\":\"https:\/\/librairie7l.com\/en\/\"},{\"@type\":\"ListItem\",\"position\":2,\"name\":\"Shop\",\"item\":\"https:\/\/librairie7l.com\/en\/shop\/\"},{\"@type\":\"ListItem\",\"position\":3,\"name\":\"REN\u00c9 GABRIEL\"}]},{\"@type\":\"WebSite\",\"@id\":\"https:\/\/librairie7l.com\/en\/#website\",\"url\":\"https:\/\/librairie7l.com\/en\/\",\"name\":\"Librairie 7L\",\"description\":\"Librairie fond\u00e9e en 1999 par Karl Lagerfeld \u00e0 Paris\",\"publisher\":{\"@id\":\"https:\/\/librairie7l.com\/en\/#organization\"},\"potentialAction\":[{\"@type\":\"SearchAction\",\"target\":{\"@type\":\"EntryPoint\",\"urlTemplate\":\"https:\/\/librairie7l.com\/en\/?s={search_term_string}\"},\"query-input\":\"required name=search_term_string\"}],\"inLanguage\":\"en-US\"},{\"@type\":\"Organization\",\"@id\":\"https:\/\/librairie7l.com\/en\/#organization\",\"name\":\"Librairie 7L\",\"url\":\"https:\/\/librairie7l.com\/en\/\",\"logo\":{\"@type\":\"ImageObject\",\"inLanguage\":\"en-US\",\"@id\":\"https:\/\/librairie7l.com\/en\/#\/schema\/logo\/image\/\",\"url\":\"https:\/\/librairie7l.com\/wp-content\/uploads\/2022\/08\/logo-1.png\",\"contentUrl\":\"https:\/\/librairie7l.com\/wp-content\/uploads\/2022\/08\/logo-1.png\",\"width\":227,\"height\":301,\"caption\":\"Librairie 7L\"},\"image\":{\"@id\":\"https:\/\/librairie7l.com\/en\/#\/schema\/logo\/image\/\"}}]}<\/script>\n<!-- \/ Yoast SEO plugin. -->","yoast_head_json":{"title":"REN\u00c9 GABRIEL - Librairie 7L","robots":{"index":"index","follow":"follow","max-snippet":"max-snippet:-1","max-image-preview":"max-image-preview:large","max-video-preview":"max-video-preview:-1"},"canonical":"https:\/\/librairie7l.com\/en\/produit\/rene-gabriel\/","og_locale":"en_US","og_type":"article","og_title":"REN\u00c9 GABRIEL - Librairie 7L","og_description":"La red\u00e9couverte des archives de Ren\u00e9 Gabriel (1899-1950) \u00e0 la biblioth\u00e8que de l&#8217;\u00c9cole nationale sup\u00e9rieure des arts d\u00e9coratifs a permis d&#8217;\u00e9clairer sous un jour nouveau l&#8217;oeuvre de ce d\u00e9corateur, figure marquante du modernisme social et des ann\u00e9es de reconstruction. Ren\u00e9 Gabriel conna\u00eet ses premiers succ\u00e8s en dessinant et produisant, jeune \u00e9tudiant, ses propres papiers peints. [&hellip;]","og_url":"https:\/\/librairie7l.com\/en\/produit\/rene-gabriel\/","og_site_name":"Librairie 7L","article_modified_time":"2026-05-02T00:45:13+00:00","og_image":[{"width":600,"height":770,"url":"https:\/\/librairie7l.com\/wp-content\/uploads\/2015\/04\/9782915542752_1_75.jpg","type":"image\/jpeg"}],"twitter_card":"summary_large_image","twitter_misc":{"Est. reading time":"1 minute"},"schema":{"@context":"https:\/\/schema.org","@graph":[{"@type":"WebPage","@id":"https:\/\/librairie7l.com\/en\/produit\/rene-gabriel\/","url":"https:\/\/librairie7l.com\/en\/produit\/rene-gabriel\/","name":"REN\u00c9 GABRIEL - Librairie 7L","isPartOf":{"@id":"https:\/\/librairie7l.com\/en\/#website"},"datePublished":"2023-05-10T11:28:56+00:00","dateModified":"2026-05-02T00:45:13+00:00","breadcrumb":{"@id":"https:\/\/librairie7l.com\/en\/produit\/rene-gabriel\/#breadcrumb"},"inLanguage":"en-US","potentialAction":[{"@type":"ReadAction","target":["https:\/\/librairie7l.com\/en\/produit\/rene-gabriel\/"]}]},{"@type":"BreadcrumbList","@id":"https:\/\/librairie7l.com\/en\/produit\/rene-gabriel\/#breadcrumb","itemListElement":[{"@type":"ListItem","position":1,"name":"Accueil","item":"https:\/\/librairie7l.com\/en\/"},{"@type":"ListItem","position":2,"name":"Shop","item":"https:\/\/librairie7l.com\/en\/shop\/"},{"@type":"ListItem","position":3,"name":"REN\u00c9 GABRIEL"}]},{"@type":"WebSite","@id":"https:\/\/librairie7l.com\/en\/#website","url":"https:\/\/librairie7l.com\/en\/","name":"Librairie 7L","description":"Librairie fond\u00e9e en 1999 par Karl Lagerfeld \u00e0 Paris","publisher":{"@id":"https:\/\/librairie7l.com\/en\/#organization"},"potentialAction":[{"@type":"SearchAction","target":{"@type":"EntryPoint","urlTemplate":"https:\/\/librairie7l.com\/en\/?s={search_term_string}"},"query-input":"required name=search_term_string"}],"inLanguage":"en-US"},{"@type":"Organization","@id":"https:\/\/librairie7l.com\/en\/#organization","name":"Librairie 7L","url":"https:\/\/librairie7l.com\/en\/","logo":{"@type":"ImageObject","inLanguage":"en-US","@id":"https:\/\/librairie7l.com\/en\/#\/schema\/logo\/image\/","url":"https:\/\/librairie7l.com\/wp-content\/uploads\/2022\/08\/logo-1.png","contentUrl":"https:\/\/librairie7l.com\/wp-content\/uploads\/2022\/08\/logo-1.png","width":227,"height":301,"caption":"Librairie 7L"},"image":{"@id":"https:\/\/librairie7l.com\/en\/#\/schema\/logo\/image\/"}}]}},"_links":{"self":[{"href":"https:\/\/librairie7l.com\/en\/wp-json\/wp\/v2\/product\/28283"}],"collection":[{"href":"https:\/\/librairie7l.com\/en\/wp-json\/wp\/v2\/product"}],"about":[{"href":"https:\/\/librairie7l.com\/en\/wp-json\/wp\/v2\/types\/product"}],"wp:featuredmedia":[{"embeddable":true,"href":"https:\/\/librairie7l.com\/en\/wp-json\/wp\/v2\/media\/28281"}],"wp:attachment":[{"href":"https:\/\/librairie7l.com\/en\/wp-json\/wp\/v2\/media?parent=28283"}],"wp:term":[{"taxonomy":"product_cat","embeddable":true,"href":"https:\/\/librairie7l.com\/en\/wp-json\/wp\/v2\/product_cat?post=28283"},{"taxonomy":"product_tag","embeddable":true,"href":"https:\/\/librairie7l.com\/en\/wp-json\/wp\/v2\/product_tag?post=28283"}],"curies":[{"name":"wp","href":"https:\/\/api.w.org\/{rel}","templated":true}]}}