{"id":28303,"date":"2023-05-10T13:29:42","date_gmt":"2023-05-10T11:29:42","guid":{"rendered":"https:\/\/librairie7l.com\/?post_type=product&#038;p=28303"},"modified":"2026-04-10T12:35:27","modified_gmt":"2026-04-10T10:35:27","slug":"christian-berard-clochard-magnifique","status":"publish","type":"product","link":"https:\/\/librairie7l.com\/en\/produit\/christian-berard-clochard-magnifique\/","title":{"rendered":"CHRISTIAN B\u00c9RARD, CLOCHARD MAGNIFIQUE"},"content":{"rendered":"<p>Christian \u00ab B\u00e9b\u00e9 \u00bb B\u00e9rard fut un artiste \u00e9clectique : peintre, dessinateur de mode, d\u00e9corateur et costumier de th\u00e9\u00e2tre, ce personnage fantasque mena une vie mondaine mouvement\u00e9e. Il exposa pour Christian Dior, travailla au service de metteurs en sc\u00e8ne de premier plan comme Jean Cocteau et Louis Jouvet, conseilla les grands noms de la haute couture, d&#8217;Elsa Schiaparelli \u00e0 Robert Piguet&#8230; Artiste boh\u00e8me tr\u00e8s en vue, Christian B\u00e9rard promena sa corpulence dans le Tout-Paris des ann\u00e9es 1930 et 1940 accompagn\u00e9 de son amant Boris Kochno, c\u00e9l\u00e8bre librettiste.<br \/>\nJean Pierre Pastori, en biographe aguerri et sp\u00e9cialiste du monde des arts, fait revivre sous sa plume les ann\u00e9es fastes de la mode et du spectacle \u00e0 Paris, jusqu&#8217;\u00e0 ce 12 f\u00e9vrier 1949 o\u00f9 \u00ab B\u00e9b\u00e9 \u00bb B\u00e9rard s&#8217;effondra au th\u00e9\u00e2tre Marigny.<\/p>\n","protected":false},"excerpt":{"rendered":"<p>Christian \u00ab B\u00e9b\u00e9 \u00bb B\u00e9rard fut un artiste \u00e9clectique : peintre, dessinateur de mode, d\u00e9corateur et costumier de th\u00e9\u00e2tre, ce personnage fantasque mena une vie mondaine mouvement\u00e9e. Il exposa pour Christian Dior, travailla au service de metteurs en sc\u00e8ne de premier plan comme Jean Cocteau et Louis Jouvet, conseilla les grands noms de la haute [&hellip;]<\/p>\n","protected":false},"featured_media":28301,"template":"","meta":[],"product_cat":[55,2948,47,2953],"product_tag":[],"acf":[],"yoast_head":"<!-- This site is optimized with the Yoast SEO plugin v20.11 - https:\/\/yoast.com\/wordpress\/plugins\/seo\/ -->\n<title>CHRISTIAN B\u00c9RARD, CLOCHARD MAGNIFIQUE - Librairie 7L<\/title>\n<meta name=\"robots\" content=\"index, follow, max-snippet:-1, max-image-preview:large, max-video-preview:-1\" \/>\n<link rel=\"canonical\" href=\"https:\/\/librairie7l.com\/en\/produit\/christian-berard-clochard-magnifique\/\" \/>\n<meta property=\"og:locale\" content=\"en_US\" \/>\n<meta property=\"og:type\" content=\"article\" \/>\n<meta property=\"og:title\" content=\"CHRISTIAN B\u00c9RARD, CLOCHARD MAGNIFIQUE - Librairie 7L\" \/>\n<meta property=\"og:description\" content=\"Christian \u00ab B\u00e9b\u00e9 \u00bb B\u00e9rard fut un artiste \u00e9clectique : peintre, dessinateur de mode, d\u00e9corateur et costumier de th\u00e9\u00e2tre, ce personnage fantasque mena une vie mondaine mouvement\u00e9e. Il exposa pour Christian Dior, travailla au service de metteurs en sc\u00e8ne de premier plan comme Jean Cocteau et Louis Jouvet, conseilla les grands noms de la haute [&hellip;]\" \/>\n<meta property=\"og:url\" content=\"https:\/\/librairie7l.com\/en\/produit\/christian-berard-clochard-magnifique\/\" \/>\n<meta property=\"og:site_name\" content=\"Librairie 7L\" \/>\n<meta property=\"article:modified_time\" content=\"2026-04-10T10:35:27+00:00\" \/>\n<meta property=\"og:image\" content=\"https:\/\/librairie7l.com\/wp-content\/uploads\/2018\/01\/9782840497585_1_75.jpg\" \/>\n\t<meta property=\"og:image:width\" content=\"600\" \/>\n\t<meta property=\"og:image:height\" content=\"824\" \/>\n\t<meta property=\"og:image:type\" content=\"image\/jpeg\" \/>\n<meta name=\"twitter:card\" content=\"summary_large_image\" \/>\n<meta name=\"twitter:label1\" content=\"Est. reading time\" \/>\n\t<meta name=\"twitter:data1\" content=\"1 minute\" \/>\n<script type=\"application\/ld+json\" class=\"yoast-schema-graph\">{\"@context\":\"https:\/\/schema.org\",\"@graph\":[{\"@type\":\"WebPage\",\"@id\":\"https:\/\/librairie7l.com\/en\/produit\/christian-berard-clochard-magnifique\/\",\"url\":\"https:\/\/librairie7l.com\/en\/produit\/christian-berard-clochard-magnifique\/\",\"name\":\"CHRISTIAN B\u00c9RARD, CLOCHARD MAGNIFIQUE - Librairie 7L\",\"isPartOf\":{\"@id\":\"https:\/\/librairie7l.com\/en\/#website\"},\"datePublished\":\"2023-05-10T11:29:42+00:00\",\"dateModified\":\"2026-04-10T10:35:27+00:00\",\"breadcrumb\":{\"@id\":\"https:\/\/librairie7l.com\/en\/produit\/christian-berard-clochard-magnifique\/#breadcrumb\"},\"inLanguage\":\"en-US\",\"potentialAction\":[{\"@type\":\"ReadAction\",\"target\":[\"https:\/\/librairie7l.com\/en\/produit\/christian-berard-clochard-magnifique\/\"]}]},{\"@type\":\"BreadcrumbList\",\"@id\":\"https:\/\/librairie7l.com\/en\/produit\/christian-berard-clochard-magnifique\/#breadcrumb\",\"itemListElement\":[{\"@type\":\"ListItem\",\"position\":1,\"name\":\"Accueil\",\"item\":\"https:\/\/librairie7l.com\/en\/\"},{\"@type\":\"ListItem\",\"position\":2,\"name\":\"Shop\",\"item\":\"https:\/\/librairie7l.com\/en\/shop\/\"},{\"@type\":\"ListItem\",\"position\":3,\"name\":\"CHRISTIAN B\u00c9RARD, CLOCHARD MAGNIFIQUE\"}]},{\"@type\":\"WebSite\",\"@id\":\"https:\/\/librairie7l.com\/en\/#website\",\"url\":\"https:\/\/librairie7l.com\/en\/\",\"name\":\"Librairie 7L\",\"description\":\"Librairie fond\u00e9e en 1999 par Karl Lagerfeld \u00e0 Paris\",\"publisher\":{\"@id\":\"https:\/\/librairie7l.com\/en\/#organization\"},\"potentialAction\":[{\"@type\":\"SearchAction\",\"target\":{\"@type\":\"EntryPoint\",\"urlTemplate\":\"https:\/\/librairie7l.com\/en\/?s={search_term_string}\"},\"query-input\":\"required name=search_term_string\"}],\"inLanguage\":\"en-US\"},{\"@type\":\"Organization\",\"@id\":\"https:\/\/librairie7l.com\/en\/#organization\",\"name\":\"Librairie 7L\",\"url\":\"https:\/\/librairie7l.com\/en\/\",\"logo\":{\"@type\":\"ImageObject\",\"inLanguage\":\"en-US\",\"@id\":\"https:\/\/librairie7l.com\/en\/#\/schema\/logo\/image\/\",\"url\":\"https:\/\/librairie7l.com\/wp-content\/uploads\/2022\/08\/logo-1.png\",\"contentUrl\":\"https:\/\/librairie7l.com\/wp-content\/uploads\/2022\/08\/logo-1.png\",\"width\":227,\"height\":301,\"caption\":\"Librairie 7L\"},\"image\":{\"@id\":\"https:\/\/librairie7l.com\/en\/#\/schema\/logo\/image\/\"}}]}<\/script>\n<!-- \/ Yoast SEO plugin. -->","yoast_head_json":{"title":"CHRISTIAN B\u00c9RARD, CLOCHARD MAGNIFIQUE - Librairie 7L","robots":{"index":"index","follow":"follow","max-snippet":"max-snippet:-1","max-image-preview":"max-image-preview:large","max-video-preview":"max-video-preview:-1"},"canonical":"https:\/\/librairie7l.com\/en\/produit\/christian-berard-clochard-magnifique\/","og_locale":"en_US","og_type":"article","og_title":"CHRISTIAN B\u00c9RARD, CLOCHARD MAGNIFIQUE - Librairie 7L","og_description":"Christian \u00ab B\u00e9b\u00e9 \u00bb B\u00e9rard fut un artiste \u00e9clectique : peintre, dessinateur de mode, d\u00e9corateur et costumier de th\u00e9\u00e2tre, ce personnage fantasque mena une vie mondaine mouvement\u00e9e. Il exposa pour Christian Dior, travailla au service de metteurs en sc\u00e8ne de premier plan comme Jean Cocteau et Louis Jouvet, conseilla les grands noms de la haute [&hellip;]","og_url":"https:\/\/librairie7l.com\/en\/produit\/christian-berard-clochard-magnifique\/","og_site_name":"Librairie 7L","article_modified_time":"2026-04-10T10:35:27+00:00","og_image":[{"width":600,"height":824,"url":"https:\/\/librairie7l.com\/wp-content\/uploads\/2018\/01\/9782840497585_1_75.jpg","type":"image\/jpeg"}],"twitter_card":"summary_large_image","twitter_misc":{"Est. reading time":"1 minute"},"schema":{"@context":"https:\/\/schema.org","@graph":[{"@type":"WebPage","@id":"https:\/\/librairie7l.com\/en\/produit\/christian-berard-clochard-magnifique\/","url":"https:\/\/librairie7l.com\/en\/produit\/christian-berard-clochard-magnifique\/","name":"CHRISTIAN B\u00c9RARD, CLOCHARD MAGNIFIQUE - Librairie 7L","isPartOf":{"@id":"https:\/\/librairie7l.com\/en\/#website"},"datePublished":"2023-05-10T11:29:42+00:00","dateModified":"2026-04-10T10:35:27+00:00","breadcrumb":{"@id":"https:\/\/librairie7l.com\/en\/produit\/christian-berard-clochard-magnifique\/#breadcrumb"},"inLanguage":"en-US","potentialAction":[{"@type":"ReadAction","target":["https:\/\/librairie7l.com\/en\/produit\/christian-berard-clochard-magnifique\/"]}]},{"@type":"BreadcrumbList","@id":"https:\/\/librairie7l.com\/en\/produit\/christian-berard-clochard-magnifique\/#breadcrumb","itemListElement":[{"@type":"ListItem","position":1,"name":"Accueil","item":"https:\/\/librairie7l.com\/en\/"},{"@type":"ListItem","position":2,"name":"Shop","item":"https:\/\/librairie7l.com\/en\/shop\/"},{"@type":"ListItem","position":3,"name":"CHRISTIAN B\u00c9RARD, CLOCHARD MAGNIFIQUE"}]},{"@type":"WebSite","@id":"https:\/\/librairie7l.com\/en\/#website","url":"https:\/\/librairie7l.com\/en\/","name":"Librairie 7L","description":"Librairie fond\u00e9e en 1999 par Karl Lagerfeld \u00e0 Paris","publisher":{"@id":"https:\/\/librairie7l.com\/en\/#organization"},"potentialAction":[{"@type":"SearchAction","target":{"@type":"EntryPoint","urlTemplate":"https:\/\/librairie7l.com\/en\/?s={search_term_string}"},"query-input":"required name=search_term_string"}],"inLanguage":"en-US"},{"@type":"Organization","@id":"https:\/\/librairie7l.com\/en\/#organization","name":"Librairie 7L","url":"https:\/\/librairie7l.com\/en\/","logo":{"@type":"ImageObject","inLanguage":"en-US","@id":"https:\/\/librairie7l.com\/en\/#\/schema\/logo\/image\/","url":"https:\/\/librairie7l.com\/wp-content\/uploads\/2022\/08\/logo-1.png","contentUrl":"https:\/\/librairie7l.com\/wp-content\/uploads\/2022\/08\/logo-1.png","width":227,"height":301,"caption":"Librairie 7L"},"image":{"@id":"https:\/\/librairie7l.com\/en\/#\/schema\/logo\/image\/"}}]}},"_links":{"self":[{"href":"https:\/\/librairie7l.com\/en\/wp-json\/wp\/v2\/product\/28303"}],"collection":[{"href":"https:\/\/librairie7l.com\/en\/wp-json\/wp\/v2\/product"}],"about":[{"href":"https:\/\/librairie7l.com\/en\/wp-json\/wp\/v2\/types\/product"}],"wp:featuredmedia":[{"embeddable":true,"href":"https:\/\/librairie7l.com\/en\/wp-json\/wp\/v2\/media\/28301"}],"wp:attachment":[{"href":"https:\/\/librairie7l.com\/en\/wp-json\/wp\/v2\/media?parent=28303"}],"wp:term":[{"taxonomy":"product_cat","embeddable":true,"href":"https:\/\/librairie7l.com\/en\/wp-json\/wp\/v2\/product_cat?post=28303"},{"taxonomy":"product_tag","embeddable":true,"href":"https:\/\/librairie7l.com\/en\/wp-json\/wp\/v2\/product_tag?post=28303"}],"curies":[{"name":"wp","href":"https:\/\/api.w.org\/{rel}","templated":true}]}}