{"id":28315,"date":"2023-05-10T13:30:10","date_gmt":"2023-05-10T11:30:10","guid":{"rendered":"https:\/\/librairie7l.com\/?post_type=product&#038;p=28315"},"modified":"2026-05-05T10:06:43","modified_gmt":"2026-05-05T08:06:43","slug":"stephan-crasneanscki-what-we-leave-behind-from-jean-luc-godards-archive","status":"publish","type":"product","link":"https:\/\/librairie7l.com\/en\/produit\/stephan-crasneanscki-what-we-leave-behind-from-jean-luc-godards-archive\/","title":{"rendered":"STEPHAN CRASNEANSCKI WHAT WE LEAVE BEHIND &#8211; FROM JEAN-LUC GODARD&#8217;S ARCHIVE"},"content":{"rendered":"<p>Cet important volume pr\u00e9sente le travail de recensement qu&#8217;a effectu\u00e9 le journaliste et cin\u00e9aste Stephan Crasneanscki dans les archives de Jean-Luc Godard au bord du Lac L\u00e9man. Les centaines de photographies sont autant de r\u00e9f\u00e9rences que le c\u00e9l\u00e8bre cin\u00e9aste a conserv\u00e9, et parfois utilis\u00e9 dans ses films. Le livre sera pr\u00e9sent\u00e9 emball\u00e9 dans un papier Kraft, \u00e0 la mani\u00e8re d&#8217;archives tout juste retrouv\u00e9es.<\/p>\n","protected":false},"excerpt":{"rendered":"<p>Cet important volume pr\u00e9sente le travail de recensement qu&#8217;a effectu\u00e9 le journaliste et cin\u00e9aste Stephan Crasneanscki dans les archives de Jean-Luc Godard au bord du Lac L\u00e9man. Les centaines de photographies sont autant de r\u00e9f\u00e9rences que le c\u00e9l\u00e8bre cin\u00e9aste a conserv\u00e9, et parfois utilis\u00e9 dans ses films. Le livre sera pr\u00e9sent\u00e9 emball\u00e9 dans un papier [&hellip;]<\/p>\n","protected":false},"featured_media":28313,"template":"","meta":[],"product_cat":[55,2948,2958,17],"product_tag":[],"acf":[],"yoast_head":"<!-- This site is optimized with the Yoast SEO plugin v20.11 - https:\/\/yoast.com\/wordpress\/plugins\/seo\/ -->\n<title>STEPHAN CRASNEANSCKI WHAT WE LEAVE BEHIND - FROM JEAN-LUC GODARD&#039;S ARCHIVE - Librairie 7L<\/title>\n<meta name=\"robots\" content=\"index, follow, max-snippet:-1, max-image-preview:large, max-video-preview:-1\" \/>\n<link rel=\"canonical\" href=\"https:\/\/librairie7l.com\/en\/produit\/stephan-crasneanscki-what-we-leave-behind-from-jean-luc-godards-archive\/\" \/>\n<meta property=\"og:locale\" content=\"en_US\" \/>\n<meta property=\"og:type\" content=\"article\" \/>\n<meta property=\"og:title\" content=\"STEPHAN CRASNEANSCKI WHAT WE LEAVE BEHIND - FROM JEAN-LUC GODARD&#039;S ARCHIVE - Librairie 7L\" \/>\n<meta property=\"og:description\" content=\"Cet important volume pr\u00e9sente le travail de recensement qu&#8217;a effectu\u00e9 le journaliste et cin\u00e9aste Stephan Crasneanscki dans les archives de Jean-Luc Godard au bord du Lac L\u00e9man. Les centaines de photographies sont autant de r\u00e9f\u00e9rences que le c\u00e9l\u00e8bre cin\u00e9aste a conserv\u00e9, et parfois utilis\u00e9 dans ses films. Le livre sera pr\u00e9sent\u00e9 emball\u00e9 dans un papier [&hellip;]\" \/>\n<meta property=\"og:url\" content=\"https:\/\/librairie7l.com\/en\/produit\/stephan-crasneanscki-what-we-leave-behind-from-jean-luc-godards-archive\/\" \/>\n<meta property=\"og:site_name\" content=\"Librairie 7L\" \/>\n<meta property=\"article:modified_time\" content=\"2026-05-05T08:06:43+00:00\" \/>\n<meta property=\"og:image\" content=\"https:\/\/librairie7l.com\/wp-content\/uploads\/2021\/04\/9789188113450_1_75.jpg\" \/>\n\t<meta property=\"og:image:width\" content=\"385\" \/>\n\t<meta property=\"og:image:height\" content=\"500\" \/>\n\t<meta property=\"og:image:type\" content=\"image\/jpeg\" \/>\n<meta name=\"twitter:card\" content=\"summary_large_image\" \/>\n<script type=\"application\/ld+json\" class=\"yoast-schema-graph\">{\"@context\":\"https:\/\/schema.org\",\"@graph\":[{\"@type\":\"WebPage\",\"@id\":\"https:\/\/librairie7l.com\/en\/produit\/stephan-crasneanscki-what-we-leave-behind-from-jean-luc-godards-archive\/\",\"url\":\"https:\/\/librairie7l.com\/en\/produit\/stephan-crasneanscki-what-we-leave-behind-from-jean-luc-godards-archive\/\",\"name\":\"STEPHAN CRASNEANSCKI WHAT WE LEAVE BEHIND - FROM JEAN-LUC GODARD'S ARCHIVE - Librairie 7L\",\"isPartOf\":{\"@id\":\"https:\/\/librairie7l.com\/en\/#website\"},\"datePublished\":\"2023-05-10T11:30:10+00:00\",\"dateModified\":\"2026-05-05T08:06:43+00:00\",\"breadcrumb\":{\"@id\":\"https:\/\/librairie7l.com\/en\/produit\/stephan-crasneanscki-what-we-leave-behind-from-jean-luc-godards-archive\/#breadcrumb\"},\"inLanguage\":\"en-US\",\"potentialAction\":[{\"@type\":\"ReadAction\",\"target\":[\"https:\/\/librairie7l.com\/en\/produit\/stephan-crasneanscki-what-we-leave-behind-from-jean-luc-godards-archive\/\"]}]},{\"@type\":\"BreadcrumbList\",\"@id\":\"https:\/\/librairie7l.com\/en\/produit\/stephan-crasneanscki-what-we-leave-behind-from-jean-luc-godards-archive\/#breadcrumb\",\"itemListElement\":[{\"@type\":\"ListItem\",\"position\":1,\"name\":\"Accueil\",\"item\":\"https:\/\/librairie7l.com\/en\/\"},{\"@type\":\"ListItem\",\"position\":2,\"name\":\"Shop\",\"item\":\"https:\/\/librairie7l.com\/en\/shop\/\"},{\"@type\":\"ListItem\",\"position\":3,\"name\":\"STEPHAN CRASNEANSCKI WHAT WE LEAVE BEHIND &#8211; FROM JEAN-LUC GODARD&#8217;S ARCHIVE\"}]},{\"@type\":\"WebSite\",\"@id\":\"https:\/\/librairie7l.com\/en\/#website\",\"url\":\"https:\/\/librairie7l.com\/en\/\",\"name\":\"Librairie 7L\",\"description\":\"Librairie fond\u00e9e en 1999 par Karl Lagerfeld \u00e0 Paris\",\"publisher\":{\"@id\":\"https:\/\/librairie7l.com\/en\/#organization\"},\"potentialAction\":[{\"@type\":\"SearchAction\",\"target\":{\"@type\":\"EntryPoint\",\"urlTemplate\":\"https:\/\/librairie7l.com\/en\/?s={search_term_string}\"},\"query-input\":\"required name=search_term_string\"}],\"inLanguage\":\"en-US\"},{\"@type\":\"Organization\",\"@id\":\"https:\/\/librairie7l.com\/en\/#organization\",\"name\":\"Librairie 7L\",\"url\":\"https:\/\/librairie7l.com\/en\/\",\"logo\":{\"@type\":\"ImageObject\",\"inLanguage\":\"en-US\",\"@id\":\"https:\/\/librairie7l.com\/en\/#\/schema\/logo\/image\/\",\"url\":\"https:\/\/librairie7l.com\/wp-content\/uploads\/2022\/08\/logo-1.png\",\"contentUrl\":\"https:\/\/librairie7l.com\/wp-content\/uploads\/2022\/08\/logo-1.png\",\"width\":227,\"height\":301,\"caption\":\"Librairie 7L\"},\"image\":{\"@id\":\"https:\/\/librairie7l.com\/en\/#\/schema\/logo\/image\/\"}}]}<\/script>\n<!-- \/ Yoast SEO plugin. -->","yoast_head_json":{"title":"STEPHAN CRASNEANSCKI WHAT WE LEAVE BEHIND - FROM JEAN-LUC GODARD'S ARCHIVE - Librairie 7L","robots":{"index":"index","follow":"follow","max-snippet":"max-snippet:-1","max-image-preview":"max-image-preview:large","max-video-preview":"max-video-preview:-1"},"canonical":"https:\/\/librairie7l.com\/en\/produit\/stephan-crasneanscki-what-we-leave-behind-from-jean-luc-godards-archive\/","og_locale":"en_US","og_type":"article","og_title":"STEPHAN CRASNEANSCKI WHAT WE LEAVE BEHIND - FROM JEAN-LUC GODARD'S ARCHIVE - Librairie 7L","og_description":"Cet important volume pr\u00e9sente le travail de recensement qu&#8217;a effectu\u00e9 le journaliste et cin\u00e9aste Stephan Crasneanscki dans les archives de Jean-Luc Godard au bord du Lac L\u00e9man. Les centaines de photographies sont autant de r\u00e9f\u00e9rences que le c\u00e9l\u00e8bre cin\u00e9aste a conserv\u00e9, et parfois utilis\u00e9 dans ses films. Le livre sera pr\u00e9sent\u00e9 emball\u00e9 dans un papier [&hellip;]","og_url":"https:\/\/librairie7l.com\/en\/produit\/stephan-crasneanscki-what-we-leave-behind-from-jean-luc-godards-archive\/","og_site_name":"Librairie 7L","article_modified_time":"2026-05-05T08:06:43+00:00","og_image":[{"width":385,"height":500,"url":"https:\/\/librairie7l.com\/wp-content\/uploads\/2021\/04\/9789188113450_1_75.jpg","type":"image\/jpeg"}],"twitter_card":"summary_large_image","schema":{"@context":"https:\/\/schema.org","@graph":[{"@type":"WebPage","@id":"https:\/\/librairie7l.com\/en\/produit\/stephan-crasneanscki-what-we-leave-behind-from-jean-luc-godards-archive\/","url":"https:\/\/librairie7l.com\/en\/produit\/stephan-crasneanscki-what-we-leave-behind-from-jean-luc-godards-archive\/","name":"STEPHAN CRASNEANSCKI WHAT WE LEAVE BEHIND - FROM JEAN-LUC GODARD'S ARCHIVE - Librairie 7L","isPartOf":{"@id":"https:\/\/librairie7l.com\/en\/#website"},"datePublished":"2023-05-10T11:30:10+00:00","dateModified":"2026-05-05T08:06:43+00:00","breadcrumb":{"@id":"https:\/\/librairie7l.com\/en\/produit\/stephan-crasneanscki-what-we-leave-behind-from-jean-luc-godards-archive\/#breadcrumb"},"inLanguage":"en-US","potentialAction":[{"@type":"ReadAction","target":["https:\/\/librairie7l.com\/en\/produit\/stephan-crasneanscki-what-we-leave-behind-from-jean-luc-godards-archive\/"]}]},{"@type":"BreadcrumbList","@id":"https:\/\/librairie7l.com\/en\/produit\/stephan-crasneanscki-what-we-leave-behind-from-jean-luc-godards-archive\/#breadcrumb","itemListElement":[{"@type":"ListItem","position":1,"name":"Accueil","item":"https:\/\/librairie7l.com\/en\/"},{"@type":"ListItem","position":2,"name":"Shop","item":"https:\/\/librairie7l.com\/en\/shop\/"},{"@type":"ListItem","position":3,"name":"STEPHAN CRASNEANSCKI WHAT WE LEAVE BEHIND &#8211; FROM JEAN-LUC GODARD&#8217;S ARCHIVE"}]},{"@type":"WebSite","@id":"https:\/\/librairie7l.com\/en\/#website","url":"https:\/\/librairie7l.com\/en\/","name":"Librairie 7L","description":"Librairie fond\u00e9e en 1999 par Karl Lagerfeld \u00e0 Paris","publisher":{"@id":"https:\/\/librairie7l.com\/en\/#organization"},"potentialAction":[{"@type":"SearchAction","target":{"@type":"EntryPoint","urlTemplate":"https:\/\/librairie7l.com\/en\/?s={search_term_string}"},"query-input":"required name=search_term_string"}],"inLanguage":"en-US"},{"@type":"Organization","@id":"https:\/\/librairie7l.com\/en\/#organization","name":"Librairie 7L","url":"https:\/\/librairie7l.com\/en\/","logo":{"@type":"ImageObject","inLanguage":"en-US","@id":"https:\/\/librairie7l.com\/en\/#\/schema\/logo\/image\/","url":"https:\/\/librairie7l.com\/wp-content\/uploads\/2022\/08\/logo-1.png","contentUrl":"https:\/\/librairie7l.com\/wp-content\/uploads\/2022\/08\/logo-1.png","width":227,"height":301,"caption":"Librairie 7L"},"image":{"@id":"https:\/\/librairie7l.com\/en\/#\/schema\/logo\/image\/"}}]}},"_links":{"self":[{"href":"https:\/\/librairie7l.com\/en\/wp-json\/wp\/v2\/product\/28315"}],"collection":[{"href":"https:\/\/librairie7l.com\/en\/wp-json\/wp\/v2\/product"}],"about":[{"href":"https:\/\/librairie7l.com\/en\/wp-json\/wp\/v2\/types\/product"}],"wp:featuredmedia":[{"embeddable":true,"href":"https:\/\/librairie7l.com\/en\/wp-json\/wp\/v2\/media\/28313"}],"wp:attachment":[{"href":"https:\/\/librairie7l.com\/en\/wp-json\/wp\/v2\/media?parent=28315"}],"wp:term":[{"taxonomy":"product_cat","embeddable":true,"href":"https:\/\/librairie7l.com\/en\/wp-json\/wp\/v2\/product_cat?post=28315"},{"taxonomy":"product_tag","embeddable":true,"href":"https:\/\/librairie7l.com\/en\/wp-json\/wp\/v2\/product_tag?post=28315"}],"curies":[{"name":"wp","href":"https:\/\/api.w.org\/{rel}","templated":true}]}}