{"id":28339,"date":"2023-05-10T13:30:58","date_gmt":"2023-05-10T11:30:58","guid":{"rendered":"https:\/\/librairie7l.com\/?post_type=product&#038;p=28339"},"modified":"2026-04-16T04:01:53","modified_gmt":"2026-04-16T02:01:53","slug":"les-serres-le-genie-architectural-au-service-des-plantes","status":"publish","type":"product","link":"https:\/\/librairie7l.com\/en\/produit\/les-serres-le-genie-architectural-au-service-des-plantes\/","title":{"rendered":"LES SERRES ; LE G\u00c9NIE ARCHITECTURAL AU SERVICE DES PLANTES"},"content":{"rendered":"<p>Les serres fascinent et questionnent. En tant qu&#8217;outils de production, elles font intrins\u00e8quement partie de nos paysages agricoles au point d&#8217;\u00eatre devenues si communes que nous ne les voyons plus. En ville en revanche, en tant que lieu de science, de pr\u00e9servation et de conservation, les serres botaniques continuent de t\u00e9moigner d&#8217;une histoire scientifique, culturelle et architecturale incroyable. \u00c0 ce titre, elles font partie des lieux les plus visit\u00e9s de nos capitales europ\u00e9ennes. Pour autant, l&#8217;histoire de ces serres ne nous est pas famili\u00e8re.<\/p>\n<p>Pour la premi\u00e8re fois, un ouvrage d&#8217;art se propose de rassembler parmi les vingt-cinq serres les plus prestigieuses d&#8217;Europe, pr\u00e9sentant chacune d&#8217;elles dans toute sa beaut\u00e9 et son originalit\u00e9 architecturale. Adrien Buchet, photographe d&#8217;architecture, nous emm\u00e8ne ainsi \u00e0 la d\u00e9couverte d&#8217;un univers f\u00e9erique, au service des plantes et des hommes. Reflet de quatre si\u00e8cles de d\u00e9couvertes botaniques, agroalimentaires et scientifiques mais aussi d&#8217;innovations architecturales majeures, ce parcours en images est accompagn\u00e9 de quatre textes d&#8217;\u00e9minents sp\u00e9cialistes, explicitant le r\u00f4le des serres \u00e0 travers notre histoire. Yves-Marie Alain, ing\u00e9nieur horticole et ancien directeur du Jardin des plantes de Paris retrace un historique in\u00e9dit des serres europ\u00e9ennes, depuis leur apparition, au XVIe si\u00e8cle jusqu&#8217;\u00e0 nos jours. Lucile Allorge, botaniste de renom, met quant \u00e0 elle l&#8217;accent sur le lien intrins\u00e8que entre plantes, botanique, innovations scientifiques et cr\u00e9ation des serres. Yves Delange, Ma\u00eetre de Conf\u00e9rences honoraire au Mus\u00e9um national d&#8217;histoire naturelle et ancien conservateur des Serres abritant les collections tropicales de cet \u00e9tablissement, explique la n\u00e9cessaire diversit\u00e9 des types de serre et souligne l&#8217;importance d&#8217;une \u00e9troite collaboration entre architectes concepteurs de serres, scientifiques et praticiens utilisateurs. Enfin, Fran\u00e7oise H\u00e9l\u00e8ne Jourda, architecte, nous fait d\u00e9couvrir les rouages de la serre contemporaine en tant que ressource indispensable pour penser la ville de demain.<br \/>\nCe livre de r\u00e9f\u00e9rence d\u00e9montre ainsi le r\u00f4le essentiel qu&#8217;ont jou\u00e9 et que jouent les serres aujourd&#8217;hui dans notre relation aux plantes, au savoir et \u00e0 la biodiversit\u00e9.<\/p>\n","protected":false},"excerpt":{"rendered":"<p>Les serres fascinent et questionnent. En tant qu&#8217;outils de production, elles font intrins\u00e8quement partie de nos paysages agricoles au point d&#8217;\u00eatre devenues si communes que nous ne les voyons plus. En ville en revanche, en tant que lieu de science, de pr\u00e9servation et de conservation, les serres botaniques continuent de t\u00e9moigner d&#8217;une histoire scientifique, culturelle [&hellip;]<\/p>\n","protected":false},"featured_media":28337,"template":"","meta":[],"product_cat":[2948,2956],"product_tag":[],"acf":[],"yoast_head":"<!-- This site is optimized with the Yoast SEO plugin v20.11 - https:\/\/yoast.com\/wordpress\/plugins\/seo\/ -->\n<title>LES SERRES ; LE G\u00c9NIE ARCHITECTURAL AU SERVICE DES PLANTES - Librairie 7L<\/title>\n<meta name=\"robots\" content=\"index, follow, max-snippet:-1, max-image-preview:large, max-video-preview:-1\" \/>\n<link rel=\"canonical\" href=\"https:\/\/librairie7l.com\/en\/produit\/les-serres-le-genie-architectural-au-service-des-plantes\/\" \/>\n<meta property=\"og:locale\" content=\"en_US\" \/>\n<meta property=\"og:type\" content=\"article\" \/>\n<meta property=\"og:title\" content=\"LES SERRES ; LE G\u00c9NIE ARCHITECTURAL AU SERVICE DES PLANTES - Librairie 7L\" \/>\n<meta property=\"og:description\" content=\"Les serres fascinent et questionnent. En tant qu&#8217;outils de production, elles font intrins\u00e8quement partie de nos paysages agricoles au point d&#8217;\u00eatre devenues si communes que nous ne les voyons plus. En ville en revanche, en tant que lieu de science, de pr\u00e9servation et de conservation, les serres botaniques continuent de t\u00e9moigner d&#8217;une histoire scientifique, culturelle [&hellip;]\" \/>\n<meta property=\"og:url\" content=\"https:\/\/librairie7l.com\/en\/produit\/les-serres-le-genie-architectural-au-service-des-plantes\/\" \/>\n<meta property=\"og:site_name\" content=\"Librairie 7L\" \/>\n<meta property=\"article:modified_time\" content=\"2026-04-16T02:01:53+00:00\" \/>\n<meta property=\"og:image\" content=\"https:\/\/librairie7l.com\/wp-content\/uploads\/2012\/11\/9782330017729_1_75.jpg\" \/>\n\t<meta property=\"og:image:width\" content=\"600\" \/>\n\t<meta property=\"og:image:height\" content=\"758\" \/>\n\t<meta property=\"og:image:type\" content=\"image\/jpeg\" \/>\n<meta name=\"twitter:card\" content=\"summary_large_image\" \/>\n<meta name=\"twitter:label1\" content=\"Est. reading time\" \/>\n\t<meta name=\"twitter:data1\" content=\"2 minutes\" \/>\n<script type=\"application\/ld+json\" class=\"yoast-schema-graph\">{\"@context\":\"https:\/\/schema.org\",\"@graph\":[{\"@type\":\"WebPage\",\"@id\":\"https:\/\/librairie7l.com\/en\/produit\/les-serres-le-genie-architectural-au-service-des-plantes\/\",\"url\":\"https:\/\/librairie7l.com\/en\/produit\/les-serres-le-genie-architectural-au-service-des-plantes\/\",\"name\":\"LES SERRES ; LE G\u00c9NIE ARCHITECTURAL AU SERVICE DES PLANTES - Librairie 7L\",\"isPartOf\":{\"@id\":\"https:\/\/librairie7l.com\/en\/#website\"},\"datePublished\":\"2023-05-10T11:30:58+00:00\",\"dateModified\":\"2026-04-16T02:01:53+00:00\",\"breadcrumb\":{\"@id\":\"https:\/\/librairie7l.com\/en\/produit\/les-serres-le-genie-architectural-au-service-des-plantes\/#breadcrumb\"},\"inLanguage\":\"en-US\",\"potentialAction\":[{\"@type\":\"ReadAction\",\"target\":[\"https:\/\/librairie7l.com\/en\/produit\/les-serres-le-genie-architectural-au-service-des-plantes\/\"]}]},{\"@type\":\"BreadcrumbList\",\"@id\":\"https:\/\/librairie7l.com\/en\/produit\/les-serres-le-genie-architectural-au-service-des-plantes\/#breadcrumb\",\"itemListElement\":[{\"@type\":\"ListItem\",\"position\":1,\"name\":\"Accueil\",\"item\":\"https:\/\/librairie7l.com\/en\/\"},{\"@type\":\"ListItem\",\"position\":2,\"name\":\"Shop\",\"item\":\"https:\/\/librairie7l.com\/en\/shop\/\"},{\"@type\":\"ListItem\",\"position\":3,\"name\":\"LES SERRES ; LE G\u00c9NIE ARCHITECTURAL AU SERVICE DES PLANTES\"}]},{\"@type\":\"WebSite\",\"@id\":\"https:\/\/librairie7l.com\/en\/#website\",\"url\":\"https:\/\/librairie7l.com\/en\/\",\"name\":\"Librairie 7L\",\"description\":\"Librairie fond\u00e9e en 1999 par Karl Lagerfeld \u00e0 Paris\",\"publisher\":{\"@id\":\"https:\/\/librairie7l.com\/en\/#organization\"},\"potentialAction\":[{\"@type\":\"SearchAction\",\"target\":{\"@type\":\"EntryPoint\",\"urlTemplate\":\"https:\/\/librairie7l.com\/en\/?s={search_term_string}\"},\"query-input\":\"required name=search_term_string\"}],\"inLanguage\":\"en-US\"},{\"@type\":\"Organization\",\"@id\":\"https:\/\/librairie7l.com\/en\/#organization\",\"name\":\"Librairie 7L\",\"url\":\"https:\/\/librairie7l.com\/en\/\",\"logo\":{\"@type\":\"ImageObject\",\"inLanguage\":\"en-US\",\"@id\":\"https:\/\/librairie7l.com\/en\/#\/schema\/logo\/image\/\",\"url\":\"https:\/\/librairie7l.com\/wp-content\/uploads\/2022\/08\/logo-1.png\",\"contentUrl\":\"https:\/\/librairie7l.com\/wp-content\/uploads\/2022\/08\/logo-1.png\",\"width\":227,\"height\":301,\"caption\":\"Librairie 7L\"},\"image\":{\"@id\":\"https:\/\/librairie7l.com\/en\/#\/schema\/logo\/image\/\"}}]}<\/script>\n<!-- \/ Yoast SEO plugin. -->","yoast_head_json":{"title":"LES SERRES ; LE G\u00c9NIE ARCHITECTURAL AU SERVICE DES PLANTES - Librairie 7L","robots":{"index":"index","follow":"follow","max-snippet":"max-snippet:-1","max-image-preview":"max-image-preview:large","max-video-preview":"max-video-preview:-1"},"canonical":"https:\/\/librairie7l.com\/en\/produit\/les-serres-le-genie-architectural-au-service-des-plantes\/","og_locale":"en_US","og_type":"article","og_title":"LES SERRES ; LE G\u00c9NIE ARCHITECTURAL AU SERVICE DES PLANTES - Librairie 7L","og_description":"Les serres fascinent et questionnent. En tant qu&#8217;outils de production, elles font intrins\u00e8quement partie de nos paysages agricoles au point d&#8217;\u00eatre devenues si communes que nous ne les voyons plus. En ville en revanche, en tant que lieu de science, de pr\u00e9servation et de conservation, les serres botaniques continuent de t\u00e9moigner d&#8217;une histoire scientifique, culturelle [&hellip;]","og_url":"https:\/\/librairie7l.com\/en\/produit\/les-serres-le-genie-architectural-au-service-des-plantes\/","og_site_name":"Librairie 7L","article_modified_time":"2026-04-16T02:01:53+00:00","og_image":[{"width":600,"height":758,"url":"https:\/\/librairie7l.com\/wp-content\/uploads\/2012\/11\/9782330017729_1_75.jpg","type":"image\/jpeg"}],"twitter_card":"summary_large_image","twitter_misc":{"Est. reading time":"2 minutes"},"schema":{"@context":"https:\/\/schema.org","@graph":[{"@type":"WebPage","@id":"https:\/\/librairie7l.com\/en\/produit\/les-serres-le-genie-architectural-au-service-des-plantes\/","url":"https:\/\/librairie7l.com\/en\/produit\/les-serres-le-genie-architectural-au-service-des-plantes\/","name":"LES SERRES ; LE G\u00c9NIE ARCHITECTURAL AU SERVICE DES PLANTES - Librairie 7L","isPartOf":{"@id":"https:\/\/librairie7l.com\/en\/#website"},"datePublished":"2023-05-10T11:30:58+00:00","dateModified":"2026-04-16T02:01:53+00:00","breadcrumb":{"@id":"https:\/\/librairie7l.com\/en\/produit\/les-serres-le-genie-architectural-au-service-des-plantes\/#breadcrumb"},"inLanguage":"en-US","potentialAction":[{"@type":"ReadAction","target":["https:\/\/librairie7l.com\/en\/produit\/les-serres-le-genie-architectural-au-service-des-plantes\/"]}]},{"@type":"BreadcrumbList","@id":"https:\/\/librairie7l.com\/en\/produit\/les-serres-le-genie-architectural-au-service-des-plantes\/#breadcrumb","itemListElement":[{"@type":"ListItem","position":1,"name":"Accueil","item":"https:\/\/librairie7l.com\/en\/"},{"@type":"ListItem","position":2,"name":"Shop","item":"https:\/\/librairie7l.com\/en\/shop\/"},{"@type":"ListItem","position":3,"name":"LES SERRES ; LE G\u00c9NIE ARCHITECTURAL AU SERVICE DES PLANTES"}]},{"@type":"WebSite","@id":"https:\/\/librairie7l.com\/en\/#website","url":"https:\/\/librairie7l.com\/en\/","name":"Librairie 7L","description":"Librairie fond\u00e9e en 1999 par Karl Lagerfeld \u00e0 Paris","publisher":{"@id":"https:\/\/librairie7l.com\/en\/#organization"},"potentialAction":[{"@type":"SearchAction","target":{"@type":"EntryPoint","urlTemplate":"https:\/\/librairie7l.com\/en\/?s={search_term_string}"},"query-input":"required name=search_term_string"}],"inLanguage":"en-US"},{"@type":"Organization","@id":"https:\/\/librairie7l.com\/en\/#organization","name":"Librairie 7L","url":"https:\/\/librairie7l.com\/en\/","logo":{"@type":"ImageObject","inLanguage":"en-US","@id":"https:\/\/librairie7l.com\/en\/#\/schema\/logo\/image\/","url":"https:\/\/librairie7l.com\/wp-content\/uploads\/2022\/08\/logo-1.png","contentUrl":"https:\/\/librairie7l.com\/wp-content\/uploads\/2022\/08\/logo-1.png","width":227,"height":301,"caption":"Librairie 7L"},"image":{"@id":"https:\/\/librairie7l.com\/en\/#\/schema\/logo\/image\/"}}]}},"_links":{"self":[{"href":"https:\/\/librairie7l.com\/en\/wp-json\/wp\/v2\/product\/28339"}],"collection":[{"href":"https:\/\/librairie7l.com\/en\/wp-json\/wp\/v2\/product"}],"about":[{"href":"https:\/\/librairie7l.com\/en\/wp-json\/wp\/v2\/types\/product"}],"wp:featuredmedia":[{"embeddable":true,"href":"https:\/\/librairie7l.com\/en\/wp-json\/wp\/v2\/media\/28337"}],"wp:attachment":[{"href":"https:\/\/librairie7l.com\/en\/wp-json\/wp\/v2\/media?parent=28339"}],"wp:term":[{"taxonomy":"product_cat","embeddable":true,"href":"https:\/\/librairie7l.com\/en\/wp-json\/wp\/v2\/product_cat?post=28339"},{"taxonomy":"product_tag","embeddable":true,"href":"https:\/\/librairie7l.com\/en\/wp-json\/wp\/v2\/product_tag?post=28339"}],"curies":[{"name":"wp","href":"https:\/\/api.w.org\/{rel}","templated":true}]}}