{"id":28347,"date":"2023-05-10T13:31:06","date_gmt":"2023-05-10T11:31:06","guid":{"rendered":"https:\/\/librairie7l.com\/?post_type=product&#038;p=28347"},"modified":"2026-04-21T09:58:47","modified_gmt":"2026-04-21T07:58:47","slug":"japonais-et-japonaises","status":"publish","type":"product","link":"https:\/\/librairie7l.com\/en\/produit\/japonais-et-japonaises\/","title":{"rendered":"JAPONAIS ET JAPONAISES"},"content":{"rendered":"<p>Italien d&#8217;origine, naturalis\u00e9 anglais, Felice Beato (Venise, 1832 &#8211; Florence, 1909) est l&#8217;un des premiers photographes occidentaux \u00e0 avoir travaill\u00e9 au Japon et est consid\u00e9r\u00e9 comme l&#8217;un des pionniers du photoreportage. Il a grandi \u00e0 Corfou, \u00e0 l&#8217;\u00e9poque protectorat de l&#8217;Empire anglais, et commence tr\u00e8s probablement \u00e0 travailler en tant que photographe \u00e0 Malte en 1850.<br \/>\nApr\u00e8s avoir immortalis\u00e9 les routes de Constantinople, Ath\u00e8nes, Malte, du Caire et de la Palestine, il documente, en tant que photographe plus ou moins officiel de l&#8217;arm\u00e9e du Royaume-Uni, la guerre de Crim\u00e9e (1855), la r\u00e9volte de Cipayes en Inde (1857), la guerre de l&#8217;Opium en Chine (1860) et plus tard la guerre du Soudan (1885). La p\u00e9riode japonaise, ici propos\u00e9e, repr\u00e9sente une pause presque contemplative dans son activit\u00e9 de photoreporter &#8221; engag\u00e9 &#8220;.<br \/>\nEntre 1863 et 1877, Felice Beato installe son atelier \u00e0 Yokohama et r\u00e9alise, avec des collaborateurs occidentaux et japonais, une importante s\u00e9rie de portraits ethnographiques. Il en r\u00e9sulte deux albums, de 50 clich\u00e9s chacun, reli\u00e9s sous une \u00e9paisse couverture en laque noire ; l&#8217;un est consacr\u00e9 aux femmes, l&#8217;autre aux hommes. Il photographie, selon des minutieuses mises en sc\u00e8ne, les activit\u00e9s quotidiennes, comme la pr\u00e9paration des repas, la toilette, l&#8217;heure du th\u00e9, les moments de jeu, le repos.<br \/>\nD&#8217;autres portraits d\u00e9crivent l&#8217;art de la guerre, le rituel des tatouages, le sport du sumo. La plupart des photos, sur papier albumin\u00e9, est mise en couleur avec une palette de tons pastel et naturels, de laquelle se d\u00e9tachent des d\u00e9tails de couleur rouge vif. Les deux recueils sont non seulement des t\u00e9moignages pr\u00e9cieux sur les moeurs et coutumes de la classe ais\u00e9e japonaise de l&#8217;\u00e9poque, ils rappellent aussi que le travail de photographie documentaire rel\u00e8ve d&#8217;embl\u00e9e d&#8217;une approche artistique.<br \/>\nOn d\u00e9couvre par ailleurs un v\u00e9ritable &#8221; art des genres &#8220;, qui peint avec d\u00e9licatesse les codes esth\u00e9tiques d&#8217;une tradition mill\u00e9naire.<\/p>\n","protected":false},"excerpt":{"rendered":"<p>Italien d&#8217;origine, naturalis\u00e9 anglais, Felice Beato (Venise, 1832 &#8211; Florence, 1909) est l&#8217;un des premiers photographes occidentaux \u00e0 avoir travaill\u00e9 au Japon et est consid\u00e9r\u00e9 comme l&#8217;un des pionniers du photoreportage. Il a grandi \u00e0 Corfou, \u00e0 l&#8217;\u00e9poque protectorat de l&#8217;Empire anglais, et commence tr\u00e8s probablement \u00e0 travailler en tant que photographe \u00e0 Malte en [&hellip;]<\/p>\n","protected":false},"featured_media":28345,"template":"","meta":[],"product_cat":[2948,2958],"product_tag":[],"acf":[],"yoast_head":"<!-- This site is optimized with the Yoast SEO plugin v20.11 - https:\/\/yoast.com\/wordpress\/plugins\/seo\/ -->\n<title>JAPONAIS ET JAPONAISES - Librairie 7L<\/title>\n<meta name=\"robots\" content=\"index, follow, max-snippet:-1, max-image-preview:large, max-video-preview:-1\" \/>\n<link rel=\"canonical\" href=\"https:\/\/librairie7l.com\/en\/produit\/japonais-et-japonaises\/\" \/>\n<meta property=\"og:locale\" content=\"en_US\" \/>\n<meta property=\"og:type\" content=\"article\" \/>\n<meta property=\"og:title\" content=\"JAPONAIS ET JAPONAISES - Librairie 7L\" \/>\n<meta property=\"og:description\" content=\"Italien d&#8217;origine, naturalis\u00e9 anglais, Felice Beato (Venise, 1832 &#8211; Florence, 1909) est l&#8217;un des premiers photographes occidentaux \u00e0 avoir travaill\u00e9 au Japon et est consid\u00e9r\u00e9 comme l&#8217;un des pionniers du photoreportage. Il a grandi \u00e0 Corfou, \u00e0 l&#8217;\u00e9poque protectorat de l&#8217;Empire anglais, et commence tr\u00e8s probablement \u00e0 travailler en tant que photographe \u00e0 Malte en [&hellip;]\" \/>\n<meta property=\"og:url\" content=\"https:\/\/librairie7l.com\/en\/produit\/japonais-et-japonaises\/\" \/>\n<meta property=\"og:site_name\" content=\"Librairie 7L\" \/>\n<meta property=\"article:modified_time\" content=\"2026-04-21T07:58:47+00:00\" \/>\n<meta property=\"og:image\" content=\"https:\/\/librairie7l.com\/wp-content\/uploads\/2015\/10\/9782351251423_1_75.jpg\" \/>\n\t<meta property=\"og:image:width\" content=\"1000\" \/>\n\t<meta property=\"og:image:height\" content=\"1467\" \/>\n\t<meta property=\"og:image:type\" content=\"image\/jpeg\" \/>\n<meta name=\"twitter:card\" content=\"summary_large_image\" \/>\n<meta name=\"twitter:label1\" content=\"Est. reading time\" \/>\n\t<meta name=\"twitter:data1\" content=\"2 minutes\" \/>\n<script type=\"application\/ld+json\" class=\"yoast-schema-graph\">{\"@context\":\"https:\/\/schema.org\",\"@graph\":[{\"@type\":\"WebPage\",\"@id\":\"https:\/\/librairie7l.com\/en\/produit\/japonais-et-japonaises\/\",\"url\":\"https:\/\/librairie7l.com\/en\/produit\/japonais-et-japonaises\/\",\"name\":\"JAPONAIS ET JAPONAISES - Librairie 7L\",\"isPartOf\":{\"@id\":\"https:\/\/librairie7l.com\/en\/#website\"},\"datePublished\":\"2023-05-10T11:31:06+00:00\",\"dateModified\":\"2026-04-21T07:58:47+00:00\",\"breadcrumb\":{\"@id\":\"https:\/\/librairie7l.com\/en\/produit\/japonais-et-japonaises\/#breadcrumb\"},\"inLanguage\":\"en-US\",\"potentialAction\":[{\"@type\":\"ReadAction\",\"target\":[\"https:\/\/librairie7l.com\/en\/produit\/japonais-et-japonaises\/\"]}]},{\"@type\":\"BreadcrumbList\",\"@id\":\"https:\/\/librairie7l.com\/en\/produit\/japonais-et-japonaises\/#breadcrumb\",\"itemListElement\":[{\"@type\":\"ListItem\",\"position\":1,\"name\":\"Accueil\",\"item\":\"https:\/\/librairie7l.com\/en\/\"},{\"@type\":\"ListItem\",\"position\":2,\"name\":\"Shop\",\"item\":\"https:\/\/librairie7l.com\/en\/shop\/\"},{\"@type\":\"ListItem\",\"position\":3,\"name\":\"JAPONAIS ET JAPONAISES\"}]},{\"@type\":\"WebSite\",\"@id\":\"https:\/\/librairie7l.com\/en\/#website\",\"url\":\"https:\/\/librairie7l.com\/en\/\",\"name\":\"Librairie 7L\",\"description\":\"Librairie fond\u00e9e en 1999 par Karl Lagerfeld \u00e0 Paris\",\"publisher\":{\"@id\":\"https:\/\/librairie7l.com\/en\/#organization\"},\"potentialAction\":[{\"@type\":\"SearchAction\",\"target\":{\"@type\":\"EntryPoint\",\"urlTemplate\":\"https:\/\/librairie7l.com\/en\/?s={search_term_string}\"},\"query-input\":\"required name=search_term_string\"}],\"inLanguage\":\"en-US\"},{\"@type\":\"Organization\",\"@id\":\"https:\/\/librairie7l.com\/en\/#organization\",\"name\":\"Librairie 7L\",\"url\":\"https:\/\/librairie7l.com\/en\/\",\"logo\":{\"@type\":\"ImageObject\",\"inLanguage\":\"en-US\",\"@id\":\"https:\/\/librairie7l.com\/en\/#\/schema\/logo\/image\/\",\"url\":\"https:\/\/librairie7l.com\/wp-content\/uploads\/2022\/08\/logo-1.png\",\"contentUrl\":\"https:\/\/librairie7l.com\/wp-content\/uploads\/2022\/08\/logo-1.png\",\"width\":227,\"height\":301,\"caption\":\"Librairie 7L\"},\"image\":{\"@id\":\"https:\/\/librairie7l.com\/en\/#\/schema\/logo\/image\/\"}}]}<\/script>\n<!-- \/ Yoast SEO plugin. -->","yoast_head_json":{"title":"JAPONAIS ET JAPONAISES - Librairie 7L","robots":{"index":"index","follow":"follow","max-snippet":"max-snippet:-1","max-image-preview":"max-image-preview:large","max-video-preview":"max-video-preview:-1"},"canonical":"https:\/\/librairie7l.com\/en\/produit\/japonais-et-japonaises\/","og_locale":"en_US","og_type":"article","og_title":"JAPONAIS ET JAPONAISES - Librairie 7L","og_description":"Italien d&#8217;origine, naturalis\u00e9 anglais, Felice Beato (Venise, 1832 &#8211; Florence, 1909) est l&#8217;un des premiers photographes occidentaux \u00e0 avoir travaill\u00e9 au Japon et est consid\u00e9r\u00e9 comme l&#8217;un des pionniers du photoreportage. Il a grandi \u00e0 Corfou, \u00e0 l&#8217;\u00e9poque protectorat de l&#8217;Empire anglais, et commence tr\u00e8s probablement \u00e0 travailler en tant que photographe \u00e0 Malte en [&hellip;]","og_url":"https:\/\/librairie7l.com\/en\/produit\/japonais-et-japonaises\/","og_site_name":"Librairie 7L","article_modified_time":"2026-04-21T07:58:47+00:00","og_image":[{"width":1000,"height":1467,"url":"https:\/\/librairie7l.com\/wp-content\/uploads\/2015\/10\/9782351251423_1_75.jpg","type":"image\/jpeg"}],"twitter_card":"summary_large_image","twitter_misc":{"Est. reading time":"2 minutes"},"schema":{"@context":"https:\/\/schema.org","@graph":[{"@type":"WebPage","@id":"https:\/\/librairie7l.com\/en\/produit\/japonais-et-japonaises\/","url":"https:\/\/librairie7l.com\/en\/produit\/japonais-et-japonaises\/","name":"JAPONAIS ET JAPONAISES - Librairie 7L","isPartOf":{"@id":"https:\/\/librairie7l.com\/en\/#website"},"datePublished":"2023-05-10T11:31:06+00:00","dateModified":"2026-04-21T07:58:47+00:00","breadcrumb":{"@id":"https:\/\/librairie7l.com\/en\/produit\/japonais-et-japonaises\/#breadcrumb"},"inLanguage":"en-US","potentialAction":[{"@type":"ReadAction","target":["https:\/\/librairie7l.com\/en\/produit\/japonais-et-japonaises\/"]}]},{"@type":"BreadcrumbList","@id":"https:\/\/librairie7l.com\/en\/produit\/japonais-et-japonaises\/#breadcrumb","itemListElement":[{"@type":"ListItem","position":1,"name":"Accueil","item":"https:\/\/librairie7l.com\/en\/"},{"@type":"ListItem","position":2,"name":"Shop","item":"https:\/\/librairie7l.com\/en\/shop\/"},{"@type":"ListItem","position":3,"name":"JAPONAIS ET JAPONAISES"}]},{"@type":"WebSite","@id":"https:\/\/librairie7l.com\/en\/#website","url":"https:\/\/librairie7l.com\/en\/","name":"Librairie 7L","description":"Librairie fond\u00e9e en 1999 par Karl Lagerfeld \u00e0 Paris","publisher":{"@id":"https:\/\/librairie7l.com\/en\/#organization"},"potentialAction":[{"@type":"SearchAction","target":{"@type":"EntryPoint","urlTemplate":"https:\/\/librairie7l.com\/en\/?s={search_term_string}"},"query-input":"required name=search_term_string"}],"inLanguage":"en-US"},{"@type":"Organization","@id":"https:\/\/librairie7l.com\/en\/#organization","name":"Librairie 7L","url":"https:\/\/librairie7l.com\/en\/","logo":{"@type":"ImageObject","inLanguage":"en-US","@id":"https:\/\/librairie7l.com\/en\/#\/schema\/logo\/image\/","url":"https:\/\/librairie7l.com\/wp-content\/uploads\/2022\/08\/logo-1.png","contentUrl":"https:\/\/librairie7l.com\/wp-content\/uploads\/2022\/08\/logo-1.png","width":227,"height":301,"caption":"Librairie 7L"},"image":{"@id":"https:\/\/librairie7l.com\/en\/#\/schema\/logo\/image\/"}}]}},"_links":{"self":[{"href":"https:\/\/librairie7l.com\/en\/wp-json\/wp\/v2\/product\/28347"}],"collection":[{"href":"https:\/\/librairie7l.com\/en\/wp-json\/wp\/v2\/product"}],"about":[{"href":"https:\/\/librairie7l.com\/en\/wp-json\/wp\/v2\/types\/product"}],"wp:featuredmedia":[{"embeddable":true,"href":"https:\/\/librairie7l.com\/en\/wp-json\/wp\/v2\/media\/28345"}],"wp:attachment":[{"href":"https:\/\/librairie7l.com\/en\/wp-json\/wp\/v2\/media?parent=28347"}],"wp:term":[{"taxonomy":"product_cat","embeddable":true,"href":"https:\/\/librairie7l.com\/en\/wp-json\/wp\/v2\/product_cat?post=28347"},{"taxonomy":"product_tag","embeddable":true,"href":"https:\/\/librairie7l.com\/en\/wp-json\/wp\/v2\/product_tag?post=28347"}],"curies":[{"name":"wp","href":"https:\/\/api.w.org\/{rel}","templated":true}]}}