{"id":28359,"date":"2023-05-10T13:31:18","date_gmt":"2023-05-10T11:31:18","guid":{"rendered":"https:\/\/librairie7l.com\/?post_type=product&#038;p=28359"},"modified":"2026-04-06T02:05:50","modified_gmt":"2026-04-06T00:05:50","slug":"mariano-fortuny-un-espagnol-a-venise","status":"publish","type":"product","link":"https:\/\/librairie7l.com\/en\/produit\/mariano-fortuny-un-espagnol-a-venise\/","title":{"rendered":"MARIANO FORTUNY, UN ESPAGNOL \u00c0 VENISE"},"content":{"rendered":"<p>\u00c0 l&#8217;occasion de la r\u00e9trospective pr\u00e9sent\u00e9e au Palais Galliera, cet ouvrage revient sur la carri\u00e8re de Mariano Fortuny (1871-1949), connu pour la diversit\u00e9 de ses inspirations &#8211; Gr\u00e8ce antique, Moyen-\u00c2ge, Renaissance &#8211; et ses talents d&#8217;inventeur (la robe \u00ab Delphos \u00bb, en soie unie si finement pliss\u00e9e, se range en boule et retrouve toute sa fluidit\u00e9 une fois d\u00e9pli\u00e9e). Fortuny magnifie chaque coupe de tissu en une pi\u00e8ce unique aux subtils jeux de lumi\u00e8re.<br \/>\nSes cr\u00e9ations, certaines port\u00e9es par la comtesse Greffulhe, Eleonora Duse ou Isadora Duncan, se parent de savantes impressions \u00e0 base de poudres m\u00e9talliques sur velours de soie qui rendent hommage aux influences byzantines, japonaises, persanes, et sont autant d&#8217;interpr\u00e9tations de sa collection particuli\u00e8re de textes et de brocards anciens c\u00e9l\u00e9br\u00e9e par Marcel Proust.<\/p>\n","protected":false},"excerpt":{"rendered":"<p>\u00c0 l&#8217;occasion de la r\u00e9trospective pr\u00e9sent\u00e9e au Palais Galliera, cet ouvrage revient sur la carri\u00e8re de Mariano Fortuny (1871-1949), connu pour la diversit\u00e9 de ses inspirations &#8211; Gr\u00e8ce antique, Moyen-\u00c2ge, Renaissance &#8211; et ses talents d&#8217;inventeur (la robe \u00ab Delphos \u00bb, en soie unie si finement pliss\u00e9e, se range en boule et retrouve toute sa [&hellip;]<\/p>\n","protected":false},"featured_media":28357,"template":"","meta":[],"product_cat":[55,2948,2957,19],"product_tag":[],"acf":[],"yoast_head":"<!-- This site is optimized with the Yoast SEO plugin v20.11 - https:\/\/yoast.com\/wordpress\/plugins\/seo\/ -->\n<title>MARIANO FORTUNY, UN ESPAGNOL \u00c0 VENISE - Librairie 7L<\/title>\n<meta name=\"robots\" content=\"index, follow, max-snippet:-1, max-image-preview:large, max-video-preview:-1\" \/>\n<link rel=\"canonical\" href=\"https:\/\/librairie7l.com\/en\/produit\/mariano-fortuny-un-espagnol-a-venise\/\" \/>\n<meta property=\"og:locale\" content=\"en_US\" \/>\n<meta property=\"og:type\" content=\"article\" \/>\n<meta property=\"og:title\" content=\"MARIANO FORTUNY, UN ESPAGNOL \u00c0 VENISE - Librairie 7L\" \/>\n<meta property=\"og:description\" content=\"\u00c0 l&#8217;occasion de la r\u00e9trospective pr\u00e9sent\u00e9e au Palais Galliera, cet ouvrage revient sur la carri\u00e8re de Mariano Fortuny (1871-1949), connu pour la diversit\u00e9 de ses inspirations &#8211; Gr\u00e8ce antique, Moyen-\u00c2ge, Renaissance &#8211; et ses talents d&#8217;inventeur (la robe \u00ab Delphos \u00bb, en soie unie si finement pliss\u00e9e, se range en boule et retrouve toute sa [&hellip;]\" \/>\n<meta property=\"og:url\" content=\"https:\/\/librairie7l.com\/en\/produit\/mariano-fortuny-un-espagnol-a-venise\/\" \/>\n<meta property=\"og:site_name\" content=\"Librairie 7L\" \/>\n<meta property=\"article:modified_time\" content=\"2026-04-06T00:05:50+00:00\" \/>\n<meta property=\"og:image\" content=\"https:\/\/librairie7l.com\/wp-content\/uploads\/2017\/04\/9782759603657_1_75.jpg\" \/>\n\t<meta property=\"og:image:width\" content=\"1000\" \/>\n\t<meta property=\"og:image:height\" content=\"1259\" \/>\n\t<meta property=\"og:image:type\" content=\"image\/jpeg\" \/>\n<meta name=\"twitter:card\" content=\"summary_large_image\" \/>\n<meta name=\"twitter:label1\" content=\"Est. reading time\" \/>\n\t<meta name=\"twitter:data1\" content=\"1 minute\" \/>\n<script type=\"application\/ld+json\" class=\"yoast-schema-graph\">{\"@context\":\"https:\/\/schema.org\",\"@graph\":[{\"@type\":\"WebPage\",\"@id\":\"https:\/\/librairie7l.com\/en\/produit\/mariano-fortuny-un-espagnol-a-venise\/\",\"url\":\"https:\/\/librairie7l.com\/en\/produit\/mariano-fortuny-un-espagnol-a-venise\/\",\"name\":\"MARIANO FORTUNY, UN ESPAGNOL \u00c0 VENISE - Librairie 7L\",\"isPartOf\":{\"@id\":\"https:\/\/librairie7l.com\/en\/#website\"},\"datePublished\":\"2023-05-10T11:31:18+00:00\",\"dateModified\":\"2026-04-06T00:05:50+00:00\",\"breadcrumb\":{\"@id\":\"https:\/\/librairie7l.com\/en\/produit\/mariano-fortuny-un-espagnol-a-venise\/#breadcrumb\"},\"inLanguage\":\"en-US\",\"potentialAction\":[{\"@type\":\"ReadAction\",\"target\":[\"https:\/\/librairie7l.com\/en\/produit\/mariano-fortuny-un-espagnol-a-venise\/\"]}]},{\"@type\":\"BreadcrumbList\",\"@id\":\"https:\/\/librairie7l.com\/en\/produit\/mariano-fortuny-un-espagnol-a-venise\/#breadcrumb\",\"itemListElement\":[{\"@type\":\"ListItem\",\"position\":1,\"name\":\"Accueil\",\"item\":\"https:\/\/librairie7l.com\/en\/\"},{\"@type\":\"ListItem\",\"position\":2,\"name\":\"Shop\",\"item\":\"https:\/\/librairie7l.com\/en\/shop\/\"},{\"@type\":\"ListItem\",\"position\":3,\"name\":\"MARIANO FORTUNY, UN ESPAGNOL \u00c0 VENISE\"}]},{\"@type\":\"WebSite\",\"@id\":\"https:\/\/librairie7l.com\/en\/#website\",\"url\":\"https:\/\/librairie7l.com\/en\/\",\"name\":\"Librairie 7L\",\"description\":\"Librairie fond\u00e9e en 1999 par Karl Lagerfeld \u00e0 Paris\",\"publisher\":{\"@id\":\"https:\/\/librairie7l.com\/en\/#organization\"},\"potentialAction\":[{\"@type\":\"SearchAction\",\"target\":{\"@type\":\"EntryPoint\",\"urlTemplate\":\"https:\/\/librairie7l.com\/en\/?s={search_term_string}\"},\"query-input\":\"required name=search_term_string\"}],\"inLanguage\":\"en-US\"},{\"@type\":\"Organization\",\"@id\":\"https:\/\/librairie7l.com\/en\/#organization\",\"name\":\"Librairie 7L\",\"url\":\"https:\/\/librairie7l.com\/en\/\",\"logo\":{\"@type\":\"ImageObject\",\"inLanguage\":\"en-US\",\"@id\":\"https:\/\/librairie7l.com\/en\/#\/schema\/logo\/image\/\",\"url\":\"https:\/\/librairie7l.com\/wp-content\/uploads\/2022\/08\/logo-1.png\",\"contentUrl\":\"https:\/\/librairie7l.com\/wp-content\/uploads\/2022\/08\/logo-1.png\",\"width\":227,\"height\":301,\"caption\":\"Librairie 7L\"},\"image\":{\"@id\":\"https:\/\/librairie7l.com\/en\/#\/schema\/logo\/image\/\"}}]}<\/script>\n<!-- \/ Yoast SEO plugin. -->","yoast_head_json":{"title":"MARIANO FORTUNY, UN ESPAGNOL \u00c0 VENISE - Librairie 7L","robots":{"index":"index","follow":"follow","max-snippet":"max-snippet:-1","max-image-preview":"max-image-preview:large","max-video-preview":"max-video-preview:-1"},"canonical":"https:\/\/librairie7l.com\/en\/produit\/mariano-fortuny-un-espagnol-a-venise\/","og_locale":"en_US","og_type":"article","og_title":"MARIANO FORTUNY, UN ESPAGNOL \u00c0 VENISE - Librairie 7L","og_description":"\u00c0 l&#8217;occasion de la r\u00e9trospective pr\u00e9sent\u00e9e au Palais Galliera, cet ouvrage revient sur la carri\u00e8re de Mariano Fortuny (1871-1949), connu pour la diversit\u00e9 de ses inspirations &#8211; Gr\u00e8ce antique, Moyen-\u00c2ge, Renaissance &#8211; et ses talents d&#8217;inventeur (la robe \u00ab Delphos \u00bb, en soie unie si finement pliss\u00e9e, se range en boule et retrouve toute sa [&hellip;]","og_url":"https:\/\/librairie7l.com\/en\/produit\/mariano-fortuny-un-espagnol-a-venise\/","og_site_name":"Librairie 7L","article_modified_time":"2026-04-06T00:05:50+00:00","og_image":[{"width":1000,"height":1259,"url":"https:\/\/librairie7l.com\/wp-content\/uploads\/2017\/04\/9782759603657_1_75.jpg","type":"image\/jpeg"}],"twitter_card":"summary_large_image","twitter_misc":{"Est. reading time":"1 minute"},"schema":{"@context":"https:\/\/schema.org","@graph":[{"@type":"WebPage","@id":"https:\/\/librairie7l.com\/en\/produit\/mariano-fortuny-un-espagnol-a-venise\/","url":"https:\/\/librairie7l.com\/en\/produit\/mariano-fortuny-un-espagnol-a-venise\/","name":"MARIANO FORTUNY, UN ESPAGNOL \u00c0 VENISE - Librairie 7L","isPartOf":{"@id":"https:\/\/librairie7l.com\/en\/#website"},"datePublished":"2023-05-10T11:31:18+00:00","dateModified":"2026-04-06T00:05:50+00:00","breadcrumb":{"@id":"https:\/\/librairie7l.com\/en\/produit\/mariano-fortuny-un-espagnol-a-venise\/#breadcrumb"},"inLanguage":"en-US","potentialAction":[{"@type":"ReadAction","target":["https:\/\/librairie7l.com\/en\/produit\/mariano-fortuny-un-espagnol-a-venise\/"]}]},{"@type":"BreadcrumbList","@id":"https:\/\/librairie7l.com\/en\/produit\/mariano-fortuny-un-espagnol-a-venise\/#breadcrumb","itemListElement":[{"@type":"ListItem","position":1,"name":"Accueil","item":"https:\/\/librairie7l.com\/en\/"},{"@type":"ListItem","position":2,"name":"Shop","item":"https:\/\/librairie7l.com\/en\/shop\/"},{"@type":"ListItem","position":3,"name":"MARIANO FORTUNY, UN ESPAGNOL \u00c0 VENISE"}]},{"@type":"WebSite","@id":"https:\/\/librairie7l.com\/en\/#website","url":"https:\/\/librairie7l.com\/en\/","name":"Librairie 7L","description":"Librairie fond\u00e9e en 1999 par Karl Lagerfeld \u00e0 Paris","publisher":{"@id":"https:\/\/librairie7l.com\/en\/#organization"},"potentialAction":[{"@type":"SearchAction","target":{"@type":"EntryPoint","urlTemplate":"https:\/\/librairie7l.com\/en\/?s={search_term_string}"},"query-input":"required name=search_term_string"}],"inLanguage":"en-US"},{"@type":"Organization","@id":"https:\/\/librairie7l.com\/en\/#organization","name":"Librairie 7L","url":"https:\/\/librairie7l.com\/en\/","logo":{"@type":"ImageObject","inLanguage":"en-US","@id":"https:\/\/librairie7l.com\/en\/#\/schema\/logo\/image\/","url":"https:\/\/librairie7l.com\/wp-content\/uploads\/2022\/08\/logo-1.png","contentUrl":"https:\/\/librairie7l.com\/wp-content\/uploads\/2022\/08\/logo-1.png","width":227,"height":301,"caption":"Librairie 7L"},"image":{"@id":"https:\/\/librairie7l.com\/en\/#\/schema\/logo\/image\/"}}]}},"_links":{"self":[{"href":"https:\/\/librairie7l.com\/en\/wp-json\/wp\/v2\/product\/28359"}],"collection":[{"href":"https:\/\/librairie7l.com\/en\/wp-json\/wp\/v2\/product"}],"about":[{"href":"https:\/\/librairie7l.com\/en\/wp-json\/wp\/v2\/types\/product"}],"wp:featuredmedia":[{"embeddable":true,"href":"https:\/\/librairie7l.com\/en\/wp-json\/wp\/v2\/media\/28357"}],"wp:attachment":[{"href":"https:\/\/librairie7l.com\/en\/wp-json\/wp\/v2\/media?parent=28359"}],"wp:term":[{"taxonomy":"product_cat","embeddable":true,"href":"https:\/\/librairie7l.com\/en\/wp-json\/wp\/v2\/product_cat?post=28359"},{"taxonomy":"product_tag","embeddable":true,"href":"https:\/\/librairie7l.com\/en\/wp-json\/wp\/v2\/product_tag?post=28359"}],"curies":[{"name":"wp","href":"https:\/\/api.w.org\/{rel}","templated":true}]}}