{"id":28371,"date":"2023-05-10T13:31:37","date_gmt":"2023-05-10T11:31:37","guid":{"rendered":"https:\/\/librairie7l.com\/?post_type=product&#038;p=28371"},"modified":"2026-04-10T07:06:15","modified_gmt":"2026-04-10T05:06:15","slug":"weaving-contemporary-makers-on-the-loom","status":"publish","type":"product","link":"https:\/\/librairie7l.com\/en\/produit\/weaving-contemporary-makers-on-the-loom\/","title":{"rendered":"WEAVING: CONTEMPORARY MAKERS ON THE LOOM"},"content":{"rendered":"<p>Le tissage est un art traditionnel ancestral qui conna\u00eet une v\u00e9ritable renaissance ces derni\u00e8res ann\u00e9es. Il se r\u00e9invente aujourd&#8217;hui gr\u00e2ce \u00e0 des cr\u00e9atifs qui reprennent l&#8217;usage du m\u00e9tier \u00e0 tisser pour en tirer des compositions modernes, prolongeant ainsi l&#8217;histoire de cet artisanat. Ce livre met en avant la nouvelle g\u00e9n\u00e9ration de tisserands qui r\u00e9interpr\u00e8tent la tapisserie, proposent des installations tiss\u00e9es ou interviennent via le tissage dans notre environnement.<\/p>\n","protected":false},"excerpt":{"rendered":"<p>Le tissage est un art traditionnel ancestral qui conna\u00eet une v\u00e9ritable renaissance ces derni\u00e8res ann\u00e9es. Il se r\u00e9invente aujourd&#8217;hui gr\u00e2ce \u00e0 des cr\u00e9atifs qui reprennent l&#8217;usage du m\u00e9tier \u00e0 tisser pour en tirer des compositions modernes, prolongeant ainsi l&#8217;histoire de cet artisanat. Ce livre met en avant la nouvelle g\u00e9n\u00e9ration de tisserands qui r\u00e9interpr\u00e8tent la [&hellip;]<\/p>\n","protected":false},"featured_media":28369,"template":"","meta":[],"product_cat":[55,2948,2957,19],"product_tag":[],"acf":[],"yoast_head":"<!-- This site is optimized with the Yoast SEO plugin v20.11 - https:\/\/yoast.com\/wordpress\/plugins\/seo\/ -->\n<title>WEAVING: CONTEMPORARY MAKERS ON THE LOOM - Librairie 7L<\/title>\n<meta name=\"robots\" content=\"index, follow, max-snippet:-1, max-image-preview:large, max-video-preview:-1\" \/>\n<link rel=\"canonical\" href=\"https:\/\/librairie7l.com\/en\/produit\/weaving-contemporary-makers-on-the-loom\/\" \/>\n<meta property=\"og:locale\" content=\"en_US\" \/>\n<meta property=\"og:type\" content=\"article\" \/>\n<meta property=\"og:title\" content=\"WEAVING: CONTEMPORARY MAKERS ON THE LOOM - Librairie 7L\" \/>\n<meta property=\"og:description\" content=\"Le tissage est un art traditionnel ancestral qui conna\u00eet une v\u00e9ritable renaissance ces derni\u00e8res ann\u00e9es. Il se r\u00e9invente aujourd&#8217;hui gr\u00e2ce \u00e0 des cr\u00e9atifs qui reprennent l&#8217;usage du m\u00e9tier \u00e0 tisser pour en tirer des compositions modernes, prolongeant ainsi l&#8217;histoire de cet artisanat. Ce livre met en avant la nouvelle g\u00e9n\u00e9ration de tisserands qui r\u00e9interpr\u00e8tent la [&hellip;]\" \/>\n<meta property=\"og:url\" content=\"https:\/\/librairie7l.com\/en\/produit\/weaving-contemporary-makers-on-the-loom\/\" \/>\n<meta property=\"og:site_name\" content=\"Librairie 7L\" \/>\n<meta property=\"article:modified_time\" content=\"2026-04-10T05:06:15+00:00\" \/>\n<meta property=\"og:image\" content=\"https:\/\/librairie7l.com\/wp-content\/uploads\/2018\/05\/9789491819896_1_75.jpg\" \/>\n\t<meta property=\"og:image:width\" content=\"600\" \/>\n\t<meta property=\"og:image:height\" content=\"732\" \/>\n\t<meta property=\"og:image:type\" content=\"image\/jpeg\" \/>\n<meta name=\"twitter:card\" content=\"summary_large_image\" \/>\n<script type=\"application\/ld+json\" class=\"yoast-schema-graph\">{\"@context\":\"https:\/\/schema.org\",\"@graph\":[{\"@type\":\"WebPage\",\"@id\":\"https:\/\/librairie7l.com\/en\/produit\/weaving-contemporary-makers-on-the-loom\/\",\"url\":\"https:\/\/librairie7l.com\/en\/produit\/weaving-contemporary-makers-on-the-loom\/\",\"name\":\"WEAVING: CONTEMPORARY MAKERS ON THE LOOM - Librairie 7L\",\"isPartOf\":{\"@id\":\"https:\/\/librairie7l.com\/en\/#website\"},\"datePublished\":\"2023-05-10T11:31:37+00:00\",\"dateModified\":\"2026-04-10T05:06:15+00:00\",\"breadcrumb\":{\"@id\":\"https:\/\/librairie7l.com\/en\/produit\/weaving-contemporary-makers-on-the-loom\/#breadcrumb\"},\"inLanguage\":\"en-US\",\"potentialAction\":[{\"@type\":\"ReadAction\",\"target\":[\"https:\/\/librairie7l.com\/en\/produit\/weaving-contemporary-makers-on-the-loom\/\"]}]},{\"@type\":\"BreadcrumbList\",\"@id\":\"https:\/\/librairie7l.com\/en\/produit\/weaving-contemporary-makers-on-the-loom\/#breadcrumb\",\"itemListElement\":[{\"@type\":\"ListItem\",\"position\":1,\"name\":\"Accueil\",\"item\":\"https:\/\/librairie7l.com\/en\/\"},{\"@type\":\"ListItem\",\"position\":2,\"name\":\"Shop\",\"item\":\"https:\/\/librairie7l.com\/en\/shop\/\"},{\"@type\":\"ListItem\",\"position\":3,\"name\":\"WEAVING: CONTEMPORARY MAKERS ON THE LOOM\"}]},{\"@type\":\"WebSite\",\"@id\":\"https:\/\/librairie7l.com\/en\/#website\",\"url\":\"https:\/\/librairie7l.com\/en\/\",\"name\":\"Librairie 7L\",\"description\":\"Librairie fond\u00e9e en 1999 par Karl Lagerfeld \u00e0 Paris\",\"publisher\":{\"@id\":\"https:\/\/librairie7l.com\/en\/#organization\"},\"potentialAction\":[{\"@type\":\"SearchAction\",\"target\":{\"@type\":\"EntryPoint\",\"urlTemplate\":\"https:\/\/librairie7l.com\/en\/?s={search_term_string}\"},\"query-input\":\"required name=search_term_string\"}],\"inLanguage\":\"en-US\"},{\"@type\":\"Organization\",\"@id\":\"https:\/\/librairie7l.com\/en\/#organization\",\"name\":\"Librairie 7L\",\"url\":\"https:\/\/librairie7l.com\/en\/\",\"logo\":{\"@type\":\"ImageObject\",\"inLanguage\":\"en-US\",\"@id\":\"https:\/\/librairie7l.com\/en\/#\/schema\/logo\/image\/\",\"url\":\"https:\/\/librairie7l.com\/wp-content\/uploads\/2022\/08\/logo-1.png\",\"contentUrl\":\"https:\/\/librairie7l.com\/wp-content\/uploads\/2022\/08\/logo-1.png\",\"width\":227,\"height\":301,\"caption\":\"Librairie 7L\"},\"image\":{\"@id\":\"https:\/\/librairie7l.com\/en\/#\/schema\/logo\/image\/\"}}]}<\/script>\n<!-- \/ Yoast SEO plugin. -->","yoast_head_json":{"title":"WEAVING: CONTEMPORARY MAKERS ON THE LOOM - Librairie 7L","robots":{"index":"index","follow":"follow","max-snippet":"max-snippet:-1","max-image-preview":"max-image-preview:large","max-video-preview":"max-video-preview:-1"},"canonical":"https:\/\/librairie7l.com\/en\/produit\/weaving-contemporary-makers-on-the-loom\/","og_locale":"en_US","og_type":"article","og_title":"WEAVING: CONTEMPORARY MAKERS ON THE LOOM - Librairie 7L","og_description":"Le tissage est un art traditionnel ancestral qui conna\u00eet une v\u00e9ritable renaissance ces derni\u00e8res ann\u00e9es. Il se r\u00e9invente aujourd&#8217;hui gr\u00e2ce \u00e0 des cr\u00e9atifs qui reprennent l&#8217;usage du m\u00e9tier \u00e0 tisser pour en tirer des compositions modernes, prolongeant ainsi l&#8217;histoire de cet artisanat. Ce livre met en avant la nouvelle g\u00e9n\u00e9ration de tisserands qui r\u00e9interpr\u00e8tent la [&hellip;]","og_url":"https:\/\/librairie7l.com\/en\/produit\/weaving-contemporary-makers-on-the-loom\/","og_site_name":"Librairie 7L","article_modified_time":"2026-04-10T05:06:15+00:00","og_image":[{"width":600,"height":732,"url":"https:\/\/librairie7l.com\/wp-content\/uploads\/2018\/05\/9789491819896_1_75.jpg","type":"image\/jpeg"}],"twitter_card":"summary_large_image","schema":{"@context":"https:\/\/schema.org","@graph":[{"@type":"WebPage","@id":"https:\/\/librairie7l.com\/en\/produit\/weaving-contemporary-makers-on-the-loom\/","url":"https:\/\/librairie7l.com\/en\/produit\/weaving-contemporary-makers-on-the-loom\/","name":"WEAVING: CONTEMPORARY MAKERS ON THE LOOM - Librairie 7L","isPartOf":{"@id":"https:\/\/librairie7l.com\/en\/#website"},"datePublished":"2023-05-10T11:31:37+00:00","dateModified":"2026-04-10T05:06:15+00:00","breadcrumb":{"@id":"https:\/\/librairie7l.com\/en\/produit\/weaving-contemporary-makers-on-the-loom\/#breadcrumb"},"inLanguage":"en-US","potentialAction":[{"@type":"ReadAction","target":["https:\/\/librairie7l.com\/en\/produit\/weaving-contemporary-makers-on-the-loom\/"]}]},{"@type":"BreadcrumbList","@id":"https:\/\/librairie7l.com\/en\/produit\/weaving-contemporary-makers-on-the-loom\/#breadcrumb","itemListElement":[{"@type":"ListItem","position":1,"name":"Accueil","item":"https:\/\/librairie7l.com\/en\/"},{"@type":"ListItem","position":2,"name":"Shop","item":"https:\/\/librairie7l.com\/en\/shop\/"},{"@type":"ListItem","position":3,"name":"WEAVING: CONTEMPORARY MAKERS ON THE LOOM"}]},{"@type":"WebSite","@id":"https:\/\/librairie7l.com\/en\/#website","url":"https:\/\/librairie7l.com\/en\/","name":"Librairie 7L","description":"Librairie fond\u00e9e en 1999 par Karl Lagerfeld \u00e0 Paris","publisher":{"@id":"https:\/\/librairie7l.com\/en\/#organization"},"potentialAction":[{"@type":"SearchAction","target":{"@type":"EntryPoint","urlTemplate":"https:\/\/librairie7l.com\/en\/?s={search_term_string}"},"query-input":"required name=search_term_string"}],"inLanguage":"en-US"},{"@type":"Organization","@id":"https:\/\/librairie7l.com\/en\/#organization","name":"Librairie 7L","url":"https:\/\/librairie7l.com\/en\/","logo":{"@type":"ImageObject","inLanguage":"en-US","@id":"https:\/\/librairie7l.com\/en\/#\/schema\/logo\/image\/","url":"https:\/\/librairie7l.com\/wp-content\/uploads\/2022\/08\/logo-1.png","contentUrl":"https:\/\/librairie7l.com\/wp-content\/uploads\/2022\/08\/logo-1.png","width":227,"height":301,"caption":"Librairie 7L"},"image":{"@id":"https:\/\/librairie7l.com\/en\/#\/schema\/logo\/image\/"}}]}},"_links":{"self":[{"href":"https:\/\/librairie7l.com\/en\/wp-json\/wp\/v2\/product\/28371"}],"collection":[{"href":"https:\/\/librairie7l.com\/en\/wp-json\/wp\/v2\/product"}],"about":[{"href":"https:\/\/librairie7l.com\/en\/wp-json\/wp\/v2\/types\/product"}],"wp:featuredmedia":[{"embeddable":true,"href":"https:\/\/librairie7l.com\/en\/wp-json\/wp\/v2\/media\/28369"}],"wp:attachment":[{"href":"https:\/\/librairie7l.com\/en\/wp-json\/wp\/v2\/media?parent=28371"}],"wp:term":[{"taxonomy":"product_cat","embeddable":true,"href":"https:\/\/librairie7l.com\/en\/wp-json\/wp\/v2\/product_cat?post=28371"},{"taxonomy":"product_tag","embeddable":true,"href":"https:\/\/librairie7l.com\/en\/wp-json\/wp\/v2\/product_tag?post=28371"}],"curies":[{"name":"wp","href":"https:\/\/api.w.org\/{rel}","templated":true}]}}