{"id":28387,"date":"2023-05-10T13:31:55","date_gmt":"2023-05-10T11:31:55","guid":{"rendered":"https:\/\/librairie7l.com\/?post_type=product&#038;p=28387"},"modified":"2026-04-06T02:00:12","modified_gmt":"2026-04-06T00:00:12","slug":"duvelleroy-tresors-de-leventail-couture-parisien","status":"publish","type":"product","link":"https:\/\/librairie7l.com\/en\/produit\/duvelleroy-tresors-de-leventail-couture-parisien\/","title":{"rendered":"DUVELLEROY ; TR\u00c9SORS DE L&#8217;\u00c9VENTAIL COUTURE PARISIEN"},"content":{"rendered":"<p>Ce livre &#8211; accessible \u00e0 tous ceux qui s&#8217;int\u00e9ressent \u00e0 cet accessoire de mode mais qui ne pr\u00e9tend pas \u00eatre un ouvrage de sp\u00e9cialiste &#8211; retrace l&#8217;histoire d&#8217;une Maison fond\u00e9e en 1827, dont les \u00e9ventails couture en plumes, paillettes, sequins, dentelles pr\u00e9cieuses ou organza, qui ont fait sa r\u00e9putation dans le monde entier, ont pu, admirablement conserv\u00e9s, parvenir jusqu&#8217;\u00e0 nous.<br \/>\nIl t\u00e9moigne aussi de la renaissance de la marque Duvelleroy au XXIe si\u00e8cle, gr\u00e2ce \u00e0 des passionn\u00e9es qui ont su r\u00e9veiller, r\u00e9inventer et rendre de nouveau d\u00e9sirable cette belle endormie, dont les plis renferment tant d&#8217;imaginaires et de beaut\u00e9, au moment pr\u00e9cis o\u00f9 l&#8217;\u00e9ventail s&#8217;invite de nouveau sur la plan\u00e8te mode, aussi bien comme marqueur de l&#8217;esth\u00e9tique de la singularit\u00e9 qu&#8217;en sa qualit\u00e9 de petit air conditionn\u00e9 portatif.<\/p>\n","protected":false},"excerpt":{"rendered":"<p>Ce livre &#8211; accessible \u00e0 tous ceux qui s&#8217;int\u00e9ressent \u00e0 cet accessoire de mode mais qui ne pr\u00e9tend pas \u00eatre un ouvrage de sp\u00e9cialiste &#8211; retrace l&#8217;histoire d&#8217;une Maison fond\u00e9e en 1827, dont les \u00e9ventails couture en plumes, paillettes, sequins, dentelles pr\u00e9cieuses ou organza, qui ont fait sa r\u00e9putation dans le monde entier, ont pu, [&hellip;]<\/p>\n","protected":false},"featured_media":28385,"template":"","meta":[],"product_cat":[55,2948,2957,19],"product_tag":[],"acf":[],"yoast_head":"<!-- This site is optimized with the Yoast SEO plugin v20.11 - https:\/\/yoast.com\/wordpress\/plugins\/seo\/ -->\n<title>DUVELLEROY ; TR\u00c9SORS DE L&#039;\u00c9VENTAIL COUTURE PARISIEN - Librairie 7L<\/title>\n<meta name=\"robots\" content=\"index, follow, max-snippet:-1, max-image-preview:large, max-video-preview:-1\" \/>\n<link rel=\"canonical\" href=\"https:\/\/librairie7l.com\/en\/produit\/duvelleroy-tresors-de-leventail-couture-parisien\/\" \/>\n<meta property=\"og:locale\" content=\"en_US\" \/>\n<meta property=\"og:type\" content=\"article\" \/>\n<meta property=\"og:title\" content=\"DUVELLEROY ; TR\u00c9SORS DE L&#039;\u00c9VENTAIL COUTURE PARISIEN - Librairie 7L\" \/>\n<meta property=\"og:description\" content=\"Ce livre &#8211; accessible \u00e0 tous ceux qui s&#8217;int\u00e9ressent \u00e0 cet accessoire de mode mais qui ne pr\u00e9tend pas \u00eatre un ouvrage de sp\u00e9cialiste &#8211; retrace l&#8217;histoire d&#8217;une Maison fond\u00e9e en 1827, dont les \u00e9ventails couture en plumes, paillettes, sequins, dentelles pr\u00e9cieuses ou organza, qui ont fait sa r\u00e9putation dans le monde entier, ont pu, [&hellip;]\" \/>\n<meta property=\"og:url\" content=\"https:\/\/librairie7l.com\/en\/produit\/duvelleroy-tresors-de-leventail-couture-parisien\/\" \/>\n<meta property=\"og:site_name\" content=\"Librairie 7L\" \/>\n<meta property=\"article:modified_time\" content=\"2026-04-06T00:00:12+00:00\" \/>\n<meta property=\"og:image\" content=\"https:\/\/librairie7l.com\/wp-content\/uploads\/2019\/05\/9782902302383_1_75.jpg\" \/>\n\t<meta property=\"og:image:width\" content=\"600\" \/>\n\t<meta property=\"og:image:height\" content=\"743\" \/>\n\t<meta property=\"og:image:type\" content=\"image\/jpeg\" \/>\n<meta name=\"twitter:card\" content=\"summary_large_image\" \/>\n<meta name=\"twitter:label1\" content=\"Est. reading time\" \/>\n\t<meta name=\"twitter:data1\" content=\"1 minute\" \/>\n<script type=\"application\/ld+json\" class=\"yoast-schema-graph\">{\"@context\":\"https:\/\/schema.org\",\"@graph\":[{\"@type\":\"WebPage\",\"@id\":\"https:\/\/librairie7l.com\/en\/produit\/duvelleroy-tresors-de-leventail-couture-parisien\/\",\"url\":\"https:\/\/librairie7l.com\/en\/produit\/duvelleroy-tresors-de-leventail-couture-parisien\/\",\"name\":\"DUVELLEROY ; TR\u00c9SORS DE L'\u00c9VENTAIL COUTURE PARISIEN - Librairie 7L\",\"isPartOf\":{\"@id\":\"https:\/\/librairie7l.com\/en\/#website\"},\"datePublished\":\"2023-05-10T11:31:55+00:00\",\"dateModified\":\"2026-04-06T00:00:12+00:00\",\"breadcrumb\":{\"@id\":\"https:\/\/librairie7l.com\/en\/produit\/duvelleroy-tresors-de-leventail-couture-parisien\/#breadcrumb\"},\"inLanguage\":\"en-US\",\"potentialAction\":[{\"@type\":\"ReadAction\",\"target\":[\"https:\/\/librairie7l.com\/en\/produit\/duvelleroy-tresors-de-leventail-couture-parisien\/\"]}]},{\"@type\":\"BreadcrumbList\",\"@id\":\"https:\/\/librairie7l.com\/en\/produit\/duvelleroy-tresors-de-leventail-couture-parisien\/#breadcrumb\",\"itemListElement\":[{\"@type\":\"ListItem\",\"position\":1,\"name\":\"Accueil\",\"item\":\"https:\/\/librairie7l.com\/en\/\"},{\"@type\":\"ListItem\",\"position\":2,\"name\":\"Shop\",\"item\":\"https:\/\/librairie7l.com\/en\/shop\/\"},{\"@type\":\"ListItem\",\"position\":3,\"name\":\"DUVELLEROY ; TR\u00c9SORS DE L&#8217;\u00c9VENTAIL COUTURE PARISIEN\"}]},{\"@type\":\"WebSite\",\"@id\":\"https:\/\/librairie7l.com\/en\/#website\",\"url\":\"https:\/\/librairie7l.com\/en\/\",\"name\":\"Librairie 7L\",\"description\":\"Librairie fond\u00e9e en 1999 par Karl Lagerfeld \u00e0 Paris\",\"publisher\":{\"@id\":\"https:\/\/librairie7l.com\/en\/#organization\"},\"potentialAction\":[{\"@type\":\"SearchAction\",\"target\":{\"@type\":\"EntryPoint\",\"urlTemplate\":\"https:\/\/librairie7l.com\/en\/?s={search_term_string}\"},\"query-input\":\"required name=search_term_string\"}],\"inLanguage\":\"en-US\"},{\"@type\":\"Organization\",\"@id\":\"https:\/\/librairie7l.com\/en\/#organization\",\"name\":\"Librairie 7L\",\"url\":\"https:\/\/librairie7l.com\/en\/\",\"logo\":{\"@type\":\"ImageObject\",\"inLanguage\":\"en-US\",\"@id\":\"https:\/\/librairie7l.com\/en\/#\/schema\/logo\/image\/\",\"url\":\"https:\/\/librairie7l.com\/wp-content\/uploads\/2022\/08\/logo-1.png\",\"contentUrl\":\"https:\/\/librairie7l.com\/wp-content\/uploads\/2022\/08\/logo-1.png\",\"width\":227,\"height\":301,\"caption\":\"Librairie 7L\"},\"image\":{\"@id\":\"https:\/\/librairie7l.com\/en\/#\/schema\/logo\/image\/\"}}]}<\/script>\n<!-- \/ Yoast SEO plugin. -->","yoast_head_json":{"title":"DUVELLEROY ; TR\u00c9SORS DE L'\u00c9VENTAIL COUTURE PARISIEN - Librairie 7L","robots":{"index":"index","follow":"follow","max-snippet":"max-snippet:-1","max-image-preview":"max-image-preview:large","max-video-preview":"max-video-preview:-1"},"canonical":"https:\/\/librairie7l.com\/en\/produit\/duvelleroy-tresors-de-leventail-couture-parisien\/","og_locale":"en_US","og_type":"article","og_title":"DUVELLEROY ; TR\u00c9SORS DE L'\u00c9VENTAIL COUTURE PARISIEN - Librairie 7L","og_description":"Ce livre &#8211; accessible \u00e0 tous ceux qui s&#8217;int\u00e9ressent \u00e0 cet accessoire de mode mais qui ne pr\u00e9tend pas \u00eatre un ouvrage de sp\u00e9cialiste &#8211; retrace l&#8217;histoire d&#8217;une Maison fond\u00e9e en 1827, dont les \u00e9ventails couture en plumes, paillettes, sequins, dentelles pr\u00e9cieuses ou organza, qui ont fait sa r\u00e9putation dans le monde entier, ont pu, [&hellip;]","og_url":"https:\/\/librairie7l.com\/en\/produit\/duvelleroy-tresors-de-leventail-couture-parisien\/","og_site_name":"Librairie 7L","article_modified_time":"2026-04-06T00:00:12+00:00","og_image":[{"width":600,"height":743,"url":"https:\/\/librairie7l.com\/wp-content\/uploads\/2019\/05\/9782902302383_1_75.jpg","type":"image\/jpeg"}],"twitter_card":"summary_large_image","twitter_misc":{"Est. reading time":"1 minute"},"schema":{"@context":"https:\/\/schema.org","@graph":[{"@type":"WebPage","@id":"https:\/\/librairie7l.com\/en\/produit\/duvelleroy-tresors-de-leventail-couture-parisien\/","url":"https:\/\/librairie7l.com\/en\/produit\/duvelleroy-tresors-de-leventail-couture-parisien\/","name":"DUVELLEROY ; TR\u00c9SORS DE L'\u00c9VENTAIL COUTURE PARISIEN - Librairie 7L","isPartOf":{"@id":"https:\/\/librairie7l.com\/en\/#website"},"datePublished":"2023-05-10T11:31:55+00:00","dateModified":"2026-04-06T00:00:12+00:00","breadcrumb":{"@id":"https:\/\/librairie7l.com\/en\/produit\/duvelleroy-tresors-de-leventail-couture-parisien\/#breadcrumb"},"inLanguage":"en-US","potentialAction":[{"@type":"ReadAction","target":["https:\/\/librairie7l.com\/en\/produit\/duvelleroy-tresors-de-leventail-couture-parisien\/"]}]},{"@type":"BreadcrumbList","@id":"https:\/\/librairie7l.com\/en\/produit\/duvelleroy-tresors-de-leventail-couture-parisien\/#breadcrumb","itemListElement":[{"@type":"ListItem","position":1,"name":"Accueil","item":"https:\/\/librairie7l.com\/en\/"},{"@type":"ListItem","position":2,"name":"Shop","item":"https:\/\/librairie7l.com\/en\/shop\/"},{"@type":"ListItem","position":3,"name":"DUVELLEROY ; TR\u00c9SORS DE L&#8217;\u00c9VENTAIL COUTURE PARISIEN"}]},{"@type":"WebSite","@id":"https:\/\/librairie7l.com\/en\/#website","url":"https:\/\/librairie7l.com\/en\/","name":"Librairie 7L","description":"Librairie fond\u00e9e en 1999 par Karl Lagerfeld \u00e0 Paris","publisher":{"@id":"https:\/\/librairie7l.com\/en\/#organization"},"potentialAction":[{"@type":"SearchAction","target":{"@type":"EntryPoint","urlTemplate":"https:\/\/librairie7l.com\/en\/?s={search_term_string}"},"query-input":"required name=search_term_string"}],"inLanguage":"en-US"},{"@type":"Organization","@id":"https:\/\/librairie7l.com\/en\/#organization","name":"Librairie 7L","url":"https:\/\/librairie7l.com\/en\/","logo":{"@type":"ImageObject","inLanguage":"en-US","@id":"https:\/\/librairie7l.com\/en\/#\/schema\/logo\/image\/","url":"https:\/\/librairie7l.com\/wp-content\/uploads\/2022\/08\/logo-1.png","contentUrl":"https:\/\/librairie7l.com\/wp-content\/uploads\/2022\/08\/logo-1.png","width":227,"height":301,"caption":"Librairie 7L"},"image":{"@id":"https:\/\/librairie7l.com\/en\/#\/schema\/logo\/image\/"}}]}},"_links":{"self":[{"href":"https:\/\/librairie7l.com\/en\/wp-json\/wp\/v2\/product\/28387"}],"collection":[{"href":"https:\/\/librairie7l.com\/en\/wp-json\/wp\/v2\/product"}],"about":[{"href":"https:\/\/librairie7l.com\/en\/wp-json\/wp\/v2\/types\/product"}],"wp:featuredmedia":[{"embeddable":true,"href":"https:\/\/librairie7l.com\/en\/wp-json\/wp\/v2\/media\/28385"}],"wp:attachment":[{"href":"https:\/\/librairie7l.com\/en\/wp-json\/wp\/v2\/media?parent=28387"}],"wp:term":[{"taxonomy":"product_cat","embeddable":true,"href":"https:\/\/librairie7l.com\/en\/wp-json\/wp\/v2\/product_cat?post=28387"},{"taxonomy":"product_tag","embeddable":true,"href":"https:\/\/librairie7l.com\/en\/wp-json\/wp\/v2\/product_tag?post=28387"}],"curies":[{"name":"wp","href":"https:\/\/api.w.org\/{rel}","templated":true}]}}