{"id":28395,"date":"2023-05-10T13:32:02","date_gmt":"2023-05-10T11:32:02","guid":{"rendered":"https:\/\/librairie7l.com\/?post_type=product&#038;p=28395"},"modified":"2026-04-30T05:05:58","modified_gmt":"2026-04-30T03:05:58","slug":"communication-visuelle-et-design-graphique-manuel-a-lusage-des-graphistes-et-de-leurs-commanditaires","status":"publish","type":"product","link":"https:\/\/librairie7l.com\/en\/produit\/communication-visuelle-et-design-graphique-manuel-a-lusage-des-graphistes-et-de-leurs-commanditaires\/","title":{"rendered":"COMMUNICATION VISUELLE ET DESIGN GRAPHIQUE ; MANUEL \u00c0 L&#8217;USAGE DES GRAPHISTES ET DE LEURS COMMANDITAIRES"},"content":{"rendered":"<p>Faire parler les images, toucher son public, atteindre sa cible Le design graphique est un langage \u00e0 part enti\u00e8re. Il porte la communication et l&#8217;identit\u00e9 visuelles d&#8217;une marque ou d&#8217;une entreprise \u00e0 travers l&#8217;expression de concepts, de valeurs, d&#8217;id\u00e9es et d&#8217;\u00e9motions. Conna\u00eetre ses codes et sa grammaire permet non seulement de faire passer un message de fa\u00e7on juste et cibl\u00e9e, mais aussi de collaborer de mani\u00e8re efficace entre cr\u00e9atifs et commanditaires, d&#8217;optimiser le travail d&#8217;\u00e9quipe et de gagner du temps.<\/p>\n<p>Ce livre est destin\u00e9 principalement \u00e0 ceux qui souhaitent comprendre l&#8217;importance du design graphique dans la transmission d&#8217;une information. Il passe en revue ses principes fondamentaux et donne le vocabulaire qui permet d&#8217;analyser, de commenter et de critiquer des visuels. Il d\u00e9chiffre aussi le langage cach\u00e9 des formes, des couleurs et des lettres, et propose des conseils concrets pour am\u00e9liorer la lisibilit\u00e9 des documents. D\u00e8s lors, les visuels cr\u00e9\u00e9s deviennent \u00e0 eux seuls des outils de communication.<\/p>\n<p>\u00c9crit par une designer graphique \u00e9galement enseignante en communication visuelle, ce manuel tr\u00e8s complet et richement illustr\u00e9 s&#8217;adresse aussi bien aux responsables de communication et charg\u00e9s de missions en agence, qu&#8217;aux \u00e9tudiants et futurs professionnels de l&#8217;image et du design graphique.<\/p>\n","protected":false},"excerpt":{"rendered":"<p>Faire parler les images, toucher son public, atteindre sa cible Le design graphique est un langage \u00e0 part enti\u00e8re. Il porte la communication et l&#8217;identit\u00e9 visuelles d&#8217;une marque ou d&#8217;une entreprise \u00e0 travers l&#8217;expression de concepts, de valeurs, d&#8217;id\u00e9es et d&#8217;\u00e9motions. Conna\u00eetre ses codes et sa grammaire permet non seulement de faire passer un message [&hellip;]<\/p>\n","protected":false},"featured_media":28393,"template":"","meta":[],"product_cat":[55,2948,18,2952],"product_tag":[],"acf":[],"yoast_head":"<!-- This site is optimized with the Yoast SEO plugin v20.11 - https:\/\/yoast.com\/wordpress\/plugins\/seo\/ -->\n<title>COMMUNICATION VISUELLE ET DESIGN GRAPHIQUE ; MANUEL \u00c0 L&#039;USAGE DES GRAPHISTES ET DE LEURS COMMANDITAIRES - Librairie 7L<\/title>\n<meta name=\"robots\" content=\"index, follow, max-snippet:-1, max-image-preview:large, max-video-preview:-1\" \/>\n<link rel=\"canonical\" href=\"https:\/\/librairie7l.com\/en\/produit\/communication-visuelle-et-design-graphique-manuel-a-lusage-des-graphistes-et-de-leurs-commanditaires\/\" \/>\n<meta property=\"og:locale\" content=\"en_US\" \/>\n<meta property=\"og:type\" content=\"article\" \/>\n<meta property=\"og:title\" content=\"COMMUNICATION VISUELLE ET DESIGN GRAPHIQUE ; MANUEL \u00c0 L&#039;USAGE DES GRAPHISTES ET DE LEURS COMMANDITAIRES - Librairie 7L\" \/>\n<meta property=\"og:description\" content=\"Faire parler les images, toucher son public, atteindre sa cible Le design graphique est un langage \u00e0 part enti\u00e8re. Il porte la communication et l&#8217;identit\u00e9 visuelles d&#8217;une marque ou d&#8217;une entreprise \u00e0 travers l&#8217;expression de concepts, de valeurs, d&#8217;id\u00e9es et d&#8217;\u00e9motions. Conna\u00eetre ses codes et sa grammaire permet non seulement de faire passer un message [&hellip;]\" \/>\n<meta property=\"og:url\" content=\"https:\/\/librairie7l.com\/en\/produit\/communication-visuelle-et-design-graphique-manuel-a-lusage-des-graphistes-et-de-leurs-commanditaires\/\" \/>\n<meta property=\"og:site_name\" content=\"Librairie 7L\" \/>\n<meta property=\"article:modified_time\" content=\"2026-04-30T03:05:58+00:00\" \/>\n<meta property=\"og:image\" content=\"https:\/\/librairie7l.com\/wp-content\/uploads\/2019\/06\/9782212119282_1_75.jpg\" \/>\n\t<meta property=\"og:image:width\" content=\"600\" \/>\n\t<meta property=\"og:image:height\" content=\"665\" \/>\n\t<meta property=\"og:image:type\" content=\"image\/jpeg\" \/>\n<meta name=\"twitter:card\" content=\"summary_large_image\" \/>\n<meta name=\"twitter:label1\" content=\"Est. reading time\" \/>\n\t<meta name=\"twitter:data1\" content=\"1 minute\" \/>\n<script type=\"application\/ld+json\" class=\"yoast-schema-graph\">{\"@context\":\"https:\/\/schema.org\",\"@graph\":[{\"@type\":\"WebPage\",\"@id\":\"https:\/\/librairie7l.com\/en\/produit\/communication-visuelle-et-design-graphique-manuel-a-lusage-des-graphistes-et-de-leurs-commanditaires\/\",\"url\":\"https:\/\/librairie7l.com\/en\/produit\/communication-visuelle-et-design-graphique-manuel-a-lusage-des-graphistes-et-de-leurs-commanditaires\/\",\"name\":\"COMMUNICATION VISUELLE ET DESIGN GRAPHIQUE ; MANUEL \u00c0 L'USAGE DES GRAPHISTES ET DE LEURS COMMANDITAIRES - Librairie 7L\",\"isPartOf\":{\"@id\":\"https:\/\/librairie7l.com\/en\/#website\"},\"datePublished\":\"2023-05-10T11:32:02+00:00\",\"dateModified\":\"2026-04-30T03:05:58+00:00\",\"breadcrumb\":{\"@id\":\"https:\/\/librairie7l.com\/en\/produit\/communication-visuelle-et-design-graphique-manuel-a-lusage-des-graphistes-et-de-leurs-commanditaires\/#breadcrumb\"},\"inLanguage\":\"en-US\",\"potentialAction\":[{\"@type\":\"ReadAction\",\"target\":[\"https:\/\/librairie7l.com\/en\/produit\/communication-visuelle-et-design-graphique-manuel-a-lusage-des-graphistes-et-de-leurs-commanditaires\/\"]}]},{\"@type\":\"BreadcrumbList\",\"@id\":\"https:\/\/librairie7l.com\/en\/produit\/communication-visuelle-et-design-graphique-manuel-a-lusage-des-graphistes-et-de-leurs-commanditaires\/#breadcrumb\",\"itemListElement\":[{\"@type\":\"ListItem\",\"position\":1,\"name\":\"Accueil\",\"item\":\"https:\/\/librairie7l.com\/en\/\"},{\"@type\":\"ListItem\",\"position\":2,\"name\":\"Shop\",\"item\":\"https:\/\/librairie7l.com\/en\/shop\/\"},{\"@type\":\"ListItem\",\"position\":3,\"name\":\"COMMUNICATION VISUELLE ET DESIGN GRAPHIQUE ; MANUEL \u00c0 L&#8217;USAGE DES GRAPHISTES ET DE LEURS COMMANDITAIRES\"}]},{\"@type\":\"WebSite\",\"@id\":\"https:\/\/librairie7l.com\/en\/#website\",\"url\":\"https:\/\/librairie7l.com\/en\/\",\"name\":\"Librairie 7L\",\"description\":\"Librairie fond\u00e9e en 1999 par Karl Lagerfeld \u00e0 Paris\",\"publisher\":{\"@id\":\"https:\/\/librairie7l.com\/en\/#organization\"},\"potentialAction\":[{\"@type\":\"SearchAction\",\"target\":{\"@type\":\"EntryPoint\",\"urlTemplate\":\"https:\/\/librairie7l.com\/en\/?s={search_term_string}\"},\"query-input\":\"required name=search_term_string\"}],\"inLanguage\":\"en-US\"},{\"@type\":\"Organization\",\"@id\":\"https:\/\/librairie7l.com\/en\/#organization\",\"name\":\"Librairie 7L\",\"url\":\"https:\/\/librairie7l.com\/en\/\",\"logo\":{\"@type\":\"ImageObject\",\"inLanguage\":\"en-US\",\"@id\":\"https:\/\/librairie7l.com\/en\/#\/schema\/logo\/image\/\",\"url\":\"https:\/\/librairie7l.com\/wp-content\/uploads\/2022\/08\/logo-1.png\",\"contentUrl\":\"https:\/\/librairie7l.com\/wp-content\/uploads\/2022\/08\/logo-1.png\",\"width\":227,\"height\":301,\"caption\":\"Librairie 7L\"},\"image\":{\"@id\":\"https:\/\/librairie7l.com\/en\/#\/schema\/logo\/image\/\"}}]}<\/script>\n<!-- \/ Yoast SEO plugin. -->","yoast_head_json":{"title":"COMMUNICATION VISUELLE ET DESIGN GRAPHIQUE ; MANUEL \u00c0 L'USAGE DES GRAPHISTES ET DE LEURS COMMANDITAIRES - Librairie 7L","robots":{"index":"index","follow":"follow","max-snippet":"max-snippet:-1","max-image-preview":"max-image-preview:large","max-video-preview":"max-video-preview:-1"},"canonical":"https:\/\/librairie7l.com\/en\/produit\/communication-visuelle-et-design-graphique-manuel-a-lusage-des-graphistes-et-de-leurs-commanditaires\/","og_locale":"en_US","og_type":"article","og_title":"COMMUNICATION VISUELLE ET DESIGN GRAPHIQUE ; MANUEL \u00c0 L'USAGE DES GRAPHISTES ET DE LEURS COMMANDITAIRES - Librairie 7L","og_description":"Faire parler les images, toucher son public, atteindre sa cible Le design graphique est un langage \u00e0 part enti\u00e8re. Il porte la communication et l&#8217;identit\u00e9 visuelles d&#8217;une marque ou d&#8217;une entreprise \u00e0 travers l&#8217;expression de concepts, de valeurs, d&#8217;id\u00e9es et d&#8217;\u00e9motions. Conna\u00eetre ses codes et sa grammaire permet non seulement de faire passer un message [&hellip;]","og_url":"https:\/\/librairie7l.com\/en\/produit\/communication-visuelle-et-design-graphique-manuel-a-lusage-des-graphistes-et-de-leurs-commanditaires\/","og_site_name":"Librairie 7L","article_modified_time":"2026-04-30T03:05:58+00:00","og_image":[{"width":600,"height":665,"url":"https:\/\/librairie7l.com\/wp-content\/uploads\/2019\/06\/9782212119282_1_75.jpg","type":"image\/jpeg"}],"twitter_card":"summary_large_image","twitter_misc":{"Est. reading time":"1 minute"},"schema":{"@context":"https:\/\/schema.org","@graph":[{"@type":"WebPage","@id":"https:\/\/librairie7l.com\/en\/produit\/communication-visuelle-et-design-graphique-manuel-a-lusage-des-graphistes-et-de-leurs-commanditaires\/","url":"https:\/\/librairie7l.com\/en\/produit\/communication-visuelle-et-design-graphique-manuel-a-lusage-des-graphistes-et-de-leurs-commanditaires\/","name":"COMMUNICATION VISUELLE ET DESIGN GRAPHIQUE ; MANUEL \u00c0 L'USAGE DES GRAPHISTES ET DE LEURS COMMANDITAIRES - Librairie 7L","isPartOf":{"@id":"https:\/\/librairie7l.com\/en\/#website"},"datePublished":"2023-05-10T11:32:02+00:00","dateModified":"2026-04-30T03:05:58+00:00","breadcrumb":{"@id":"https:\/\/librairie7l.com\/en\/produit\/communication-visuelle-et-design-graphique-manuel-a-lusage-des-graphistes-et-de-leurs-commanditaires\/#breadcrumb"},"inLanguage":"en-US","potentialAction":[{"@type":"ReadAction","target":["https:\/\/librairie7l.com\/en\/produit\/communication-visuelle-et-design-graphique-manuel-a-lusage-des-graphistes-et-de-leurs-commanditaires\/"]}]},{"@type":"BreadcrumbList","@id":"https:\/\/librairie7l.com\/en\/produit\/communication-visuelle-et-design-graphique-manuel-a-lusage-des-graphistes-et-de-leurs-commanditaires\/#breadcrumb","itemListElement":[{"@type":"ListItem","position":1,"name":"Accueil","item":"https:\/\/librairie7l.com\/en\/"},{"@type":"ListItem","position":2,"name":"Shop","item":"https:\/\/librairie7l.com\/en\/shop\/"},{"@type":"ListItem","position":3,"name":"COMMUNICATION VISUELLE ET DESIGN GRAPHIQUE ; MANUEL \u00c0 L&#8217;USAGE DES GRAPHISTES ET DE LEURS COMMANDITAIRES"}]},{"@type":"WebSite","@id":"https:\/\/librairie7l.com\/en\/#website","url":"https:\/\/librairie7l.com\/en\/","name":"Librairie 7L","description":"Librairie fond\u00e9e en 1999 par Karl Lagerfeld \u00e0 Paris","publisher":{"@id":"https:\/\/librairie7l.com\/en\/#organization"},"potentialAction":[{"@type":"SearchAction","target":{"@type":"EntryPoint","urlTemplate":"https:\/\/librairie7l.com\/en\/?s={search_term_string}"},"query-input":"required name=search_term_string"}],"inLanguage":"en-US"},{"@type":"Organization","@id":"https:\/\/librairie7l.com\/en\/#organization","name":"Librairie 7L","url":"https:\/\/librairie7l.com\/en\/","logo":{"@type":"ImageObject","inLanguage":"en-US","@id":"https:\/\/librairie7l.com\/en\/#\/schema\/logo\/image\/","url":"https:\/\/librairie7l.com\/wp-content\/uploads\/2022\/08\/logo-1.png","contentUrl":"https:\/\/librairie7l.com\/wp-content\/uploads\/2022\/08\/logo-1.png","width":227,"height":301,"caption":"Librairie 7L"},"image":{"@id":"https:\/\/librairie7l.com\/en\/#\/schema\/logo\/image\/"}}]}},"_links":{"self":[{"href":"https:\/\/librairie7l.com\/en\/wp-json\/wp\/v2\/product\/28395"}],"collection":[{"href":"https:\/\/librairie7l.com\/en\/wp-json\/wp\/v2\/product"}],"about":[{"href":"https:\/\/librairie7l.com\/en\/wp-json\/wp\/v2\/types\/product"}],"wp:featuredmedia":[{"embeddable":true,"href":"https:\/\/librairie7l.com\/en\/wp-json\/wp\/v2\/media\/28393"}],"wp:attachment":[{"href":"https:\/\/librairie7l.com\/en\/wp-json\/wp\/v2\/media?parent=28395"}],"wp:term":[{"taxonomy":"product_cat","embeddable":true,"href":"https:\/\/librairie7l.com\/en\/wp-json\/wp\/v2\/product_cat?post=28395"},{"taxonomy":"product_tag","embeddable":true,"href":"https:\/\/librairie7l.com\/en\/wp-json\/wp\/v2\/product_tag?post=28395"}],"curies":[{"name":"wp","href":"https:\/\/api.w.org\/{rel}","templated":true}]}}