{"id":28403,"date":"2023-05-10T13:32:14","date_gmt":"2023-05-10T11:32:14","guid":{"rendered":"https:\/\/librairie7l.com\/?post_type=product&#038;p=28403"},"modified":"2026-04-06T17:08:15","modified_gmt":"2026-04-06T15:08:15","slug":"les-secrets-du-luxe","status":"publish","type":"product","link":"https:\/\/librairie7l.com\/en\/produit\/les-secrets-du-luxe\/","title":{"rendered":"LES SECRETS DU LUXE"},"content":{"rendered":"<p>Le fait est admis dans le monde entier  : le luxe est fran\u00e7ais. Mais il n&#8217;est de certitude qui ne s&#8217;interroge  ! Laurence Picot m\u00e8ne une passionnante enqu\u00eate \u00e0 travers l&#8217;histoire. On y apprend comment la France a pioch\u00e9 chez ses voisins, comme dans la lointaine Asie, pour inventer les industries du luxe. La d\u00e9cision fut prise quand le royaume souffrait  : les caisses \u00e9taient vides, le ch\u00f4mage galopant, et une pand\u00e9mie encore active&#8230; En 1663, le redressement du royaume passe par l&#8217;invention d&#8217;un luxe \u00e0 la fran\u00e7aise. Lanc\u00e9e par Colbert et Louis XIV, une strat\u00e9gie politique unique m\u00e9tamorphose la France en berceau du luxe. \u00c9voquant les arts et les sciences au service des orf\u00e8vres, malletiers, stylistes, cristalliers, horlogers et parfumeurs, cet ouvrage retrace trois si\u00e8cles d&#8217;une \u00e9pop\u00e9e encore jamais r\u00e9v\u00e9l\u00e9e.<\/p>\n","protected":false},"excerpt":{"rendered":"<p>Le fait est admis dans le monde entier : le luxe est fran\u00e7ais. Mais il n&#8217;est de certitude qui ne s&#8217;interroge ! Laurence Picot m\u00e8ne une passionnante enqu\u00eate \u00e0 travers l&#8217;histoire. On y apprend comment la France a pioch\u00e9 chez ses voisins, comme dans la lointaine Asie, pour inventer les industries du luxe. La d\u00e9cision [&hellip;]<\/p>\n","protected":false},"featured_media":28401,"template":"","meta":[],"product_cat":[55,2948,2957,19],"product_tag":[],"acf":[],"yoast_head":"<!-- This site is optimized with the Yoast SEO plugin v20.11 - https:\/\/yoast.com\/wordpress\/plugins\/seo\/ -->\n<title>LES SECRETS DU LUXE - Librairie 7L<\/title>\n<meta name=\"robots\" content=\"index, follow, max-snippet:-1, max-image-preview:large, max-video-preview:-1\" \/>\n<link rel=\"canonical\" href=\"https:\/\/librairie7l.com\/en\/produit\/les-secrets-du-luxe\/\" \/>\n<meta property=\"og:locale\" content=\"en_US\" \/>\n<meta property=\"og:type\" content=\"article\" \/>\n<meta property=\"og:title\" content=\"LES SECRETS DU LUXE - Librairie 7L\" \/>\n<meta property=\"og:description\" content=\"Le fait est admis dans le monde entier : le luxe est fran\u00e7ais. Mais il n&#8217;est de certitude qui ne s&#8217;interroge ! Laurence Picot m\u00e8ne une passionnante enqu\u00eate \u00e0 travers l&#8217;histoire. On y apprend comment la France a pioch\u00e9 chez ses voisins, comme dans la lointaine Asie, pour inventer les industries du luxe. La d\u00e9cision [&hellip;]\" \/>\n<meta property=\"og:url\" content=\"https:\/\/librairie7l.com\/en\/produit\/les-secrets-du-luxe\/\" \/>\n<meta property=\"og:site_name\" content=\"Librairie 7L\" \/>\n<meta property=\"article:modified_time\" content=\"2026-04-06T15:08:15+00:00\" \/>\n<meta property=\"og:image\" content=\"https:\/\/librairie7l.com\/wp-content\/uploads\/2020\/06\/9782376713159_1_75.jpg\" \/>\n\t<meta property=\"og:image:width\" content=\"600\" \/>\n\t<meta property=\"og:image:height\" content=\"831\" \/>\n\t<meta property=\"og:image:type\" content=\"image\/jpeg\" \/>\n<meta name=\"twitter:card\" content=\"summary_large_image\" \/>\n<meta name=\"twitter:label1\" content=\"Est. reading time\" \/>\n\t<meta name=\"twitter:data1\" content=\"1 minute\" \/>\n<script type=\"application\/ld+json\" class=\"yoast-schema-graph\">{\"@context\":\"https:\/\/schema.org\",\"@graph\":[{\"@type\":\"WebPage\",\"@id\":\"https:\/\/librairie7l.com\/en\/produit\/les-secrets-du-luxe\/\",\"url\":\"https:\/\/librairie7l.com\/en\/produit\/les-secrets-du-luxe\/\",\"name\":\"LES SECRETS DU LUXE - Librairie 7L\",\"isPartOf\":{\"@id\":\"https:\/\/librairie7l.com\/en\/#website\"},\"datePublished\":\"2023-05-10T11:32:14+00:00\",\"dateModified\":\"2026-04-06T15:08:15+00:00\",\"breadcrumb\":{\"@id\":\"https:\/\/librairie7l.com\/en\/produit\/les-secrets-du-luxe\/#breadcrumb\"},\"inLanguage\":\"en-US\",\"potentialAction\":[{\"@type\":\"ReadAction\",\"target\":[\"https:\/\/librairie7l.com\/en\/produit\/les-secrets-du-luxe\/\"]}]},{\"@type\":\"BreadcrumbList\",\"@id\":\"https:\/\/librairie7l.com\/en\/produit\/les-secrets-du-luxe\/#breadcrumb\",\"itemListElement\":[{\"@type\":\"ListItem\",\"position\":1,\"name\":\"Accueil\",\"item\":\"https:\/\/librairie7l.com\/en\/\"},{\"@type\":\"ListItem\",\"position\":2,\"name\":\"Shop\",\"item\":\"https:\/\/librairie7l.com\/en\/shop\/\"},{\"@type\":\"ListItem\",\"position\":3,\"name\":\"LES SECRETS DU LUXE\"}]},{\"@type\":\"WebSite\",\"@id\":\"https:\/\/librairie7l.com\/en\/#website\",\"url\":\"https:\/\/librairie7l.com\/en\/\",\"name\":\"Librairie 7L\",\"description\":\"Librairie fond\u00e9e en 1999 par Karl Lagerfeld \u00e0 Paris\",\"publisher\":{\"@id\":\"https:\/\/librairie7l.com\/en\/#organization\"},\"potentialAction\":[{\"@type\":\"SearchAction\",\"target\":{\"@type\":\"EntryPoint\",\"urlTemplate\":\"https:\/\/librairie7l.com\/en\/?s={search_term_string}\"},\"query-input\":\"required name=search_term_string\"}],\"inLanguage\":\"en-US\"},{\"@type\":\"Organization\",\"@id\":\"https:\/\/librairie7l.com\/en\/#organization\",\"name\":\"Librairie 7L\",\"url\":\"https:\/\/librairie7l.com\/en\/\",\"logo\":{\"@type\":\"ImageObject\",\"inLanguage\":\"en-US\",\"@id\":\"https:\/\/librairie7l.com\/en\/#\/schema\/logo\/image\/\",\"url\":\"https:\/\/librairie7l.com\/wp-content\/uploads\/2022\/08\/logo-1.png\",\"contentUrl\":\"https:\/\/librairie7l.com\/wp-content\/uploads\/2022\/08\/logo-1.png\",\"width\":227,\"height\":301,\"caption\":\"Librairie 7L\"},\"image\":{\"@id\":\"https:\/\/librairie7l.com\/en\/#\/schema\/logo\/image\/\"}}]}<\/script>\n<!-- \/ Yoast SEO plugin. -->","yoast_head_json":{"title":"LES SECRETS DU LUXE - Librairie 7L","robots":{"index":"index","follow":"follow","max-snippet":"max-snippet:-1","max-image-preview":"max-image-preview:large","max-video-preview":"max-video-preview:-1"},"canonical":"https:\/\/librairie7l.com\/en\/produit\/les-secrets-du-luxe\/","og_locale":"en_US","og_type":"article","og_title":"LES SECRETS DU LUXE - Librairie 7L","og_description":"Le fait est admis dans le monde entier : le luxe est fran\u00e7ais. Mais il n&#8217;est de certitude qui ne s&#8217;interroge ! Laurence Picot m\u00e8ne une passionnante enqu\u00eate \u00e0 travers l&#8217;histoire. On y apprend comment la France a pioch\u00e9 chez ses voisins, comme dans la lointaine Asie, pour inventer les industries du luxe. La d\u00e9cision [&hellip;]","og_url":"https:\/\/librairie7l.com\/en\/produit\/les-secrets-du-luxe\/","og_site_name":"Librairie 7L","article_modified_time":"2026-04-06T15:08:15+00:00","og_image":[{"width":600,"height":831,"url":"https:\/\/librairie7l.com\/wp-content\/uploads\/2020\/06\/9782376713159_1_75.jpg","type":"image\/jpeg"}],"twitter_card":"summary_large_image","twitter_misc":{"Est. reading time":"1 minute"},"schema":{"@context":"https:\/\/schema.org","@graph":[{"@type":"WebPage","@id":"https:\/\/librairie7l.com\/en\/produit\/les-secrets-du-luxe\/","url":"https:\/\/librairie7l.com\/en\/produit\/les-secrets-du-luxe\/","name":"LES SECRETS DU LUXE - Librairie 7L","isPartOf":{"@id":"https:\/\/librairie7l.com\/en\/#website"},"datePublished":"2023-05-10T11:32:14+00:00","dateModified":"2026-04-06T15:08:15+00:00","breadcrumb":{"@id":"https:\/\/librairie7l.com\/en\/produit\/les-secrets-du-luxe\/#breadcrumb"},"inLanguage":"en-US","potentialAction":[{"@type":"ReadAction","target":["https:\/\/librairie7l.com\/en\/produit\/les-secrets-du-luxe\/"]}]},{"@type":"BreadcrumbList","@id":"https:\/\/librairie7l.com\/en\/produit\/les-secrets-du-luxe\/#breadcrumb","itemListElement":[{"@type":"ListItem","position":1,"name":"Accueil","item":"https:\/\/librairie7l.com\/en\/"},{"@type":"ListItem","position":2,"name":"Shop","item":"https:\/\/librairie7l.com\/en\/shop\/"},{"@type":"ListItem","position":3,"name":"LES SECRETS DU LUXE"}]},{"@type":"WebSite","@id":"https:\/\/librairie7l.com\/en\/#website","url":"https:\/\/librairie7l.com\/en\/","name":"Librairie 7L","description":"Librairie fond\u00e9e en 1999 par Karl Lagerfeld \u00e0 Paris","publisher":{"@id":"https:\/\/librairie7l.com\/en\/#organization"},"potentialAction":[{"@type":"SearchAction","target":{"@type":"EntryPoint","urlTemplate":"https:\/\/librairie7l.com\/en\/?s={search_term_string}"},"query-input":"required name=search_term_string"}],"inLanguage":"en-US"},{"@type":"Organization","@id":"https:\/\/librairie7l.com\/en\/#organization","name":"Librairie 7L","url":"https:\/\/librairie7l.com\/en\/","logo":{"@type":"ImageObject","inLanguage":"en-US","@id":"https:\/\/librairie7l.com\/en\/#\/schema\/logo\/image\/","url":"https:\/\/librairie7l.com\/wp-content\/uploads\/2022\/08\/logo-1.png","contentUrl":"https:\/\/librairie7l.com\/wp-content\/uploads\/2022\/08\/logo-1.png","width":227,"height":301,"caption":"Librairie 7L"},"image":{"@id":"https:\/\/librairie7l.com\/en\/#\/schema\/logo\/image\/"}}]}},"_links":{"self":[{"href":"https:\/\/librairie7l.com\/en\/wp-json\/wp\/v2\/product\/28403"}],"collection":[{"href":"https:\/\/librairie7l.com\/en\/wp-json\/wp\/v2\/product"}],"about":[{"href":"https:\/\/librairie7l.com\/en\/wp-json\/wp\/v2\/types\/product"}],"wp:featuredmedia":[{"embeddable":true,"href":"https:\/\/librairie7l.com\/en\/wp-json\/wp\/v2\/media\/28401"}],"wp:attachment":[{"href":"https:\/\/librairie7l.com\/en\/wp-json\/wp\/v2\/media?parent=28403"}],"wp:term":[{"taxonomy":"product_cat","embeddable":true,"href":"https:\/\/librairie7l.com\/en\/wp-json\/wp\/v2\/product_cat?post=28403"},{"taxonomy":"product_tag","embeddable":true,"href":"https:\/\/librairie7l.com\/en\/wp-json\/wp\/v2\/product_tag?post=28403"}],"curies":[{"name":"wp","href":"https:\/\/api.w.org\/{rel}","templated":true}]}}