{"id":28435,"date":"2023-05-10T13:33:45","date_gmt":"2023-05-10T11:33:45","guid":{"rendered":"https:\/\/librairie7l.com\/?post_type=product&#038;p=28435"},"modified":"2026-05-09T00:06:03","modified_gmt":"2026-05-08T22:06:03","slug":"helmut-newton-pola-woman-new-ed-hardback-francais-anglais-allemand","status":"publish","type":"product","link":"https:\/\/librairie7l.com\/en\/produit\/helmut-newton-pola-woman-new-ed-hardback-francais-anglais-allemand\/","title":{"rendered":"HELMUT NEWTON POLA WOMAN NEW ED (HARDBACK) \/FRANCAIS\/ANGLAIS\/ALLEMAND"},"content":{"rendered":"<p>R\u00e9\u00e9dition pour cet ouvrage culte d&#8217;abord publi\u00e9 en 1992, ce livre rassemble les polaroids choisis par le photographe parmi un ensemble pris au fil de sa cari\u00e8re pendant ses shootings. Ils m\u00e9langent noir et blanc et couleur.<\/p>\n","protected":false},"excerpt":{"rendered":"<p>R\u00e9\u00e9dition pour cet ouvrage culte d&#8217;abord publi\u00e9 en 1992, ce livre rassemble les polaroids choisis par le photographe parmi un ensemble pris au fil de sa cari\u00e8re pendant ses shootings. Ils m\u00e9langent noir et blanc et couleur.<\/p>\n","protected":false},"featured_media":28433,"template":"","meta":[],"product_cat":[55,2948,2958,17],"product_tag":[],"acf":[],"yoast_head":"<!-- This site is optimized with the Yoast SEO plugin v20.11 - https:\/\/yoast.com\/wordpress\/plugins\/seo\/ -->\n<title>HELMUT NEWTON POLA WOMAN NEW ED (HARDBACK) \/FRANCAIS\/ANGLAIS\/ALLEMAND - Librairie 7L<\/title>\n<meta name=\"robots\" content=\"index, follow, max-snippet:-1, max-image-preview:large, max-video-preview:-1\" \/>\n<link rel=\"canonical\" href=\"https:\/\/librairie7l.com\/en\/produit\/helmut-newton-pola-woman-new-ed-hardback-francais-anglais-allemand\/\" \/>\n<meta property=\"og:locale\" content=\"en_US\" \/>\n<meta property=\"og:type\" content=\"article\" \/>\n<meta property=\"og:title\" content=\"HELMUT NEWTON POLA WOMAN NEW ED (HARDBACK) \/FRANCAIS\/ANGLAIS\/ALLEMAND - Librairie 7L\" \/>\n<meta property=\"og:description\" content=\"R\u00e9\u00e9dition pour cet ouvrage culte d&#8217;abord publi\u00e9 en 1992, ce livre rassemble les polaroids choisis par le photographe parmi un ensemble pris au fil de sa cari\u00e8re pendant ses shootings. Ils m\u00e9langent noir et blanc et couleur.\" \/>\n<meta property=\"og:url\" content=\"https:\/\/librairie7l.com\/en\/produit\/helmut-newton-pola-woman-new-ed-hardback-francais-anglais-allemand\/\" \/>\n<meta property=\"og:site_name\" content=\"Librairie 7L\" \/>\n<meta property=\"article:modified_time\" content=\"2026-05-08T22:06:03+00:00\" \/>\n<meta property=\"og:image\" content=\"https:\/\/librairie7l.com\/wp-content\/uploads\/2020\/01\/9783829608879_1_75.jpg\" \/>\n\t<meta property=\"og:image:width\" content=\"483\" \/>\n\t<meta property=\"og:image:height\" content=\"648\" \/>\n\t<meta property=\"og:image:type\" content=\"image\/jpeg\" \/>\n<meta name=\"twitter:card\" content=\"summary_large_image\" \/>\n<script type=\"application\/ld+json\" class=\"yoast-schema-graph\">{\"@context\":\"https:\/\/schema.org\",\"@graph\":[{\"@type\":\"WebPage\",\"@id\":\"https:\/\/librairie7l.com\/en\/produit\/helmut-newton-pola-woman-new-ed-hardback-francais-anglais-allemand\/\",\"url\":\"https:\/\/librairie7l.com\/en\/produit\/helmut-newton-pola-woman-new-ed-hardback-francais-anglais-allemand\/\",\"name\":\"HELMUT NEWTON POLA WOMAN NEW ED (HARDBACK) \/FRANCAIS\/ANGLAIS\/ALLEMAND - Librairie 7L\",\"isPartOf\":{\"@id\":\"https:\/\/librairie7l.com\/en\/#website\"},\"datePublished\":\"2023-05-10T11:33:45+00:00\",\"dateModified\":\"2026-05-08T22:06:03+00:00\",\"breadcrumb\":{\"@id\":\"https:\/\/librairie7l.com\/en\/produit\/helmut-newton-pola-woman-new-ed-hardback-francais-anglais-allemand\/#breadcrumb\"},\"inLanguage\":\"en-US\",\"potentialAction\":[{\"@type\":\"ReadAction\",\"target\":[\"https:\/\/librairie7l.com\/en\/produit\/helmut-newton-pola-woman-new-ed-hardback-francais-anglais-allemand\/\"]}]},{\"@type\":\"BreadcrumbList\",\"@id\":\"https:\/\/librairie7l.com\/en\/produit\/helmut-newton-pola-woman-new-ed-hardback-francais-anglais-allemand\/#breadcrumb\",\"itemListElement\":[{\"@type\":\"ListItem\",\"position\":1,\"name\":\"Accueil\",\"item\":\"https:\/\/librairie7l.com\/en\/\"},{\"@type\":\"ListItem\",\"position\":2,\"name\":\"Shop\",\"item\":\"https:\/\/librairie7l.com\/en\/shop\/\"},{\"@type\":\"ListItem\",\"position\":3,\"name\":\"HELMUT NEWTON POLA WOMAN NEW ED (HARDBACK) \/FRANCAIS\/ANGLAIS\/ALLEMAND\"}]},{\"@type\":\"WebSite\",\"@id\":\"https:\/\/librairie7l.com\/en\/#website\",\"url\":\"https:\/\/librairie7l.com\/en\/\",\"name\":\"Librairie 7L\",\"description\":\"Librairie fond\u00e9e en 1999 par Karl Lagerfeld \u00e0 Paris\",\"publisher\":{\"@id\":\"https:\/\/librairie7l.com\/en\/#organization\"},\"potentialAction\":[{\"@type\":\"SearchAction\",\"target\":{\"@type\":\"EntryPoint\",\"urlTemplate\":\"https:\/\/librairie7l.com\/en\/?s={search_term_string}\"},\"query-input\":\"required name=search_term_string\"}],\"inLanguage\":\"en-US\"},{\"@type\":\"Organization\",\"@id\":\"https:\/\/librairie7l.com\/en\/#organization\",\"name\":\"Librairie 7L\",\"url\":\"https:\/\/librairie7l.com\/en\/\",\"logo\":{\"@type\":\"ImageObject\",\"inLanguage\":\"en-US\",\"@id\":\"https:\/\/librairie7l.com\/en\/#\/schema\/logo\/image\/\",\"url\":\"https:\/\/librairie7l.com\/wp-content\/uploads\/2022\/08\/logo-1.png\",\"contentUrl\":\"https:\/\/librairie7l.com\/wp-content\/uploads\/2022\/08\/logo-1.png\",\"width\":227,\"height\":301,\"caption\":\"Librairie 7L\"},\"image\":{\"@id\":\"https:\/\/librairie7l.com\/en\/#\/schema\/logo\/image\/\"}}]}<\/script>\n<!-- \/ Yoast SEO plugin. -->","yoast_head_json":{"title":"HELMUT NEWTON POLA WOMAN NEW ED (HARDBACK) \/FRANCAIS\/ANGLAIS\/ALLEMAND - Librairie 7L","robots":{"index":"index","follow":"follow","max-snippet":"max-snippet:-1","max-image-preview":"max-image-preview:large","max-video-preview":"max-video-preview:-1"},"canonical":"https:\/\/librairie7l.com\/en\/produit\/helmut-newton-pola-woman-new-ed-hardback-francais-anglais-allemand\/","og_locale":"en_US","og_type":"article","og_title":"HELMUT NEWTON POLA WOMAN NEW ED (HARDBACK) \/FRANCAIS\/ANGLAIS\/ALLEMAND - Librairie 7L","og_description":"R\u00e9\u00e9dition pour cet ouvrage culte d&#8217;abord publi\u00e9 en 1992, ce livre rassemble les polaroids choisis par le photographe parmi un ensemble pris au fil de sa cari\u00e8re pendant ses shootings. Ils m\u00e9langent noir et blanc et couleur.","og_url":"https:\/\/librairie7l.com\/en\/produit\/helmut-newton-pola-woman-new-ed-hardback-francais-anglais-allemand\/","og_site_name":"Librairie 7L","article_modified_time":"2026-05-08T22:06:03+00:00","og_image":[{"width":483,"height":648,"url":"https:\/\/librairie7l.com\/wp-content\/uploads\/2020\/01\/9783829608879_1_75.jpg","type":"image\/jpeg"}],"twitter_card":"summary_large_image","schema":{"@context":"https:\/\/schema.org","@graph":[{"@type":"WebPage","@id":"https:\/\/librairie7l.com\/en\/produit\/helmut-newton-pola-woman-new-ed-hardback-francais-anglais-allemand\/","url":"https:\/\/librairie7l.com\/en\/produit\/helmut-newton-pola-woman-new-ed-hardback-francais-anglais-allemand\/","name":"HELMUT NEWTON POLA WOMAN NEW ED (HARDBACK) \/FRANCAIS\/ANGLAIS\/ALLEMAND - Librairie 7L","isPartOf":{"@id":"https:\/\/librairie7l.com\/en\/#website"},"datePublished":"2023-05-10T11:33:45+00:00","dateModified":"2026-05-08T22:06:03+00:00","breadcrumb":{"@id":"https:\/\/librairie7l.com\/en\/produit\/helmut-newton-pola-woman-new-ed-hardback-francais-anglais-allemand\/#breadcrumb"},"inLanguage":"en-US","potentialAction":[{"@type":"ReadAction","target":["https:\/\/librairie7l.com\/en\/produit\/helmut-newton-pola-woman-new-ed-hardback-francais-anglais-allemand\/"]}]},{"@type":"BreadcrumbList","@id":"https:\/\/librairie7l.com\/en\/produit\/helmut-newton-pola-woman-new-ed-hardback-francais-anglais-allemand\/#breadcrumb","itemListElement":[{"@type":"ListItem","position":1,"name":"Accueil","item":"https:\/\/librairie7l.com\/en\/"},{"@type":"ListItem","position":2,"name":"Shop","item":"https:\/\/librairie7l.com\/en\/shop\/"},{"@type":"ListItem","position":3,"name":"HELMUT NEWTON POLA WOMAN NEW ED (HARDBACK) \/FRANCAIS\/ANGLAIS\/ALLEMAND"}]},{"@type":"WebSite","@id":"https:\/\/librairie7l.com\/en\/#website","url":"https:\/\/librairie7l.com\/en\/","name":"Librairie 7L","description":"Librairie fond\u00e9e en 1999 par Karl Lagerfeld \u00e0 Paris","publisher":{"@id":"https:\/\/librairie7l.com\/en\/#organization"},"potentialAction":[{"@type":"SearchAction","target":{"@type":"EntryPoint","urlTemplate":"https:\/\/librairie7l.com\/en\/?s={search_term_string}"},"query-input":"required name=search_term_string"}],"inLanguage":"en-US"},{"@type":"Organization","@id":"https:\/\/librairie7l.com\/en\/#organization","name":"Librairie 7L","url":"https:\/\/librairie7l.com\/en\/","logo":{"@type":"ImageObject","inLanguage":"en-US","@id":"https:\/\/librairie7l.com\/en\/#\/schema\/logo\/image\/","url":"https:\/\/librairie7l.com\/wp-content\/uploads\/2022\/08\/logo-1.png","contentUrl":"https:\/\/librairie7l.com\/wp-content\/uploads\/2022\/08\/logo-1.png","width":227,"height":301,"caption":"Librairie 7L"},"image":{"@id":"https:\/\/librairie7l.com\/en\/#\/schema\/logo\/image\/"}}]}},"_links":{"self":[{"href":"https:\/\/librairie7l.com\/en\/wp-json\/wp\/v2\/product\/28435"}],"collection":[{"href":"https:\/\/librairie7l.com\/en\/wp-json\/wp\/v2\/product"}],"about":[{"href":"https:\/\/librairie7l.com\/en\/wp-json\/wp\/v2\/types\/product"}],"wp:featuredmedia":[{"embeddable":true,"href":"https:\/\/librairie7l.com\/en\/wp-json\/wp\/v2\/media\/28433"}],"wp:attachment":[{"href":"https:\/\/librairie7l.com\/en\/wp-json\/wp\/v2\/media?parent=28435"}],"wp:term":[{"taxonomy":"product_cat","embeddable":true,"href":"https:\/\/librairie7l.com\/en\/wp-json\/wp\/v2\/product_cat?post=28435"},{"taxonomy":"product_tag","embeddable":true,"href":"https:\/\/librairie7l.com\/en\/wp-json\/wp\/v2\/product_tag?post=28435"}],"curies":[{"name":"wp","href":"https:\/\/api.w.org\/{rel}","templated":true}]}}