{"id":28439,"date":"2023-05-10T13:34:06","date_gmt":"2023-05-10T11:34:06","guid":{"rendered":"https:\/\/librairie7l.com\/?post_type=product&#038;p=28439"},"modified":"2026-04-11T23:29:35","modified_gmt":"2026-04-11T21:29:35","slug":"arts-factory-25-ans-au-coeur-de-la-scene-graphique","status":"publish","type":"product","link":"https:\/\/librairie7l.com\/en\/produit\/arts-factory-25-ans-au-coeur-de-la-scene-graphique\/","title":{"rendered":"ARTS FACTORY : 25 ANS AU COEUR DE LA SC\u00c8NE GRAPHIQUE"},"content":{"rendered":"<p>Un panorama de la sc\u00e8ne graphique underground contemporaine \u00e0 travers les expositions, les nombreux projets collectifs et les oeuvres de plus de cinquante artistes internationaux associ\u00e9s \u00e0 l&#8217;histoire de la mythique galerie parisienne Arts Factory (de Nine Antico \u00e0 Willem en passant par Charles Burns, St\u00e9phane Blanquet, Herv\u00e9 Di Rosa, Kiki &amp; Loulou Picasso, Killoffer et Pierre La Police).<br \/>\nInstall\u00e9e \u00e0 Paris d\u00e8s 1996, la galerie Arts Factory explore depuis 25 ans la sc\u00e8ne graphique contemporaine, au carrefour du dessin, de la bande dessin\u00e9e et de l&#8217;illustration. R\u00e9alis\u00e9 en \u00e9troite collaboration avec ses fondateurs, Effi Mild et Laurent Zorzin, ce livre revient sur un projet de vie et une passion commune. Fid\u00e8les \u00e0 leurs choix souvent pr\u00e9curseurs, les deux galeristes d\u00e9voilent au fil des pages une direction artistique tr\u00e8s personnelle ; g\u00e9n\u00e9reuse, inspirante, parfois d\u00e9stabilisante, mais toujours accessible au plus grand nombre&#8230;<\/p>\n","protected":false},"excerpt":{"rendered":"<p>Un panorama de la sc\u00e8ne graphique underground contemporaine \u00e0 travers les expositions, les nombreux projets collectifs et les oeuvres de plus de cinquante artistes internationaux associ\u00e9s \u00e0 l&#8217;histoire de la mythique galerie parisienne Arts Factory (de Nine Antico \u00e0 Willem en passant par Charles Burns, St\u00e9phane Blanquet, Herv\u00e9 Di Rosa, Kiki &amp; Loulou Picasso, Killoffer [&hellip;]<\/p>\n","protected":false},"featured_media":28437,"template":"","meta":[],"product_cat":[55,2948,47,2953],"product_tag":[],"acf":[],"yoast_head":"<!-- This site is optimized with the Yoast SEO plugin v20.11 - https:\/\/yoast.com\/wordpress\/plugins\/seo\/ -->\n<title>ARTS FACTORY : 25 ANS AU COEUR DE LA SC\u00c8NE GRAPHIQUE - Librairie 7L<\/title>\n<meta name=\"robots\" content=\"index, follow, max-snippet:-1, max-image-preview:large, max-video-preview:-1\" \/>\n<link rel=\"canonical\" href=\"https:\/\/librairie7l.com\/en\/produit\/arts-factory-25-ans-au-coeur-de-la-scene-graphique\/\" \/>\n<meta property=\"og:locale\" content=\"en_US\" \/>\n<meta property=\"og:type\" content=\"article\" \/>\n<meta property=\"og:title\" content=\"ARTS FACTORY : 25 ANS AU COEUR DE LA SC\u00c8NE GRAPHIQUE - Librairie 7L\" \/>\n<meta property=\"og:description\" content=\"Un panorama de la sc\u00e8ne graphique underground contemporaine \u00e0 travers les expositions, les nombreux projets collectifs et les oeuvres de plus de cinquante artistes internationaux associ\u00e9s \u00e0 l&#8217;histoire de la mythique galerie parisienne Arts Factory (de Nine Antico \u00e0 Willem en passant par Charles Burns, St\u00e9phane Blanquet, Herv\u00e9 Di Rosa, Kiki &amp; Loulou Picasso, Killoffer [&hellip;]\" \/>\n<meta property=\"og:url\" content=\"https:\/\/librairie7l.com\/en\/produit\/arts-factory-25-ans-au-coeur-de-la-scene-graphique\/\" \/>\n<meta property=\"og:site_name\" content=\"Librairie 7L\" \/>\n<meta property=\"article:modified_time\" content=\"2026-04-11T21:29:35+00:00\" \/>\n<meta property=\"og:image\" content=\"https:\/\/librairie7l.com\/wp-content\/uploads\/2022\/09\/9782918160212_1_75.jpg\" \/>\n\t<meta property=\"og:image:width\" content=\"600\" \/>\n\t<meta property=\"og:image:height\" content=\"819\" \/>\n\t<meta property=\"og:image:type\" content=\"image\/jpeg\" \/>\n<meta name=\"twitter:card\" content=\"summary_large_image\" \/>\n<meta name=\"twitter:label1\" content=\"Est. reading time\" \/>\n\t<meta name=\"twitter:data1\" content=\"1 minute\" \/>\n<script type=\"application\/ld+json\" class=\"yoast-schema-graph\">{\"@context\":\"https:\/\/schema.org\",\"@graph\":[{\"@type\":\"WebPage\",\"@id\":\"https:\/\/librairie7l.com\/en\/produit\/arts-factory-25-ans-au-coeur-de-la-scene-graphique\/\",\"url\":\"https:\/\/librairie7l.com\/en\/produit\/arts-factory-25-ans-au-coeur-de-la-scene-graphique\/\",\"name\":\"ARTS FACTORY : 25 ANS AU COEUR DE LA SC\u00c8NE GRAPHIQUE - Librairie 7L\",\"isPartOf\":{\"@id\":\"https:\/\/librairie7l.com\/en\/#website\"},\"datePublished\":\"2023-05-10T11:34:06+00:00\",\"dateModified\":\"2026-04-11T21:29:35+00:00\",\"breadcrumb\":{\"@id\":\"https:\/\/librairie7l.com\/en\/produit\/arts-factory-25-ans-au-coeur-de-la-scene-graphique\/#breadcrumb\"},\"inLanguage\":\"en-US\",\"potentialAction\":[{\"@type\":\"ReadAction\",\"target\":[\"https:\/\/librairie7l.com\/en\/produit\/arts-factory-25-ans-au-coeur-de-la-scene-graphique\/\"]}]},{\"@type\":\"BreadcrumbList\",\"@id\":\"https:\/\/librairie7l.com\/en\/produit\/arts-factory-25-ans-au-coeur-de-la-scene-graphique\/#breadcrumb\",\"itemListElement\":[{\"@type\":\"ListItem\",\"position\":1,\"name\":\"Accueil\",\"item\":\"https:\/\/librairie7l.com\/en\/\"},{\"@type\":\"ListItem\",\"position\":2,\"name\":\"Shop\",\"item\":\"https:\/\/librairie7l.com\/en\/shop\/\"},{\"@type\":\"ListItem\",\"position\":3,\"name\":\"ARTS FACTORY : 25 ANS AU COEUR DE LA SC\u00c8NE GRAPHIQUE\"}]},{\"@type\":\"WebSite\",\"@id\":\"https:\/\/librairie7l.com\/en\/#website\",\"url\":\"https:\/\/librairie7l.com\/en\/\",\"name\":\"Librairie 7L\",\"description\":\"Librairie fond\u00e9e en 1999 par Karl Lagerfeld \u00e0 Paris\",\"publisher\":{\"@id\":\"https:\/\/librairie7l.com\/en\/#organization\"},\"potentialAction\":[{\"@type\":\"SearchAction\",\"target\":{\"@type\":\"EntryPoint\",\"urlTemplate\":\"https:\/\/librairie7l.com\/en\/?s={search_term_string}\"},\"query-input\":\"required name=search_term_string\"}],\"inLanguage\":\"en-US\"},{\"@type\":\"Organization\",\"@id\":\"https:\/\/librairie7l.com\/en\/#organization\",\"name\":\"Librairie 7L\",\"url\":\"https:\/\/librairie7l.com\/en\/\",\"logo\":{\"@type\":\"ImageObject\",\"inLanguage\":\"en-US\",\"@id\":\"https:\/\/librairie7l.com\/en\/#\/schema\/logo\/image\/\",\"url\":\"https:\/\/librairie7l.com\/wp-content\/uploads\/2022\/08\/logo-1.png\",\"contentUrl\":\"https:\/\/librairie7l.com\/wp-content\/uploads\/2022\/08\/logo-1.png\",\"width\":227,\"height\":301,\"caption\":\"Librairie 7L\"},\"image\":{\"@id\":\"https:\/\/librairie7l.com\/en\/#\/schema\/logo\/image\/\"}}]}<\/script>\n<!-- \/ Yoast SEO plugin. -->","yoast_head_json":{"title":"ARTS FACTORY : 25 ANS AU COEUR DE LA SC\u00c8NE GRAPHIQUE - Librairie 7L","robots":{"index":"index","follow":"follow","max-snippet":"max-snippet:-1","max-image-preview":"max-image-preview:large","max-video-preview":"max-video-preview:-1"},"canonical":"https:\/\/librairie7l.com\/en\/produit\/arts-factory-25-ans-au-coeur-de-la-scene-graphique\/","og_locale":"en_US","og_type":"article","og_title":"ARTS FACTORY : 25 ANS AU COEUR DE LA SC\u00c8NE GRAPHIQUE - Librairie 7L","og_description":"Un panorama de la sc\u00e8ne graphique underground contemporaine \u00e0 travers les expositions, les nombreux projets collectifs et les oeuvres de plus de cinquante artistes internationaux associ\u00e9s \u00e0 l&#8217;histoire de la mythique galerie parisienne Arts Factory (de Nine Antico \u00e0 Willem en passant par Charles Burns, St\u00e9phane Blanquet, Herv\u00e9 Di Rosa, Kiki &amp; Loulou Picasso, Killoffer [&hellip;]","og_url":"https:\/\/librairie7l.com\/en\/produit\/arts-factory-25-ans-au-coeur-de-la-scene-graphique\/","og_site_name":"Librairie 7L","article_modified_time":"2026-04-11T21:29:35+00:00","og_image":[{"width":600,"height":819,"url":"https:\/\/librairie7l.com\/wp-content\/uploads\/2022\/09\/9782918160212_1_75.jpg","type":"image\/jpeg"}],"twitter_card":"summary_large_image","twitter_misc":{"Est. reading time":"1 minute"},"schema":{"@context":"https:\/\/schema.org","@graph":[{"@type":"WebPage","@id":"https:\/\/librairie7l.com\/en\/produit\/arts-factory-25-ans-au-coeur-de-la-scene-graphique\/","url":"https:\/\/librairie7l.com\/en\/produit\/arts-factory-25-ans-au-coeur-de-la-scene-graphique\/","name":"ARTS FACTORY : 25 ANS AU COEUR DE LA SC\u00c8NE GRAPHIQUE - Librairie 7L","isPartOf":{"@id":"https:\/\/librairie7l.com\/en\/#website"},"datePublished":"2023-05-10T11:34:06+00:00","dateModified":"2026-04-11T21:29:35+00:00","breadcrumb":{"@id":"https:\/\/librairie7l.com\/en\/produit\/arts-factory-25-ans-au-coeur-de-la-scene-graphique\/#breadcrumb"},"inLanguage":"en-US","potentialAction":[{"@type":"ReadAction","target":["https:\/\/librairie7l.com\/en\/produit\/arts-factory-25-ans-au-coeur-de-la-scene-graphique\/"]}]},{"@type":"BreadcrumbList","@id":"https:\/\/librairie7l.com\/en\/produit\/arts-factory-25-ans-au-coeur-de-la-scene-graphique\/#breadcrumb","itemListElement":[{"@type":"ListItem","position":1,"name":"Accueil","item":"https:\/\/librairie7l.com\/en\/"},{"@type":"ListItem","position":2,"name":"Shop","item":"https:\/\/librairie7l.com\/en\/shop\/"},{"@type":"ListItem","position":3,"name":"ARTS FACTORY : 25 ANS AU COEUR DE LA SC\u00c8NE GRAPHIQUE"}]},{"@type":"WebSite","@id":"https:\/\/librairie7l.com\/en\/#website","url":"https:\/\/librairie7l.com\/en\/","name":"Librairie 7L","description":"Librairie fond\u00e9e en 1999 par Karl Lagerfeld \u00e0 Paris","publisher":{"@id":"https:\/\/librairie7l.com\/en\/#organization"},"potentialAction":[{"@type":"SearchAction","target":{"@type":"EntryPoint","urlTemplate":"https:\/\/librairie7l.com\/en\/?s={search_term_string}"},"query-input":"required name=search_term_string"}],"inLanguage":"en-US"},{"@type":"Organization","@id":"https:\/\/librairie7l.com\/en\/#organization","name":"Librairie 7L","url":"https:\/\/librairie7l.com\/en\/","logo":{"@type":"ImageObject","inLanguage":"en-US","@id":"https:\/\/librairie7l.com\/en\/#\/schema\/logo\/image\/","url":"https:\/\/librairie7l.com\/wp-content\/uploads\/2022\/08\/logo-1.png","contentUrl":"https:\/\/librairie7l.com\/wp-content\/uploads\/2022\/08\/logo-1.png","width":227,"height":301,"caption":"Librairie 7L"},"image":{"@id":"https:\/\/librairie7l.com\/en\/#\/schema\/logo\/image\/"}}]}},"_links":{"self":[{"href":"https:\/\/librairie7l.com\/en\/wp-json\/wp\/v2\/product\/28439"}],"collection":[{"href":"https:\/\/librairie7l.com\/en\/wp-json\/wp\/v2\/product"}],"about":[{"href":"https:\/\/librairie7l.com\/en\/wp-json\/wp\/v2\/types\/product"}],"wp:featuredmedia":[{"embeddable":true,"href":"https:\/\/librairie7l.com\/en\/wp-json\/wp\/v2\/media\/28437"}],"wp:attachment":[{"href":"https:\/\/librairie7l.com\/en\/wp-json\/wp\/v2\/media?parent=28439"}],"wp:term":[{"taxonomy":"product_cat","embeddable":true,"href":"https:\/\/librairie7l.com\/en\/wp-json\/wp\/v2\/product_cat?post=28439"},{"taxonomy":"product_tag","embeddable":true,"href":"https:\/\/librairie7l.com\/en\/wp-json\/wp\/v2\/product_tag?post=28439"}],"curies":[{"name":"wp","href":"https:\/\/api.w.org\/{rel}","templated":true}]}}