{"id":28463,"date":"2023-05-10T13:34:46","date_gmt":"2023-05-10T11:34:46","guid":{"rendered":"https:\/\/librairie7l.com\/?post_type=product&#038;p=28463"},"modified":"2026-05-06T01:19:10","modified_gmt":"2026-05-05T23:19:10","slug":"eloge-de-laridite-un-autre-jardin-est-possible","status":"publish","type":"product","link":"https:\/\/librairie7l.com\/en\/produit\/eloge-de-laridite-un-autre-jardin-est-possible\/","title":{"rendered":"\u00c9LOGE DE L&#8217;ARIDIT\u00c9 ; UN AUTRE JARDIN EST POSSIBLE"},"content":{"rendered":"<p>Face au r\u00e9chauffement plan\u00e9taire et \u00e0 la diminution des ressources en eau, Arnaud Mauri\u00e8res et Eric Ossart ont appris \u00e0 composer des jardins d&#8217;aridit\u00e9. Pour la premi\u00e8re fois, ces paysagistes de renomm\u00e9e internationale livrent l&#8217;aboutissement de leur r\u00e9flexion sur le jardin nature et son impact environnemental, tout en d\u00e9voilant leurs secrets de jardiniers. Pour eux, l&#8217;aridit\u00e9 est une opportunit\u00e9 pour changer de mod\u00e8le.<br \/>\nIls n&#8217;h\u00e9sitent pas \u00e0 conclure que le jardin de demain sera aride ou ne sera pas ! L&#8217;aridit\u00e9 est r\u00e9volutionnaire. Nous sommes de plus en plus nombreux sur une plan\u00e8te dont les zones arides occupent plus de 40 % des terres \u00e9merg\u00e9es. Les climats changent, l&#8217;eau devient rare, l&#8217;eau est d\u00e9j\u00e0 ch\u00e8re. A la fois po\u00e9tique et d\u00e9charn\u00e9, le paysage aride d\u00e9montre qu&#8217;il n&#8217;a rien \u00e0 envier aux jardins europ\u00e9ens que l&#8217;on conna\u00eet.<br \/>\nEt les photographies de cet ouvrage nous offre des images surprenantes de beaut\u00e9, aussi minimaliste que grandiose, o\u00f9 l&#8217;aridit\u00e9 peut \u00eatre surprenante, vivante, universelle, subtile, contrast\u00e9e, qu&#8217;elle soit sauvage ou paysag\u00e9e. Dans cet ouvrage \u00e0 la fois beau et surprenant, autant dans son approche engag\u00e9e que graphique, pas de buissons croulants sous les roses fra\u00eeches, ni de gazon br\u00fbl\u00e9 par le soleil repeint en vert dans un souci d&#8217;esth\u00e9tique criant de mondanit\u00e9 et de narcissisme&#8230;<br \/>\nDes steppes d&#8217;agaves aux luxuriants jardins des palais orientaux, en passant par les patios m\u00e9diterran\u00e9ens aux murs tapiss\u00e9s de plantes grimpantes, Ossart &amp; Mauri\u00e8res proposent une esth\u00e9tique nouvelle, tr\u00e8s \u00e9loign\u00e9e des mod\u00e8les classiques, qui r\u00e9concilie le plaisir de jardiner avec le respect de l&#8217;environnement. Plongez dans un voyage d\u00e9paysant au coeur des jardins secs, aux portes du Sahara ou au Mexique.<br \/>\nAu-del\u00e0 des images et des mots vantant leur beaut\u00e9 singuli\u00e8re, les auteurs nous racontent leur d\u00e9marche, leurs recherches, leurs r\u00e9flexions, leurs r\u00e9alisations.<\/p>\n","protected":false},"excerpt":{"rendered":"<p>Face au r\u00e9chauffement plan\u00e9taire et \u00e0 la diminution des ressources en eau, Arnaud Mauri\u00e8res et Eric Ossart ont appris \u00e0 composer des jardins d&#8217;aridit\u00e9. Pour la premi\u00e8re fois, ces paysagistes de renomm\u00e9e internationale livrent l&#8217;aboutissement de leur r\u00e9flexion sur le jardin nature et son impact environnemental, tout en d\u00e9voilant leurs secrets de jardiniers. Pour eux, [&hellip;]<\/p>\n","protected":false},"featured_media":28461,"template":"","meta":[],"product_cat":[55,2948,2956,23],"product_tag":[],"acf":[],"yoast_head":"<!-- This site is optimized with the Yoast SEO plugin v20.11 - https:\/\/yoast.com\/wordpress\/plugins\/seo\/ -->\n<title>\u00c9LOGE DE L&#039;ARIDIT\u00c9 ; UN AUTRE JARDIN EST POSSIBLE - Librairie 7L<\/title>\n<meta name=\"robots\" content=\"index, follow, max-snippet:-1, max-image-preview:large, max-video-preview:-1\" \/>\n<link rel=\"canonical\" href=\"https:\/\/librairie7l.com\/en\/produit\/eloge-de-laridite-un-autre-jardin-est-possible\/\" \/>\n<meta property=\"og:locale\" content=\"en_US\" \/>\n<meta property=\"og:type\" content=\"article\" \/>\n<meta property=\"og:title\" content=\"\u00c9LOGE DE L&#039;ARIDIT\u00c9 ; UN AUTRE JARDIN EST POSSIBLE - Librairie 7L\" \/>\n<meta property=\"og:description\" content=\"Face au r\u00e9chauffement plan\u00e9taire et \u00e0 la diminution des ressources en eau, Arnaud Mauri\u00e8res et Eric Ossart ont appris \u00e0 composer des jardins d&#8217;aridit\u00e9. Pour la premi\u00e8re fois, ces paysagistes de renomm\u00e9e internationale livrent l&#8217;aboutissement de leur r\u00e9flexion sur le jardin nature et son impact environnemental, tout en d\u00e9voilant leurs secrets de jardiniers. Pour eux, [&hellip;]\" \/>\n<meta property=\"og:url\" content=\"https:\/\/librairie7l.com\/en\/produit\/eloge-de-laridite-un-autre-jardin-est-possible\/\" \/>\n<meta property=\"og:site_name\" content=\"Librairie 7L\" \/>\n<meta property=\"article:modified_time\" content=\"2026-05-05T23:19:10+00:00\" \/>\n<meta property=\"og:image\" content=\"https:\/\/librairie7l.com\/wp-content\/uploads\/2015\/12\/9782366720976_1_75.jpg\" \/>\n\t<meta property=\"og:image:width\" content=\"400\" \/>\n\t<meta property=\"og:image:height\" content=\"567\" \/>\n\t<meta property=\"og:image:type\" content=\"image\/jpeg\" \/>\n<meta name=\"twitter:card\" content=\"summary_large_image\" \/>\n<meta name=\"twitter:label1\" content=\"Est. reading time\" \/>\n\t<meta name=\"twitter:data1\" content=\"2 minutes\" \/>\n<script type=\"application\/ld+json\" class=\"yoast-schema-graph\">{\"@context\":\"https:\/\/schema.org\",\"@graph\":[{\"@type\":\"WebPage\",\"@id\":\"https:\/\/librairie7l.com\/en\/produit\/eloge-de-laridite-un-autre-jardin-est-possible\/\",\"url\":\"https:\/\/librairie7l.com\/en\/produit\/eloge-de-laridite-un-autre-jardin-est-possible\/\",\"name\":\"\u00c9LOGE DE L'ARIDIT\u00c9 ; UN AUTRE JARDIN EST POSSIBLE - Librairie 7L\",\"isPartOf\":{\"@id\":\"https:\/\/librairie7l.com\/en\/#website\"},\"datePublished\":\"2023-05-10T11:34:46+00:00\",\"dateModified\":\"2026-05-05T23:19:10+00:00\",\"breadcrumb\":{\"@id\":\"https:\/\/librairie7l.com\/en\/produit\/eloge-de-laridite-un-autre-jardin-est-possible\/#breadcrumb\"},\"inLanguage\":\"en-US\",\"potentialAction\":[{\"@type\":\"ReadAction\",\"target\":[\"https:\/\/librairie7l.com\/en\/produit\/eloge-de-laridite-un-autre-jardin-est-possible\/\"]}]},{\"@type\":\"BreadcrumbList\",\"@id\":\"https:\/\/librairie7l.com\/en\/produit\/eloge-de-laridite-un-autre-jardin-est-possible\/#breadcrumb\",\"itemListElement\":[{\"@type\":\"ListItem\",\"position\":1,\"name\":\"Accueil\",\"item\":\"https:\/\/librairie7l.com\/en\/\"},{\"@type\":\"ListItem\",\"position\":2,\"name\":\"Shop\",\"item\":\"https:\/\/librairie7l.com\/en\/shop\/\"},{\"@type\":\"ListItem\",\"position\":3,\"name\":\"\u00c9LOGE DE L&#8217;ARIDIT\u00c9 ; UN AUTRE JARDIN EST POSSIBLE\"}]},{\"@type\":\"WebSite\",\"@id\":\"https:\/\/librairie7l.com\/en\/#website\",\"url\":\"https:\/\/librairie7l.com\/en\/\",\"name\":\"Librairie 7L\",\"description\":\"Librairie fond\u00e9e en 1999 par Karl Lagerfeld \u00e0 Paris\",\"publisher\":{\"@id\":\"https:\/\/librairie7l.com\/en\/#organization\"},\"potentialAction\":[{\"@type\":\"SearchAction\",\"target\":{\"@type\":\"EntryPoint\",\"urlTemplate\":\"https:\/\/librairie7l.com\/en\/?s={search_term_string}\"},\"query-input\":\"required name=search_term_string\"}],\"inLanguage\":\"en-US\"},{\"@type\":\"Organization\",\"@id\":\"https:\/\/librairie7l.com\/en\/#organization\",\"name\":\"Librairie 7L\",\"url\":\"https:\/\/librairie7l.com\/en\/\",\"logo\":{\"@type\":\"ImageObject\",\"inLanguage\":\"en-US\",\"@id\":\"https:\/\/librairie7l.com\/en\/#\/schema\/logo\/image\/\",\"url\":\"https:\/\/librairie7l.com\/wp-content\/uploads\/2022\/08\/logo-1.png\",\"contentUrl\":\"https:\/\/librairie7l.com\/wp-content\/uploads\/2022\/08\/logo-1.png\",\"width\":227,\"height\":301,\"caption\":\"Librairie 7L\"},\"image\":{\"@id\":\"https:\/\/librairie7l.com\/en\/#\/schema\/logo\/image\/\"}}]}<\/script>\n<!-- \/ Yoast SEO plugin. -->","yoast_head_json":{"title":"\u00c9LOGE DE L'ARIDIT\u00c9 ; UN AUTRE JARDIN EST POSSIBLE - Librairie 7L","robots":{"index":"index","follow":"follow","max-snippet":"max-snippet:-1","max-image-preview":"max-image-preview:large","max-video-preview":"max-video-preview:-1"},"canonical":"https:\/\/librairie7l.com\/en\/produit\/eloge-de-laridite-un-autre-jardin-est-possible\/","og_locale":"en_US","og_type":"article","og_title":"\u00c9LOGE DE L'ARIDIT\u00c9 ; UN AUTRE JARDIN EST POSSIBLE - Librairie 7L","og_description":"Face au r\u00e9chauffement plan\u00e9taire et \u00e0 la diminution des ressources en eau, Arnaud Mauri\u00e8res et Eric Ossart ont appris \u00e0 composer des jardins d&#8217;aridit\u00e9. Pour la premi\u00e8re fois, ces paysagistes de renomm\u00e9e internationale livrent l&#8217;aboutissement de leur r\u00e9flexion sur le jardin nature et son impact environnemental, tout en d\u00e9voilant leurs secrets de jardiniers. Pour eux, [&hellip;]","og_url":"https:\/\/librairie7l.com\/en\/produit\/eloge-de-laridite-un-autre-jardin-est-possible\/","og_site_name":"Librairie 7L","article_modified_time":"2026-05-05T23:19:10+00:00","og_image":[{"width":400,"height":567,"url":"https:\/\/librairie7l.com\/wp-content\/uploads\/2015\/12\/9782366720976_1_75.jpg","type":"image\/jpeg"}],"twitter_card":"summary_large_image","twitter_misc":{"Est. reading time":"2 minutes"},"schema":{"@context":"https:\/\/schema.org","@graph":[{"@type":"WebPage","@id":"https:\/\/librairie7l.com\/en\/produit\/eloge-de-laridite-un-autre-jardin-est-possible\/","url":"https:\/\/librairie7l.com\/en\/produit\/eloge-de-laridite-un-autre-jardin-est-possible\/","name":"\u00c9LOGE DE L'ARIDIT\u00c9 ; UN AUTRE JARDIN EST POSSIBLE - Librairie 7L","isPartOf":{"@id":"https:\/\/librairie7l.com\/en\/#website"},"datePublished":"2023-05-10T11:34:46+00:00","dateModified":"2026-05-05T23:19:10+00:00","breadcrumb":{"@id":"https:\/\/librairie7l.com\/en\/produit\/eloge-de-laridite-un-autre-jardin-est-possible\/#breadcrumb"},"inLanguage":"en-US","potentialAction":[{"@type":"ReadAction","target":["https:\/\/librairie7l.com\/en\/produit\/eloge-de-laridite-un-autre-jardin-est-possible\/"]}]},{"@type":"BreadcrumbList","@id":"https:\/\/librairie7l.com\/en\/produit\/eloge-de-laridite-un-autre-jardin-est-possible\/#breadcrumb","itemListElement":[{"@type":"ListItem","position":1,"name":"Accueil","item":"https:\/\/librairie7l.com\/en\/"},{"@type":"ListItem","position":2,"name":"Shop","item":"https:\/\/librairie7l.com\/en\/shop\/"},{"@type":"ListItem","position":3,"name":"\u00c9LOGE DE L&#8217;ARIDIT\u00c9 ; UN AUTRE JARDIN EST POSSIBLE"}]},{"@type":"WebSite","@id":"https:\/\/librairie7l.com\/en\/#website","url":"https:\/\/librairie7l.com\/en\/","name":"Librairie 7L","description":"Librairie fond\u00e9e en 1999 par Karl Lagerfeld \u00e0 Paris","publisher":{"@id":"https:\/\/librairie7l.com\/en\/#organization"},"potentialAction":[{"@type":"SearchAction","target":{"@type":"EntryPoint","urlTemplate":"https:\/\/librairie7l.com\/en\/?s={search_term_string}"},"query-input":"required name=search_term_string"}],"inLanguage":"en-US"},{"@type":"Organization","@id":"https:\/\/librairie7l.com\/en\/#organization","name":"Librairie 7L","url":"https:\/\/librairie7l.com\/en\/","logo":{"@type":"ImageObject","inLanguage":"en-US","@id":"https:\/\/librairie7l.com\/en\/#\/schema\/logo\/image\/","url":"https:\/\/librairie7l.com\/wp-content\/uploads\/2022\/08\/logo-1.png","contentUrl":"https:\/\/librairie7l.com\/wp-content\/uploads\/2022\/08\/logo-1.png","width":227,"height":301,"caption":"Librairie 7L"},"image":{"@id":"https:\/\/librairie7l.com\/en\/#\/schema\/logo\/image\/"}}]}},"_links":{"self":[{"href":"https:\/\/librairie7l.com\/en\/wp-json\/wp\/v2\/product\/28463"}],"collection":[{"href":"https:\/\/librairie7l.com\/en\/wp-json\/wp\/v2\/product"}],"about":[{"href":"https:\/\/librairie7l.com\/en\/wp-json\/wp\/v2\/types\/product"}],"wp:featuredmedia":[{"embeddable":true,"href":"https:\/\/librairie7l.com\/en\/wp-json\/wp\/v2\/media\/28461"}],"wp:attachment":[{"href":"https:\/\/librairie7l.com\/en\/wp-json\/wp\/v2\/media?parent=28463"}],"wp:term":[{"taxonomy":"product_cat","embeddable":true,"href":"https:\/\/librairie7l.com\/en\/wp-json\/wp\/v2\/product_cat?post=28463"},{"taxonomy":"product_tag","embeddable":true,"href":"https:\/\/librairie7l.com\/en\/wp-json\/wp\/v2\/product_tag?post=28463"}],"curies":[{"name":"wp","href":"https:\/\/api.w.org\/{rel}","templated":true}]}}