{"id":28479,"date":"2023-05-10T13:35:05","date_gmt":"2023-05-10T11:35:05","guid":{"rendered":"https:\/\/librairie7l.com\/?post_type=product&#038;p=28479"},"modified":"2026-04-06T07:20:14","modified_gmt":"2026-04-06T05:20:14","slug":"les-plans-au-cinema-les-grands-effets-de-cinema-que-tout-realisateur-doit-conn","status":"publish","type":"product","link":"https:\/\/librairie7l.com\/en\/produit\/les-plans-au-cinema-les-grands-effets-de-cinema-que-tout-realisateur-doit-conn\/","title":{"rendered":"LES PLANS AU CIN\u00c9MA ; LES GRANDS EFFETS DE CIN\u00c9MA QUE TOUT R\u00c9ALISATEUR DOIT CONNA\u00ceTRE"},"content":{"rendered":"<p>Ce livre est l&#8217;oeuvre d&#8217;un amoureux du cin\u00e9ma. Il est le r\u00e9sultat d&#8217;un nombre impressionnant d&#8217;heures pass\u00e9es \u00e0 visionner des films pour en d\u00e9cortiquer l&#8217;\u00e9criture. Les Plans au cin\u00e9ma s&#8217;est ainsi constitu\u00e9 en un large r\u00e9pertoire des techniques utilis\u00e9es par le langage cin\u00e9matographique. L&#8217;auteur le d\u00e9die aux r\u00e9alisateurs d\u00e9butants ou confirm\u00e9s, aux dessinateurs de story-boards, aux \u00e9tudiants en cin\u00e9ma, aux cin\u00e9philes, et \u00e0 toute personne int\u00e9ress\u00e9e par la r\u00e9alisation.Simple d&#8217;approche comme de pr\u00e9sentation, cet outil de travail fonctionne \u00e0 deux vitesses : ouvrage d&#8217;introduction classique pour les novices, guide pratique pour les r\u00e9alisateurs confirm\u00e9s. Pr\u00e8s d&#8217;une centaine de proc\u00e9d\u00e9s de cadrage, prise de vue, d\u00e9placement de la cam\u00e9ra ou montage donnant lieu \u00e0 un effet sont ici d\u00e9crits. Chacun s&#8217;accompagne de story-boards originaux de Jos\u00e9 Cruz et d&#8217;une s\u00e9rie d&#8217;exemples puis\u00e9s dans tous les genres cin\u00e9matographiques.Quelque 150 r\u00e9f\u00e9rences aux plans de films d&#8217;anthologie, classiques, r\u00e9cents, \u00e0 gros ou petit budget, permettront \u00e0 tous les cin\u00e9philes de d\u00e9couvrir l&#8217;envers du d\u00e9cor et aux professionnels de fortifier leur passion et leur intelligence du cin\u00e9ma : 2001, l&#8217;Odyss\u00e9e de l&#8217;espace, Blade Runner, Blue Velvet, Buffalo 66, Le Parrain, La Strada, Sueurs froides, M. le Maudit, Rashomon, Nola Darling n&#8217;en fait qu&#8217;\u00e0 sa t\u00eate, Matrix, Titanic, et bien d&#8217;autres encore&#8230;<\/p>\n","protected":false},"excerpt":{"rendered":"<p>Ce livre est l&#8217;oeuvre d&#8217;un amoureux du cin\u00e9ma. Il est le r\u00e9sultat d&#8217;un nombre impressionnant d&#8217;heures pass\u00e9es \u00e0 visionner des films pour en d\u00e9cortiquer l&#8217;\u00e9criture. Les Plans au cin\u00e9ma s&#8217;est ainsi constitu\u00e9 en un large r\u00e9pertoire des techniques utilis\u00e9es par le langage cin\u00e9matographique. L&#8217;auteur le d\u00e9die aux r\u00e9alisateurs d\u00e9butants ou confirm\u00e9s, aux dessinateurs de story-boards, [&hellip;]<\/p>\n","protected":false},"featured_media":28477,"template":"","meta":[],"product_cat":[55,2948,2958,17],"product_tag":[],"acf":[],"yoast_head":"<!-- This site is optimized with the Yoast SEO plugin v20.11 - https:\/\/yoast.com\/wordpress\/plugins\/seo\/ -->\n<title>LES PLANS AU CIN\u00c9MA ; LES GRANDS EFFETS DE CIN\u00c9MA QUE TOUT R\u00c9ALISATEUR DOIT CONNA\u00ceTRE - Librairie 7L<\/title>\n<meta name=\"robots\" content=\"index, follow, max-snippet:-1, max-image-preview:large, max-video-preview:-1\" \/>\n<link rel=\"canonical\" href=\"https:\/\/librairie7l.com\/en\/produit\/les-plans-au-cinema-les-grands-effets-de-cinema-que-tout-realisateur-doit-conn\/\" \/>\n<meta property=\"og:locale\" content=\"en_US\" \/>\n<meta property=\"og:type\" content=\"article\" \/>\n<meta property=\"og:title\" content=\"LES PLANS AU CIN\u00c9MA ; LES GRANDS EFFETS DE CIN\u00c9MA QUE TOUT R\u00c9ALISATEUR DOIT CONNA\u00ceTRE - Librairie 7L\" \/>\n<meta property=\"og:description\" content=\"Ce livre est l&#8217;oeuvre d&#8217;un amoureux du cin\u00e9ma. Il est le r\u00e9sultat d&#8217;un nombre impressionnant d&#8217;heures pass\u00e9es \u00e0 visionner des films pour en d\u00e9cortiquer l&#8217;\u00e9criture. Les Plans au cin\u00e9ma s&#8217;est ainsi constitu\u00e9 en un large r\u00e9pertoire des techniques utilis\u00e9es par le langage cin\u00e9matographique. L&#8217;auteur le d\u00e9die aux r\u00e9alisateurs d\u00e9butants ou confirm\u00e9s, aux dessinateurs de story-boards, [&hellip;]\" \/>\n<meta property=\"og:url\" content=\"https:\/\/librairie7l.com\/en\/produit\/les-plans-au-cinema-les-grands-effets-de-cinema-que-tout-realisateur-doit-conn\/\" \/>\n<meta property=\"og:site_name\" content=\"Librairie 7L\" \/>\n<meta property=\"article:modified_time\" content=\"2026-04-06T05:20:14+00:00\" \/>\n<meta property=\"og:image\" content=\"https:\/\/librairie7l.com\/wp-content\/uploads\/2004\/03\/9782212114669_1_75.jpg\" \/>\n\t<meta property=\"og:image:width\" content=\"876\" \/>\n\t<meta property=\"og:image:height\" content=\"600\" \/>\n\t<meta property=\"og:image:type\" content=\"image\/jpeg\" \/>\n<meta name=\"twitter:card\" content=\"summary_large_image\" \/>\n<meta name=\"twitter:label1\" content=\"Est. reading time\" \/>\n\t<meta name=\"twitter:data1\" content=\"1 minute\" \/>\n<script type=\"application\/ld+json\" class=\"yoast-schema-graph\">{\"@context\":\"https:\/\/schema.org\",\"@graph\":[{\"@type\":\"WebPage\",\"@id\":\"https:\/\/librairie7l.com\/en\/produit\/les-plans-au-cinema-les-grands-effets-de-cinema-que-tout-realisateur-doit-conn\/\",\"url\":\"https:\/\/librairie7l.com\/en\/produit\/les-plans-au-cinema-les-grands-effets-de-cinema-que-tout-realisateur-doit-conn\/\",\"name\":\"LES PLANS AU CIN\u00c9MA ; LES GRANDS EFFETS DE CIN\u00c9MA QUE TOUT R\u00c9ALISATEUR DOIT CONNA\u00ceTRE - Librairie 7L\",\"isPartOf\":{\"@id\":\"https:\/\/librairie7l.com\/en\/#website\"},\"datePublished\":\"2023-05-10T11:35:05+00:00\",\"dateModified\":\"2026-04-06T05:20:14+00:00\",\"breadcrumb\":{\"@id\":\"https:\/\/librairie7l.com\/en\/produit\/les-plans-au-cinema-les-grands-effets-de-cinema-que-tout-realisateur-doit-conn\/#breadcrumb\"},\"inLanguage\":\"en-US\",\"potentialAction\":[{\"@type\":\"ReadAction\",\"target\":[\"https:\/\/librairie7l.com\/en\/produit\/les-plans-au-cinema-les-grands-effets-de-cinema-que-tout-realisateur-doit-conn\/\"]}]},{\"@type\":\"BreadcrumbList\",\"@id\":\"https:\/\/librairie7l.com\/en\/produit\/les-plans-au-cinema-les-grands-effets-de-cinema-que-tout-realisateur-doit-conn\/#breadcrumb\",\"itemListElement\":[{\"@type\":\"ListItem\",\"position\":1,\"name\":\"Accueil\",\"item\":\"https:\/\/librairie7l.com\/en\/\"},{\"@type\":\"ListItem\",\"position\":2,\"name\":\"Shop\",\"item\":\"https:\/\/librairie7l.com\/en\/shop\/\"},{\"@type\":\"ListItem\",\"position\":3,\"name\":\"LES PLANS AU CIN\u00c9MA ; LES GRANDS EFFETS DE CIN\u00c9MA QUE TOUT R\u00c9ALISATEUR DOIT CONNA\u00ceTRE\"}]},{\"@type\":\"WebSite\",\"@id\":\"https:\/\/librairie7l.com\/en\/#website\",\"url\":\"https:\/\/librairie7l.com\/en\/\",\"name\":\"Librairie 7L\",\"description\":\"Librairie fond\u00e9e en 1999 par Karl Lagerfeld \u00e0 Paris\",\"publisher\":{\"@id\":\"https:\/\/librairie7l.com\/en\/#organization\"},\"potentialAction\":[{\"@type\":\"SearchAction\",\"target\":{\"@type\":\"EntryPoint\",\"urlTemplate\":\"https:\/\/librairie7l.com\/en\/?s={search_term_string}\"},\"query-input\":\"required name=search_term_string\"}],\"inLanguage\":\"en-US\"},{\"@type\":\"Organization\",\"@id\":\"https:\/\/librairie7l.com\/en\/#organization\",\"name\":\"Librairie 7L\",\"url\":\"https:\/\/librairie7l.com\/en\/\",\"logo\":{\"@type\":\"ImageObject\",\"inLanguage\":\"en-US\",\"@id\":\"https:\/\/librairie7l.com\/en\/#\/schema\/logo\/image\/\",\"url\":\"https:\/\/librairie7l.com\/wp-content\/uploads\/2022\/08\/logo-1.png\",\"contentUrl\":\"https:\/\/librairie7l.com\/wp-content\/uploads\/2022\/08\/logo-1.png\",\"width\":227,\"height\":301,\"caption\":\"Librairie 7L\"},\"image\":{\"@id\":\"https:\/\/librairie7l.com\/en\/#\/schema\/logo\/image\/\"}}]}<\/script>\n<!-- \/ Yoast SEO plugin. -->","yoast_head_json":{"title":"LES PLANS AU CIN\u00c9MA ; LES GRANDS EFFETS DE CIN\u00c9MA QUE TOUT R\u00c9ALISATEUR DOIT CONNA\u00ceTRE - Librairie 7L","robots":{"index":"index","follow":"follow","max-snippet":"max-snippet:-1","max-image-preview":"max-image-preview:large","max-video-preview":"max-video-preview:-1"},"canonical":"https:\/\/librairie7l.com\/en\/produit\/les-plans-au-cinema-les-grands-effets-de-cinema-que-tout-realisateur-doit-conn\/","og_locale":"en_US","og_type":"article","og_title":"LES PLANS AU CIN\u00c9MA ; LES GRANDS EFFETS DE CIN\u00c9MA QUE TOUT R\u00c9ALISATEUR DOIT CONNA\u00ceTRE - Librairie 7L","og_description":"Ce livre est l&#8217;oeuvre d&#8217;un amoureux du cin\u00e9ma. Il est le r\u00e9sultat d&#8217;un nombre impressionnant d&#8217;heures pass\u00e9es \u00e0 visionner des films pour en d\u00e9cortiquer l&#8217;\u00e9criture. Les Plans au cin\u00e9ma s&#8217;est ainsi constitu\u00e9 en un large r\u00e9pertoire des techniques utilis\u00e9es par le langage cin\u00e9matographique. L&#8217;auteur le d\u00e9die aux r\u00e9alisateurs d\u00e9butants ou confirm\u00e9s, aux dessinateurs de story-boards, [&hellip;]","og_url":"https:\/\/librairie7l.com\/en\/produit\/les-plans-au-cinema-les-grands-effets-de-cinema-que-tout-realisateur-doit-conn\/","og_site_name":"Librairie 7L","article_modified_time":"2026-04-06T05:20:14+00:00","og_image":[{"width":876,"height":600,"url":"https:\/\/librairie7l.com\/wp-content\/uploads\/2004\/03\/9782212114669_1_75.jpg","type":"image\/jpeg"}],"twitter_card":"summary_large_image","twitter_misc":{"Est. reading time":"1 minute"},"schema":{"@context":"https:\/\/schema.org","@graph":[{"@type":"WebPage","@id":"https:\/\/librairie7l.com\/en\/produit\/les-plans-au-cinema-les-grands-effets-de-cinema-que-tout-realisateur-doit-conn\/","url":"https:\/\/librairie7l.com\/en\/produit\/les-plans-au-cinema-les-grands-effets-de-cinema-que-tout-realisateur-doit-conn\/","name":"LES PLANS AU CIN\u00c9MA ; LES GRANDS EFFETS DE CIN\u00c9MA QUE TOUT R\u00c9ALISATEUR DOIT CONNA\u00ceTRE - Librairie 7L","isPartOf":{"@id":"https:\/\/librairie7l.com\/en\/#website"},"datePublished":"2023-05-10T11:35:05+00:00","dateModified":"2026-04-06T05:20:14+00:00","breadcrumb":{"@id":"https:\/\/librairie7l.com\/en\/produit\/les-plans-au-cinema-les-grands-effets-de-cinema-que-tout-realisateur-doit-conn\/#breadcrumb"},"inLanguage":"en-US","potentialAction":[{"@type":"ReadAction","target":["https:\/\/librairie7l.com\/en\/produit\/les-plans-au-cinema-les-grands-effets-de-cinema-que-tout-realisateur-doit-conn\/"]}]},{"@type":"BreadcrumbList","@id":"https:\/\/librairie7l.com\/en\/produit\/les-plans-au-cinema-les-grands-effets-de-cinema-que-tout-realisateur-doit-conn\/#breadcrumb","itemListElement":[{"@type":"ListItem","position":1,"name":"Accueil","item":"https:\/\/librairie7l.com\/en\/"},{"@type":"ListItem","position":2,"name":"Shop","item":"https:\/\/librairie7l.com\/en\/shop\/"},{"@type":"ListItem","position":3,"name":"LES PLANS AU CIN\u00c9MA ; LES GRANDS EFFETS DE CIN\u00c9MA QUE TOUT R\u00c9ALISATEUR DOIT CONNA\u00ceTRE"}]},{"@type":"WebSite","@id":"https:\/\/librairie7l.com\/en\/#website","url":"https:\/\/librairie7l.com\/en\/","name":"Librairie 7L","description":"Librairie fond\u00e9e en 1999 par Karl Lagerfeld \u00e0 Paris","publisher":{"@id":"https:\/\/librairie7l.com\/en\/#organization"},"potentialAction":[{"@type":"SearchAction","target":{"@type":"EntryPoint","urlTemplate":"https:\/\/librairie7l.com\/en\/?s={search_term_string}"},"query-input":"required name=search_term_string"}],"inLanguage":"en-US"},{"@type":"Organization","@id":"https:\/\/librairie7l.com\/en\/#organization","name":"Librairie 7L","url":"https:\/\/librairie7l.com\/en\/","logo":{"@type":"ImageObject","inLanguage":"en-US","@id":"https:\/\/librairie7l.com\/en\/#\/schema\/logo\/image\/","url":"https:\/\/librairie7l.com\/wp-content\/uploads\/2022\/08\/logo-1.png","contentUrl":"https:\/\/librairie7l.com\/wp-content\/uploads\/2022\/08\/logo-1.png","width":227,"height":301,"caption":"Librairie 7L"},"image":{"@id":"https:\/\/librairie7l.com\/en\/#\/schema\/logo\/image\/"}}]}},"_links":{"self":[{"href":"https:\/\/librairie7l.com\/en\/wp-json\/wp\/v2\/product\/28479"}],"collection":[{"href":"https:\/\/librairie7l.com\/en\/wp-json\/wp\/v2\/product"}],"about":[{"href":"https:\/\/librairie7l.com\/en\/wp-json\/wp\/v2\/types\/product"}],"wp:featuredmedia":[{"embeddable":true,"href":"https:\/\/librairie7l.com\/en\/wp-json\/wp\/v2\/media\/28477"}],"wp:attachment":[{"href":"https:\/\/librairie7l.com\/en\/wp-json\/wp\/v2\/media?parent=28479"}],"wp:term":[{"taxonomy":"product_cat","embeddable":true,"href":"https:\/\/librairie7l.com\/en\/wp-json\/wp\/v2\/product_cat?post=28479"},{"taxonomy":"product_tag","embeddable":true,"href":"https:\/\/librairie7l.com\/en\/wp-json\/wp\/v2\/product_tag?post=28479"}],"curies":[{"name":"wp","href":"https:\/\/api.w.org\/{rel}","templated":true}]}}