{"id":28551,"date":"2023-05-10T13:37:01","date_gmt":"2023-05-10T11:37:01","guid":{"rendered":"https:\/\/librairie7l.com\/?post_type=product&#038;p=28551"},"modified":"2026-04-11T11:06:41","modified_gmt":"2026-04-11T09:06:41","slug":"eau-jeux-et-enjeux","status":"publish","type":"product","link":"https:\/\/librairie7l.com\/en\/produit\/eau-jeux-et-enjeux\/","title":{"rendered":"EAU : JEUX ET ENJEUX"},"content":{"rendered":"<p>L&#8217;eau est un \u00e9l\u00e9ment essentiel au jardin. C&#8217;est une source de vie et une animation d\u00e9terminante. Depuis des si\u00e8cles, des paysagistes la mettent en sc\u00e8ne tant\u00f4t pour nous immerger dans la nature, tant\u00f4t nous perdre dans des effets de miroir, ou encore nous offrir un spectacle son et lumi\u00e8re. Cet art de l&#8217;eau est accessible partout, par tous et contribue \u00e0 la biodiversit\u00e9.<br \/>\nGarden_Lab a invit\u00e9 quelques intervenants \u00e0 vous d\u00e9voiler leurs id\u00e9es.<br \/>\nL&#8217;eau c&#8217;est \u00e9galement un enjeu \u00e0 l&#8217;heure o\u00f9 l&#8217;\u00e9volution climatique inqui\u00e8te, o\u00f9 les intemp\u00e9ries sont de plus en plus violentes, o\u00f9 les exc\u00e8s et les p\u00e9nuries d&#8217;eau sont de plus en plus criants. Garden_lab enqu\u00eate sur le bon usage de cet \u00e9l\u00e9ment essentiel \u00e0 la vie sur terre.<\/p>\n","protected":false},"excerpt":{"rendered":"<p>L&#8217;eau est un \u00e9l\u00e9ment essentiel au jardin. C&#8217;est une source de vie et une animation d\u00e9terminante. Depuis des si\u00e8cles, des paysagistes la mettent en sc\u00e8ne tant\u00f4t pour nous immerger dans la nature, tant\u00f4t nous perdre dans des effets de miroir, ou encore nous offrir un spectacle son et lumi\u00e8re. Cet art de l&#8217;eau est accessible [&hellip;]<\/p>\n","protected":false},"featured_media":28549,"template":"","meta":[],"product_cat":[55,2948,2956,23],"product_tag":[],"acf":[],"yoast_head":"<!-- This site is optimized with the Yoast SEO plugin v20.11 - https:\/\/yoast.com\/wordpress\/plugins\/seo\/ -->\n<title>EAU : JEUX ET ENJEUX - Librairie 7L<\/title>\n<meta name=\"robots\" content=\"index, follow, max-snippet:-1, max-image-preview:large, max-video-preview:-1\" \/>\n<link rel=\"canonical\" href=\"https:\/\/librairie7l.com\/en\/produit\/eau-jeux-et-enjeux\/\" \/>\n<meta property=\"og:locale\" content=\"en_US\" \/>\n<meta property=\"og:type\" content=\"article\" \/>\n<meta property=\"og:title\" content=\"EAU : JEUX ET ENJEUX - Librairie 7L\" \/>\n<meta property=\"og:description\" content=\"L&#8217;eau est un \u00e9l\u00e9ment essentiel au jardin. C&#8217;est une source de vie et une animation d\u00e9terminante. Depuis des si\u00e8cles, des paysagistes la mettent en sc\u00e8ne tant\u00f4t pour nous immerger dans la nature, tant\u00f4t nous perdre dans des effets de miroir, ou encore nous offrir un spectacle son et lumi\u00e8re. Cet art de l&#8217;eau est accessible [&hellip;]\" \/>\n<meta property=\"og:url\" content=\"https:\/\/librairie7l.com\/en\/produit\/eau-jeux-et-enjeux\/\" \/>\n<meta property=\"og:site_name\" content=\"Librairie 7L\" \/>\n<meta property=\"article:modified_time\" content=\"2026-04-11T09:06:41+00:00\" \/>\n<meta property=\"og:image\" content=\"https:\/\/librairie7l.com\/wp-content\/uploads\/2019\/05\/9791097018078_1_75.jpg\" \/>\n\t<meta property=\"og:image:width\" content=\"549\" \/>\n\t<meta property=\"og:image:height\" content=\"737\" \/>\n\t<meta property=\"og:image:type\" content=\"image\/jpeg\" \/>\n<meta name=\"twitter:card\" content=\"summary_large_image\" \/>\n<meta name=\"twitter:label1\" content=\"Est. reading time\" \/>\n\t<meta name=\"twitter:data1\" content=\"1 minute\" \/>\n<script type=\"application\/ld+json\" class=\"yoast-schema-graph\">{\"@context\":\"https:\/\/schema.org\",\"@graph\":[{\"@type\":\"WebPage\",\"@id\":\"https:\/\/librairie7l.com\/en\/produit\/eau-jeux-et-enjeux\/\",\"url\":\"https:\/\/librairie7l.com\/en\/produit\/eau-jeux-et-enjeux\/\",\"name\":\"EAU : JEUX ET ENJEUX - Librairie 7L\",\"isPartOf\":{\"@id\":\"https:\/\/librairie7l.com\/en\/#website\"},\"datePublished\":\"2023-05-10T11:37:01+00:00\",\"dateModified\":\"2026-04-11T09:06:41+00:00\",\"breadcrumb\":{\"@id\":\"https:\/\/librairie7l.com\/en\/produit\/eau-jeux-et-enjeux\/#breadcrumb\"},\"inLanguage\":\"en-US\",\"potentialAction\":[{\"@type\":\"ReadAction\",\"target\":[\"https:\/\/librairie7l.com\/en\/produit\/eau-jeux-et-enjeux\/\"]}]},{\"@type\":\"BreadcrumbList\",\"@id\":\"https:\/\/librairie7l.com\/en\/produit\/eau-jeux-et-enjeux\/#breadcrumb\",\"itemListElement\":[{\"@type\":\"ListItem\",\"position\":1,\"name\":\"Accueil\",\"item\":\"https:\/\/librairie7l.com\/en\/\"},{\"@type\":\"ListItem\",\"position\":2,\"name\":\"Shop\",\"item\":\"https:\/\/librairie7l.com\/en\/shop\/\"},{\"@type\":\"ListItem\",\"position\":3,\"name\":\"EAU : JEUX ET ENJEUX\"}]},{\"@type\":\"WebSite\",\"@id\":\"https:\/\/librairie7l.com\/en\/#website\",\"url\":\"https:\/\/librairie7l.com\/en\/\",\"name\":\"Librairie 7L\",\"description\":\"Librairie fond\u00e9e en 1999 par Karl Lagerfeld \u00e0 Paris\",\"publisher\":{\"@id\":\"https:\/\/librairie7l.com\/en\/#organization\"},\"potentialAction\":[{\"@type\":\"SearchAction\",\"target\":{\"@type\":\"EntryPoint\",\"urlTemplate\":\"https:\/\/librairie7l.com\/en\/?s={search_term_string}\"},\"query-input\":\"required name=search_term_string\"}],\"inLanguage\":\"en-US\"},{\"@type\":\"Organization\",\"@id\":\"https:\/\/librairie7l.com\/en\/#organization\",\"name\":\"Librairie 7L\",\"url\":\"https:\/\/librairie7l.com\/en\/\",\"logo\":{\"@type\":\"ImageObject\",\"inLanguage\":\"en-US\",\"@id\":\"https:\/\/librairie7l.com\/en\/#\/schema\/logo\/image\/\",\"url\":\"https:\/\/librairie7l.com\/wp-content\/uploads\/2022\/08\/logo-1.png\",\"contentUrl\":\"https:\/\/librairie7l.com\/wp-content\/uploads\/2022\/08\/logo-1.png\",\"width\":227,\"height\":301,\"caption\":\"Librairie 7L\"},\"image\":{\"@id\":\"https:\/\/librairie7l.com\/en\/#\/schema\/logo\/image\/\"}}]}<\/script>\n<!-- \/ Yoast SEO plugin. -->","yoast_head_json":{"title":"EAU : JEUX ET ENJEUX - Librairie 7L","robots":{"index":"index","follow":"follow","max-snippet":"max-snippet:-1","max-image-preview":"max-image-preview:large","max-video-preview":"max-video-preview:-1"},"canonical":"https:\/\/librairie7l.com\/en\/produit\/eau-jeux-et-enjeux\/","og_locale":"en_US","og_type":"article","og_title":"EAU : JEUX ET ENJEUX - Librairie 7L","og_description":"L&#8217;eau est un \u00e9l\u00e9ment essentiel au jardin. C&#8217;est une source de vie et une animation d\u00e9terminante. Depuis des si\u00e8cles, des paysagistes la mettent en sc\u00e8ne tant\u00f4t pour nous immerger dans la nature, tant\u00f4t nous perdre dans des effets de miroir, ou encore nous offrir un spectacle son et lumi\u00e8re. Cet art de l&#8217;eau est accessible [&hellip;]","og_url":"https:\/\/librairie7l.com\/en\/produit\/eau-jeux-et-enjeux\/","og_site_name":"Librairie 7L","article_modified_time":"2026-04-11T09:06:41+00:00","og_image":[{"width":549,"height":737,"url":"https:\/\/librairie7l.com\/wp-content\/uploads\/2019\/05\/9791097018078_1_75.jpg","type":"image\/jpeg"}],"twitter_card":"summary_large_image","twitter_misc":{"Est. reading time":"1 minute"},"schema":{"@context":"https:\/\/schema.org","@graph":[{"@type":"WebPage","@id":"https:\/\/librairie7l.com\/en\/produit\/eau-jeux-et-enjeux\/","url":"https:\/\/librairie7l.com\/en\/produit\/eau-jeux-et-enjeux\/","name":"EAU : JEUX ET ENJEUX - Librairie 7L","isPartOf":{"@id":"https:\/\/librairie7l.com\/en\/#website"},"datePublished":"2023-05-10T11:37:01+00:00","dateModified":"2026-04-11T09:06:41+00:00","breadcrumb":{"@id":"https:\/\/librairie7l.com\/en\/produit\/eau-jeux-et-enjeux\/#breadcrumb"},"inLanguage":"en-US","potentialAction":[{"@type":"ReadAction","target":["https:\/\/librairie7l.com\/en\/produit\/eau-jeux-et-enjeux\/"]}]},{"@type":"BreadcrumbList","@id":"https:\/\/librairie7l.com\/en\/produit\/eau-jeux-et-enjeux\/#breadcrumb","itemListElement":[{"@type":"ListItem","position":1,"name":"Accueil","item":"https:\/\/librairie7l.com\/en\/"},{"@type":"ListItem","position":2,"name":"Shop","item":"https:\/\/librairie7l.com\/en\/shop\/"},{"@type":"ListItem","position":3,"name":"EAU : JEUX ET ENJEUX"}]},{"@type":"WebSite","@id":"https:\/\/librairie7l.com\/en\/#website","url":"https:\/\/librairie7l.com\/en\/","name":"Librairie 7L","description":"Librairie fond\u00e9e en 1999 par Karl Lagerfeld \u00e0 Paris","publisher":{"@id":"https:\/\/librairie7l.com\/en\/#organization"},"potentialAction":[{"@type":"SearchAction","target":{"@type":"EntryPoint","urlTemplate":"https:\/\/librairie7l.com\/en\/?s={search_term_string}"},"query-input":"required name=search_term_string"}],"inLanguage":"en-US"},{"@type":"Organization","@id":"https:\/\/librairie7l.com\/en\/#organization","name":"Librairie 7L","url":"https:\/\/librairie7l.com\/en\/","logo":{"@type":"ImageObject","inLanguage":"en-US","@id":"https:\/\/librairie7l.com\/en\/#\/schema\/logo\/image\/","url":"https:\/\/librairie7l.com\/wp-content\/uploads\/2022\/08\/logo-1.png","contentUrl":"https:\/\/librairie7l.com\/wp-content\/uploads\/2022\/08\/logo-1.png","width":227,"height":301,"caption":"Librairie 7L"},"image":{"@id":"https:\/\/librairie7l.com\/en\/#\/schema\/logo\/image\/"}}]}},"_links":{"self":[{"href":"https:\/\/librairie7l.com\/en\/wp-json\/wp\/v2\/product\/28551"}],"collection":[{"href":"https:\/\/librairie7l.com\/en\/wp-json\/wp\/v2\/product"}],"about":[{"href":"https:\/\/librairie7l.com\/en\/wp-json\/wp\/v2\/types\/product"}],"wp:featuredmedia":[{"embeddable":true,"href":"https:\/\/librairie7l.com\/en\/wp-json\/wp\/v2\/media\/28549"}],"wp:attachment":[{"href":"https:\/\/librairie7l.com\/en\/wp-json\/wp\/v2\/media?parent=28551"}],"wp:term":[{"taxonomy":"product_cat","embeddable":true,"href":"https:\/\/librairie7l.com\/en\/wp-json\/wp\/v2\/product_cat?post=28551"},{"taxonomy":"product_tag","embeddable":true,"href":"https:\/\/librairie7l.com\/en\/wp-json\/wp\/v2\/product_tag?post=28551"}],"curies":[{"name":"wp","href":"https:\/\/api.w.org\/{rel}","templated":true}]}}