{"id":28559,"date":"2023-05-10T13:37:07","date_gmt":"2023-05-10T11:37:07","guid":{"rendered":"https:\/\/librairie7l.com\/?post_type=product&#038;p=28559"},"modified":"2026-04-06T17:08:34","modified_gmt":"2026-04-06T15:08:34","slug":"couturiers-de-la-danse","status":"publish","type":"product","link":"https:\/\/librairie7l.com\/en\/produit\/couturiers-de-la-danse\/","title":{"rendered":"COUTURIERS DE LA DANSE"},"content":{"rendered":"<p>Depuis 1924, date de la rencontre sur sc\u00e8ne des ballets russes et de Coco Chanel pour la cr\u00e9ation du Train Bleu, la couture n&#8217;a cess\u00e9 de s&#8217;int\u00e9resser \u00e0 l&#8217;univers de la danse. Et cette derni\u00e8re \u00e0 la mode. Yves Saint Laurent et Roland Petit pour Notre-Dame de Paris, Gianni Versace et Maurice B\u00e9jart, Christian Lacroix et l&#8217;Op\u00e9ra de Paris (Les Anges ternis, Joyaux, Sh\u00e9h\u00e9razade, Le Songe d&#8217;une nuit d&#8217;\u00e9t\u00e9), Jean Paul Gaultier et R\u00e9gine Chopinot, avec le ballet D\u00e9fil\u00e9, Angelin Preljocaj et Jean Paul Gaultier (Blanche Neige) puis Azzedine Ala\u00efa (Les Nuits, La Fresque), William Forsythe et Issey Miyake, Rei Kawakubo et Merce Cunningham, Anne Tersea de Keersmaeker et Van Noten, Viktor &amp; Rolf avec le Het National Ballet ou Walter Van Beirendonck avec l&#8217;\u00e9toile Marie-Agn\u00e8s Gillot ou Iris Van Herpen avec Benjamin Millepied ou Sasha Waltz. Sans oublier les couturiers de la danse que sont Dominique Fabr\u00e8gue, J\u00e9r\u00f4me Kaplan ou Philippe Guillotel. Au final c&#8217;est un si\u00e8cle de complicit\u00e9 entre les couturiers et chor\u00e9graphes de la sc\u00e8ne internationale. La recherche des formes et des mati\u00e8res le dispute aux couleurs ou \u00e0 l&#8217;histoire du costume dans un m\u00eame mouvement. Cette exposition leur rend hommage.<\/p>\n","protected":false},"excerpt":{"rendered":"<p>Depuis 1924, date de la rencontre sur sc\u00e8ne des ballets russes et de Coco Chanel pour la cr\u00e9ation du Train Bleu, la couture n&#8217;a cess\u00e9 de s&#8217;int\u00e9resser \u00e0 l&#8217;univers de la danse. Et cette derni\u00e8re \u00e0 la mode. Yves Saint Laurent et Roland Petit pour Notre-Dame de Paris, Gianni Versace et Maurice B\u00e9jart, Christian Lacroix [&hellip;]<\/p>\n","protected":false},"featured_media":28557,"template":"","meta":[],"product_cat":[55,2948,2957,19],"product_tag":[],"acf":[],"yoast_head":"<!-- This site is optimized with the Yoast SEO plugin v20.11 - https:\/\/yoast.com\/wordpress\/plugins\/seo\/ -->\n<title>COUTURIERS DE LA DANSE - Librairie 7L<\/title>\n<meta name=\"robots\" content=\"index, follow, max-snippet:-1, max-image-preview:large, max-video-preview:-1\" \/>\n<link rel=\"canonical\" href=\"https:\/\/librairie7l.com\/en\/produit\/couturiers-de-la-danse\/\" \/>\n<meta property=\"og:locale\" content=\"en_US\" \/>\n<meta property=\"og:type\" content=\"article\" \/>\n<meta property=\"og:title\" content=\"COUTURIERS DE LA DANSE - Librairie 7L\" \/>\n<meta property=\"og:description\" content=\"Depuis 1924, date de la rencontre sur sc\u00e8ne des ballets russes et de Coco Chanel pour la cr\u00e9ation du Train Bleu, la couture n&#8217;a cess\u00e9 de s&#8217;int\u00e9resser \u00e0 l&#8217;univers de la danse. Et cette derni\u00e8re \u00e0 la mode. Yves Saint Laurent et Roland Petit pour Notre-Dame de Paris, Gianni Versace et Maurice B\u00e9jart, Christian Lacroix [&hellip;]\" \/>\n<meta property=\"og:url\" content=\"https:\/\/librairie7l.com\/en\/produit\/couturiers-de-la-danse\/\" \/>\n<meta property=\"og:site_name\" content=\"Librairie 7L\" \/>\n<meta property=\"article:modified_time\" content=\"2026-04-06T15:08:34+00:00\" \/>\n<meta property=\"og:image\" content=\"https:\/\/librairie7l.com\/wp-content\/uploads\/2019\/06\/9788836643929_1_75.jpg\" \/>\n\t<meta property=\"og:image:width\" content=\"359\" \/>\n\t<meta property=\"og:image:height\" content=\"500\" \/>\n\t<meta property=\"og:image:type\" content=\"image\/jpeg\" \/>\n<meta name=\"twitter:card\" content=\"summary_large_image\" \/>\n<meta name=\"twitter:label1\" content=\"Est. reading time\" \/>\n\t<meta name=\"twitter:data1\" content=\"1 minute\" \/>\n<script type=\"application\/ld+json\" class=\"yoast-schema-graph\">{\"@context\":\"https:\/\/schema.org\",\"@graph\":[{\"@type\":\"WebPage\",\"@id\":\"https:\/\/librairie7l.com\/en\/produit\/couturiers-de-la-danse\/\",\"url\":\"https:\/\/librairie7l.com\/en\/produit\/couturiers-de-la-danse\/\",\"name\":\"COUTURIERS DE LA DANSE - Librairie 7L\",\"isPartOf\":{\"@id\":\"https:\/\/librairie7l.com\/en\/#website\"},\"datePublished\":\"2023-05-10T11:37:07+00:00\",\"dateModified\":\"2026-04-06T15:08:34+00:00\",\"breadcrumb\":{\"@id\":\"https:\/\/librairie7l.com\/en\/produit\/couturiers-de-la-danse\/#breadcrumb\"},\"inLanguage\":\"en-US\",\"potentialAction\":[{\"@type\":\"ReadAction\",\"target\":[\"https:\/\/librairie7l.com\/en\/produit\/couturiers-de-la-danse\/\"]}]},{\"@type\":\"BreadcrumbList\",\"@id\":\"https:\/\/librairie7l.com\/en\/produit\/couturiers-de-la-danse\/#breadcrumb\",\"itemListElement\":[{\"@type\":\"ListItem\",\"position\":1,\"name\":\"Accueil\",\"item\":\"https:\/\/librairie7l.com\/en\/\"},{\"@type\":\"ListItem\",\"position\":2,\"name\":\"Shop\",\"item\":\"https:\/\/librairie7l.com\/en\/shop\/\"},{\"@type\":\"ListItem\",\"position\":3,\"name\":\"COUTURIERS DE LA DANSE\"}]},{\"@type\":\"WebSite\",\"@id\":\"https:\/\/librairie7l.com\/en\/#website\",\"url\":\"https:\/\/librairie7l.com\/en\/\",\"name\":\"Librairie 7L\",\"description\":\"Librairie fond\u00e9e en 1999 par Karl Lagerfeld \u00e0 Paris\",\"publisher\":{\"@id\":\"https:\/\/librairie7l.com\/en\/#organization\"},\"potentialAction\":[{\"@type\":\"SearchAction\",\"target\":{\"@type\":\"EntryPoint\",\"urlTemplate\":\"https:\/\/librairie7l.com\/en\/?s={search_term_string}\"},\"query-input\":\"required name=search_term_string\"}],\"inLanguage\":\"en-US\"},{\"@type\":\"Organization\",\"@id\":\"https:\/\/librairie7l.com\/en\/#organization\",\"name\":\"Librairie 7L\",\"url\":\"https:\/\/librairie7l.com\/en\/\",\"logo\":{\"@type\":\"ImageObject\",\"inLanguage\":\"en-US\",\"@id\":\"https:\/\/librairie7l.com\/en\/#\/schema\/logo\/image\/\",\"url\":\"https:\/\/librairie7l.com\/wp-content\/uploads\/2022\/08\/logo-1.png\",\"contentUrl\":\"https:\/\/librairie7l.com\/wp-content\/uploads\/2022\/08\/logo-1.png\",\"width\":227,\"height\":301,\"caption\":\"Librairie 7L\"},\"image\":{\"@id\":\"https:\/\/librairie7l.com\/en\/#\/schema\/logo\/image\/\"}}]}<\/script>\n<!-- \/ Yoast SEO plugin. -->","yoast_head_json":{"title":"COUTURIERS DE LA DANSE - Librairie 7L","robots":{"index":"index","follow":"follow","max-snippet":"max-snippet:-1","max-image-preview":"max-image-preview:large","max-video-preview":"max-video-preview:-1"},"canonical":"https:\/\/librairie7l.com\/en\/produit\/couturiers-de-la-danse\/","og_locale":"en_US","og_type":"article","og_title":"COUTURIERS DE LA DANSE - Librairie 7L","og_description":"Depuis 1924, date de la rencontre sur sc\u00e8ne des ballets russes et de Coco Chanel pour la cr\u00e9ation du Train Bleu, la couture n&#8217;a cess\u00e9 de s&#8217;int\u00e9resser \u00e0 l&#8217;univers de la danse. Et cette derni\u00e8re \u00e0 la mode. Yves Saint Laurent et Roland Petit pour Notre-Dame de Paris, Gianni Versace et Maurice B\u00e9jart, Christian Lacroix [&hellip;]","og_url":"https:\/\/librairie7l.com\/en\/produit\/couturiers-de-la-danse\/","og_site_name":"Librairie 7L","article_modified_time":"2026-04-06T15:08:34+00:00","og_image":[{"width":359,"height":500,"url":"https:\/\/librairie7l.com\/wp-content\/uploads\/2019\/06\/9788836643929_1_75.jpg","type":"image\/jpeg"}],"twitter_card":"summary_large_image","twitter_misc":{"Est. reading time":"1 minute"},"schema":{"@context":"https:\/\/schema.org","@graph":[{"@type":"WebPage","@id":"https:\/\/librairie7l.com\/en\/produit\/couturiers-de-la-danse\/","url":"https:\/\/librairie7l.com\/en\/produit\/couturiers-de-la-danse\/","name":"COUTURIERS DE LA DANSE - Librairie 7L","isPartOf":{"@id":"https:\/\/librairie7l.com\/en\/#website"},"datePublished":"2023-05-10T11:37:07+00:00","dateModified":"2026-04-06T15:08:34+00:00","breadcrumb":{"@id":"https:\/\/librairie7l.com\/en\/produit\/couturiers-de-la-danse\/#breadcrumb"},"inLanguage":"en-US","potentialAction":[{"@type":"ReadAction","target":["https:\/\/librairie7l.com\/en\/produit\/couturiers-de-la-danse\/"]}]},{"@type":"BreadcrumbList","@id":"https:\/\/librairie7l.com\/en\/produit\/couturiers-de-la-danse\/#breadcrumb","itemListElement":[{"@type":"ListItem","position":1,"name":"Accueil","item":"https:\/\/librairie7l.com\/en\/"},{"@type":"ListItem","position":2,"name":"Shop","item":"https:\/\/librairie7l.com\/en\/shop\/"},{"@type":"ListItem","position":3,"name":"COUTURIERS DE LA DANSE"}]},{"@type":"WebSite","@id":"https:\/\/librairie7l.com\/en\/#website","url":"https:\/\/librairie7l.com\/en\/","name":"Librairie 7L","description":"Librairie fond\u00e9e en 1999 par Karl Lagerfeld \u00e0 Paris","publisher":{"@id":"https:\/\/librairie7l.com\/en\/#organization"},"potentialAction":[{"@type":"SearchAction","target":{"@type":"EntryPoint","urlTemplate":"https:\/\/librairie7l.com\/en\/?s={search_term_string}"},"query-input":"required name=search_term_string"}],"inLanguage":"en-US"},{"@type":"Organization","@id":"https:\/\/librairie7l.com\/en\/#organization","name":"Librairie 7L","url":"https:\/\/librairie7l.com\/en\/","logo":{"@type":"ImageObject","inLanguage":"en-US","@id":"https:\/\/librairie7l.com\/en\/#\/schema\/logo\/image\/","url":"https:\/\/librairie7l.com\/wp-content\/uploads\/2022\/08\/logo-1.png","contentUrl":"https:\/\/librairie7l.com\/wp-content\/uploads\/2022\/08\/logo-1.png","width":227,"height":301,"caption":"Librairie 7L"},"image":{"@id":"https:\/\/librairie7l.com\/en\/#\/schema\/logo\/image\/"}}]}},"_links":{"self":[{"href":"https:\/\/librairie7l.com\/en\/wp-json\/wp\/v2\/product\/28559"}],"collection":[{"href":"https:\/\/librairie7l.com\/en\/wp-json\/wp\/v2\/product"}],"about":[{"href":"https:\/\/librairie7l.com\/en\/wp-json\/wp\/v2\/types\/product"}],"wp:featuredmedia":[{"embeddable":true,"href":"https:\/\/librairie7l.com\/en\/wp-json\/wp\/v2\/media\/28557"}],"wp:attachment":[{"href":"https:\/\/librairie7l.com\/en\/wp-json\/wp\/v2\/media?parent=28559"}],"wp:term":[{"taxonomy":"product_cat","embeddable":true,"href":"https:\/\/librairie7l.com\/en\/wp-json\/wp\/v2\/product_cat?post=28559"},{"taxonomy":"product_tag","embeddable":true,"href":"https:\/\/librairie7l.com\/en\/wp-json\/wp\/v2\/product_tag?post=28559"}],"curies":[{"name":"wp","href":"https:\/\/api.w.org\/{rel}","templated":true}]}}