{"id":28567,"date":"2023-05-10T13:37:13","date_gmt":"2023-05-10T11:37:13","guid":{"rendered":"https:\/\/librairie7l.com\/?post_type=product&#038;p=28567"},"modified":"2026-04-06T17:08:37","modified_gmt":"2026-04-06T15:08:37","slug":"ruban-intime","status":"publish","type":"product","link":"https:\/\/librairie7l.com\/en\/produit\/ruban-intime\/","title":{"rendered":"RUBAN INTIME"},"content":{"rendered":"<p>Fait \u00e0 la fois pour cacher, prot\u00e9ger, maintenir, soigner ou encore d\u00e9voiler le corps, le ruban raconte une autre histoire des hommes et des femmes. Sa complexit\u00e9 est \u00e0 l&#8217;\u00e9gal de ses usages, ce que montre bien l&#8217;exposition, \u00ab Ruban et intime \u00bb au mus\u00e9e d&#8217;Art et d&#8217;Industrie de Saint-\u00c9tienne, et dont le livre rend compte avec finesse et grande beaut\u00e9. En \u00e9largissant son propos, il propose un regard neuf et une lecture singuli\u00e8re des \u00e9volutions de la cr\u00e9ation de la lingeriecorseterie.<br \/>\nSa reliure originale \u00e0 la Berlinoise et son approche pluridisciplinaire, illustr\u00e9e par une iconographie spectaculaire, conf\u00e8re \u00e0 l&#8217;ouvrage son statut d&#8217;objet de r\u00e9f\u00e9rence unique. Pr\u00e9cieux, moderne et sophistiqu\u00e9, grand public et exigeant, il r\u00e9pond \u00e0 l&#8217;int\u00e9r\u00eat de tous les publics.<\/p>\n","protected":false},"excerpt":{"rendered":"<p>Fait \u00e0 la fois pour cacher, prot\u00e9ger, maintenir, soigner ou encore d\u00e9voiler le corps, le ruban raconte une autre histoire des hommes et des femmes. Sa complexit\u00e9 est \u00e0 l&#8217;\u00e9gal de ses usages, ce que montre bien l&#8217;exposition, \u00ab Ruban et intime \u00bb au mus\u00e9e d&#8217;Art et d&#8217;Industrie de Saint-\u00c9tienne, et dont le livre rend [&hellip;]<\/p>\n","protected":false},"featured_media":28565,"template":"","meta":[],"product_cat":[55,2948,2957,19],"product_tag":[],"acf":[],"yoast_head":"<!-- This site is optimized with the Yoast SEO plugin v20.11 - https:\/\/yoast.com\/wordpress\/plugins\/seo\/ -->\n<title>RUBAN INTIME - Librairie 7L<\/title>\n<meta name=\"robots\" content=\"index, follow, max-snippet:-1, max-image-preview:large, max-video-preview:-1\" \/>\n<link rel=\"canonical\" href=\"https:\/\/librairie7l.com\/en\/produit\/ruban-intime\/\" \/>\n<meta property=\"og:locale\" content=\"en_US\" \/>\n<meta property=\"og:type\" content=\"article\" \/>\n<meta property=\"og:title\" content=\"RUBAN INTIME - Librairie 7L\" \/>\n<meta property=\"og:description\" content=\"Fait \u00e0 la fois pour cacher, prot\u00e9ger, maintenir, soigner ou encore d\u00e9voiler le corps, le ruban raconte une autre histoire des hommes et des femmes. Sa complexit\u00e9 est \u00e0 l&#8217;\u00e9gal de ses usages, ce que montre bien l&#8217;exposition, \u00ab Ruban et intime \u00bb au mus\u00e9e d&#8217;Art et d&#8217;Industrie de Saint-\u00c9tienne, et dont le livre rend [&hellip;]\" \/>\n<meta property=\"og:url\" content=\"https:\/\/librairie7l.com\/en\/produit\/ruban-intime\/\" \/>\n<meta property=\"og:site_name\" content=\"Librairie 7L\" \/>\n<meta property=\"article:modified_time\" content=\"2026-04-06T15:08:37+00:00\" \/>\n<meta property=\"og:image\" content=\"https:\/\/librairie7l.com\/wp-content\/uploads\/2020\/12\/9782352902720_1_75.jpg\" \/>\n\t<meta property=\"og:image:width\" content=\"789\" \/>\n\t<meta property=\"og:image:height\" content=\"600\" \/>\n\t<meta property=\"og:image:type\" content=\"image\/jpeg\" \/>\n<meta name=\"twitter:card\" content=\"summary_large_image\" \/>\n<meta name=\"twitter:label1\" content=\"Est. reading time\" \/>\n\t<meta name=\"twitter:data1\" content=\"1 minute\" \/>\n<script type=\"application\/ld+json\" class=\"yoast-schema-graph\">{\"@context\":\"https:\/\/schema.org\",\"@graph\":[{\"@type\":\"WebPage\",\"@id\":\"https:\/\/librairie7l.com\/en\/produit\/ruban-intime\/\",\"url\":\"https:\/\/librairie7l.com\/en\/produit\/ruban-intime\/\",\"name\":\"RUBAN INTIME - Librairie 7L\",\"isPartOf\":{\"@id\":\"https:\/\/librairie7l.com\/en\/#website\"},\"datePublished\":\"2023-05-10T11:37:13+00:00\",\"dateModified\":\"2026-04-06T15:08:37+00:00\",\"breadcrumb\":{\"@id\":\"https:\/\/librairie7l.com\/en\/produit\/ruban-intime\/#breadcrumb\"},\"inLanguage\":\"en-US\",\"potentialAction\":[{\"@type\":\"ReadAction\",\"target\":[\"https:\/\/librairie7l.com\/en\/produit\/ruban-intime\/\"]}]},{\"@type\":\"BreadcrumbList\",\"@id\":\"https:\/\/librairie7l.com\/en\/produit\/ruban-intime\/#breadcrumb\",\"itemListElement\":[{\"@type\":\"ListItem\",\"position\":1,\"name\":\"Accueil\",\"item\":\"https:\/\/librairie7l.com\/en\/\"},{\"@type\":\"ListItem\",\"position\":2,\"name\":\"Shop\",\"item\":\"https:\/\/librairie7l.com\/en\/shop\/\"},{\"@type\":\"ListItem\",\"position\":3,\"name\":\"RUBAN INTIME\"}]},{\"@type\":\"WebSite\",\"@id\":\"https:\/\/librairie7l.com\/en\/#website\",\"url\":\"https:\/\/librairie7l.com\/en\/\",\"name\":\"Librairie 7L\",\"description\":\"Librairie fond\u00e9e en 1999 par Karl Lagerfeld \u00e0 Paris\",\"publisher\":{\"@id\":\"https:\/\/librairie7l.com\/en\/#organization\"},\"potentialAction\":[{\"@type\":\"SearchAction\",\"target\":{\"@type\":\"EntryPoint\",\"urlTemplate\":\"https:\/\/librairie7l.com\/en\/?s={search_term_string}\"},\"query-input\":\"required name=search_term_string\"}],\"inLanguage\":\"en-US\"},{\"@type\":\"Organization\",\"@id\":\"https:\/\/librairie7l.com\/en\/#organization\",\"name\":\"Librairie 7L\",\"url\":\"https:\/\/librairie7l.com\/en\/\",\"logo\":{\"@type\":\"ImageObject\",\"inLanguage\":\"en-US\",\"@id\":\"https:\/\/librairie7l.com\/en\/#\/schema\/logo\/image\/\",\"url\":\"https:\/\/librairie7l.com\/wp-content\/uploads\/2022\/08\/logo-1.png\",\"contentUrl\":\"https:\/\/librairie7l.com\/wp-content\/uploads\/2022\/08\/logo-1.png\",\"width\":227,\"height\":301,\"caption\":\"Librairie 7L\"},\"image\":{\"@id\":\"https:\/\/librairie7l.com\/en\/#\/schema\/logo\/image\/\"}}]}<\/script>\n<!-- \/ Yoast SEO plugin. -->","yoast_head_json":{"title":"RUBAN INTIME - Librairie 7L","robots":{"index":"index","follow":"follow","max-snippet":"max-snippet:-1","max-image-preview":"max-image-preview:large","max-video-preview":"max-video-preview:-1"},"canonical":"https:\/\/librairie7l.com\/en\/produit\/ruban-intime\/","og_locale":"en_US","og_type":"article","og_title":"RUBAN INTIME - Librairie 7L","og_description":"Fait \u00e0 la fois pour cacher, prot\u00e9ger, maintenir, soigner ou encore d\u00e9voiler le corps, le ruban raconte une autre histoire des hommes et des femmes. Sa complexit\u00e9 est \u00e0 l&#8217;\u00e9gal de ses usages, ce que montre bien l&#8217;exposition, \u00ab Ruban et intime \u00bb au mus\u00e9e d&#8217;Art et d&#8217;Industrie de Saint-\u00c9tienne, et dont le livre rend [&hellip;]","og_url":"https:\/\/librairie7l.com\/en\/produit\/ruban-intime\/","og_site_name":"Librairie 7L","article_modified_time":"2026-04-06T15:08:37+00:00","og_image":[{"width":789,"height":600,"url":"https:\/\/librairie7l.com\/wp-content\/uploads\/2020\/12\/9782352902720_1_75.jpg","type":"image\/jpeg"}],"twitter_card":"summary_large_image","twitter_misc":{"Est. reading time":"1 minute"},"schema":{"@context":"https:\/\/schema.org","@graph":[{"@type":"WebPage","@id":"https:\/\/librairie7l.com\/en\/produit\/ruban-intime\/","url":"https:\/\/librairie7l.com\/en\/produit\/ruban-intime\/","name":"RUBAN INTIME - Librairie 7L","isPartOf":{"@id":"https:\/\/librairie7l.com\/en\/#website"},"datePublished":"2023-05-10T11:37:13+00:00","dateModified":"2026-04-06T15:08:37+00:00","breadcrumb":{"@id":"https:\/\/librairie7l.com\/en\/produit\/ruban-intime\/#breadcrumb"},"inLanguage":"en-US","potentialAction":[{"@type":"ReadAction","target":["https:\/\/librairie7l.com\/en\/produit\/ruban-intime\/"]}]},{"@type":"BreadcrumbList","@id":"https:\/\/librairie7l.com\/en\/produit\/ruban-intime\/#breadcrumb","itemListElement":[{"@type":"ListItem","position":1,"name":"Accueil","item":"https:\/\/librairie7l.com\/en\/"},{"@type":"ListItem","position":2,"name":"Shop","item":"https:\/\/librairie7l.com\/en\/shop\/"},{"@type":"ListItem","position":3,"name":"RUBAN INTIME"}]},{"@type":"WebSite","@id":"https:\/\/librairie7l.com\/en\/#website","url":"https:\/\/librairie7l.com\/en\/","name":"Librairie 7L","description":"Librairie fond\u00e9e en 1999 par Karl Lagerfeld \u00e0 Paris","publisher":{"@id":"https:\/\/librairie7l.com\/en\/#organization"},"potentialAction":[{"@type":"SearchAction","target":{"@type":"EntryPoint","urlTemplate":"https:\/\/librairie7l.com\/en\/?s={search_term_string}"},"query-input":"required name=search_term_string"}],"inLanguage":"en-US"},{"@type":"Organization","@id":"https:\/\/librairie7l.com\/en\/#organization","name":"Librairie 7L","url":"https:\/\/librairie7l.com\/en\/","logo":{"@type":"ImageObject","inLanguage":"en-US","@id":"https:\/\/librairie7l.com\/en\/#\/schema\/logo\/image\/","url":"https:\/\/librairie7l.com\/wp-content\/uploads\/2022\/08\/logo-1.png","contentUrl":"https:\/\/librairie7l.com\/wp-content\/uploads\/2022\/08\/logo-1.png","width":227,"height":301,"caption":"Librairie 7L"},"image":{"@id":"https:\/\/librairie7l.com\/en\/#\/schema\/logo\/image\/"}}]}},"_links":{"self":[{"href":"https:\/\/librairie7l.com\/en\/wp-json\/wp\/v2\/product\/28567"}],"collection":[{"href":"https:\/\/librairie7l.com\/en\/wp-json\/wp\/v2\/product"}],"about":[{"href":"https:\/\/librairie7l.com\/en\/wp-json\/wp\/v2\/types\/product"}],"wp:featuredmedia":[{"embeddable":true,"href":"https:\/\/librairie7l.com\/en\/wp-json\/wp\/v2\/media\/28565"}],"wp:attachment":[{"href":"https:\/\/librairie7l.com\/en\/wp-json\/wp\/v2\/media?parent=28567"}],"wp:term":[{"taxonomy":"product_cat","embeddable":true,"href":"https:\/\/librairie7l.com\/en\/wp-json\/wp\/v2\/product_cat?post=28567"},{"taxonomy":"product_tag","embeddable":true,"href":"https:\/\/librairie7l.com\/en\/wp-json\/wp\/v2\/product_tag?post=28567"}],"curies":[{"name":"wp","href":"https:\/\/api.w.org\/{rel}","templated":true}]}}