{"id":28587,"date":"2023-05-10T13:37:35","date_gmt":"2023-05-10T11:37:35","guid":{"rendered":"https:\/\/librairie7l.com\/?post_type=product&#038;p=28587"},"modified":"2026-04-05T19:18:55","modified_gmt":"2026-04-05T17:18:55","slug":"rob-mallet-stevens-itineraires-paris-bruxelles-hyeres","status":"publish","type":"product","link":"https:\/\/librairie7l.com\/en\/produit\/rob-mallet-stevens-itineraires-paris-bruxelles-hyeres\/","title":{"rendered":"ROB MALLET-STEVENS ; ITIN\u00c9RAIRES : PARIS, BRUXELLES, HY\u00c8RES"},"content":{"rendered":"<p>Le jeune Mallet-Stevens, neveu des Stoclet, r\u00e9side r\u00e9guli\u00e8rement dans leur somptueux h\u00f4tel de ma\u00eetre \u00e9difi\u00e9 de 1905 \u00e0 1911 \u00e0 Bruxelles. Fascin\u00e9 par l&#8217;architecture du ma\u00eetre viennois Josef Hoffmann, il adopte le style de la S\u00e9cession qu&#8217;il d\u00e9cline d\u00e8s 1910 dans des dessins qui illustrent ses premiers articles sur le cin\u00e9ma, les animaux dans l&#8217;architecture, le noir et le blanc, le japonisme&#8230;<br \/>\nEn 1923 le vicomte de Noailles lui commande les plans d&#8217;une villa \u00e0 Hy\u00e8res, dans le Var, qui marque le v\u00e9ritable d\u00e9but de sa carri\u00e8re d&#8217;architecte et consacre sa notori\u00e9t\u00e9.<br \/>\nLa construction de la villa a donn\u00e9 lieu \u00e0 une importante correspondance publi\u00e9e pour la premi\u00e8re fois dans ce livre. Ce sont toutes les ann\u00e9es de formation d&#8217;un des plus grands architectes fran\u00e7ais que le lecteur d\u00e9couvre dans ce livre illustr\u00e9 par de nombreux documents in\u00e9dits.<\/p>\n","protected":false},"excerpt":{"rendered":"<p>Le jeune Mallet-Stevens, neveu des Stoclet, r\u00e9side r\u00e9guli\u00e8rement dans leur somptueux h\u00f4tel de ma\u00eetre \u00e9difi\u00e9 de 1905 \u00e0 1911 \u00e0 Bruxelles. Fascin\u00e9 par l&#8217;architecture du ma\u00eetre viennois Josef Hoffmann, il adopte le style de la S\u00e9cession qu&#8217;il d\u00e9cline d\u00e8s 1910 dans des dessins qui illustrent ses premiers articles sur le cin\u00e9ma, les animaux dans l&#8217;architecture, [&hellip;]<\/p>\n","protected":false},"featured_media":28585,"template":"","meta":[],"product_cat":[2948,2950],"product_tag":[],"acf":[],"yoast_head":"<!-- This site is optimized with the Yoast SEO plugin v20.11 - https:\/\/yoast.com\/wordpress\/plugins\/seo\/ -->\n<title>ROB MALLET-STEVENS ; ITIN\u00c9RAIRES : PARIS, BRUXELLES, HY\u00c8RES - Librairie 7L<\/title>\n<meta name=\"robots\" content=\"index, follow, max-snippet:-1, max-image-preview:large, max-video-preview:-1\" \/>\n<link rel=\"canonical\" href=\"https:\/\/librairie7l.com\/en\/produit\/rob-mallet-stevens-itineraires-paris-bruxelles-hyeres\/\" \/>\n<meta property=\"og:locale\" content=\"en_US\" \/>\n<meta property=\"og:type\" content=\"article\" \/>\n<meta property=\"og:title\" content=\"ROB MALLET-STEVENS ; ITIN\u00c9RAIRES : PARIS, BRUXELLES, HY\u00c8RES - Librairie 7L\" \/>\n<meta property=\"og:description\" content=\"Le jeune Mallet-Stevens, neveu des Stoclet, r\u00e9side r\u00e9guli\u00e8rement dans leur somptueux h\u00f4tel de ma\u00eetre \u00e9difi\u00e9 de 1905 \u00e0 1911 \u00e0 Bruxelles. Fascin\u00e9 par l&#8217;architecture du ma\u00eetre viennois Josef Hoffmann, il adopte le style de la S\u00e9cession qu&#8217;il d\u00e9cline d\u00e8s 1910 dans des dessins qui illustrent ses premiers articles sur le cin\u00e9ma, les animaux dans l&#8217;architecture, [&hellip;]\" \/>\n<meta property=\"og:url\" content=\"https:\/\/librairie7l.com\/en\/produit\/rob-mallet-stevens-itineraires-paris-bruxelles-hyeres\/\" \/>\n<meta property=\"og:site_name\" content=\"Librairie 7L\" \/>\n<meta property=\"article:modified_time\" content=\"2026-04-05T17:18:55+00:00\" \/>\n<meta property=\"og:image\" content=\"https:\/\/librairie7l.com\/wp-content\/uploads\/2016\/03\/9782871433149_1_75.jpg\" \/>\n\t<meta property=\"og:image:width\" content=\"600\" \/>\n\t<meta property=\"og:image:height\" content=\"685\" \/>\n\t<meta property=\"og:image:type\" content=\"image\/jpeg\" \/>\n<meta name=\"twitter:card\" content=\"summary_large_image\" \/>\n<meta name=\"twitter:label1\" content=\"Est. reading time\" \/>\n\t<meta name=\"twitter:data1\" content=\"1 minute\" \/>\n<script type=\"application\/ld+json\" class=\"yoast-schema-graph\">{\"@context\":\"https:\/\/schema.org\",\"@graph\":[{\"@type\":\"WebPage\",\"@id\":\"https:\/\/librairie7l.com\/en\/produit\/rob-mallet-stevens-itineraires-paris-bruxelles-hyeres\/\",\"url\":\"https:\/\/librairie7l.com\/en\/produit\/rob-mallet-stevens-itineraires-paris-bruxelles-hyeres\/\",\"name\":\"ROB MALLET-STEVENS ; ITIN\u00c9RAIRES : PARIS, BRUXELLES, HY\u00c8RES - Librairie 7L\",\"isPartOf\":{\"@id\":\"https:\/\/librairie7l.com\/en\/#website\"},\"datePublished\":\"2023-05-10T11:37:35+00:00\",\"dateModified\":\"2026-04-05T17:18:55+00:00\",\"breadcrumb\":{\"@id\":\"https:\/\/librairie7l.com\/en\/produit\/rob-mallet-stevens-itineraires-paris-bruxelles-hyeres\/#breadcrumb\"},\"inLanguage\":\"en-US\",\"potentialAction\":[{\"@type\":\"ReadAction\",\"target\":[\"https:\/\/librairie7l.com\/en\/produit\/rob-mallet-stevens-itineraires-paris-bruxelles-hyeres\/\"]}]},{\"@type\":\"BreadcrumbList\",\"@id\":\"https:\/\/librairie7l.com\/en\/produit\/rob-mallet-stevens-itineraires-paris-bruxelles-hyeres\/#breadcrumb\",\"itemListElement\":[{\"@type\":\"ListItem\",\"position\":1,\"name\":\"Accueil\",\"item\":\"https:\/\/librairie7l.com\/en\/\"},{\"@type\":\"ListItem\",\"position\":2,\"name\":\"Shop\",\"item\":\"https:\/\/librairie7l.com\/en\/shop\/\"},{\"@type\":\"ListItem\",\"position\":3,\"name\":\"ROB MALLET-STEVENS ; ITIN\u00c9RAIRES : PARIS, BRUXELLES, HY\u00c8RES\"}]},{\"@type\":\"WebSite\",\"@id\":\"https:\/\/librairie7l.com\/en\/#website\",\"url\":\"https:\/\/librairie7l.com\/en\/\",\"name\":\"Librairie 7L\",\"description\":\"Librairie fond\u00e9e en 1999 par Karl Lagerfeld \u00e0 Paris\",\"publisher\":{\"@id\":\"https:\/\/librairie7l.com\/en\/#organization\"},\"potentialAction\":[{\"@type\":\"SearchAction\",\"target\":{\"@type\":\"EntryPoint\",\"urlTemplate\":\"https:\/\/librairie7l.com\/en\/?s={search_term_string}\"},\"query-input\":\"required name=search_term_string\"}],\"inLanguage\":\"en-US\"},{\"@type\":\"Organization\",\"@id\":\"https:\/\/librairie7l.com\/en\/#organization\",\"name\":\"Librairie 7L\",\"url\":\"https:\/\/librairie7l.com\/en\/\",\"logo\":{\"@type\":\"ImageObject\",\"inLanguage\":\"en-US\",\"@id\":\"https:\/\/librairie7l.com\/en\/#\/schema\/logo\/image\/\",\"url\":\"https:\/\/librairie7l.com\/wp-content\/uploads\/2022\/08\/logo-1.png\",\"contentUrl\":\"https:\/\/librairie7l.com\/wp-content\/uploads\/2022\/08\/logo-1.png\",\"width\":227,\"height\":301,\"caption\":\"Librairie 7L\"},\"image\":{\"@id\":\"https:\/\/librairie7l.com\/en\/#\/schema\/logo\/image\/\"}}]}<\/script>\n<!-- \/ Yoast SEO plugin. -->","yoast_head_json":{"title":"ROB MALLET-STEVENS ; ITIN\u00c9RAIRES : PARIS, BRUXELLES, HY\u00c8RES - Librairie 7L","robots":{"index":"index","follow":"follow","max-snippet":"max-snippet:-1","max-image-preview":"max-image-preview:large","max-video-preview":"max-video-preview:-1"},"canonical":"https:\/\/librairie7l.com\/en\/produit\/rob-mallet-stevens-itineraires-paris-bruxelles-hyeres\/","og_locale":"en_US","og_type":"article","og_title":"ROB MALLET-STEVENS ; ITIN\u00c9RAIRES : PARIS, BRUXELLES, HY\u00c8RES - Librairie 7L","og_description":"Le jeune Mallet-Stevens, neveu des Stoclet, r\u00e9side r\u00e9guli\u00e8rement dans leur somptueux h\u00f4tel de ma\u00eetre \u00e9difi\u00e9 de 1905 \u00e0 1911 \u00e0 Bruxelles. Fascin\u00e9 par l&#8217;architecture du ma\u00eetre viennois Josef Hoffmann, il adopte le style de la S\u00e9cession qu&#8217;il d\u00e9cline d\u00e8s 1910 dans des dessins qui illustrent ses premiers articles sur le cin\u00e9ma, les animaux dans l&#8217;architecture, [&hellip;]","og_url":"https:\/\/librairie7l.com\/en\/produit\/rob-mallet-stevens-itineraires-paris-bruxelles-hyeres\/","og_site_name":"Librairie 7L","article_modified_time":"2026-04-05T17:18:55+00:00","og_image":[{"width":600,"height":685,"url":"https:\/\/librairie7l.com\/wp-content\/uploads\/2016\/03\/9782871433149_1_75.jpg","type":"image\/jpeg"}],"twitter_card":"summary_large_image","twitter_misc":{"Est. reading time":"1 minute"},"schema":{"@context":"https:\/\/schema.org","@graph":[{"@type":"WebPage","@id":"https:\/\/librairie7l.com\/en\/produit\/rob-mallet-stevens-itineraires-paris-bruxelles-hyeres\/","url":"https:\/\/librairie7l.com\/en\/produit\/rob-mallet-stevens-itineraires-paris-bruxelles-hyeres\/","name":"ROB MALLET-STEVENS ; ITIN\u00c9RAIRES : PARIS, BRUXELLES, HY\u00c8RES - Librairie 7L","isPartOf":{"@id":"https:\/\/librairie7l.com\/en\/#website"},"datePublished":"2023-05-10T11:37:35+00:00","dateModified":"2026-04-05T17:18:55+00:00","breadcrumb":{"@id":"https:\/\/librairie7l.com\/en\/produit\/rob-mallet-stevens-itineraires-paris-bruxelles-hyeres\/#breadcrumb"},"inLanguage":"en-US","potentialAction":[{"@type":"ReadAction","target":["https:\/\/librairie7l.com\/en\/produit\/rob-mallet-stevens-itineraires-paris-bruxelles-hyeres\/"]}]},{"@type":"BreadcrumbList","@id":"https:\/\/librairie7l.com\/en\/produit\/rob-mallet-stevens-itineraires-paris-bruxelles-hyeres\/#breadcrumb","itemListElement":[{"@type":"ListItem","position":1,"name":"Accueil","item":"https:\/\/librairie7l.com\/en\/"},{"@type":"ListItem","position":2,"name":"Shop","item":"https:\/\/librairie7l.com\/en\/shop\/"},{"@type":"ListItem","position":3,"name":"ROB MALLET-STEVENS ; ITIN\u00c9RAIRES : PARIS, BRUXELLES, HY\u00c8RES"}]},{"@type":"WebSite","@id":"https:\/\/librairie7l.com\/en\/#website","url":"https:\/\/librairie7l.com\/en\/","name":"Librairie 7L","description":"Librairie fond\u00e9e en 1999 par Karl Lagerfeld \u00e0 Paris","publisher":{"@id":"https:\/\/librairie7l.com\/en\/#organization"},"potentialAction":[{"@type":"SearchAction","target":{"@type":"EntryPoint","urlTemplate":"https:\/\/librairie7l.com\/en\/?s={search_term_string}"},"query-input":"required name=search_term_string"}],"inLanguage":"en-US"},{"@type":"Organization","@id":"https:\/\/librairie7l.com\/en\/#organization","name":"Librairie 7L","url":"https:\/\/librairie7l.com\/en\/","logo":{"@type":"ImageObject","inLanguage":"en-US","@id":"https:\/\/librairie7l.com\/en\/#\/schema\/logo\/image\/","url":"https:\/\/librairie7l.com\/wp-content\/uploads\/2022\/08\/logo-1.png","contentUrl":"https:\/\/librairie7l.com\/wp-content\/uploads\/2022\/08\/logo-1.png","width":227,"height":301,"caption":"Librairie 7L"},"image":{"@id":"https:\/\/librairie7l.com\/en\/#\/schema\/logo\/image\/"}}]}},"_links":{"self":[{"href":"https:\/\/librairie7l.com\/en\/wp-json\/wp\/v2\/product\/28587"}],"collection":[{"href":"https:\/\/librairie7l.com\/en\/wp-json\/wp\/v2\/product"}],"about":[{"href":"https:\/\/librairie7l.com\/en\/wp-json\/wp\/v2\/types\/product"}],"wp:featuredmedia":[{"embeddable":true,"href":"https:\/\/librairie7l.com\/en\/wp-json\/wp\/v2\/media\/28585"}],"wp:attachment":[{"href":"https:\/\/librairie7l.com\/en\/wp-json\/wp\/v2\/media?parent=28587"}],"wp:term":[{"taxonomy":"product_cat","embeddable":true,"href":"https:\/\/librairie7l.com\/en\/wp-json\/wp\/v2\/product_cat?post=28587"},{"taxonomy":"product_tag","embeddable":true,"href":"https:\/\/librairie7l.com\/en\/wp-json\/wp\/v2\/product_tag?post=28587"}],"curies":[{"name":"wp","href":"https:\/\/api.w.org\/{rel}","templated":true}]}}