{"id":28591,"date":"2023-05-10T13:37:38","date_gmt":"2023-05-10T11:37:38","guid":{"rendered":"https:\/\/librairie7l.com\/?post_type=product&#038;p=28591"},"modified":"2026-04-19T07:46:43","modified_gmt":"2026-04-19T05:46:43","slug":"book-design-from-the-basics-to-the-most-impressive-designs","status":"publish","type":"product","link":"https:\/\/librairie7l.com\/en\/produit\/book-design-from-the-basics-to-the-most-impressive-designs\/","title":{"rendered":"BOOK DESIGN : FROM THE BASICS TO THE MOST IMPRESSIVE DESIGNS"},"content":{"rendered":"<p>Savez-vous quand est apparu le premier livre ? Et quels sont les \u00e9l\u00e9ments fondamentaux d&#8217;un livre ? Comment r\u00e9aliser un livre \u00e0 partir du tout d\u00e9but ? Book Design r\u00e9pond \u00e0 toutes ces questions. Cet ouvrage offre un aper\u00e7u de ce qu?est un livre, de sa fabrication et de la fa\u00e7on dont on peut l?am\u00e9liorer gr\u00e2ce \u00e0 de bonnes techniques de conception et d?impression. Les deux premiers chapitres sont ax\u00e9s sur les connaissances historiques et th\u00e9oriques , les deux derniers pr\u00e9sentent des exemples de conception de livres contemporains, y compris des informations d\u00e9taill\u00e9es et des entretiens avec huit graphistes.<\/p>\n","protected":false},"excerpt":{"rendered":"<p>Savez-vous quand est apparu le premier livre ? Et quels sont les \u00e9l\u00e9ments fondamentaux d&#8217;un livre ? Comment r\u00e9aliser un livre \u00e0 partir du tout d\u00e9but ? Book Design r\u00e9pond \u00e0 toutes ces questions. Cet ouvrage offre un aper\u00e7u de ce qu?est un livre, de sa fabrication et de la fa\u00e7on dont on peut l?am\u00e9liorer [&hellip;]<\/p>\n","protected":false},"featured_media":28589,"template":"","meta":[],"product_cat":[55,2948,18,2952],"product_tag":[],"acf":[],"yoast_head":"<!-- This site is optimized with the Yoast SEO plugin v20.11 - https:\/\/yoast.com\/wordpress\/plugins\/seo\/ -->\n<title>BOOK DESIGN : FROM THE BASICS TO THE MOST IMPRESSIVE DESIGNS - Librairie 7L<\/title>\n<meta name=\"robots\" content=\"index, follow, max-snippet:-1, max-image-preview:large, max-video-preview:-1\" \/>\n<link rel=\"canonical\" href=\"https:\/\/librairie7l.com\/en\/produit\/book-design-from-the-basics-to-the-most-impressive-designs\/\" \/>\n<meta property=\"og:locale\" content=\"en_US\" \/>\n<meta property=\"og:type\" content=\"article\" \/>\n<meta property=\"og:title\" content=\"BOOK DESIGN : FROM THE BASICS TO THE MOST IMPRESSIVE DESIGNS - Librairie 7L\" \/>\n<meta property=\"og:description\" content=\"Savez-vous quand est apparu le premier livre ? Et quels sont les \u00e9l\u00e9ments fondamentaux d&#8217;un livre ? Comment r\u00e9aliser un livre \u00e0 partir du tout d\u00e9but ? Book Design r\u00e9pond \u00e0 toutes ces questions. Cet ouvrage offre un aper\u00e7u de ce qu?est un livre, de sa fabrication et de la fa\u00e7on dont on peut l?am\u00e9liorer [&hellip;]\" \/>\n<meta property=\"og:url\" content=\"https:\/\/librairie7l.com\/en\/produit\/book-design-from-the-basics-to-the-most-impressive-designs\/\" \/>\n<meta property=\"og:site_name\" content=\"Librairie 7L\" \/>\n<meta property=\"article:modified_time\" content=\"2026-04-19T05:46:43+00:00\" \/>\n<meta property=\"og:image\" content=\"https:\/\/librairie7l.com\/wp-content\/uploads\/2021\/03\/9788417656300_1_75.jpg\" \/>\n\t<meta property=\"og:image:width\" content=\"371\" \/>\n\t<meta property=\"og:image:height\" content=\"500\" \/>\n\t<meta property=\"og:image:type\" content=\"image\/jpeg\" \/>\n<meta name=\"twitter:card\" content=\"summary_large_image\" \/>\n<meta name=\"twitter:label1\" content=\"Est. reading time\" \/>\n\t<meta name=\"twitter:data1\" content=\"1 minute\" \/>\n<script type=\"application\/ld+json\" class=\"yoast-schema-graph\">{\"@context\":\"https:\/\/schema.org\",\"@graph\":[{\"@type\":\"WebPage\",\"@id\":\"https:\/\/librairie7l.com\/en\/produit\/book-design-from-the-basics-to-the-most-impressive-designs\/\",\"url\":\"https:\/\/librairie7l.com\/en\/produit\/book-design-from-the-basics-to-the-most-impressive-designs\/\",\"name\":\"BOOK DESIGN : FROM THE BASICS TO THE MOST IMPRESSIVE DESIGNS - Librairie 7L\",\"isPartOf\":{\"@id\":\"https:\/\/librairie7l.com\/en\/#website\"},\"datePublished\":\"2023-05-10T11:37:38+00:00\",\"dateModified\":\"2026-04-19T05:46:43+00:00\",\"breadcrumb\":{\"@id\":\"https:\/\/librairie7l.com\/en\/produit\/book-design-from-the-basics-to-the-most-impressive-designs\/#breadcrumb\"},\"inLanguage\":\"en-US\",\"potentialAction\":[{\"@type\":\"ReadAction\",\"target\":[\"https:\/\/librairie7l.com\/en\/produit\/book-design-from-the-basics-to-the-most-impressive-designs\/\"]}]},{\"@type\":\"BreadcrumbList\",\"@id\":\"https:\/\/librairie7l.com\/en\/produit\/book-design-from-the-basics-to-the-most-impressive-designs\/#breadcrumb\",\"itemListElement\":[{\"@type\":\"ListItem\",\"position\":1,\"name\":\"Accueil\",\"item\":\"https:\/\/librairie7l.com\/en\/\"},{\"@type\":\"ListItem\",\"position\":2,\"name\":\"Shop\",\"item\":\"https:\/\/librairie7l.com\/en\/shop\/\"},{\"@type\":\"ListItem\",\"position\":3,\"name\":\"BOOK DESIGN : FROM THE BASICS TO THE MOST IMPRESSIVE DESIGNS\"}]},{\"@type\":\"WebSite\",\"@id\":\"https:\/\/librairie7l.com\/en\/#website\",\"url\":\"https:\/\/librairie7l.com\/en\/\",\"name\":\"Librairie 7L\",\"description\":\"Librairie fond\u00e9e en 1999 par Karl Lagerfeld \u00e0 Paris\",\"publisher\":{\"@id\":\"https:\/\/librairie7l.com\/en\/#organization\"},\"potentialAction\":[{\"@type\":\"SearchAction\",\"target\":{\"@type\":\"EntryPoint\",\"urlTemplate\":\"https:\/\/librairie7l.com\/en\/?s={search_term_string}\"},\"query-input\":\"required name=search_term_string\"}],\"inLanguage\":\"en-US\"},{\"@type\":\"Organization\",\"@id\":\"https:\/\/librairie7l.com\/en\/#organization\",\"name\":\"Librairie 7L\",\"url\":\"https:\/\/librairie7l.com\/en\/\",\"logo\":{\"@type\":\"ImageObject\",\"inLanguage\":\"en-US\",\"@id\":\"https:\/\/librairie7l.com\/en\/#\/schema\/logo\/image\/\",\"url\":\"https:\/\/librairie7l.com\/wp-content\/uploads\/2022\/08\/logo-1.png\",\"contentUrl\":\"https:\/\/librairie7l.com\/wp-content\/uploads\/2022\/08\/logo-1.png\",\"width\":227,\"height\":301,\"caption\":\"Librairie 7L\"},\"image\":{\"@id\":\"https:\/\/librairie7l.com\/en\/#\/schema\/logo\/image\/\"}}]}<\/script>\n<!-- \/ Yoast SEO plugin. -->","yoast_head_json":{"title":"BOOK DESIGN : FROM THE BASICS TO THE MOST IMPRESSIVE DESIGNS - Librairie 7L","robots":{"index":"index","follow":"follow","max-snippet":"max-snippet:-1","max-image-preview":"max-image-preview:large","max-video-preview":"max-video-preview:-1"},"canonical":"https:\/\/librairie7l.com\/en\/produit\/book-design-from-the-basics-to-the-most-impressive-designs\/","og_locale":"en_US","og_type":"article","og_title":"BOOK DESIGN : FROM THE BASICS TO THE MOST IMPRESSIVE DESIGNS - Librairie 7L","og_description":"Savez-vous quand est apparu le premier livre ? Et quels sont les \u00e9l\u00e9ments fondamentaux d&#8217;un livre ? Comment r\u00e9aliser un livre \u00e0 partir du tout d\u00e9but ? Book Design r\u00e9pond \u00e0 toutes ces questions. Cet ouvrage offre un aper\u00e7u de ce qu?est un livre, de sa fabrication et de la fa\u00e7on dont on peut l?am\u00e9liorer [&hellip;]","og_url":"https:\/\/librairie7l.com\/en\/produit\/book-design-from-the-basics-to-the-most-impressive-designs\/","og_site_name":"Librairie 7L","article_modified_time":"2026-04-19T05:46:43+00:00","og_image":[{"width":371,"height":500,"url":"https:\/\/librairie7l.com\/wp-content\/uploads\/2021\/03\/9788417656300_1_75.jpg","type":"image\/jpeg"}],"twitter_card":"summary_large_image","twitter_misc":{"Est. reading time":"1 minute"},"schema":{"@context":"https:\/\/schema.org","@graph":[{"@type":"WebPage","@id":"https:\/\/librairie7l.com\/en\/produit\/book-design-from-the-basics-to-the-most-impressive-designs\/","url":"https:\/\/librairie7l.com\/en\/produit\/book-design-from-the-basics-to-the-most-impressive-designs\/","name":"BOOK DESIGN : FROM THE BASICS TO THE MOST IMPRESSIVE DESIGNS - Librairie 7L","isPartOf":{"@id":"https:\/\/librairie7l.com\/en\/#website"},"datePublished":"2023-05-10T11:37:38+00:00","dateModified":"2026-04-19T05:46:43+00:00","breadcrumb":{"@id":"https:\/\/librairie7l.com\/en\/produit\/book-design-from-the-basics-to-the-most-impressive-designs\/#breadcrumb"},"inLanguage":"en-US","potentialAction":[{"@type":"ReadAction","target":["https:\/\/librairie7l.com\/en\/produit\/book-design-from-the-basics-to-the-most-impressive-designs\/"]}]},{"@type":"BreadcrumbList","@id":"https:\/\/librairie7l.com\/en\/produit\/book-design-from-the-basics-to-the-most-impressive-designs\/#breadcrumb","itemListElement":[{"@type":"ListItem","position":1,"name":"Accueil","item":"https:\/\/librairie7l.com\/en\/"},{"@type":"ListItem","position":2,"name":"Shop","item":"https:\/\/librairie7l.com\/en\/shop\/"},{"@type":"ListItem","position":3,"name":"BOOK DESIGN : FROM THE BASICS TO THE MOST IMPRESSIVE DESIGNS"}]},{"@type":"WebSite","@id":"https:\/\/librairie7l.com\/en\/#website","url":"https:\/\/librairie7l.com\/en\/","name":"Librairie 7L","description":"Librairie fond\u00e9e en 1999 par Karl Lagerfeld \u00e0 Paris","publisher":{"@id":"https:\/\/librairie7l.com\/en\/#organization"},"potentialAction":[{"@type":"SearchAction","target":{"@type":"EntryPoint","urlTemplate":"https:\/\/librairie7l.com\/en\/?s={search_term_string}"},"query-input":"required name=search_term_string"}],"inLanguage":"en-US"},{"@type":"Organization","@id":"https:\/\/librairie7l.com\/en\/#organization","name":"Librairie 7L","url":"https:\/\/librairie7l.com\/en\/","logo":{"@type":"ImageObject","inLanguage":"en-US","@id":"https:\/\/librairie7l.com\/en\/#\/schema\/logo\/image\/","url":"https:\/\/librairie7l.com\/wp-content\/uploads\/2022\/08\/logo-1.png","contentUrl":"https:\/\/librairie7l.com\/wp-content\/uploads\/2022\/08\/logo-1.png","width":227,"height":301,"caption":"Librairie 7L"},"image":{"@id":"https:\/\/librairie7l.com\/en\/#\/schema\/logo\/image\/"}}]}},"_links":{"self":[{"href":"https:\/\/librairie7l.com\/en\/wp-json\/wp\/v2\/product\/28591"}],"collection":[{"href":"https:\/\/librairie7l.com\/en\/wp-json\/wp\/v2\/product"}],"about":[{"href":"https:\/\/librairie7l.com\/en\/wp-json\/wp\/v2\/types\/product"}],"wp:featuredmedia":[{"embeddable":true,"href":"https:\/\/librairie7l.com\/en\/wp-json\/wp\/v2\/media\/28589"}],"wp:attachment":[{"href":"https:\/\/librairie7l.com\/en\/wp-json\/wp\/v2\/media?parent=28591"}],"wp:term":[{"taxonomy":"product_cat","embeddable":true,"href":"https:\/\/librairie7l.com\/en\/wp-json\/wp\/v2\/product_cat?post=28591"},{"taxonomy":"product_tag","embeddable":true,"href":"https:\/\/librairie7l.com\/en\/wp-json\/wp\/v2\/product_tag?post=28591"}],"curies":[{"name":"wp","href":"https:\/\/api.w.org\/{rel}","templated":true}]}}