{"id":28637,"date":"2023-05-10T13:39:18","date_gmt":"2023-05-10T11:39:18","guid":{"rendered":"https:\/\/librairie7l.com\/?post_type=product&#038;p=28637"},"modified":"2026-04-21T12:01:54","modified_gmt":"2026-04-21T10:01:54","slug":"lecons-de-cinema-masterclasses-des-plus-grands-realisateurs","status":"publish","type":"product","link":"https:\/\/librairie7l.com\/en\/produit\/lecons-de-cinema-masterclasses-des-plus-grands-realisateurs\/","title":{"rendered":"LE\u00c7ONS DE CIN\u00c9MA ; MASTERCLASSES DES PLUS GRANDS R\u00c9ALISATEURS"},"content":{"rendered":"<p>Tous les cin\u00e9philes et les \u00e9tudiants en cin\u00e9ma r\u00eavent de pouvoir dialoguer avec les plus grands r\u00e9alisateurs.<br \/>\nTrente-neuf cin\u00e9astes de toutes nationalit\u00e9s racontent ici leurs m\u00e9thodes de travail pour le choix du sujet, l&#8217;\u00e9criture du sc\u00e9nario, le d\u00e9coupage, la direction des acteurs, les r\u00e9p\u00e9titions, l&#8217;improvisation, l&#8217;organisation du tournage&#8230;<br \/>\nR\u00e9pondant aux m\u00eames questions et se pr\u00eatant \u00e0 l&#8217;exercice de la \u00ab le\u00e7on de cin\u00e9ma \u00bb, ils d\u00e9crivent \u00e0 l&#8217;aide d&#8217;exemples concrets le processus de cr\u00e9ation au quotidien et nous permettent de comprendre en quoi des visions artistiques tr\u00e8s diff\u00e9rentes appellent des mises en oeuvre tout aussi diverses.<br \/>\nAu contraire de bien des ouvrages sp\u00e9cialis\u00e9s, ce livre ne donne donc pas de recettes toutes faites et pr\u00e9tendument universelles, mais r\u00e9v\u00e8le nombre de secrets de fabrication des plus grands r\u00e9alisateurs, laissant entrevoir qu&#8217;en mati\u00e8re de cr\u00e9ation il n&#8217;y a pas de r\u00e8gles ou que tout au plus elles existent pour \u00eatre transgress\u00e9es.<\/p>\n","protected":false},"excerpt":{"rendered":"<p>Tous les cin\u00e9philes et les \u00e9tudiants en cin\u00e9ma r\u00eavent de pouvoir dialoguer avec les plus grands r\u00e9alisateurs. Trente-neuf cin\u00e9astes de toutes nationalit\u00e9s racontent ici leurs m\u00e9thodes de travail pour le choix du sujet, l&#8217;\u00e9criture du sc\u00e9nario, le d\u00e9coupage, la direction des acteurs, les r\u00e9p\u00e9titions, l&#8217;improvisation, l&#8217;organisation du tournage&#8230; R\u00e9pondant aux m\u00eames questions et se pr\u00eatant [&hellip;]<\/p>\n","protected":false},"featured_media":28635,"template":"","meta":[],"product_cat":[55,2948,2958,17],"product_tag":[],"acf":[],"yoast_head":"<!-- This site is optimized with the Yoast SEO plugin v20.11 - https:\/\/yoast.com\/wordpress\/plugins\/seo\/ -->\n<title>LE\u00c7ONS DE CIN\u00c9MA ; MASTERCLASSES DES PLUS GRANDS R\u00c9ALISATEURS - Librairie 7L<\/title>\n<meta name=\"robots\" content=\"index, follow, max-snippet:-1, max-image-preview:large, max-video-preview:-1\" \/>\n<link rel=\"canonical\" href=\"https:\/\/librairie7l.com\/en\/produit\/lecons-de-cinema-masterclasses-des-plus-grands-realisateurs\/\" \/>\n<meta property=\"og:locale\" content=\"en_US\" \/>\n<meta property=\"og:type\" content=\"article\" \/>\n<meta property=\"og:title\" content=\"LE\u00c7ONS DE CIN\u00c9MA ; MASTERCLASSES DES PLUS GRANDS R\u00c9ALISATEURS - Librairie 7L\" \/>\n<meta property=\"og:description\" content=\"Tous les cin\u00e9philes et les \u00e9tudiants en cin\u00e9ma r\u00eavent de pouvoir dialoguer avec les plus grands r\u00e9alisateurs. Trente-neuf cin\u00e9astes de toutes nationalit\u00e9s racontent ici leurs m\u00e9thodes de travail pour le choix du sujet, l&#8217;\u00e9criture du sc\u00e9nario, le d\u00e9coupage, la direction des acteurs, les r\u00e9p\u00e9titions, l&#8217;improvisation, l&#8217;organisation du tournage&#8230; R\u00e9pondant aux m\u00eames questions et se pr\u00eatant [&hellip;]\" \/>\n<meta property=\"og:url\" content=\"https:\/\/librairie7l.com\/en\/produit\/lecons-de-cinema-masterclasses-des-plus-grands-realisateurs\/\" \/>\n<meta property=\"og:site_name\" content=\"Librairie 7L\" \/>\n<meta property=\"article:modified_time\" content=\"2026-04-21T10:01:54+00:00\" \/>\n<meta property=\"og:image\" content=\"https:\/\/librairie7l.com\/wp-content\/uploads\/2020\/01\/9782380940374_1_75.jpg\" \/>\n\t<meta property=\"og:image:width\" content=\"600\" \/>\n\t<meta property=\"og:image:height\" content=\"945\" \/>\n\t<meta property=\"og:image:type\" content=\"image\/jpeg\" \/>\n<meta name=\"twitter:card\" content=\"summary_large_image\" \/>\n<meta name=\"twitter:label1\" content=\"Est. reading time\" \/>\n\t<meta name=\"twitter:data1\" content=\"1 minute\" \/>\n<script type=\"application\/ld+json\" class=\"yoast-schema-graph\">{\"@context\":\"https:\/\/schema.org\",\"@graph\":[{\"@type\":\"WebPage\",\"@id\":\"https:\/\/librairie7l.com\/en\/produit\/lecons-de-cinema-masterclasses-des-plus-grands-realisateurs\/\",\"url\":\"https:\/\/librairie7l.com\/en\/produit\/lecons-de-cinema-masterclasses-des-plus-grands-realisateurs\/\",\"name\":\"LE\u00c7ONS DE CIN\u00c9MA ; MASTERCLASSES DES PLUS GRANDS R\u00c9ALISATEURS - Librairie 7L\",\"isPartOf\":{\"@id\":\"https:\/\/librairie7l.com\/en\/#website\"},\"datePublished\":\"2023-05-10T11:39:18+00:00\",\"dateModified\":\"2026-04-21T10:01:54+00:00\",\"breadcrumb\":{\"@id\":\"https:\/\/librairie7l.com\/en\/produit\/lecons-de-cinema-masterclasses-des-plus-grands-realisateurs\/#breadcrumb\"},\"inLanguage\":\"en-US\",\"potentialAction\":[{\"@type\":\"ReadAction\",\"target\":[\"https:\/\/librairie7l.com\/en\/produit\/lecons-de-cinema-masterclasses-des-plus-grands-realisateurs\/\"]}]},{\"@type\":\"BreadcrumbList\",\"@id\":\"https:\/\/librairie7l.com\/en\/produit\/lecons-de-cinema-masterclasses-des-plus-grands-realisateurs\/#breadcrumb\",\"itemListElement\":[{\"@type\":\"ListItem\",\"position\":1,\"name\":\"Accueil\",\"item\":\"https:\/\/librairie7l.com\/en\/\"},{\"@type\":\"ListItem\",\"position\":2,\"name\":\"Shop\",\"item\":\"https:\/\/librairie7l.com\/en\/shop\/\"},{\"@type\":\"ListItem\",\"position\":3,\"name\":\"LE\u00c7ONS DE CIN\u00c9MA ; MASTERCLASSES DES PLUS GRANDS R\u00c9ALISATEURS\"}]},{\"@type\":\"WebSite\",\"@id\":\"https:\/\/librairie7l.com\/en\/#website\",\"url\":\"https:\/\/librairie7l.com\/en\/\",\"name\":\"Librairie 7L\",\"description\":\"Librairie fond\u00e9e en 1999 par Karl Lagerfeld \u00e0 Paris\",\"publisher\":{\"@id\":\"https:\/\/librairie7l.com\/en\/#organization\"},\"potentialAction\":[{\"@type\":\"SearchAction\",\"target\":{\"@type\":\"EntryPoint\",\"urlTemplate\":\"https:\/\/librairie7l.com\/en\/?s={search_term_string}\"},\"query-input\":\"required name=search_term_string\"}],\"inLanguage\":\"en-US\"},{\"@type\":\"Organization\",\"@id\":\"https:\/\/librairie7l.com\/en\/#organization\",\"name\":\"Librairie 7L\",\"url\":\"https:\/\/librairie7l.com\/en\/\",\"logo\":{\"@type\":\"ImageObject\",\"inLanguage\":\"en-US\",\"@id\":\"https:\/\/librairie7l.com\/en\/#\/schema\/logo\/image\/\",\"url\":\"https:\/\/librairie7l.com\/wp-content\/uploads\/2022\/08\/logo-1.png\",\"contentUrl\":\"https:\/\/librairie7l.com\/wp-content\/uploads\/2022\/08\/logo-1.png\",\"width\":227,\"height\":301,\"caption\":\"Librairie 7L\"},\"image\":{\"@id\":\"https:\/\/librairie7l.com\/en\/#\/schema\/logo\/image\/\"}}]}<\/script>\n<!-- \/ Yoast SEO plugin. -->","yoast_head_json":{"title":"LE\u00c7ONS DE CIN\u00c9MA ; MASTERCLASSES DES PLUS GRANDS R\u00c9ALISATEURS - Librairie 7L","robots":{"index":"index","follow":"follow","max-snippet":"max-snippet:-1","max-image-preview":"max-image-preview:large","max-video-preview":"max-video-preview:-1"},"canonical":"https:\/\/librairie7l.com\/en\/produit\/lecons-de-cinema-masterclasses-des-plus-grands-realisateurs\/","og_locale":"en_US","og_type":"article","og_title":"LE\u00c7ONS DE CIN\u00c9MA ; MASTERCLASSES DES PLUS GRANDS R\u00c9ALISATEURS - Librairie 7L","og_description":"Tous les cin\u00e9philes et les \u00e9tudiants en cin\u00e9ma r\u00eavent de pouvoir dialoguer avec les plus grands r\u00e9alisateurs. Trente-neuf cin\u00e9astes de toutes nationalit\u00e9s racontent ici leurs m\u00e9thodes de travail pour le choix du sujet, l&#8217;\u00e9criture du sc\u00e9nario, le d\u00e9coupage, la direction des acteurs, les r\u00e9p\u00e9titions, l&#8217;improvisation, l&#8217;organisation du tournage&#8230; R\u00e9pondant aux m\u00eames questions et se pr\u00eatant [&hellip;]","og_url":"https:\/\/librairie7l.com\/en\/produit\/lecons-de-cinema-masterclasses-des-plus-grands-realisateurs\/","og_site_name":"Librairie 7L","article_modified_time":"2026-04-21T10:01:54+00:00","og_image":[{"width":600,"height":945,"url":"https:\/\/librairie7l.com\/wp-content\/uploads\/2020\/01\/9782380940374_1_75.jpg","type":"image\/jpeg"}],"twitter_card":"summary_large_image","twitter_misc":{"Est. reading time":"1 minute"},"schema":{"@context":"https:\/\/schema.org","@graph":[{"@type":"WebPage","@id":"https:\/\/librairie7l.com\/en\/produit\/lecons-de-cinema-masterclasses-des-plus-grands-realisateurs\/","url":"https:\/\/librairie7l.com\/en\/produit\/lecons-de-cinema-masterclasses-des-plus-grands-realisateurs\/","name":"LE\u00c7ONS DE CIN\u00c9MA ; MASTERCLASSES DES PLUS GRANDS R\u00c9ALISATEURS - Librairie 7L","isPartOf":{"@id":"https:\/\/librairie7l.com\/en\/#website"},"datePublished":"2023-05-10T11:39:18+00:00","dateModified":"2026-04-21T10:01:54+00:00","breadcrumb":{"@id":"https:\/\/librairie7l.com\/en\/produit\/lecons-de-cinema-masterclasses-des-plus-grands-realisateurs\/#breadcrumb"},"inLanguage":"en-US","potentialAction":[{"@type":"ReadAction","target":["https:\/\/librairie7l.com\/en\/produit\/lecons-de-cinema-masterclasses-des-plus-grands-realisateurs\/"]}]},{"@type":"BreadcrumbList","@id":"https:\/\/librairie7l.com\/en\/produit\/lecons-de-cinema-masterclasses-des-plus-grands-realisateurs\/#breadcrumb","itemListElement":[{"@type":"ListItem","position":1,"name":"Accueil","item":"https:\/\/librairie7l.com\/en\/"},{"@type":"ListItem","position":2,"name":"Shop","item":"https:\/\/librairie7l.com\/en\/shop\/"},{"@type":"ListItem","position":3,"name":"LE\u00c7ONS DE CIN\u00c9MA ; MASTERCLASSES DES PLUS GRANDS R\u00c9ALISATEURS"}]},{"@type":"WebSite","@id":"https:\/\/librairie7l.com\/en\/#website","url":"https:\/\/librairie7l.com\/en\/","name":"Librairie 7L","description":"Librairie fond\u00e9e en 1999 par Karl Lagerfeld \u00e0 Paris","publisher":{"@id":"https:\/\/librairie7l.com\/en\/#organization"},"potentialAction":[{"@type":"SearchAction","target":{"@type":"EntryPoint","urlTemplate":"https:\/\/librairie7l.com\/en\/?s={search_term_string}"},"query-input":"required name=search_term_string"}],"inLanguage":"en-US"},{"@type":"Organization","@id":"https:\/\/librairie7l.com\/en\/#organization","name":"Librairie 7L","url":"https:\/\/librairie7l.com\/en\/","logo":{"@type":"ImageObject","inLanguage":"en-US","@id":"https:\/\/librairie7l.com\/en\/#\/schema\/logo\/image\/","url":"https:\/\/librairie7l.com\/wp-content\/uploads\/2022\/08\/logo-1.png","contentUrl":"https:\/\/librairie7l.com\/wp-content\/uploads\/2022\/08\/logo-1.png","width":227,"height":301,"caption":"Librairie 7L"},"image":{"@id":"https:\/\/librairie7l.com\/en\/#\/schema\/logo\/image\/"}}]}},"_links":{"self":[{"href":"https:\/\/librairie7l.com\/en\/wp-json\/wp\/v2\/product\/28637"}],"collection":[{"href":"https:\/\/librairie7l.com\/en\/wp-json\/wp\/v2\/product"}],"about":[{"href":"https:\/\/librairie7l.com\/en\/wp-json\/wp\/v2\/types\/product"}],"wp:featuredmedia":[{"embeddable":true,"href":"https:\/\/librairie7l.com\/en\/wp-json\/wp\/v2\/media\/28635"}],"wp:attachment":[{"href":"https:\/\/librairie7l.com\/en\/wp-json\/wp\/v2\/media?parent=28637"}],"wp:term":[{"taxonomy":"product_cat","embeddable":true,"href":"https:\/\/librairie7l.com\/en\/wp-json\/wp\/v2\/product_cat?post=28637"},{"taxonomy":"product_tag","embeddable":true,"href":"https:\/\/librairie7l.com\/en\/wp-json\/wp\/v2\/product_tag?post=28637"}],"curies":[{"name":"wp","href":"https:\/\/api.w.org\/{rel}","templated":true}]}}