{"id":28645,"date":"2023-05-10T13:39:33","date_gmt":"2023-05-10T11:39:33","guid":{"rendered":"https:\/\/librairie7l.com\/?post_type=product&#038;p=28645"},"modified":"2026-04-19T09:32:46","modified_gmt":"2026-04-19T07:32:46","slug":"uam-une-aventure-moderne-catalogue-de-lexposition","status":"publish","type":"product","link":"https:\/\/librairie7l.com\/en\/produit\/uam-une-aventure-moderne-catalogue-de-lexposition\/","title":{"rendered":"UAM, UNE AVENTURE MODERNE ; CATALOGUE DE L&#8217;EXPOSITION"},"content":{"rendered":"<p>L&#8217;Union des Artistes Modernes est vaste mouvement regroupant des architectes, des artistes d\u00e9corateurs, des cr\u00e9ateurs de mobilier, mais aussi des peintres, des sculpteurs, des photographes, des cr\u00e9ateurs de tissus et de bijoux, des graphistes et des affichistes&#8230; Fond\u00e9e en 1929 sous la forme d&#8217;une association fran\u00e7aise ouverte aux cr\u00e9ateurs internationaux, il aura comport\u00e9 plus de 170 membres jusqu&#8217;\u00e0 sa dissolution en 1958.<\/p>\n<p>Les artistes fran\u00e7ais comme Fernand L\u00e9ger, Sonia Delaunay, Raoul Dufy, Henri Laurens pour la peinture, Francis Jourdain, Eileen Gray, Charlotte Perriand, Pierre Chareau, pour le design, Mallet-Stevens, Jean Prouv\u00e9, Le Corbusier et Pierre Jeanneret, Jean Lur\u00e7at, mais aussi Lods, Zehrfuss ou Emile Aillaud pour l&#8217;architecture, H\u00e9l\u00e8ne Henry pour le textile, Jean Carlu pour le graphisme&#8230;tous sont des membres \u00e9minents de l&#8217;UAM dont la liste couvre tous les champs de la cr\u00e9ation.<br \/>\n Rassembl\u00e9es de mani\u00e8re in\u00e9dite sous forme de \u00ab p\u00e9riod room \u00bb leurs oeuvres offrent un large panorama de la cr\u00e9ation fran\u00e7aise sur pr\u00e8s de cinquante ans et donnent \u00e0 voir l&#8217;\u00e9volution de l&#8217;id\u00e9e \u00ab moderne \u00bb.<\/p>\n<p>Avec une maquette empruntant aux codes graphiques des revues, le catalogue est caract\u00e9ris\u00e9 par une abondante iconographie, qui para\u00eet incontournable pour retracer, en images, la gen\u00e8se du Design fran\u00e7ais.<\/p>\n","protected":false},"excerpt":{"rendered":"<p>L&#8217;Union des Artistes Modernes est vaste mouvement regroupant des architectes, des artistes d\u00e9corateurs, des cr\u00e9ateurs de mobilier, mais aussi des peintres, des sculpteurs, des photographes, des cr\u00e9ateurs de tissus et de bijoux, des graphistes et des affichistes&#8230; Fond\u00e9e en 1929 sous la forme d&#8217;une association fran\u00e7aise ouverte aux cr\u00e9ateurs internationaux, il aura comport\u00e9 plus de [&hellip;]<\/p>\n","protected":false},"featured_media":28643,"template":"","meta":[],"product_cat":[55,2948,18,2952],"product_tag":[],"acf":[],"yoast_head":"<!-- This site is optimized with the Yoast SEO plugin v20.11 - https:\/\/yoast.com\/wordpress\/plugins\/seo\/ -->\n<title>UAM, UNE AVENTURE MODERNE ; CATALOGUE DE L&#039;EXPOSITION - Librairie 7L<\/title>\n<meta name=\"robots\" content=\"index, follow, max-snippet:-1, max-image-preview:large, max-video-preview:-1\" \/>\n<link rel=\"canonical\" href=\"https:\/\/librairie7l.com\/en\/produit\/uam-une-aventure-moderne-catalogue-de-lexposition\/\" \/>\n<meta property=\"og:locale\" content=\"en_US\" \/>\n<meta property=\"og:type\" content=\"article\" \/>\n<meta property=\"og:title\" content=\"UAM, UNE AVENTURE MODERNE ; CATALOGUE DE L&#039;EXPOSITION - Librairie 7L\" \/>\n<meta property=\"og:description\" content=\"L&#8217;Union des Artistes Modernes est vaste mouvement regroupant des architectes, des artistes d\u00e9corateurs, des cr\u00e9ateurs de mobilier, mais aussi des peintres, des sculpteurs, des photographes, des cr\u00e9ateurs de tissus et de bijoux, des graphistes et des affichistes&#8230; Fond\u00e9e en 1929 sous la forme d&#8217;une association fran\u00e7aise ouverte aux cr\u00e9ateurs internationaux, il aura comport\u00e9 plus de [&hellip;]\" \/>\n<meta property=\"og:url\" content=\"https:\/\/librairie7l.com\/en\/produit\/uam-une-aventure-moderne-catalogue-de-lexposition\/\" \/>\n<meta property=\"og:site_name\" content=\"Librairie 7L\" \/>\n<meta property=\"article:modified_time\" content=\"2026-04-19T07:32:46+00:00\" \/>\n<meta property=\"og:image\" content=\"https:\/\/librairie7l.com\/wp-content\/uploads\/2018\/01\/9782844268228_1_75.jpg\" \/>\n\t<meta property=\"og:image:width\" content=\"1000\" \/>\n\t<meta property=\"og:image:height\" content=\"1245\" \/>\n\t<meta property=\"og:image:type\" content=\"image\/jpeg\" \/>\n<meta name=\"twitter:card\" content=\"summary_large_image\" \/>\n<meta name=\"twitter:label1\" content=\"Est. reading time\" \/>\n\t<meta name=\"twitter:data1\" content=\"1 minute\" \/>\n<script type=\"application\/ld+json\" class=\"yoast-schema-graph\">{\"@context\":\"https:\/\/schema.org\",\"@graph\":[{\"@type\":\"WebPage\",\"@id\":\"https:\/\/librairie7l.com\/en\/produit\/uam-une-aventure-moderne-catalogue-de-lexposition\/\",\"url\":\"https:\/\/librairie7l.com\/en\/produit\/uam-une-aventure-moderne-catalogue-de-lexposition\/\",\"name\":\"UAM, UNE AVENTURE MODERNE ; CATALOGUE DE L'EXPOSITION - Librairie 7L\",\"isPartOf\":{\"@id\":\"https:\/\/librairie7l.com\/en\/#website\"},\"datePublished\":\"2023-05-10T11:39:33+00:00\",\"dateModified\":\"2026-04-19T07:32:46+00:00\",\"breadcrumb\":{\"@id\":\"https:\/\/librairie7l.com\/en\/produit\/uam-une-aventure-moderne-catalogue-de-lexposition\/#breadcrumb\"},\"inLanguage\":\"en-US\",\"potentialAction\":[{\"@type\":\"ReadAction\",\"target\":[\"https:\/\/librairie7l.com\/en\/produit\/uam-une-aventure-moderne-catalogue-de-lexposition\/\"]}]},{\"@type\":\"BreadcrumbList\",\"@id\":\"https:\/\/librairie7l.com\/en\/produit\/uam-une-aventure-moderne-catalogue-de-lexposition\/#breadcrumb\",\"itemListElement\":[{\"@type\":\"ListItem\",\"position\":1,\"name\":\"Accueil\",\"item\":\"https:\/\/librairie7l.com\/en\/\"},{\"@type\":\"ListItem\",\"position\":2,\"name\":\"Shop\",\"item\":\"https:\/\/librairie7l.com\/en\/shop\/\"},{\"@type\":\"ListItem\",\"position\":3,\"name\":\"UAM, UNE AVENTURE MODERNE ; CATALOGUE DE L&#8217;EXPOSITION\"}]},{\"@type\":\"WebSite\",\"@id\":\"https:\/\/librairie7l.com\/en\/#website\",\"url\":\"https:\/\/librairie7l.com\/en\/\",\"name\":\"Librairie 7L\",\"description\":\"Librairie fond\u00e9e en 1999 par Karl Lagerfeld \u00e0 Paris\",\"publisher\":{\"@id\":\"https:\/\/librairie7l.com\/en\/#organization\"},\"potentialAction\":[{\"@type\":\"SearchAction\",\"target\":{\"@type\":\"EntryPoint\",\"urlTemplate\":\"https:\/\/librairie7l.com\/en\/?s={search_term_string}\"},\"query-input\":\"required name=search_term_string\"}],\"inLanguage\":\"en-US\"},{\"@type\":\"Organization\",\"@id\":\"https:\/\/librairie7l.com\/en\/#organization\",\"name\":\"Librairie 7L\",\"url\":\"https:\/\/librairie7l.com\/en\/\",\"logo\":{\"@type\":\"ImageObject\",\"inLanguage\":\"en-US\",\"@id\":\"https:\/\/librairie7l.com\/en\/#\/schema\/logo\/image\/\",\"url\":\"https:\/\/librairie7l.com\/wp-content\/uploads\/2022\/08\/logo-1.png\",\"contentUrl\":\"https:\/\/librairie7l.com\/wp-content\/uploads\/2022\/08\/logo-1.png\",\"width\":227,\"height\":301,\"caption\":\"Librairie 7L\"},\"image\":{\"@id\":\"https:\/\/librairie7l.com\/en\/#\/schema\/logo\/image\/\"}}]}<\/script>\n<!-- \/ Yoast SEO plugin. -->","yoast_head_json":{"title":"UAM, UNE AVENTURE MODERNE ; CATALOGUE DE L'EXPOSITION - Librairie 7L","robots":{"index":"index","follow":"follow","max-snippet":"max-snippet:-1","max-image-preview":"max-image-preview:large","max-video-preview":"max-video-preview:-1"},"canonical":"https:\/\/librairie7l.com\/en\/produit\/uam-une-aventure-moderne-catalogue-de-lexposition\/","og_locale":"en_US","og_type":"article","og_title":"UAM, UNE AVENTURE MODERNE ; CATALOGUE DE L'EXPOSITION - Librairie 7L","og_description":"L&#8217;Union des Artistes Modernes est vaste mouvement regroupant des architectes, des artistes d\u00e9corateurs, des cr\u00e9ateurs de mobilier, mais aussi des peintres, des sculpteurs, des photographes, des cr\u00e9ateurs de tissus et de bijoux, des graphistes et des affichistes&#8230; Fond\u00e9e en 1929 sous la forme d&#8217;une association fran\u00e7aise ouverte aux cr\u00e9ateurs internationaux, il aura comport\u00e9 plus de [&hellip;]","og_url":"https:\/\/librairie7l.com\/en\/produit\/uam-une-aventure-moderne-catalogue-de-lexposition\/","og_site_name":"Librairie 7L","article_modified_time":"2026-04-19T07:32:46+00:00","og_image":[{"width":1000,"height":1245,"url":"https:\/\/librairie7l.com\/wp-content\/uploads\/2018\/01\/9782844268228_1_75.jpg","type":"image\/jpeg"}],"twitter_card":"summary_large_image","twitter_misc":{"Est. reading time":"1 minute"},"schema":{"@context":"https:\/\/schema.org","@graph":[{"@type":"WebPage","@id":"https:\/\/librairie7l.com\/en\/produit\/uam-une-aventure-moderne-catalogue-de-lexposition\/","url":"https:\/\/librairie7l.com\/en\/produit\/uam-une-aventure-moderne-catalogue-de-lexposition\/","name":"UAM, UNE AVENTURE MODERNE ; CATALOGUE DE L'EXPOSITION - Librairie 7L","isPartOf":{"@id":"https:\/\/librairie7l.com\/en\/#website"},"datePublished":"2023-05-10T11:39:33+00:00","dateModified":"2026-04-19T07:32:46+00:00","breadcrumb":{"@id":"https:\/\/librairie7l.com\/en\/produit\/uam-une-aventure-moderne-catalogue-de-lexposition\/#breadcrumb"},"inLanguage":"en-US","potentialAction":[{"@type":"ReadAction","target":["https:\/\/librairie7l.com\/en\/produit\/uam-une-aventure-moderne-catalogue-de-lexposition\/"]}]},{"@type":"BreadcrumbList","@id":"https:\/\/librairie7l.com\/en\/produit\/uam-une-aventure-moderne-catalogue-de-lexposition\/#breadcrumb","itemListElement":[{"@type":"ListItem","position":1,"name":"Accueil","item":"https:\/\/librairie7l.com\/en\/"},{"@type":"ListItem","position":2,"name":"Shop","item":"https:\/\/librairie7l.com\/en\/shop\/"},{"@type":"ListItem","position":3,"name":"UAM, UNE AVENTURE MODERNE ; CATALOGUE DE L&#8217;EXPOSITION"}]},{"@type":"WebSite","@id":"https:\/\/librairie7l.com\/en\/#website","url":"https:\/\/librairie7l.com\/en\/","name":"Librairie 7L","description":"Librairie fond\u00e9e en 1999 par Karl Lagerfeld \u00e0 Paris","publisher":{"@id":"https:\/\/librairie7l.com\/en\/#organization"},"potentialAction":[{"@type":"SearchAction","target":{"@type":"EntryPoint","urlTemplate":"https:\/\/librairie7l.com\/en\/?s={search_term_string}"},"query-input":"required name=search_term_string"}],"inLanguage":"en-US"},{"@type":"Organization","@id":"https:\/\/librairie7l.com\/en\/#organization","name":"Librairie 7L","url":"https:\/\/librairie7l.com\/en\/","logo":{"@type":"ImageObject","inLanguage":"en-US","@id":"https:\/\/librairie7l.com\/en\/#\/schema\/logo\/image\/","url":"https:\/\/librairie7l.com\/wp-content\/uploads\/2022\/08\/logo-1.png","contentUrl":"https:\/\/librairie7l.com\/wp-content\/uploads\/2022\/08\/logo-1.png","width":227,"height":301,"caption":"Librairie 7L"},"image":{"@id":"https:\/\/librairie7l.com\/en\/#\/schema\/logo\/image\/"}}]}},"_links":{"self":[{"href":"https:\/\/librairie7l.com\/en\/wp-json\/wp\/v2\/product\/28645"}],"collection":[{"href":"https:\/\/librairie7l.com\/en\/wp-json\/wp\/v2\/product"}],"about":[{"href":"https:\/\/librairie7l.com\/en\/wp-json\/wp\/v2\/types\/product"}],"wp:featuredmedia":[{"embeddable":true,"href":"https:\/\/librairie7l.com\/en\/wp-json\/wp\/v2\/media\/28643"}],"wp:attachment":[{"href":"https:\/\/librairie7l.com\/en\/wp-json\/wp\/v2\/media?parent=28645"}],"wp:term":[{"taxonomy":"product_cat","embeddable":true,"href":"https:\/\/librairie7l.com\/en\/wp-json\/wp\/v2\/product_cat?post=28645"},{"taxonomy":"product_tag","embeddable":true,"href":"https:\/\/librairie7l.com\/en\/wp-json\/wp\/v2\/product_tag?post=28645"}],"curies":[{"name":"wp","href":"https:\/\/api.w.org\/{rel}","templated":true}]}}