{"id":28649,"date":"2023-05-10T13:39:38","date_gmt":"2023-05-10T11:39:38","guid":{"rendered":"https:\/\/librairie7l.com\/?post_type=product&#038;p=28649"},"modified":"2026-04-24T09:56:13","modified_gmt":"2026-04-24T07:56:13","slug":"jean-michel-frank-le-chercheur-de-silence","status":"publish","type":"product","link":"https:\/\/librairie7l.com\/en\/produit\/jean-michel-frank-le-chercheur-de-silence\/","title":{"rendered":"JEAN-MICHEL FRANK ; LE CHERCHEUR DE SILENCE"},"content":{"rendered":"<p>Jean-Michel Frank ? L&#8217;auteur de la \u00ab huiti\u00e8me merveille du monde \u00bb. C&#8217;est ainsi qu&#8217;Yves Saint Laurent qualifie sa d\u00e9coration du fumoir de l&#8217;h\u00f4tel de Charles et Marie Laure de Noailles, que Frank avait imagin\u00e9e au milieu des ann\u00e9es 1920.  Avec quelques passionn\u00e9s, le plus grand couturier du monde a ainsi contribu\u00e9 \u00e0 faire red\u00e9couvrir dans les ann\u00e9es 1970 celui dont on avait oubli\u00e9 l&#8217;importance primordiale dans l&#8217;histoire du go\u00fbt. Fils de Juifs allemands install\u00e9s en France avant la Premi\u00e8re Guerre mondiale,  Jean-Michel Frank fait partie de la bourgeoisie \u00ab assimil\u00e9e \u00bb de la IIIe R\u00e9publique. El\u00e8ve \u00e0 Janson-de-Sailly, il s&#8217;y lie d&#8217;amiti\u00e9 avec Ren\u00e9 Crevel, qui lui pr\u00e9sente Drieu la Rochelle. A c\u00f4t\u00e9 de ces jeunes \u00e9crivains en devenir, Frank choisit la d\u00e9coration. Tr\u00e8s vite, il invente son style. Un style apur\u00e9, \u00e9pur\u00e9, d\u00e9pouill\u00e9, renversant la lourde esth\u00e9tique qui triomphait jusque-l\u00e0. Minimaliste avant l&#8217;heure, il traite la marqueterie de paille comme le parchemin ou le gypse d&#8217;une mani\u00e8re in\u00e9dite; avec Jean-Michel Frank, c&#8217;est une r\u00e9volution de l&#8217;art d\u00e9coratif qui se joue. Des personnalit\u00e9s aussi diverses que Cole Porter, Fran\u00e7ois Mauriac -qui l&#8217;appelle le Dr Frank-, Elsa Schiaparelli, ou Nelson Rockefeller font appel \u00e0 son talent. Ses complices ont pour nom, Francis Poulenc, Christian B\u00e9rard, Alberto Giacometti.<br \/>\nLa vie de Frank est \u00e0 l&#8217;image de ses cr\u00e9ations : effac\u00e9, fantomatique, il cherche le silence comme il cherche la puret\u00e9: il aimait l&#8217;invisible de la v\u00e9ritable \u00e9l\u00e9gance \u00e9crira Jean Cocteau. Homosexuel dans une soci\u00e9t\u00e9 o\u00f9 cela n&#8217;est admis que par certaines personnes, juif \u00e0 une \u00e9poque de mont\u00e9e du fascisme et de l&#8217;antis\u00e9mitisme, Frank cherche un refuge dans la drogue. Paris occup\u00e9, il s&#8217;exile \u00e0 New York en 1941 et s&#8217;y suicide.<\/p>\n","protected":false},"excerpt":{"rendered":"<p>Jean-Michel Frank ? L&#8217;auteur de la \u00ab huiti\u00e8me merveille du monde \u00bb. C&#8217;est ainsi qu&#8217;Yves Saint Laurent qualifie sa d\u00e9coration du fumoir de l&#8217;h\u00f4tel de Charles et Marie Laure de Noailles, que Frank avait imagin\u00e9e au milieu des ann\u00e9es 1920. Avec quelques passionn\u00e9s, le plus grand couturier du monde a ainsi contribu\u00e9 \u00e0 faire red\u00e9couvrir [&hellip;]<\/p>\n","protected":false},"featured_media":28647,"template":"","meta":[],"product_cat":[55,2948,18,2952],"product_tag":[],"acf":[],"yoast_head":"<!-- This site is optimized with the Yoast SEO plugin v20.11 - https:\/\/yoast.com\/wordpress\/plugins\/seo\/ -->\n<title>JEAN-MICHEL FRANK ; LE CHERCHEUR DE SILENCE - Librairie 7L<\/title>\n<meta name=\"robots\" content=\"index, follow, max-snippet:-1, max-image-preview:large, max-video-preview:-1\" \/>\n<link rel=\"canonical\" href=\"https:\/\/librairie7l.com\/en\/produit\/jean-michel-frank-le-chercheur-de-silence\/\" \/>\n<meta property=\"og:locale\" content=\"en_US\" \/>\n<meta property=\"og:type\" content=\"article\" \/>\n<meta property=\"og:title\" content=\"JEAN-MICHEL FRANK ; LE CHERCHEUR DE SILENCE - Librairie 7L\" \/>\n<meta property=\"og:description\" content=\"Jean-Michel Frank ? L&#8217;auteur de la \u00ab huiti\u00e8me merveille du monde \u00bb. C&#8217;est ainsi qu&#8217;Yves Saint Laurent qualifie sa d\u00e9coration du fumoir de l&#8217;h\u00f4tel de Charles et Marie Laure de Noailles, que Frank avait imagin\u00e9e au milieu des ann\u00e9es 1920. Avec quelques passionn\u00e9s, le plus grand couturier du monde a ainsi contribu\u00e9 \u00e0 faire red\u00e9couvrir [&hellip;]\" \/>\n<meta property=\"og:url\" content=\"https:\/\/librairie7l.com\/en\/produit\/jean-michel-frank-le-chercheur-de-silence\/\" \/>\n<meta property=\"og:site_name\" content=\"Librairie 7L\" \/>\n<meta property=\"article:modified_time\" content=\"2026-04-24T07:56:13+00:00\" \/>\n<meta property=\"og:image\" content=\"https:\/\/librairie7l.com\/wp-content\/uploads\/2017\/01\/9782246857518_1_75.jpg\" \/>\n\t<meta property=\"og:image:width\" content=\"1000\" \/>\n\t<meta property=\"og:image:height\" content=\"1575\" \/>\n\t<meta property=\"og:image:type\" content=\"image\/jpeg\" \/>\n<meta name=\"twitter:card\" content=\"summary_large_image\" \/>\n<meta name=\"twitter:label1\" content=\"Est. reading time\" \/>\n\t<meta name=\"twitter:data1\" content=\"1 minute\" \/>\n<script type=\"application\/ld+json\" class=\"yoast-schema-graph\">{\"@context\":\"https:\/\/schema.org\",\"@graph\":[{\"@type\":\"WebPage\",\"@id\":\"https:\/\/librairie7l.com\/en\/produit\/jean-michel-frank-le-chercheur-de-silence\/\",\"url\":\"https:\/\/librairie7l.com\/en\/produit\/jean-michel-frank-le-chercheur-de-silence\/\",\"name\":\"JEAN-MICHEL FRANK ; LE CHERCHEUR DE SILENCE - Librairie 7L\",\"isPartOf\":{\"@id\":\"https:\/\/librairie7l.com\/en\/#website\"},\"datePublished\":\"2023-05-10T11:39:38+00:00\",\"dateModified\":\"2026-04-24T07:56:13+00:00\",\"breadcrumb\":{\"@id\":\"https:\/\/librairie7l.com\/en\/produit\/jean-michel-frank-le-chercheur-de-silence\/#breadcrumb\"},\"inLanguage\":\"en-US\",\"potentialAction\":[{\"@type\":\"ReadAction\",\"target\":[\"https:\/\/librairie7l.com\/en\/produit\/jean-michel-frank-le-chercheur-de-silence\/\"]}]},{\"@type\":\"BreadcrumbList\",\"@id\":\"https:\/\/librairie7l.com\/en\/produit\/jean-michel-frank-le-chercheur-de-silence\/#breadcrumb\",\"itemListElement\":[{\"@type\":\"ListItem\",\"position\":1,\"name\":\"Accueil\",\"item\":\"https:\/\/librairie7l.com\/en\/\"},{\"@type\":\"ListItem\",\"position\":2,\"name\":\"Shop\",\"item\":\"https:\/\/librairie7l.com\/en\/shop\/\"},{\"@type\":\"ListItem\",\"position\":3,\"name\":\"JEAN-MICHEL FRANK ; LE CHERCHEUR DE SILENCE\"}]},{\"@type\":\"WebSite\",\"@id\":\"https:\/\/librairie7l.com\/en\/#website\",\"url\":\"https:\/\/librairie7l.com\/en\/\",\"name\":\"Librairie 7L\",\"description\":\"Librairie fond\u00e9e en 1999 par Karl Lagerfeld \u00e0 Paris\",\"publisher\":{\"@id\":\"https:\/\/librairie7l.com\/en\/#organization\"},\"potentialAction\":[{\"@type\":\"SearchAction\",\"target\":{\"@type\":\"EntryPoint\",\"urlTemplate\":\"https:\/\/librairie7l.com\/en\/?s={search_term_string}\"},\"query-input\":\"required name=search_term_string\"}],\"inLanguage\":\"en-US\"},{\"@type\":\"Organization\",\"@id\":\"https:\/\/librairie7l.com\/en\/#organization\",\"name\":\"Librairie 7L\",\"url\":\"https:\/\/librairie7l.com\/en\/\",\"logo\":{\"@type\":\"ImageObject\",\"inLanguage\":\"en-US\",\"@id\":\"https:\/\/librairie7l.com\/en\/#\/schema\/logo\/image\/\",\"url\":\"https:\/\/librairie7l.com\/wp-content\/uploads\/2022\/08\/logo-1.png\",\"contentUrl\":\"https:\/\/librairie7l.com\/wp-content\/uploads\/2022\/08\/logo-1.png\",\"width\":227,\"height\":301,\"caption\":\"Librairie 7L\"},\"image\":{\"@id\":\"https:\/\/librairie7l.com\/en\/#\/schema\/logo\/image\/\"}}]}<\/script>\n<!-- \/ Yoast SEO plugin. -->","yoast_head_json":{"title":"JEAN-MICHEL FRANK ; LE CHERCHEUR DE SILENCE - Librairie 7L","robots":{"index":"index","follow":"follow","max-snippet":"max-snippet:-1","max-image-preview":"max-image-preview:large","max-video-preview":"max-video-preview:-1"},"canonical":"https:\/\/librairie7l.com\/en\/produit\/jean-michel-frank-le-chercheur-de-silence\/","og_locale":"en_US","og_type":"article","og_title":"JEAN-MICHEL FRANK ; LE CHERCHEUR DE SILENCE - Librairie 7L","og_description":"Jean-Michel Frank ? L&#8217;auteur de la \u00ab huiti\u00e8me merveille du monde \u00bb. C&#8217;est ainsi qu&#8217;Yves Saint Laurent qualifie sa d\u00e9coration du fumoir de l&#8217;h\u00f4tel de Charles et Marie Laure de Noailles, que Frank avait imagin\u00e9e au milieu des ann\u00e9es 1920. Avec quelques passionn\u00e9s, le plus grand couturier du monde a ainsi contribu\u00e9 \u00e0 faire red\u00e9couvrir [&hellip;]","og_url":"https:\/\/librairie7l.com\/en\/produit\/jean-michel-frank-le-chercheur-de-silence\/","og_site_name":"Librairie 7L","article_modified_time":"2026-04-24T07:56:13+00:00","og_image":[{"width":1000,"height":1575,"url":"https:\/\/librairie7l.com\/wp-content\/uploads\/2017\/01\/9782246857518_1_75.jpg","type":"image\/jpeg"}],"twitter_card":"summary_large_image","twitter_misc":{"Est. reading time":"1 minute"},"schema":{"@context":"https:\/\/schema.org","@graph":[{"@type":"WebPage","@id":"https:\/\/librairie7l.com\/en\/produit\/jean-michel-frank-le-chercheur-de-silence\/","url":"https:\/\/librairie7l.com\/en\/produit\/jean-michel-frank-le-chercheur-de-silence\/","name":"JEAN-MICHEL FRANK ; LE CHERCHEUR DE SILENCE - Librairie 7L","isPartOf":{"@id":"https:\/\/librairie7l.com\/en\/#website"},"datePublished":"2023-05-10T11:39:38+00:00","dateModified":"2026-04-24T07:56:13+00:00","breadcrumb":{"@id":"https:\/\/librairie7l.com\/en\/produit\/jean-michel-frank-le-chercheur-de-silence\/#breadcrumb"},"inLanguage":"en-US","potentialAction":[{"@type":"ReadAction","target":["https:\/\/librairie7l.com\/en\/produit\/jean-michel-frank-le-chercheur-de-silence\/"]}]},{"@type":"BreadcrumbList","@id":"https:\/\/librairie7l.com\/en\/produit\/jean-michel-frank-le-chercheur-de-silence\/#breadcrumb","itemListElement":[{"@type":"ListItem","position":1,"name":"Accueil","item":"https:\/\/librairie7l.com\/en\/"},{"@type":"ListItem","position":2,"name":"Shop","item":"https:\/\/librairie7l.com\/en\/shop\/"},{"@type":"ListItem","position":3,"name":"JEAN-MICHEL FRANK ; LE CHERCHEUR DE SILENCE"}]},{"@type":"WebSite","@id":"https:\/\/librairie7l.com\/en\/#website","url":"https:\/\/librairie7l.com\/en\/","name":"Librairie 7L","description":"Librairie fond\u00e9e en 1999 par Karl Lagerfeld \u00e0 Paris","publisher":{"@id":"https:\/\/librairie7l.com\/en\/#organization"},"potentialAction":[{"@type":"SearchAction","target":{"@type":"EntryPoint","urlTemplate":"https:\/\/librairie7l.com\/en\/?s={search_term_string}"},"query-input":"required name=search_term_string"}],"inLanguage":"en-US"},{"@type":"Organization","@id":"https:\/\/librairie7l.com\/en\/#organization","name":"Librairie 7L","url":"https:\/\/librairie7l.com\/en\/","logo":{"@type":"ImageObject","inLanguage":"en-US","@id":"https:\/\/librairie7l.com\/en\/#\/schema\/logo\/image\/","url":"https:\/\/librairie7l.com\/wp-content\/uploads\/2022\/08\/logo-1.png","contentUrl":"https:\/\/librairie7l.com\/wp-content\/uploads\/2022\/08\/logo-1.png","width":227,"height":301,"caption":"Librairie 7L"},"image":{"@id":"https:\/\/librairie7l.com\/en\/#\/schema\/logo\/image\/"}}]}},"_links":{"self":[{"href":"https:\/\/librairie7l.com\/en\/wp-json\/wp\/v2\/product\/28649"}],"collection":[{"href":"https:\/\/librairie7l.com\/en\/wp-json\/wp\/v2\/product"}],"about":[{"href":"https:\/\/librairie7l.com\/en\/wp-json\/wp\/v2\/types\/product"}],"wp:featuredmedia":[{"embeddable":true,"href":"https:\/\/librairie7l.com\/en\/wp-json\/wp\/v2\/media\/28647"}],"wp:attachment":[{"href":"https:\/\/librairie7l.com\/en\/wp-json\/wp\/v2\/media?parent=28649"}],"wp:term":[{"taxonomy":"product_cat","embeddable":true,"href":"https:\/\/librairie7l.com\/en\/wp-json\/wp\/v2\/product_cat?post=28649"},{"taxonomy":"product_tag","embeddable":true,"href":"https:\/\/librairie7l.com\/en\/wp-json\/wp\/v2\/product_tag?post=28649"}],"curies":[{"name":"wp","href":"https:\/\/api.w.org\/{rel}","templated":true}]}}