{"id":28653,"date":"2023-05-10T13:39:43","date_gmt":"2023-05-10T11:39:43","guid":{"rendered":"https:\/\/librairie7l.com\/?post_type=product&#038;p=28653"},"modified":"2026-04-24T10:02:19","modified_gmt":"2026-04-24T08:02:19","slug":"monnaies-et-merveilles-objets-dechanges-parures-et-talismans","status":"publish","type":"product","link":"https:\/\/librairie7l.com\/en\/produit\/monnaies-et-merveilles-objets-dechanges-parures-et-talismans\/","title":{"rendered":"MONNAIES &AMP; MERVEILLES"},"content":{"rendered":"<p>Rouleaux de plumes, perles et coquillages, bijoux coul\u00e9s dans l&#8217;or ou le bronze&#8230; D&#8217;une vari\u00e9t\u00e9 infinie sont les formes de monnaie invent\u00e9es par les hommes pour mat\u00e9rialiser les transactions commerciales, exprimer le rang et la richesse, tisser des liens avec les forces des mondes visible et invisible. Publi\u00e9 \u00e0 l&#8217;occasion de l&#8217;exposition Monnaies &amp; Merveilles \u00e0 la Monnaie de Paris, cet ouvrage propose une d\u00e9couverte de ces objets d&#8217;\u00e9change \u00e0 travers les regards crois\u00e9s d&#8217;anthropologues, d&#8217;\u00e9conomistes et d&#8217;historiens de l&#8217;art. C&#8217;est aussi un hommage aux artistes anonymes qui les ont cr\u00e9\u00e9s.<\/p>\n","protected":false},"excerpt":{"rendered":"<p>Rouleaux de plumes, perles et coquillages, bijoux coul\u00e9s dans l&#8217;or ou le bronze&#8230; D&#8217;une vari\u00e9t\u00e9 infinie sont les formes de monnaie invent\u00e9es par les hommes pour mat\u00e9rialiser les transactions commerciales, exprimer le rang et la richesse, tisser des liens avec les forces des mondes visible et invisible. Publi\u00e9 \u00e0 l&#8217;occasion de l&#8217;exposition Monnaies &amp; Merveilles [&hellip;]<\/p>\n","protected":false},"featured_media":28651,"template":"","meta":[],"product_cat":[55,2948,18,2952],"product_tag":[],"acf":[],"yoast_head":"<!-- This site is optimized with the Yoast SEO plugin v20.11 - https:\/\/yoast.com\/wordpress\/plugins\/seo\/ -->\n<title>MONNAIES &amp; MERVEILLES - Librairie 7L<\/title>\n<meta name=\"robots\" content=\"index, follow, max-snippet:-1, max-image-preview:large, max-video-preview:-1\" \/>\n<link rel=\"canonical\" href=\"https:\/\/librairie7l.com\/en\/produit\/monnaies-et-merveilles-objets-dechanges-parures-et-talismans\/\" \/>\n<meta property=\"og:locale\" content=\"en_US\" \/>\n<meta property=\"og:type\" content=\"article\" \/>\n<meta property=\"og:title\" content=\"MONNAIES &amp; MERVEILLES - Librairie 7L\" \/>\n<meta property=\"og:description\" content=\"Rouleaux de plumes, perles et coquillages, bijoux coul\u00e9s dans l&#8217;or ou le bronze&#8230; D&#8217;une vari\u00e9t\u00e9 infinie sont les formes de monnaie invent\u00e9es par les hommes pour mat\u00e9rialiser les transactions commerciales, exprimer le rang et la richesse, tisser des liens avec les forces des mondes visible et invisible. Publi\u00e9 \u00e0 l&#8217;occasion de l&#8217;exposition Monnaies &amp; Merveilles [&hellip;]\" \/>\n<meta property=\"og:url\" content=\"https:\/\/librairie7l.com\/en\/produit\/monnaies-et-merveilles-objets-dechanges-parures-et-talismans\/\" \/>\n<meta property=\"og:site_name\" content=\"Librairie 7L\" \/>\n<meta property=\"article:modified_time\" content=\"2026-04-24T08:02:19+00:00\" \/>\n<meta property=\"og:image\" content=\"https:\/\/librairie7l.com\/wp-content\/uploads\/2022\/03\/9788836651306_1_75.jpg\" \/>\n\t<meta property=\"og:image:width\" content=\"600\" \/>\n\t<meta property=\"og:image:height\" content=\"870\" \/>\n\t<meta property=\"og:image:type\" content=\"image\/jpeg\" \/>\n<meta name=\"twitter:card\" content=\"summary_large_image\" \/>\n<script type=\"application\/ld+json\" class=\"yoast-schema-graph\">{\"@context\":\"https:\/\/schema.org\",\"@graph\":[{\"@type\":\"WebPage\",\"@id\":\"https:\/\/librairie7l.com\/en\/produit\/monnaies-et-merveilles-objets-dechanges-parures-et-talismans\/\",\"url\":\"https:\/\/librairie7l.com\/en\/produit\/monnaies-et-merveilles-objets-dechanges-parures-et-talismans\/\",\"name\":\"MONNAIES &amp; MERVEILLES - Librairie 7L\",\"isPartOf\":{\"@id\":\"https:\/\/librairie7l.com\/en\/#website\"},\"datePublished\":\"2023-05-10T11:39:43+00:00\",\"dateModified\":\"2026-04-24T08:02:19+00:00\",\"breadcrumb\":{\"@id\":\"https:\/\/librairie7l.com\/en\/produit\/monnaies-et-merveilles-objets-dechanges-parures-et-talismans\/#breadcrumb\"},\"inLanguage\":\"en-US\",\"potentialAction\":[{\"@type\":\"ReadAction\",\"target\":[\"https:\/\/librairie7l.com\/en\/produit\/monnaies-et-merveilles-objets-dechanges-parures-et-talismans\/\"]}]},{\"@type\":\"BreadcrumbList\",\"@id\":\"https:\/\/librairie7l.com\/en\/produit\/monnaies-et-merveilles-objets-dechanges-parures-et-talismans\/#breadcrumb\",\"itemListElement\":[{\"@type\":\"ListItem\",\"position\":1,\"name\":\"Accueil\",\"item\":\"https:\/\/librairie7l.com\/en\/\"},{\"@type\":\"ListItem\",\"position\":2,\"name\":\"Shop\",\"item\":\"https:\/\/librairie7l.com\/en\/shop\/\"},{\"@type\":\"ListItem\",\"position\":3,\"name\":\"MONNAIES &AMP; MERVEILLES\"}]},{\"@type\":\"WebSite\",\"@id\":\"https:\/\/librairie7l.com\/en\/#website\",\"url\":\"https:\/\/librairie7l.com\/en\/\",\"name\":\"Librairie 7L\",\"description\":\"Librairie fond\u00e9e en 1999 par Karl Lagerfeld \u00e0 Paris\",\"publisher\":{\"@id\":\"https:\/\/librairie7l.com\/en\/#organization\"},\"potentialAction\":[{\"@type\":\"SearchAction\",\"target\":{\"@type\":\"EntryPoint\",\"urlTemplate\":\"https:\/\/librairie7l.com\/en\/?s={search_term_string}\"},\"query-input\":\"required name=search_term_string\"}],\"inLanguage\":\"en-US\"},{\"@type\":\"Organization\",\"@id\":\"https:\/\/librairie7l.com\/en\/#organization\",\"name\":\"Librairie 7L\",\"url\":\"https:\/\/librairie7l.com\/en\/\",\"logo\":{\"@type\":\"ImageObject\",\"inLanguage\":\"en-US\",\"@id\":\"https:\/\/librairie7l.com\/en\/#\/schema\/logo\/image\/\",\"url\":\"https:\/\/librairie7l.com\/wp-content\/uploads\/2022\/08\/logo-1.png\",\"contentUrl\":\"https:\/\/librairie7l.com\/wp-content\/uploads\/2022\/08\/logo-1.png\",\"width\":227,\"height\":301,\"caption\":\"Librairie 7L\"},\"image\":{\"@id\":\"https:\/\/librairie7l.com\/en\/#\/schema\/logo\/image\/\"}}]}<\/script>\n<!-- \/ Yoast SEO plugin. -->","yoast_head_json":{"title":"MONNAIES &amp; MERVEILLES - Librairie 7L","robots":{"index":"index","follow":"follow","max-snippet":"max-snippet:-1","max-image-preview":"max-image-preview:large","max-video-preview":"max-video-preview:-1"},"canonical":"https:\/\/librairie7l.com\/en\/produit\/monnaies-et-merveilles-objets-dechanges-parures-et-talismans\/","og_locale":"en_US","og_type":"article","og_title":"MONNAIES &amp; MERVEILLES - Librairie 7L","og_description":"Rouleaux de plumes, perles et coquillages, bijoux coul\u00e9s dans l&#8217;or ou le bronze&#8230; D&#8217;une vari\u00e9t\u00e9 infinie sont les formes de monnaie invent\u00e9es par les hommes pour mat\u00e9rialiser les transactions commerciales, exprimer le rang et la richesse, tisser des liens avec les forces des mondes visible et invisible. Publi\u00e9 \u00e0 l&#8217;occasion de l&#8217;exposition Monnaies &amp; Merveilles [&hellip;]","og_url":"https:\/\/librairie7l.com\/en\/produit\/monnaies-et-merveilles-objets-dechanges-parures-et-talismans\/","og_site_name":"Librairie 7L","article_modified_time":"2026-04-24T08:02:19+00:00","og_image":[{"width":600,"height":870,"url":"https:\/\/librairie7l.com\/wp-content\/uploads\/2022\/03\/9788836651306_1_75.jpg","type":"image\/jpeg"}],"twitter_card":"summary_large_image","schema":{"@context":"https:\/\/schema.org","@graph":[{"@type":"WebPage","@id":"https:\/\/librairie7l.com\/en\/produit\/monnaies-et-merveilles-objets-dechanges-parures-et-talismans\/","url":"https:\/\/librairie7l.com\/en\/produit\/monnaies-et-merveilles-objets-dechanges-parures-et-talismans\/","name":"MONNAIES &amp; MERVEILLES - Librairie 7L","isPartOf":{"@id":"https:\/\/librairie7l.com\/en\/#website"},"datePublished":"2023-05-10T11:39:43+00:00","dateModified":"2026-04-24T08:02:19+00:00","breadcrumb":{"@id":"https:\/\/librairie7l.com\/en\/produit\/monnaies-et-merveilles-objets-dechanges-parures-et-talismans\/#breadcrumb"},"inLanguage":"en-US","potentialAction":[{"@type":"ReadAction","target":["https:\/\/librairie7l.com\/en\/produit\/monnaies-et-merveilles-objets-dechanges-parures-et-talismans\/"]}]},{"@type":"BreadcrumbList","@id":"https:\/\/librairie7l.com\/en\/produit\/monnaies-et-merveilles-objets-dechanges-parures-et-talismans\/#breadcrumb","itemListElement":[{"@type":"ListItem","position":1,"name":"Accueil","item":"https:\/\/librairie7l.com\/en\/"},{"@type":"ListItem","position":2,"name":"Shop","item":"https:\/\/librairie7l.com\/en\/shop\/"},{"@type":"ListItem","position":3,"name":"MONNAIES &AMP; MERVEILLES"}]},{"@type":"WebSite","@id":"https:\/\/librairie7l.com\/en\/#website","url":"https:\/\/librairie7l.com\/en\/","name":"Librairie 7L","description":"Librairie fond\u00e9e en 1999 par Karl Lagerfeld \u00e0 Paris","publisher":{"@id":"https:\/\/librairie7l.com\/en\/#organization"},"potentialAction":[{"@type":"SearchAction","target":{"@type":"EntryPoint","urlTemplate":"https:\/\/librairie7l.com\/en\/?s={search_term_string}"},"query-input":"required name=search_term_string"}],"inLanguage":"en-US"},{"@type":"Organization","@id":"https:\/\/librairie7l.com\/en\/#organization","name":"Librairie 7L","url":"https:\/\/librairie7l.com\/en\/","logo":{"@type":"ImageObject","inLanguage":"en-US","@id":"https:\/\/librairie7l.com\/en\/#\/schema\/logo\/image\/","url":"https:\/\/librairie7l.com\/wp-content\/uploads\/2022\/08\/logo-1.png","contentUrl":"https:\/\/librairie7l.com\/wp-content\/uploads\/2022\/08\/logo-1.png","width":227,"height":301,"caption":"Librairie 7L"},"image":{"@id":"https:\/\/librairie7l.com\/en\/#\/schema\/logo\/image\/"}}]}},"_links":{"self":[{"href":"https:\/\/librairie7l.com\/en\/wp-json\/wp\/v2\/product\/28653"}],"collection":[{"href":"https:\/\/librairie7l.com\/en\/wp-json\/wp\/v2\/product"}],"about":[{"href":"https:\/\/librairie7l.com\/en\/wp-json\/wp\/v2\/types\/product"}],"wp:featuredmedia":[{"embeddable":true,"href":"https:\/\/librairie7l.com\/en\/wp-json\/wp\/v2\/media\/28651"}],"wp:attachment":[{"href":"https:\/\/librairie7l.com\/en\/wp-json\/wp\/v2\/media?parent=28653"}],"wp:term":[{"taxonomy":"product_cat","embeddable":true,"href":"https:\/\/librairie7l.com\/en\/wp-json\/wp\/v2\/product_cat?post=28653"},{"taxonomy":"product_tag","embeddable":true,"href":"https:\/\/librairie7l.com\/en\/wp-json\/wp\/v2\/product_tag?post=28653"}],"curies":[{"name":"wp","href":"https:\/\/api.w.org\/{rel}","templated":true}]}}