{"id":28661,"date":"2023-05-10T13:40:18","date_gmt":"2023-05-10T11:40:18","guid":{"rendered":"https:\/\/librairie7l.com\/?post_type=product&#038;p=28661"},"modified":"2026-04-08T09:48:24","modified_gmt":"2026-04-08T07:48:24","slug":"winnaretta-singer-polignac-princesse-mecene-et-musicienne","status":"publish","type":"product","link":"https:\/\/librairie7l.com\/en\/produit\/winnaretta-singer-polignac-princesse-mecene-et-musicienne\/","title":{"rendered":"WINNARETTA SINGER-POLIGNAC ; PRINCESSE, M\u00c9C\u00c8NE ET MUSICIENNE"},"content":{"rendered":"<p>La vie et l&#8217;oeuvre de la Princesse de Polignac, qui consacra sa fortune aux arts, aux sciences et aux lettres, et dont l&#8217;influence sur le monde musical et litt\u00e9raire du XXe si\u00e8cle est incommensurable. <\/p>\n<p>Am\u00e9ricaine de naissance, Winnaretta Singer (1865-1943) \u00e9tait millionnaire \u00e0 l&#8217;\u00e2ge de dix-huit ans, h\u00e9riti\u00e8re d&#8217;une part cons\u00e9quente de la fortune des machines \u00e0 coudre Singer. Son mariage en 1893 avec le prince Edmond de Polignac, compositeur aristocrate, lui a ouvert les portes de l&#8217;\u00e9lite de la soci\u00e9t\u00e9 fran\u00e7aise. Apr\u00e8s le d\u00e9c\u00e8s de son mari en 1901, Winnaretta a mis sa fortune au service des arts, des sciences et des lettres.<br \/>\n Son domaine de pr\u00e9dilection \u00e9tait la musique. Elle a subventionn\u00e9 de nombreux artistes (N. Boulanger, C. Haskil, A. Rubinstein, V. Horowitz&#8230;) mais aussi de grandes formations artistiques (les Ballets russes, l&#8217;Op\u00e9ra de Paris, l&#8217;Orchestre symphonique de Paris&#8230;). Passionn\u00e9e par la musique moderne, elle a command\u00e9 de nouvelles oeuvres \u00e0 des compositeurs alors inconnus, pour qu&#8217;elles soient jou\u00e9es dans son salon musical. La liste des oeuvres cr\u00e9\u00e9s pour elle est aussi longue qu&#8217;extraordinaire : Renard de Stravinsky, Socrate de Satie, El Retablo de Maese Pedro de Falla et le concerto pour deux pianos de Poulenc figurent parmi les titres les plus connus.<br \/>\n Son salon \u00e9tait, en outre, un lieu de rendez-vous pour les grands visionnaires de la culture fran\u00e7aise tels que Proust, Cocteau, Monet, et Diaghilev. Colette, grande amie de la maison, y pr\u00e9parait souvent son c\u00e9l\u00e8bre vin chaud. Nombre des descriptions de salons musicaux dans l&#8217;oeuvre de Proust ont \u00e9t\u00e9 directement inspir\u00e9es par les concerts qui avaient lieu chez la princesse de Polignac.<br \/>\n Sylvia Kahan donne vie \u00e0 cette femme hors normes, dont l&#8217;amour pour les arts a eu une influence incommensurable sur le monde musical et litt\u00e9raire du XXe si\u00e8cle.<\/p>\n","protected":false},"excerpt":{"rendered":"<p>La vie et l&#8217;oeuvre de la Princesse de Polignac, qui consacra sa fortune aux arts, aux sciences et aux lettres, et dont l&#8217;influence sur le monde musical et litt\u00e9raire du XXe si\u00e8cle est incommensurable. Am\u00e9ricaine de naissance, Winnaretta Singer (1865-1943) \u00e9tait millionnaire \u00e0 l&#8217;\u00e2ge de dix-huit ans, h\u00e9riti\u00e8re d&#8217;une part cons\u00e9quente de la fortune des [&hellip;]<\/p>\n","protected":false},"featured_media":28659,"template":"","meta":[],"product_cat":[55,2948,47,2953],"product_tag":[],"acf":[],"yoast_head":"<!-- This site is optimized with the Yoast SEO plugin v20.11 - https:\/\/yoast.com\/wordpress\/plugins\/seo\/ -->\n<title>WINNARETTA SINGER-POLIGNAC ; PRINCESSE, M\u00c9C\u00c8NE ET MUSICIENNE - Librairie 7L<\/title>\n<meta name=\"robots\" content=\"index, follow, max-snippet:-1, max-image-preview:large, max-video-preview:-1\" \/>\n<link rel=\"canonical\" href=\"https:\/\/librairie7l.com\/en\/produit\/winnaretta-singer-polignac-princesse-mecene-et-musicienne\/\" \/>\n<meta property=\"og:locale\" content=\"en_US\" \/>\n<meta property=\"og:type\" content=\"article\" \/>\n<meta property=\"og:title\" content=\"WINNARETTA SINGER-POLIGNAC ; PRINCESSE, M\u00c9C\u00c8NE ET MUSICIENNE - Librairie 7L\" \/>\n<meta property=\"og:description\" content=\"La vie et l&#8217;oeuvre de la Princesse de Polignac, qui consacra sa fortune aux arts, aux sciences et aux lettres, et dont l&#8217;influence sur le monde musical et litt\u00e9raire du XXe si\u00e8cle est incommensurable. Am\u00e9ricaine de naissance, Winnaretta Singer (1865-1943) \u00e9tait millionnaire \u00e0 l&#8217;\u00e2ge de dix-huit ans, h\u00e9riti\u00e8re d&#8217;une part cons\u00e9quente de la fortune des [&hellip;]\" \/>\n<meta property=\"og:url\" content=\"https:\/\/librairie7l.com\/en\/produit\/winnaretta-singer-polignac-princesse-mecene-et-musicienne\/\" \/>\n<meta property=\"og:site_name\" content=\"Librairie 7L\" \/>\n<meta property=\"article:modified_time\" content=\"2026-04-08T07:48:24+00:00\" \/>\n<meta property=\"og:image\" content=\"https:\/\/librairie7l.com\/wp-content\/uploads\/2018\/04\/9782840662686_1_75.jpg\" \/>\n\t<meta property=\"og:image:width\" content=\"600\" \/>\n\t<meta property=\"og:image:height\" content=\"771\" \/>\n\t<meta property=\"og:image:type\" content=\"image\/jpeg\" \/>\n<meta name=\"twitter:card\" content=\"summary_large_image\" \/>\n<meta name=\"twitter:label1\" content=\"Est. reading time\" \/>\n\t<meta name=\"twitter:data1\" content=\"2 minutes\" \/>\n<script type=\"application\/ld+json\" class=\"yoast-schema-graph\">{\"@context\":\"https:\/\/schema.org\",\"@graph\":[{\"@type\":\"WebPage\",\"@id\":\"https:\/\/librairie7l.com\/en\/produit\/winnaretta-singer-polignac-princesse-mecene-et-musicienne\/\",\"url\":\"https:\/\/librairie7l.com\/en\/produit\/winnaretta-singer-polignac-princesse-mecene-et-musicienne\/\",\"name\":\"WINNARETTA SINGER-POLIGNAC ; PRINCESSE, M\u00c9C\u00c8NE ET MUSICIENNE - Librairie 7L\",\"isPartOf\":{\"@id\":\"https:\/\/librairie7l.com\/en\/#website\"},\"datePublished\":\"2023-05-10T11:40:18+00:00\",\"dateModified\":\"2026-04-08T07:48:24+00:00\",\"breadcrumb\":{\"@id\":\"https:\/\/librairie7l.com\/en\/produit\/winnaretta-singer-polignac-princesse-mecene-et-musicienne\/#breadcrumb\"},\"inLanguage\":\"en-US\",\"potentialAction\":[{\"@type\":\"ReadAction\",\"target\":[\"https:\/\/librairie7l.com\/en\/produit\/winnaretta-singer-polignac-princesse-mecene-et-musicienne\/\"]}]},{\"@type\":\"BreadcrumbList\",\"@id\":\"https:\/\/librairie7l.com\/en\/produit\/winnaretta-singer-polignac-princesse-mecene-et-musicienne\/#breadcrumb\",\"itemListElement\":[{\"@type\":\"ListItem\",\"position\":1,\"name\":\"Accueil\",\"item\":\"https:\/\/librairie7l.com\/en\/\"},{\"@type\":\"ListItem\",\"position\":2,\"name\":\"Shop\",\"item\":\"https:\/\/librairie7l.com\/en\/shop\/\"},{\"@type\":\"ListItem\",\"position\":3,\"name\":\"WINNARETTA SINGER-POLIGNAC ; PRINCESSE, M\u00c9C\u00c8NE ET MUSICIENNE\"}]},{\"@type\":\"WebSite\",\"@id\":\"https:\/\/librairie7l.com\/en\/#website\",\"url\":\"https:\/\/librairie7l.com\/en\/\",\"name\":\"Librairie 7L\",\"description\":\"Librairie fond\u00e9e en 1999 par Karl Lagerfeld \u00e0 Paris\",\"publisher\":{\"@id\":\"https:\/\/librairie7l.com\/en\/#organization\"},\"potentialAction\":[{\"@type\":\"SearchAction\",\"target\":{\"@type\":\"EntryPoint\",\"urlTemplate\":\"https:\/\/librairie7l.com\/en\/?s={search_term_string}\"},\"query-input\":\"required name=search_term_string\"}],\"inLanguage\":\"en-US\"},{\"@type\":\"Organization\",\"@id\":\"https:\/\/librairie7l.com\/en\/#organization\",\"name\":\"Librairie 7L\",\"url\":\"https:\/\/librairie7l.com\/en\/\",\"logo\":{\"@type\":\"ImageObject\",\"inLanguage\":\"en-US\",\"@id\":\"https:\/\/librairie7l.com\/en\/#\/schema\/logo\/image\/\",\"url\":\"https:\/\/librairie7l.com\/wp-content\/uploads\/2022\/08\/logo-1.png\",\"contentUrl\":\"https:\/\/librairie7l.com\/wp-content\/uploads\/2022\/08\/logo-1.png\",\"width\":227,\"height\":301,\"caption\":\"Librairie 7L\"},\"image\":{\"@id\":\"https:\/\/librairie7l.com\/en\/#\/schema\/logo\/image\/\"}}]}<\/script>\n<!-- \/ Yoast SEO plugin. -->","yoast_head_json":{"title":"WINNARETTA SINGER-POLIGNAC ; PRINCESSE, M\u00c9C\u00c8NE ET MUSICIENNE - Librairie 7L","robots":{"index":"index","follow":"follow","max-snippet":"max-snippet:-1","max-image-preview":"max-image-preview:large","max-video-preview":"max-video-preview:-1"},"canonical":"https:\/\/librairie7l.com\/en\/produit\/winnaretta-singer-polignac-princesse-mecene-et-musicienne\/","og_locale":"en_US","og_type":"article","og_title":"WINNARETTA SINGER-POLIGNAC ; PRINCESSE, M\u00c9C\u00c8NE ET MUSICIENNE - Librairie 7L","og_description":"La vie et l&#8217;oeuvre de la Princesse de Polignac, qui consacra sa fortune aux arts, aux sciences et aux lettres, et dont l&#8217;influence sur le monde musical et litt\u00e9raire du XXe si\u00e8cle est incommensurable. Am\u00e9ricaine de naissance, Winnaretta Singer (1865-1943) \u00e9tait millionnaire \u00e0 l&#8217;\u00e2ge de dix-huit ans, h\u00e9riti\u00e8re d&#8217;une part cons\u00e9quente de la fortune des [&hellip;]","og_url":"https:\/\/librairie7l.com\/en\/produit\/winnaretta-singer-polignac-princesse-mecene-et-musicienne\/","og_site_name":"Librairie 7L","article_modified_time":"2026-04-08T07:48:24+00:00","og_image":[{"width":600,"height":771,"url":"https:\/\/librairie7l.com\/wp-content\/uploads\/2018\/04\/9782840662686_1_75.jpg","type":"image\/jpeg"}],"twitter_card":"summary_large_image","twitter_misc":{"Est. reading time":"2 minutes"},"schema":{"@context":"https:\/\/schema.org","@graph":[{"@type":"WebPage","@id":"https:\/\/librairie7l.com\/en\/produit\/winnaretta-singer-polignac-princesse-mecene-et-musicienne\/","url":"https:\/\/librairie7l.com\/en\/produit\/winnaretta-singer-polignac-princesse-mecene-et-musicienne\/","name":"WINNARETTA SINGER-POLIGNAC ; PRINCESSE, M\u00c9C\u00c8NE ET MUSICIENNE - Librairie 7L","isPartOf":{"@id":"https:\/\/librairie7l.com\/en\/#website"},"datePublished":"2023-05-10T11:40:18+00:00","dateModified":"2026-04-08T07:48:24+00:00","breadcrumb":{"@id":"https:\/\/librairie7l.com\/en\/produit\/winnaretta-singer-polignac-princesse-mecene-et-musicienne\/#breadcrumb"},"inLanguage":"en-US","potentialAction":[{"@type":"ReadAction","target":["https:\/\/librairie7l.com\/en\/produit\/winnaretta-singer-polignac-princesse-mecene-et-musicienne\/"]}]},{"@type":"BreadcrumbList","@id":"https:\/\/librairie7l.com\/en\/produit\/winnaretta-singer-polignac-princesse-mecene-et-musicienne\/#breadcrumb","itemListElement":[{"@type":"ListItem","position":1,"name":"Accueil","item":"https:\/\/librairie7l.com\/en\/"},{"@type":"ListItem","position":2,"name":"Shop","item":"https:\/\/librairie7l.com\/en\/shop\/"},{"@type":"ListItem","position":3,"name":"WINNARETTA SINGER-POLIGNAC ; PRINCESSE, M\u00c9C\u00c8NE ET MUSICIENNE"}]},{"@type":"WebSite","@id":"https:\/\/librairie7l.com\/en\/#website","url":"https:\/\/librairie7l.com\/en\/","name":"Librairie 7L","description":"Librairie fond\u00e9e en 1999 par Karl Lagerfeld \u00e0 Paris","publisher":{"@id":"https:\/\/librairie7l.com\/en\/#organization"},"potentialAction":[{"@type":"SearchAction","target":{"@type":"EntryPoint","urlTemplate":"https:\/\/librairie7l.com\/en\/?s={search_term_string}"},"query-input":"required name=search_term_string"}],"inLanguage":"en-US"},{"@type":"Organization","@id":"https:\/\/librairie7l.com\/en\/#organization","name":"Librairie 7L","url":"https:\/\/librairie7l.com\/en\/","logo":{"@type":"ImageObject","inLanguage":"en-US","@id":"https:\/\/librairie7l.com\/en\/#\/schema\/logo\/image\/","url":"https:\/\/librairie7l.com\/wp-content\/uploads\/2022\/08\/logo-1.png","contentUrl":"https:\/\/librairie7l.com\/wp-content\/uploads\/2022\/08\/logo-1.png","width":227,"height":301,"caption":"Librairie 7L"},"image":{"@id":"https:\/\/librairie7l.com\/en\/#\/schema\/logo\/image\/"}}]}},"_links":{"self":[{"href":"https:\/\/librairie7l.com\/en\/wp-json\/wp\/v2\/product\/28661"}],"collection":[{"href":"https:\/\/librairie7l.com\/en\/wp-json\/wp\/v2\/product"}],"about":[{"href":"https:\/\/librairie7l.com\/en\/wp-json\/wp\/v2\/types\/product"}],"wp:featuredmedia":[{"embeddable":true,"href":"https:\/\/librairie7l.com\/en\/wp-json\/wp\/v2\/media\/28659"}],"wp:attachment":[{"href":"https:\/\/librairie7l.com\/en\/wp-json\/wp\/v2\/media?parent=28661"}],"wp:term":[{"taxonomy":"product_cat","embeddable":true,"href":"https:\/\/librairie7l.com\/en\/wp-json\/wp\/v2\/product_cat?post=28661"},{"taxonomy":"product_tag","embeddable":true,"href":"https:\/\/librairie7l.com\/en\/wp-json\/wp\/v2\/product_tag?post=28661"}],"curies":[{"name":"wp","href":"https:\/\/api.w.org\/{rel}","templated":true}]}}