{"id":28673,"date":"2023-05-10T13:40:37","date_gmt":"2023-05-10T11:40:37","guid":{"rendered":"https:\/\/librairie7l.com\/?post_type=product&#038;p=28673"},"modified":"2026-04-11T19:15:21","modified_gmt":"2026-04-11T17:15:21","slug":"snow","status":"publish","type":"product","link":"https:\/\/librairie7l.com\/en\/produit\/snow\/","title":{"rendered":"LAUREL MOUNTAIN"},"content":{"rendered":"<p>Laurel Mountain Laurel : le titre est une sorte de palindrome grossier, propre \u00e0 la vision de Jake Reinhart, dans laquelle le temps se r\u00e9fl\u00e9chit sur lui-m\u00eame et la fin est aussi le d\u00e9but (et est aussi la fin). Le transitoire et le durable se r\u00e9v\u00e8lent \u00eatre une seule et m\u00eame chose. Ces photographies &#8211; en quelque sorte \u00e0 la fois tendres et impitoyables &#8211; ont \u00e9t\u00e9 r\u00e9alis\u00e9es dans le sud-ouest de la Pennsylvanie, dans la r\u00e9gion de Youghiogheny. Une traduction survivante dit que &#8220;Yough&#8221; signifie quatre et &#8220;henn\u00e9&#8221; signifie ruisseau. &#8220;J&#8217;ai parcouru ces quatre courants et j&#8217;ai vu comment ils se rejoignent ;&#8221; Reinhart dit, &#8220;perdant leur sp\u00e9cificit\u00e9 tout en conservant ce qui est inh\u00e9rent \u00e0 chacun &#8211; cr\u00e9ant quelque chose de plus grand et joignant des lieux et des personnes qui, autrement, sembleraient disjoints et s\u00e9par\u00e9s&#8221;. Quant aux ruisseaux, il en va de m\u00eame pour les images de Laurel Mountain Laurel : les images individuelles existent essentiellement, tandis qu&#8217;ensemble elles lient \u00e0 la fois l&#8217;espace et le temps &#8211; l&#8217;\u00e9ternel et le g\u00e9ologique mis en semblant de coh\u00e9rence avec le fragile et l&#8217;humain. Nous voyons que, malgr\u00e9 nos meilleurs efforts pour effacer et exploiter, la terre aura finalement son propre chemin, et selon son propre calendrier<\/p>\n","protected":false},"excerpt":{"rendered":"<p>Laurel Mountain Laurel : le titre est une sorte de palindrome grossier, propre \u00e0 la vision de Jake Reinhart, dans laquelle le temps se r\u00e9fl\u00e9chit sur lui-m\u00eame et la fin est aussi le d\u00e9but (et est aussi la fin). Le transitoire et le durable se r\u00e9v\u00e8lent \u00eatre une seule et m\u00eame chose. Ces photographies &#8211; [&hellip;]<\/p>\n","protected":false},"featured_media":28671,"template":"","meta":[],"product_cat":[55,2948,2958,17],"product_tag":[],"acf":[],"yoast_head":"<!-- This site is optimized with the Yoast SEO plugin v20.11 - https:\/\/yoast.com\/wordpress\/plugins\/seo\/ -->\n<title>LAUREL MOUNTAIN - Librairie 7L<\/title>\n<meta name=\"robots\" content=\"index, follow, max-snippet:-1, max-image-preview:large, max-video-preview:-1\" \/>\n<link rel=\"canonical\" href=\"https:\/\/librairie7l.com\/en\/produit\/snow\/\" \/>\n<meta property=\"og:locale\" content=\"en_US\" \/>\n<meta property=\"og:type\" content=\"article\" \/>\n<meta property=\"og:title\" content=\"LAUREL MOUNTAIN - Librairie 7L\" \/>\n<meta property=\"og:description\" content=\"Laurel Mountain Laurel : le titre est une sorte de palindrome grossier, propre \u00e0 la vision de Jake Reinhart, dans laquelle le temps se r\u00e9fl\u00e9chit sur lui-m\u00eame et la fin est aussi le d\u00e9but (et est aussi la fin). Le transitoire et le durable se r\u00e9v\u00e8lent \u00eatre une seule et m\u00eame chose. Ces photographies &#8211; [&hellip;]\" \/>\n<meta property=\"og:url\" content=\"https:\/\/librairie7l.com\/en\/produit\/snow\/\" \/>\n<meta property=\"og:site_name\" content=\"Librairie 7L\" \/>\n<meta property=\"article:modified_time\" content=\"2026-04-11T17:15:21+00:00\" \/>\n<meta property=\"og:image\" content=\"https:\/\/librairie7l.com\/wp-content\/uploads\/2022\/04\/9781952523038_1_75.jpg\" \/>\n\t<meta property=\"og:image:width\" content=\"400\" \/>\n\t<meta property=\"og:image:height\" content=\"482\" \/>\n\t<meta property=\"og:image:type\" content=\"image\/jpeg\" \/>\n<meta name=\"twitter:card\" content=\"summary_large_image\" \/>\n<meta name=\"twitter:label1\" content=\"Est. reading time\" \/>\n\t<meta name=\"twitter:data1\" content=\"1 minute\" \/>\n<script type=\"application\/ld+json\" class=\"yoast-schema-graph\">{\"@context\":\"https:\/\/schema.org\",\"@graph\":[{\"@type\":\"WebPage\",\"@id\":\"https:\/\/librairie7l.com\/en\/produit\/snow\/\",\"url\":\"https:\/\/librairie7l.com\/en\/produit\/snow\/\",\"name\":\"LAUREL MOUNTAIN - Librairie 7L\",\"isPartOf\":{\"@id\":\"https:\/\/librairie7l.com\/en\/#website\"},\"datePublished\":\"2023-05-10T11:40:37+00:00\",\"dateModified\":\"2026-04-11T17:15:21+00:00\",\"breadcrumb\":{\"@id\":\"https:\/\/librairie7l.com\/en\/produit\/snow\/#breadcrumb\"},\"inLanguage\":\"en-US\",\"potentialAction\":[{\"@type\":\"ReadAction\",\"target\":[\"https:\/\/librairie7l.com\/en\/produit\/snow\/\"]}]},{\"@type\":\"BreadcrumbList\",\"@id\":\"https:\/\/librairie7l.com\/en\/produit\/snow\/#breadcrumb\",\"itemListElement\":[{\"@type\":\"ListItem\",\"position\":1,\"name\":\"Accueil\",\"item\":\"https:\/\/librairie7l.com\/en\/\"},{\"@type\":\"ListItem\",\"position\":2,\"name\":\"Shop\",\"item\":\"https:\/\/librairie7l.com\/en\/shop\/\"},{\"@type\":\"ListItem\",\"position\":3,\"name\":\"LAUREL MOUNTAIN\"}]},{\"@type\":\"WebSite\",\"@id\":\"https:\/\/librairie7l.com\/en\/#website\",\"url\":\"https:\/\/librairie7l.com\/en\/\",\"name\":\"Librairie 7L\",\"description\":\"Librairie fond\u00e9e en 1999 par Karl Lagerfeld \u00e0 Paris\",\"publisher\":{\"@id\":\"https:\/\/librairie7l.com\/en\/#organization\"},\"potentialAction\":[{\"@type\":\"SearchAction\",\"target\":{\"@type\":\"EntryPoint\",\"urlTemplate\":\"https:\/\/librairie7l.com\/en\/?s={search_term_string}\"},\"query-input\":\"required name=search_term_string\"}],\"inLanguage\":\"en-US\"},{\"@type\":\"Organization\",\"@id\":\"https:\/\/librairie7l.com\/en\/#organization\",\"name\":\"Librairie 7L\",\"url\":\"https:\/\/librairie7l.com\/en\/\",\"logo\":{\"@type\":\"ImageObject\",\"inLanguage\":\"en-US\",\"@id\":\"https:\/\/librairie7l.com\/en\/#\/schema\/logo\/image\/\",\"url\":\"https:\/\/librairie7l.com\/wp-content\/uploads\/2022\/08\/logo-1.png\",\"contentUrl\":\"https:\/\/librairie7l.com\/wp-content\/uploads\/2022\/08\/logo-1.png\",\"width\":227,\"height\":301,\"caption\":\"Librairie 7L\"},\"image\":{\"@id\":\"https:\/\/librairie7l.com\/en\/#\/schema\/logo\/image\/\"}}]}<\/script>\n<!-- \/ Yoast SEO plugin. -->","yoast_head_json":{"title":"LAUREL MOUNTAIN - Librairie 7L","robots":{"index":"index","follow":"follow","max-snippet":"max-snippet:-1","max-image-preview":"max-image-preview:large","max-video-preview":"max-video-preview:-1"},"canonical":"https:\/\/librairie7l.com\/en\/produit\/snow\/","og_locale":"en_US","og_type":"article","og_title":"LAUREL MOUNTAIN - Librairie 7L","og_description":"Laurel Mountain Laurel : le titre est une sorte de palindrome grossier, propre \u00e0 la vision de Jake Reinhart, dans laquelle le temps se r\u00e9fl\u00e9chit sur lui-m\u00eame et la fin est aussi le d\u00e9but (et est aussi la fin). Le transitoire et le durable se r\u00e9v\u00e8lent \u00eatre une seule et m\u00eame chose. Ces photographies &#8211; [&hellip;]","og_url":"https:\/\/librairie7l.com\/en\/produit\/snow\/","og_site_name":"Librairie 7L","article_modified_time":"2026-04-11T17:15:21+00:00","og_image":[{"width":400,"height":482,"url":"https:\/\/librairie7l.com\/wp-content\/uploads\/2022\/04\/9781952523038_1_75.jpg","type":"image\/jpeg"}],"twitter_card":"summary_large_image","twitter_misc":{"Est. reading time":"1 minute"},"schema":{"@context":"https:\/\/schema.org","@graph":[{"@type":"WebPage","@id":"https:\/\/librairie7l.com\/en\/produit\/snow\/","url":"https:\/\/librairie7l.com\/en\/produit\/snow\/","name":"LAUREL MOUNTAIN - Librairie 7L","isPartOf":{"@id":"https:\/\/librairie7l.com\/en\/#website"},"datePublished":"2023-05-10T11:40:37+00:00","dateModified":"2026-04-11T17:15:21+00:00","breadcrumb":{"@id":"https:\/\/librairie7l.com\/en\/produit\/snow\/#breadcrumb"},"inLanguage":"en-US","potentialAction":[{"@type":"ReadAction","target":["https:\/\/librairie7l.com\/en\/produit\/snow\/"]}]},{"@type":"BreadcrumbList","@id":"https:\/\/librairie7l.com\/en\/produit\/snow\/#breadcrumb","itemListElement":[{"@type":"ListItem","position":1,"name":"Accueil","item":"https:\/\/librairie7l.com\/en\/"},{"@type":"ListItem","position":2,"name":"Shop","item":"https:\/\/librairie7l.com\/en\/shop\/"},{"@type":"ListItem","position":3,"name":"LAUREL MOUNTAIN"}]},{"@type":"WebSite","@id":"https:\/\/librairie7l.com\/en\/#website","url":"https:\/\/librairie7l.com\/en\/","name":"Librairie 7L","description":"Librairie fond\u00e9e en 1999 par Karl Lagerfeld \u00e0 Paris","publisher":{"@id":"https:\/\/librairie7l.com\/en\/#organization"},"potentialAction":[{"@type":"SearchAction","target":{"@type":"EntryPoint","urlTemplate":"https:\/\/librairie7l.com\/en\/?s={search_term_string}"},"query-input":"required name=search_term_string"}],"inLanguage":"en-US"},{"@type":"Organization","@id":"https:\/\/librairie7l.com\/en\/#organization","name":"Librairie 7L","url":"https:\/\/librairie7l.com\/en\/","logo":{"@type":"ImageObject","inLanguage":"en-US","@id":"https:\/\/librairie7l.com\/en\/#\/schema\/logo\/image\/","url":"https:\/\/librairie7l.com\/wp-content\/uploads\/2022\/08\/logo-1.png","contentUrl":"https:\/\/librairie7l.com\/wp-content\/uploads\/2022\/08\/logo-1.png","width":227,"height":301,"caption":"Librairie 7L"},"image":{"@id":"https:\/\/librairie7l.com\/en\/#\/schema\/logo\/image\/"}}]}},"_links":{"self":[{"href":"https:\/\/librairie7l.com\/en\/wp-json\/wp\/v2\/product\/28673"}],"collection":[{"href":"https:\/\/librairie7l.com\/en\/wp-json\/wp\/v2\/product"}],"about":[{"href":"https:\/\/librairie7l.com\/en\/wp-json\/wp\/v2\/types\/product"}],"wp:featuredmedia":[{"embeddable":true,"href":"https:\/\/librairie7l.com\/en\/wp-json\/wp\/v2\/media\/28671"}],"wp:attachment":[{"href":"https:\/\/librairie7l.com\/en\/wp-json\/wp\/v2\/media?parent=28673"}],"wp:term":[{"taxonomy":"product_cat","embeddable":true,"href":"https:\/\/librairie7l.com\/en\/wp-json\/wp\/v2\/product_cat?post=28673"},{"taxonomy":"product_tag","embeddable":true,"href":"https:\/\/librairie7l.com\/en\/wp-json\/wp\/v2\/product_tag?post=28673"}],"curies":[{"name":"wp","href":"https:\/\/api.w.org\/{rel}","templated":true}]}}