{"id":28685,"date":"2023-05-10T13:41:02","date_gmt":"2023-05-10T11:41:02","guid":{"rendered":"https:\/\/librairie7l.com\/?post_type=product&#038;p=28685"},"modified":"2026-04-20T16:07:01","modified_gmt":"2026-04-20T14:07:01","slug":"anton-corbijn-1-2-3-4","status":"publish","type":"product","link":"https:\/\/librairie7l.com\/en\/produit\/anton-corbijn-1-2-3-4\/","title":{"rendered":"ANTON CORBIJN 1-2-3-4"},"content":{"rendered":"<p>\u00c9ditions Xavier Barral &#8211; Anton Corbijn 1 &#8211; 2 &#8211; 3 &#8211; 4 photographies Anton Corbijn textes Anton Corbijn, Nick Cave, Win Butler (Arcade Fire), Viv Albertine (The Slits), Martin Gore et Dave Gahan (Depeche Mode), Krist Novoselic (Nirvana), Tom Waits, Michael Stipe (R.E.M.), Lars Ulrich (Metallica), Siouxsie Sioux, Bono et Adam Clayton (U2) Depuis les ann\u00e9es 1970, le photographe et r\u00e9alisateur Anton Corbijn collabore avec de nombreux groupes de musique.<br \/>\nCertaines de ses photos ont marqu\u00e9 la carri\u00e8re de ces musiciens.<br \/>\nPour cet ouvrage, Corbijn s&#8217;est replong\u00e9 dans ses archives et a s\u00e9lectionn\u00e9 plus de 350 photographies d&#8217;Arcade Fire, Depeche Mode, Metallica, Nirvana, R.E.M., des Rolling Stones, U2, Nick Cave, Johnny Rotten, Siouxsie Sioux, Tom Waits&#8230; Cette s\u00e9lection pr\u00e9sente \u00e0 la fois des portraits embl\u00e9matiques et plus m\u00e9connus de Joe Cocker, David Bowie, Johnny Cash, Grace Jones, Courtney Love, Morrissey, Neil Young. En 1980, Corbijn a aussi bri\u00e8vement suivi les Slits, groupe de punk rock f\u00e9minin, au cours de l&#8217;une de leurs tourn\u00e9es. Ce reportage est d\u00e9voil\u00e9 ici pour la premi\u00e8re fois.<br \/>\nCet ouvrage est publi\u00e9 \u00e0 l&#8217;occasion de l&#8217;exposition r\u00e9trospective \u00ab Anton Corbijn 1-2-3-4 \u00bb qui se tiendra au Fotomuseum \u00e0 La Haye du 21 mars au 21 juin 2015. Plusieurs textes, dont un d&#8217;Anton Corbijn, mais aussi des chanteurs et groupes qu&#8217;il a fr\u00e9quemment photographi\u00e9s &#8211; Bono, Michael Stipe, etc. -, accompagnent les photographies.<\/p>\n<p>Anton Corbijn (n\u00e9 en 1955 aux Pays-Bas) a marqu\u00e9 le monde de la musique et de la photographie. Ses portraits saisissants font rapidement tomber les masques pour d\u00e9voiler un aspect souvent moins connu de la personnalit\u00e9 de ces musiciens.<br \/>\n\u00c0 l&#8217;inverse, il impose au sens propre du terme de v\u00e9ritables masques, comme par exemple avec les Rolling Stones, U2 et Arcade Fire, r\u00e9ussissant ainsi \u00e0 leur pr\u00eater une certaine aura.<br \/>\nSes photographies sont toujours empreintes d&#8217;un certain myst\u00e8re.<br \/>\nLe contexte joue aussi un r\u00f4le important dans son travail : la plupart de ses photographies sont prises en ext\u00e9rieur et sont peu mises en sc\u00e8ne.<br \/>\nCorbijn se consid\u00e8re autant comme un photographe de portrait que comme un photographe documentaire \u00e0 l&#8217;aff\u00fbt de ce qui caract\u00e9rise les artistes qu&#8217;il photographie. L&#8217;inspiration pour les trames dramatiques qu&#8217;on retrouve dans ses photos &#8211; forts contrastes, grain tr\u00e8s pr\u00e9sent &#8211; lui vient de la photographie documentaire des ann\u00e9es 1970 repr\u00e9sent\u00e9e notamment par Ed van der Elsken et Koen Wessing.<br \/>\nLes relations sur le long terme que Corbijn a construites avec de nombreux musiciens est une chose assez rare dans le monde de la musique. Les liens qui l&#8217;unissent par exemple \u00e0 U2 et \u00e0 Depeche Mode remontent au d\u00e9but des ann\u00e9es 1980. Les photos, couvertures d&#8217;albums ou clips qu&#8217;il a r\u00e9alis\u00e9s ont marqu\u00e9 l&#8217;image et l&#8217;histoire de ces groupes. Pour Depeche Mode, il est all\u00e9 encore plus loin, en cr\u00e9ant non seulement leur logo et les couvertures de tous leurs albums, mais encore en concevant aussi la sc\u00e9nographie de leurs concerts depuis 1993. Aujourd&#8217;hui, Corbijn se consacre essentiellement \u00e0 la r\u00e9alisation de clips (depuis 1983) et de longs m\u00e9trages (depuis 2007).<\/p>\n","protected":false},"excerpt":{"rendered":"<p>\u00c9ditions Xavier Barral &#8211; Anton Corbijn 1 &#8211; 2 &#8211; 3 &#8211; 4 photographies Anton Corbijn textes Anton Corbijn, Nick Cave, Win Butler (Arcade Fire), Viv Albertine (The Slits), Martin Gore et Dave Gahan (Depeche Mode), Krist Novoselic (Nirvana), Tom Waits, Michael Stipe (R.E.M.), Lars Ulrich (Metallica), Siouxsie Sioux, Bono et Adam Clayton (U2) Depuis [&hellip;]<\/p>\n","protected":false},"featured_media":28683,"template":"","meta":[],"product_cat":[55,2948,2958,17],"product_tag":[],"acf":[],"yoast_head":"<!-- This site is optimized with the Yoast SEO plugin v20.11 - https:\/\/yoast.com\/wordpress\/plugins\/seo\/ -->\n<title>ANTON CORBIJN 1-2-3-4 - Librairie 7L<\/title>\n<meta name=\"robots\" content=\"index, follow, max-snippet:-1, max-image-preview:large, max-video-preview:-1\" \/>\n<link rel=\"canonical\" href=\"https:\/\/librairie7l.com\/en\/produit\/anton-corbijn-1-2-3-4\/\" \/>\n<meta property=\"og:locale\" content=\"en_US\" \/>\n<meta property=\"og:type\" content=\"article\" \/>\n<meta property=\"og:title\" content=\"ANTON CORBIJN 1-2-3-4 - Librairie 7L\" \/>\n<meta property=\"og:description\" content=\"\u00c9ditions Xavier Barral &#8211; Anton Corbijn 1 &#8211; 2 &#8211; 3 &#8211; 4 photographies Anton Corbijn textes Anton Corbijn, Nick Cave, Win Butler (Arcade Fire), Viv Albertine (The Slits), Martin Gore et Dave Gahan (Depeche Mode), Krist Novoselic (Nirvana), Tom Waits, Michael Stipe (R.E.M.), Lars Ulrich (Metallica), Siouxsie Sioux, Bono et Adam Clayton (U2) Depuis [&hellip;]\" \/>\n<meta property=\"og:url\" content=\"https:\/\/librairie7l.com\/en\/produit\/anton-corbijn-1-2-3-4\/\" \/>\n<meta property=\"og:site_name\" content=\"Librairie 7L\" \/>\n<meta property=\"article:modified_time\" content=\"2026-04-20T14:07:01+00:00\" \/>\n<meta property=\"og:image\" content=\"https:\/\/librairie7l.com\/wp-content\/uploads\/2015\/02\/9782365110846_1_75.jpg\" \/>\n\t<meta property=\"og:image:width\" content=\"1000\" \/>\n\t<meta property=\"og:image:height\" content=\"1213\" \/>\n\t<meta property=\"og:image:type\" content=\"image\/jpeg\" \/>\n<meta name=\"twitter:card\" content=\"summary_large_image\" \/>\n<meta name=\"twitter:label1\" content=\"Est. reading time\" \/>\n\t<meta name=\"twitter:data1\" content=\"3 minutes\" \/>\n<script type=\"application\/ld+json\" class=\"yoast-schema-graph\">{\"@context\":\"https:\/\/schema.org\",\"@graph\":[{\"@type\":\"WebPage\",\"@id\":\"https:\/\/librairie7l.com\/en\/produit\/anton-corbijn-1-2-3-4\/\",\"url\":\"https:\/\/librairie7l.com\/en\/produit\/anton-corbijn-1-2-3-4\/\",\"name\":\"ANTON CORBIJN 1-2-3-4 - Librairie 7L\",\"isPartOf\":{\"@id\":\"https:\/\/librairie7l.com\/en\/#website\"},\"datePublished\":\"2023-05-10T11:41:02+00:00\",\"dateModified\":\"2026-04-20T14:07:01+00:00\",\"breadcrumb\":{\"@id\":\"https:\/\/librairie7l.com\/en\/produit\/anton-corbijn-1-2-3-4\/#breadcrumb\"},\"inLanguage\":\"en-US\",\"potentialAction\":[{\"@type\":\"ReadAction\",\"target\":[\"https:\/\/librairie7l.com\/en\/produit\/anton-corbijn-1-2-3-4\/\"]}]},{\"@type\":\"BreadcrumbList\",\"@id\":\"https:\/\/librairie7l.com\/en\/produit\/anton-corbijn-1-2-3-4\/#breadcrumb\",\"itemListElement\":[{\"@type\":\"ListItem\",\"position\":1,\"name\":\"Accueil\",\"item\":\"https:\/\/librairie7l.com\/en\/\"},{\"@type\":\"ListItem\",\"position\":2,\"name\":\"Shop\",\"item\":\"https:\/\/librairie7l.com\/en\/shop\/\"},{\"@type\":\"ListItem\",\"position\":3,\"name\":\"ANTON CORBIJN 1-2-3-4\"}]},{\"@type\":\"WebSite\",\"@id\":\"https:\/\/librairie7l.com\/en\/#website\",\"url\":\"https:\/\/librairie7l.com\/en\/\",\"name\":\"Librairie 7L\",\"description\":\"Librairie fond\u00e9e en 1999 par Karl Lagerfeld \u00e0 Paris\",\"publisher\":{\"@id\":\"https:\/\/librairie7l.com\/en\/#organization\"},\"potentialAction\":[{\"@type\":\"SearchAction\",\"target\":{\"@type\":\"EntryPoint\",\"urlTemplate\":\"https:\/\/librairie7l.com\/en\/?s={search_term_string}\"},\"query-input\":\"required name=search_term_string\"}],\"inLanguage\":\"en-US\"},{\"@type\":\"Organization\",\"@id\":\"https:\/\/librairie7l.com\/en\/#organization\",\"name\":\"Librairie 7L\",\"url\":\"https:\/\/librairie7l.com\/en\/\",\"logo\":{\"@type\":\"ImageObject\",\"inLanguage\":\"en-US\",\"@id\":\"https:\/\/librairie7l.com\/en\/#\/schema\/logo\/image\/\",\"url\":\"https:\/\/librairie7l.com\/wp-content\/uploads\/2022\/08\/logo-1.png\",\"contentUrl\":\"https:\/\/librairie7l.com\/wp-content\/uploads\/2022\/08\/logo-1.png\",\"width\":227,\"height\":301,\"caption\":\"Librairie 7L\"},\"image\":{\"@id\":\"https:\/\/librairie7l.com\/en\/#\/schema\/logo\/image\/\"}}]}<\/script>\n<!-- \/ Yoast SEO plugin. -->","yoast_head_json":{"title":"ANTON CORBIJN 1-2-3-4 - Librairie 7L","robots":{"index":"index","follow":"follow","max-snippet":"max-snippet:-1","max-image-preview":"max-image-preview:large","max-video-preview":"max-video-preview:-1"},"canonical":"https:\/\/librairie7l.com\/en\/produit\/anton-corbijn-1-2-3-4\/","og_locale":"en_US","og_type":"article","og_title":"ANTON CORBIJN 1-2-3-4 - Librairie 7L","og_description":"\u00c9ditions Xavier Barral &#8211; Anton Corbijn 1 &#8211; 2 &#8211; 3 &#8211; 4 photographies Anton Corbijn textes Anton Corbijn, Nick Cave, Win Butler (Arcade Fire), Viv Albertine (The Slits), Martin Gore et Dave Gahan (Depeche Mode), Krist Novoselic (Nirvana), Tom Waits, Michael Stipe (R.E.M.), Lars Ulrich (Metallica), Siouxsie Sioux, Bono et Adam Clayton (U2) Depuis [&hellip;]","og_url":"https:\/\/librairie7l.com\/en\/produit\/anton-corbijn-1-2-3-4\/","og_site_name":"Librairie 7L","article_modified_time":"2026-04-20T14:07:01+00:00","og_image":[{"width":1000,"height":1213,"url":"https:\/\/librairie7l.com\/wp-content\/uploads\/2015\/02\/9782365110846_1_75.jpg","type":"image\/jpeg"}],"twitter_card":"summary_large_image","twitter_misc":{"Est. reading time":"3 minutes"},"schema":{"@context":"https:\/\/schema.org","@graph":[{"@type":"WebPage","@id":"https:\/\/librairie7l.com\/en\/produit\/anton-corbijn-1-2-3-4\/","url":"https:\/\/librairie7l.com\/en\/produit\/anton-corbijn-1-2-3-4\/","name":"ANTON CORBIJN 1-2-3-4 - Librairie 7L","isPartOf":{"@id":"https:\/\/librairie7l.com\/en\/#website"},"datePublished":"2023-05-10T11:41:02+00:00","dateModified":"2026-04-20T14:07:01+00:00","breadcrumb":{"@id":"https:\/\/librairie7l.com\/en\/produit\/anton-corbijn-1-2-3-4\/#breadcrumb"},"inLanguage":"en-US","potentialAction":[{"@type":"ReadAction","target":["https:\/\/librairie7l.com\/en\/produit\/anton-corbijn-1-2-3-4\/"]}]},{"@type":"BreadcrumbList","@id":"https:\/\/librairie7l.com\/en\/produit\/anton-corbijn-1-2-3-4\/#breadcrumb","itemListElement":[{"@type":"ListItem","position":1,"name":"Accueil","item":"https:\/\/librairie7l.com\/en\/"},{"@type":"ListItem","position":2,"name":"Shop","item":"https:\/\/librairie7l.com\/en\/shop\/"},{"@type":"ListItem","position":3,"name":"ANTON CORBIJN 1-2-3-4"}]},{"@type":"WebSite","@id":"https:\/\/librairie7l.com\/en\/#website","url":"https:\/\/librairie7l.com\/en\/","name":"Librairie 7L","description":"Librairie fond\u00e9e en 1999 par Karl Lagerfeld \u00e0 Paris","publisher":{"@id":"https:\/\/librairie7l.com\/en\/#organization"},"potentialAction":[{"@type":"SearchAction","target":{"@type":"EntryPoint","urlTemplate":"https:\/\/librairie7l.com\/en\/?s={search_term_string}"},"query-input":"required name=search_term_string"}],"inLanguage":"en-US"},{"@type":"Organization","@id":"https:\/\/librairie7l.com\/en\/#organization","name":"Librairie 7L","url":"https:\/\/librairie7l.com\/en\/","logo":{"@type":"ImageObject","inLanguage":"en-US","@id":"https:\/\/librairie7l.com\/en\/#\/schema\/logo\/image\/","url":"https:\/\/librairie7l.com\/wp-content\/uploads\/2022\/08\/logo-1.png","contentUrl":"https:\/\/librairie7l.com\/wp-content\/uploads\/2022\/08\/logo-1.png","width":227,"height":301,"caption":"Librairie 7L"},"image":{"@id":"https:\/\/librairie7l.com\/en\/#\/schema\/logo\/image\/"}}]}},"_links":{"self":[{"href":"https:\/\/librairie7l.com\/en\/wp-json\/wp\/v2\/product\/28685"}],"collection":[{"href":"https:\/\/librairie7l.com\/en\/wp-json\/wp\/v2\/product"}],"about":[{"href":"https:\/\/librairie7l.com\/en\/wp-json\/wp\/v2\/types\/product"}],"wp:featuredmedia":[{"embeddable":true,"href":"https:\/\/librairie7l.com\/en\/wp-json\/wp\/v2\/media\/28683"}],"wp:attachment":[{"href":"https:\/\/librairie7l.com\/en\/wp-json\/wp\/v2\/media?parent=28685"}],"wp:term":[{"taxonomy":"product_cat","embeddable":true,"href":"https:\/\/librairie7l.com\/en\/wp-json\/wp\/v2\/product_cat?post=28685"},{"taxonomy":"product_tag","embeddable":true,"href":"https:\/\/librairie7l.com\/en\/wp-json\/wp\/v2\/product_tag?post=28685"}],"curies":[{"name":"wp","href":"https:\/\/api.w.org\/{rel}","templated":true}]}}