{"id":28701,"date":"2023-05-10T13:41:38","date_gmt":"2023-05-10T11:41:38","guid":{"rendered":"https:\/\/librairie7l.com\/?post_type=product&#038;p=28701"},"modified":"2026-04-04T08:06:05","modified_gmt":"2026-04-04T06:06:05","slug":"conception-de-vitrines-codes-merchandising-scenographie-avant-projets-formations","status":"publish","type":"product","link":"https:\/\/librairie7l.com\/en\/produit\/conception-de-vitrines-codes-merchandising-scenographie-avant-projets-formations\/","title":{"rendered":"CONCEPTION DE VITRINES ; CODES MERCHANDISING ; SC\u00c9NOGRAPHIE ; AVANT-PROJETS ; FORMATIONS"},"content":{"rendered":"<p>Un panorama complet des pratiques de la sc\u00e9nographie de vitrine au sein des contextes professionnels les plus vari\u00e9s, des marques \u00e0 r\u00e9seau international aux commerces ind\u00e9pendants.<\/p>\n<p>20 t\u00e9moignages de professionnels &#8211; sc\u00e9nographes, visual merchandisers, chefs d\u00e9co, directeurs artistiques, int\u00e9gr\u00e9s ou consultants, fabricants sp\u00e9cialis\u00e9s et professionnels de m\u00e9tiers connexes moins connus &#8211; sur les outils de conception, les conditions de r\u00e9alisation, les \u00e9volutions du secteur et ses opportunit\u00e9s.<\/p>\n<p>100 exemples de vitrines cr\u00e9atives et des maquettes compl\u00e8tes de projets illustrant les solutions artistiques et techniques des concepteurs en termes de merchandising, d&#8217;identit\u00e9 de marque et d&#8217;impact visuel.<\/p>\n<p>Un \u00e9tat des lieux de la fili\u00e8re de formation.<\/p>\n<p>Pour tout professionnel de la d\u00e9coration, de l&#8217;architecture int\u00e9rieure et du design d&#8217;espace d\u00e9sireux de se sp\u00e9cialiser, les enseignants et les \u00e9tudiants de ce domaine, les commer\u00e7ants, les responsables merchandising.<\/p>\n<p>Avec la collaboration de :<br \/>\nAgn\u00e8s b. &#8211; A la M\u00e8re de Famille &#8211; Annick Go\u00fbtai &#8211; Berluti &#8211; BHV Marais &#8211; Chevignon &#8211; Compagnie fran\u00e7aise de l&#8217;Orient et de la Chine (CFOC) &#8211; Comtesse du Barry &#8211; Diesel &#8211; diptyque &#8211; Filofax &#8211; Free &#8211; Givenchy &#8211; H\u00e9diard &#8211; Ice-Watch &#8211; John Lobb &#8211; Kenzo &#8211; Koah &#8211; La Samaritaine &#8211; Le Bon March\u00e9 Rive Gauche &#8211; Les Galeries Lafayette &#8211; L&#8217;Occitane en Provence &#8211; Louis Vuitton &#8211; Morgan &#8211; Muji &#8211; Nature &amp; D\u00e9couvertes &#8211; Prada &#8211; Pyl\u00f4nes &#8211; Van Cleef &amp; Arpels &#8211; Vision Ka<\/p>\n","protected":false},"excerpt":{"rendered":"<p>Un panorama complet des pratiques de la sc\u00e9nographie de vitrine au sein des contextes professionnels les plus vari\u00e9s, des marques \u00e0 r\u00e9seau international aux commerces ind\u00e9pendants. 20 t\u00e9moignages de professionnels &#8211; sc\u00e9nographes, visual merchandisers, chefs d\u00e9co, directeurs artistiques, int\u00e9gr\u00e9s ou consultants, fabricants sp\u00e9cialis\u00e9s et professionnels de m\u00e9tiers connexes moins connus &#8211; sur les outils de [&hellip;]<\/p>\n","protected":false},"featured_media":28699,"template":"","meta":[],"product_cat":[55,2948,2957,19],"product_tag":[],"acf":[],"yoast_head":"<!-- This site is optimized with the Yoast SEO plugin v20.11 - https:\/\/yoast.com\/wordpress\/plugins\/seo\/ -->\n<title>CONCEPTION DE VITRINES ; CODES MERCHANDISING ; SC\u00c9NOGRAPHIE ; AVANT-PROJETS ; FORMATIONS - Librairie 7L<\/title>\n<meta name=\"robots\" content=\"index, follow, max-snippet:-1, max-image-preview:large, max-video-preview:-1\" \/>\n<link rel=\"canonical\" href=\"https:\/\/librairie7l.com\/en\/produit\/conception-de-vitrines-codes-merchandising-scenographie-avant-projets-formations\/\" \/>\n<meta property=\"og:locale\" content=\"en_US\" \/>\n<meta property=\"og:type\" content=\"article\" \/>\n<meta property=\"og:title\" content=\"CONCEPTION DE VITRINES ; CODES MERCHANDISING ; SC\u00c9NOGRAPHIE ; AVANT-PROJETS ; FORMATIONS - Librairie 7L\" \/>\n<meta property=\"og:description\" content=\"Un panorama complet des pratiques de la sc\u00e9nographie de vitrine au sein des contextes professionnels les plus vari\u00e9s, des marques \u00e0 r\u00e9seau international aux commerces ind\u00e9pendants. 20 t\u00e9moignages de professionnels &#8211; sc\u00e9nographes, visual merchandisers, chefs d\u00e9co, directeurs artistiques, int\u00e9gr\u00e9s ou consultants, fabricants sp\u00e9cialis\u00e9s et professionnels de m\u00e9tiers connexes moins connus &#8211; sur les outils de [&hellip;]\" \/>\n<meta property=\"og:url\" content=\"https:\/\/librairie7l.com\/en\/produit\/conception-de-vitrines-codes-merchandising-scenographie-avant-projets-formations\/\" \/>\n<meta property=\"og:site_name\" content=\"Librairie 7L\" \/>\n<meta property=\"article:modified_time\" content=\"2026-04-04T06:06:05+00:00\" \/>\n<meta property=\"og:image\" content=\"https:\/\/librairie7l.com\/wp-content\/uploads\/2014\/07\/9782212139372_1_75.jpg\" \/>\n\t<meta property=\"og:image:width\" content=\"1000\" \/>\n\t<meta property=\"og:image:height\" content=\"1161\" \/>\n\t<meta property=\"og:image:type\" content=\"image\/jpeg\" \/>\n<meta name=\"twitter:card\" content=\"summary_large_image\" \/>\n<meta name=\"twitter:label1\" content=\"Est. reading time\" \/>\n\t<meta name=\"twitter:data1\" content=\"1 minute\" \/>\n<script type=\"application\/ld+json\" class=\"yoast-schema-graph\">{\"@context\":\"https:\/\/schema.org\",\"@graph\":[{\"@type\":\"WebPage\",\"@id\":\"https:\/\/librairie7l.com\/en\/produit\/conception-de-vitrines-codes-merchandising-scenographie-avant-projets-formations\/\",\"url\":\"https:\/\/librairie7l.com\/en\/produit\/conception-de-vitrines-codes-merchandising-scenographie-avant-projets-formations\/\",\"name\":\"CONCEPTION DE VITRINES ; CODES MERCHANDISING ; SC\u00c9NOGRAPHIE ; AVANT-PROJETS ; FORMATIONS - Librairie 7L\",\"isPartOf\":{\"@id\":\"https:\/\/librairie7l.com\/en\/#website\"},\"datePublished\":\"2023-05-10T11:41:38+00:00\",\"dateModified\":\"2026-04-04T06:06:05+00:00\",\"breadcrumb\":{\"@id\":\"https:\/\/librairie7l.com\/en\/produit\/conception-de-vitrines-codes-merchandising-scenographie-avant-projets-formations\/#breadcrumb\"},\"inLanguage\":\"en-US\",\"potentialAction\":[{\"@type\":\"ReadAction\",\"target\":[\"https:\/\/librairie7l.com\/en\/produit\/conception-de-vitrines-codes-merchandising-scenographie-avant-projets-formations\/\"]}]},{\"@type\":\"BreadcrumbList\",\"@id\":\"https:\/\/librairie7l.com\/en\/produit\/conception-de-vitrines-codes-merchandising-scenographie-avant-projets-formations\/#breadcrumb\",\"itemListElement\":[{\"@type\":\"ListItem\",\"position\":1,\"name\":\"Accueil\",\"item\":\"https:\/\/librairie7l.com\/en\/\"},{\"@type\":\"ListItem\",\"position\":2,\"name\":\"Shop\",\"item\":\"https:\/\/librairie7l.com\/en\/shop\/\"},{\"@type\":\"ListItem\",\"position\":3,\"name\":\"CONCEPTION DE VITRINES ; CODES MERCHANDISING ; SC\u00c9NOGRAPHIE ; AVANT-PROJETS ; FORMATIONS\"}]},{\"@type\":\"WebSite\",\"@id\":\"https:\/\/librairie7l.com\/en\/#website\",\"url\":\"https:\/\/librairie7l.com\/en\/\",\"name\":\"Librairie 7L\",\"description\":\"Librairie fond\u00e9e en 1999 par Karl Lagerfeld \u00e0 Paris\",\"publisher\":{\"@id\":\"https:\/\/librairie7l.com\/en\/#organization\"},\"potentialAction\":[{\"@type\":\"SearchAction\",\"target\":{\"@type\":\"EntryPoint\",\"urlTemplate\":\"https:\/\/librairie7l.com\/en\/?s={search_term_string}\"},\"query-input\":\"required name=search_term_string\"}],\"inLanguage\":\"en-US\"},{\"@type\":\"Organization\",\"@id\":\"https:\/\/librairie7l.com\/en\/#organization\",\"name\":\"Librairie 7L\",\"url\":\"https:\/\/librairie7l.com\/en\/\",\"logo\":{\"@type\":\"ImageObject\",\"inLanguage\":\"en-US\",\"@id\":\"https:\/\/librairie7l.com\/en\/#\/schema\/logo\/image\/\",\"url\":\"https:\/\/librairie7l.com\/wp-content\/uploads\/2022\/08\/logo-1.png\",\"contentUrl\":\"https:\/\/librairie7l.com\/wp-content\/uploads\/2022\/08\/logo-1.png\",\"width\":227,\"height\":301,\"caption\":\"Librairie 7L\"},\"image\":{\"@id\":\"https:\/\/librairie7l.com\/en\/#\/schema\/logo\/image\/\"}}]}<\/script>\n<!-- \/ Yoast SEO plugin. -->","yoast_head_json":{"title":"CONCEPTION DE VITRINES ; CODES MERCHANDISING ; SC\u00c9NOGRAPHIE ; AVANT-PROJETS ; FORMATIONS - Librairie 7L","robots":{"index":"index","follow":"follow","max-snippet":"max-snippet:-1","max-image-preview":"max-image-preview:large","max-video-preview":"max-video-preview:-1"},"canonical":"https:\/\/librairie7l.com\/en\/produit\/conception-de-vitrines-codes-merchandising-scenographie-avant-projets-formations\/","og_locale":"en_US","og_type":"article","og_title":"CONCEPTION DE VITRINES ; CODES MERCHANDISING ; SC\u00c9NOGRAPHIE ; AVANT-PROJETS ; FORMATIONS - Librairie 7L","og_description":"Un panorama complet des pratiques de la sc\u00e9nographie de vitrine au sein des contextes professionnels les plus vari\u00e9s, des marques \u00e0 r\u00e9seau international aux commerces ind\u00e9pendants. 20 t\u00e9moignages de professionnels &#8211; sc\u00e9nographes, visual merchandisers, chefs d\u00e9co, directeurs artistiques, int\u00e9gr\u00e9s ou consultants, fabricants sp\u00e9cialis\u00e9s et professionnels de m\u00e9tiers connexes moins connus &#8211; sur les outils de [&hellip;]","og_url":"https:\/\/librairie7l.com\/en\/produit\/conception-de-vitrines-codes-merchandising-scenographie-avant-projets-formations\/","og_site_name":"Librairie 7L","article_modified_time":"2026-04-04T06:06:05+00:00","og_image":[{"width":1000,"height":1161,"url":"https:\/\/librairie7l.com\/wp-content\/uploads\/2014\/07\/9782212139372_1_75.jpg","type":"image\/jpeg"}],"twitter_card":"summary_large_image","twitter_misc":{"Est. reading time":"1 minute"},"schema":{"@context":"https:\/\/schema.org","@graph":[{"@type":"WebPage","@id":"https:\/\/librairie7l.com\/en\/produit\/conception-de-vitrines-codes-merchandising-scenographie-avant-projets-formations\/","url":"https:\/\/librairie7l.com\/en\/produit\/conception-de-vitrines-codes-merchandising-scenographie-avant-projets-formations\/","name":"CONCEPTION DE VITRINES ; CODES MERCHANDISING ; SC\u00c9NOGRAPHIE ; AVANT-PROJETS ; FORMATIONS - Librairie 7L","isPartOf":{"@id":"https:\/\/librairie7l.com\/en\/#website"},"datePublished":"2023-05-10T11:41:38+00:00","dateModified":"2026-04-04T06:06:05+00:00","breadcrumb":{"@id":"https:\/\/librairie7l.com\/en\/produit\/conception-de-vitrines-codes-merchandising-scenographie-avant-projets-formations\/#breadcrumb"},"inLanguage":"en-US","potentialAction":[{"@type":"ReadAction","target":["https:\/\/librairie7l.com\/en\/produit\/conception-de-vitrines-codes-merchandising-scenographie-avant-projets-formations\/"]}]},{"@type":"BreadcrumbList","@id":"https:\/\/librairie7l.com\/en\/produit\/conception-de-vitrines-codes-merchandising-scenographie-avant-projets-formations\/#breadcrumb","itemListElement":[{"@type":"ListItem","position":1,"name":"Accueil","item":"https:\/\/librairie7l.com\/en\/"},{"@type":"ListItem","position":2,"name":"Shop","item":"https:\/\/librairie7l.com\/en\/shop\/"},{"@type":"ListItem","position":3,"name":"CONCEPTION DE VITRINES ; CODES MERCHANDISING ; SC\u00c9NOGRAPHIE ; AVANT-PROJETS ; FORMATIONS"}]},{"@type":"WebSite","@id":"https:\/\/librairie7l.com\/en\/#website","url":"https:\/\/librairie7l.com\/en\/","name":"Librairie 7L","description":"Librairie fond\u00e9e en 1999 par Karl Lagerfeld \u00e0 Paris","publisher":{"@id":"https:\/\/librairie7l.com\/en\/#organization"},"potentialAction":[{"@type":"SearchAction","target":{"@type":"EntryPoint","urlTemplate":"https:\/\/librairie7l.com\/en\/?s={search_term_string}"},"query-input":"required name=search_term_string"}],"inLanguage":"en-US"},{"@type":"Organization","@id":"https:\/\/librairie7l.com\/en\/#organization","name":"Librairie 7L","url":"https:\/\/librairie7l.com\/en\/","logo":{"@type":"ImageObject","inLanguage":"en-US","@id":"https:\/\/librairie7l.com\/en\/#\/schema\/logo\/image\/","url":"https:\/\/librairie7l.com\/wp-content\/uploads\/2022\/08\/logo-1.png","contentUrl":"https:\/\/librairie7l.com\/wp-content\/uploads\/2022\/08\/logo-1.png","width":227,"height":301,"caption":"Librairie 7L"},"image":{"@id":"https:\/\/librairie7l.com\/en\/#\/schema\/logo\/image\/"}}]}},"_links":{"self":[{"href":"https:\/\/librairie7l.com\/en\/wp-json\/wp\/v2\/product\/28701"}],"collection":[{"href":"https:\/\/librairie7l.com\/en\/wp-json\/wp\/v2\/product"}],"about":[{"href":"https:\/\/librairie7l.com\/en\/wp-json\/wp\/v2\/types\/product"}],"wp:featuredmedia":[{"embeddable":true,"href":"https:\/\/librairie7l.com\/en\/wp-json\/wp\/v2\/media\/28699"}],"wp:attachment":[{"href":"https:\/\/librairie7l.com\/en\/wp-json\/wp\/v2\/media?parent=28701"}],"wp:term":[{"taxonomy":"product_cat","embeddable":true,"href":"https:\/\/librairie7l.com\/en\/wp-json\/wp\/v2\/product_cat?post=28701"},{"taxonomy":"product_tag","embeddable":true,"href":"https:\/\/librairie7l.com\/en\/wp-json\/wp\/v2\/product_tag?post=28701"}],"curies":[{"name":"wp","href":"https:\/\/api.w.org\/{rel}","templated":true}]}}