{"id":28721,"date":"2023-05-10T13:42:25","date_gmt":"2023-05-10T11:42:25","guid":{"rendered":"https:\/\/librairie7l.com\/?post_type=product&#038;p=28721"},"modified":"2026-04-11T17:51:08","modified_gmt":"2026-04-11T15:51:08","slug":"alicia-penalba-vers-lenvol","status":"publish","type":"product","link":"https:\/\/librairie7l.com\/en\/produit\/alicia-penalba-vers-lenvol\/","title":{"rendered":"ALICIA PENALBA : VERS L&#8217;ENVOL"},"content":{"rendered":"<p>Suite \u00e0 sa disparition accidentelle en 1982, l&#8217;oeuvre d&#8217;Alicia Penalba, sculptrice de renomm\u00e9e internationale, s&#8217;\u00e9tait retrouv\u00e9 abruptement dans l&#8217;ombre. N\u00e9e en Argentine, ce n&#8217;est qu&#8217;en 1948, \u00e2g\u00e9e de 35 ans, qu&#8217;Alicia Penalba arrive en France, \u00e0 son arriv\u00e9e \u00e0 Paris, diverses rencontres vont la conduire \u00e0 la Grande Chaumi\u00e8re dans l&#8217;atelier d&#8217;Ossip Zadkine aupr\u00e8s duquel elle se forme et o\u00f9, tr\u00e8s rapidement, elle fait montre d&#8217;un talent certain.  Elle y travaillera trois ans tout en \u00e9tudiant ses a\u00een\u00e9s, Anton Pevsner, mais surtout Constantin Brancusi, qu&#8217;elle rencontrera \u00e0 plusieurs reprises. \u00c0 partir de 1951, elle se consacre exclusivement \u00e0 la sculpture non figurative. \u00c0 partir des ann\u00e9es 60, son \u00e9volution artistique l&#8217;am\u00e8ne \u00e0 r\u00e9aliser des sculptures monumentales pour des projets architecturaux qui la conduisent \u00e0 simplifier les volumes pour obtenir des formes \u00e9pur\u00e9es. L&#8217;air et la lumi\u00e8re vont alors devenir les fils conducteurs de sa qu\u00eate artistique.<br \/>\nCette monographie de r\u00e9f\u00e9rence rend hommage \u00e0 cette grande artiste dont les oeuvres sont pr\u00e9sent\u00e9es dans la plupart des grands mus\u00e9es internationaux : le Centre Pompidou, la Fondation Pierre Gianadda, le mus\u00e9e Kr\u00f6ller-M\u00fcller, The Cleveland Museum of Art, le Hakone Open-Air Museum&#8230;<br \/>\nCet ouvrage dont les texte est \u00e9crit par Fr\u00e9d\u00e9rick Aubourg sera pr\u00e9fac\u00e9 par Pierre Wat (professeur d&#8217;histoire de l&#8217;art \u00e0 l&#8217;universit\u00e9 de Paris-I, historien d&#8217;art connu et reconnu).<\/p>\n","protected":false},"excerpt":{"rendered":"<p>Suite \u00e0 sa disparition accidentelle en 1982, l&#8217;oeuvre d&#8217;Alicia Penalba, sculptrice de renomm\u00e9e internationale, s&#8217;\u00e9tait retrouv\u00e9 abruptement dans l&#8217;ombre. N\u00e9e en Argentine, ce n&#8217;est qu&#8217;en 1948, \u00e2g\u00e9e de 35 ans, qu&#8217;Alicia Penalba arrive en France, \u00e0 son arriv\u00e9e \u00e0 Paris, diverses rencontres vont la conduire \u00e0 la Grande Chaumi\u00e8re dans l&#8217;atelier d&#8217;Ossip Zadkine aupr\u00e8s duquel [&hellip;]<\/p>\n","protected":false},"featured_media":28719,"template":"","meta":[],"product_cat":[55,2948,47,2953],"product_tag":[],"acf":[],"yoast_head":"<!-- This site is optimized with the Yoast SEO plugin v20.11 - https:\/\/yoast.com\/wordpress\/plugins\/seo\/ -->\n<title>ALICIA PENALBA : VERS L&#039;ENVOL - Librairie 7L<\/title>\n<meta name=\"robots\" content=\"index, follow, max-snippet:-1, max-image-preview:large, max-video-preview:-1\" \/>\n<link rel=\"canonical\" href=\"https:\/\/librairie7l.com\/en\/produit\/alicia-penalba-vers-lenvol\/\" \/>\n<meta property=\"og:locale\" content=\"en_US\" \/>\n<meta property=\"og:type\" content=\"article\" \/>\n<meta property=\"og:title\" content=\"ALICIA PENALBA : VERS L&#039;ENVOL - Librairie 7L\" \/>\n<meta property=\"og:description\" content=\"Suite \u00e0 sa disparition accidentelle en 1982, l&#8217;oeuvre d&#8217;Alicia Penalba, sculptrice de renomm\u00e9e internationale, s&#8217;\u00e9tait retrouv\u00e9 abruptement dans l&#8217;ombre. N\u00e9e en Argentine, ce n&#8217;est qu&#8217;en 1948, \u00e2g\u00e9e de 35 ans, qu&#8217;Alicia Penalba arrive en France, \u00e0 son arriv\u00e9e \u00e0 Paris, diverses rencontres vont la conduire \u00e0 la Grande Chaumi\u00e8re dans l&#8217;atelier d&#8217;Ossip Zadkine aupr\u00e8s duquel [&hellip;]\" \/>\n<meta property=\"og:url\" content=\"https:\/\/librairie7l.com\/en\/produit\/alicia-penalba-vers-lenvol\/\" \/>\n<meta property=\"og:site_name\" content=\"Librairie 7L\" \/>\n<meta property=\"article:modified_time\" content=\"2026-04-11T15:51:08+00:00\" \/>\n<meta property=\"og:image\" content=\"https:\/\/librairie7l.com\/wp-content\/uploads\/2020\/01\/9782367490724_1_75.jpg\" \/>\n\t<meta property=\"og:image:width\" content=\"400\" \/>\n\t<meta property=\"og:image:height\" content=\"451\" \/>\n\t<meta property=\"og:image:type\" content=\"image\/jpeg\" \/>\n<meta name=\"twitter:card\" content=\"summary_large_image\" \/>\n<meta name=\"twitter:label1\" content=\"Est. reading time\" \/>\n\t<meta name=\"twitter:data1\" content=\"1 minute\" \/>\n<script type=\"application\/ld+json\" class=\"yoast-schema-graph\">{\"@context\":\"https:\/\/schema.org\",\"@graph\":[{\"@type\":\"WebPage\",\"@id\":\"https:\/\/librairie7l.com\/en\/produit\/alicia-penalba-vers-lenvol\/\",\"url\":\"https:\/\/librairie7l.com\/en\/produit\/alicia-penalba-vers-lenvol\/\",\"name\":\"ALICIA PENALBA : VERS L'ENVOL - Librairie 7L\",\"isPartOf\":{\"@id\":\"https:\/\/librairie7l.com\/en\/#website\"},\"datePublished\":\"2023-05-10T11:42:25+00:00\",\"dateModified\":\"2026-04-11T15:51:08+00:00\",\"breadcrumb\":{\"@id\":\"https:\/\/librairie7l.com\/en\/produit\/alicia-penalba-vers-lenvol\/#breadcrumb\"},\"inLanguage\":\"en-US\",\"potentialAction\":[{\"@type\":\"ReadAction\",\"target\":[\"https:\/\/librairie7l.com\/en\/produit\/alicia-penalba-vers-lenvol\/\"]}]},{\"@type\":\"BreadcrumbList\",\"@id\":\"https:\/\/librairie7l.com\/en\/produit\/alicia-penalba-vers-lenvol\/#breadcrumb\",\"itemListElement\":[{\"@type\":\"ListItem\",\"position\":1,\"name\":\"Accueil\",\"item\":\"https:\/\/librairie7l.com\/en\/\"},{\"@type\":\"ListItem\",\"position\":2,\"name\":\"Shop\",\"item\":\"https:\/\/librairie7l.com\/en\/shop\/\"},{\"@type\":\"ListItem\",\"position\":3,\"name\":\"ALICIA PENALBA : VERS L&#8217;ENVOL\"}]},{\"@type\":\"WebSite\",\"@id\":\"https:\/\/librairie7l.com\/en\/#website\",\"url\":\"https:\/\/librairie7l.com\/en\/\",\"name\":\"Librairie 7L\",\"description\":\"Librairie fond\u00e9e en 1999 par Karl Lagerfeld \u00e0 Paris\",\"publisher\":{\"@id\":\"https:\/\/librairie7l.com\/en\/#organization\"},\"potentialAction\":[{\"@type\":\"SearchAction\",\"target\":{\"@type\":\"EntryPoint\",\"urlTemplate\":\"https:\/\/librairie7l.com\/en\/?s={search_term_string}\"},\"query-input\":\"required name=search_term_string\"}],\"inLanguage\":\"en-US\"},{\"@type\":\"Organization\",\"@id\":\"https:\/\/librairie7l.com\/en\/#organization\",\"name\":\"Librairie 7L\",\"url\":\"https:\/\/librairie7l.com\/en\/\",\"logo\":{\"@type\":\"ImageObject\",\"inLanguage\":\"en-US\",\"@id\":\"https:\/\/librairie7l.com\/en\/#\/schema\/logo\/image\/\",\"url\":\"https:\/\/librairie7l.com\/wp-content\/uploads\/2022\/08\/logo-1.png\",\"contentUrl\":\"https:\/\/librairie7l.com\/wp-content\/uploads\/2022\/08\/logo-1.png\",\"width\":227,\"height\":301,\"caption\":\"Librairie 7L\"},\"image\":{\"@id\":\"https:\/\/librairie7l.com\/en\/#\/schema\/logo\/image\/\"}}]}<\/script>\n<!-- \/ Yoast SEO plugin. -->","yoast_head_json":{"title":"ALICIA PENALBA : VERS L'ENVOL - Librairie 7L","robots":{"index":"index","follow":"follow","max-snippet":"max-snippet:-1","max-image-preview":"max-image-preview:large","max-video-preview":"max-video-preview:-1"},"canonical":"https:\/\/librairie7l.com\/en\/produit\/alicia-penalba-vers-lenvol\/","og_locale":"en_US","og_type":"article","og_title":"ALICIA PENALBA : VERS L'ENVOL - Librairie 7L","og_description":"Suite \u00e0 sa disparition accidentelle en 1982, l&#8217;oeuvre d&#8217;Alicia Penalba, sculptrice de renomm\u00e9e internationale, s&#8217;\u00e9tait retrouv\u00e9 abruptement dans l&#8217;ombre. N\u00e9e en Argentine, ce n&#8217;est qu&#8217;en 1948, \u00e2g\u00e9e de 35 ans, qu&#8217;Alicia Penalba arrive en France, \u00e0 son arriv\u00e9e \u00e0 Paris, diverses rencontres vont la conduire \u00e0 la Grande Chaumi\u00e8re dans l&#8217;atelier d&#8217;Ossip Zadkine aupr\u00e8s duquel [&hellip;]","og_url":"https:\/\/librairie7l.com\/en\/produit\/alicia-penalba-vers-lenvol\/","og_site_name":"Librairie 7L","article_modified_time":"2026-04-11T15:51:08+00:00","og_image":[{"width":400,"height":451,"url":"https:\/\/librairie7l.com\/wp-content\/uploads\/2020\/01\/9782367490724_1_75.jpg","type":"image\/jpeg"}],"twitter_card":"summary_large_image","twitter_misc":{"Est. reading time":"1 minute"},"schema":{"@context":"https:\/\/schema.org","@graph":[{"@type":"WebPage","@id":"https:\/\/librairie7l.com\/en\/produit\/alicia-penalba-vers-lenvol\/","url":"https:\/\/librairie7l.com\/en\/produit\/alicia-penalba-vers-lenvol\/","name":"ALICIA PENALBA : VERS L'ENVOL - Librairie 7L","isPartOf":{"@id":"https:\/\/librairie7l.com\/en\/#website"},"datePublished":"2023-05-10T11:42:25+00:00","dateModified":"2026-04-11T15:51:08+00:00","breadcrumb":{"@id":"https:\/\/librairie7l.com\/en\/produit\/alicia-penalba-vers-lenvol\/#breadcrumb"},"inLanguage":"en-US","potentialAction":[{"@type":"ReadAction","target":["https:\/\/librairie7l.com\/en\/produit\/alicia-penalba-vers-lenvol\/"]}]},{"@type":"BreadcrumbList","@id":"https:\/\/librairie7l.com\/en\/produit\/alicia-penalba-vers-lenvol\/#breadcrumb","itemListElement":[{"@type":"ListItem","position":1,"name":"Accueil","item":"https:\/\/librairie7l.com\/en\/"},{"@type":"ListItem","position":2,"name":"Shop","item":"https:\/\/librairie7l.com\/en\/shop\/"},{"@type":"ListItem","position":3,"name":"ALICIA PENALBA : VERS L&#8217;ENVOL"}]},{"@type":"WebSite","@id":"https:\/\/librairie7l.com\/en\/#website","url":"https:\/\/librairie7l.com\/en\/","name":"Librairie 7L","description":"Librairie fond\u00e9e en 1999 par Karl Lagerfeld \u00e0 Paris","publisher":{"@id":"https:\/\/librairie7l.com\/en\/#organization"},"potentialAction":[{"@type":"SearchAction","target":{"@type":"EntryPoint","urlTemplate":"https:\/\/librairie7l.com\/en\/?s={search_term_string}"},"query-input":"required name=search_term_string"}],"inLanguage":"en-US"},{"@type":"Organization","@id":"https:\/\/librairie7l.com\/en\/#organization","name":"Librairie 7L","url":"https:\/\/librairie7l.com\/en\/","logo":{"@type":"ImageObject","inLanguage":"en-US","@id":"https:\/\/librairie7l.com\/en\/#\/schema\/logo\/image\/","url":"https:\/\/librairie7l.com\/wp-content\/uploads\/2022\/08\/logo-1.png","contentUrl":"https:\/\/librairie7l.com\/wp-content\/uploads\/2022\/08\/logo-1.png","width":227,"height":301,"caption":"Librairie 7L"},"image":{"@id":"https:\/\/librairie7l.com\/en\/#\/schema\/logo\/image\/"}}]}},"_links":{"self":[{"href":"https:\/\/librairie7l.com\/en\/wp-json\/wp\/v2\/product\/28721"}],"collection":[{"href":"https:\/\/librairie7l.com\/en\/wp-json\/wp\/v2\/product"}],"about":[{"href":"https:\/\/librairie7l.com\/en\/wp-json\/wp\/v2\/types\/product"}],"wp:featuredmedia":[{"embeddable":true,"href":"https:\/\/librairie7l.com\/en\/wp-json\/wp\/v2\/media\/28719"}],"wp:attachment":[{"href":"https:\/\/librairie7l.com\/en\/wp-json\/wp\/v2\/media?parent=28721"}],"wp:term":[{"taxonomy":"product_cat","embeddable":true,"href":"https:\/\/librairie7l.com\/en\/wp-json\/wp\/v2\/product_cat?post=28721"},{"taxonomy":"product_tag","embeddable":true,"href":"https:\/\/librairie7l.com\/en\/wp-json\/wp\/v2\/product_tag?post=28721"}],"curies":[{"name":"wp","href":"https:\/\/api.w.org\/{rel}","templated":true}]}}