{"id":28745,"date":"2023-05-10T13:43:04","date_gmt":"2023-05-10T11:43:04","guid":{"rendered":"https:\/\/librairie7l.com\/?post_type=product&#038;p=28745"},"modified":"2026-04-26T06:19:35","modified_gmt":"2026-04-26T04:19:35","slug":"chez-jean-lurcat-4-villa-seurat-paris-quatorzieme","status":"publish","type":"product","link":"https:\/\/librairie7l.com\/en\/produit\/chez-jean-lurcat-4-villa-seurat-paris-quatorzieme\/","title":{"rendered":"CHEZ JEAN LURCAT 4, VILLA SEURAT, PARIS QUATORZI\u00c8ME"},"content":{"rendered":"<p>Le reportage de Fran\u00e7oise Huguier restitue l&#8217;atmosph\u00e8re du lieu de vie et de travail de l&#8217;artiste tel qu&#8217;il nous l&#8217;a laiss\u00e9. Elle propose une \u00e9mouvante promenade dans une maison d&#8217;artiste demeur\u00e9e \u00e0 l&#8217;\u00e9tat d&#8217;origine.<\/p>\n<p>La maison-atelier du peintre Jean Lur\u00e7at (1892-1966) est la premi\u00e8re des huit maisons d&#8217;artistes construites en 1925 par son fr\u00e8re, l&#8217;architecte Andr\u00e9 Lur\u00e7at (1894-1970), Villa Seurat, l&#8217;un des trois ensembles urbains importants r\u00e9alis\u00e9s \u00e0 Paris dans les ann\u00e9es vingt. L\u00e9gu\u00e9e \u00e0 l&#8217;Acad\u00e9mie des beaux-arts avec les collections qu&#8217;elle abrite, la maison-atelier est dirig\u00e9e depuis 2021 par l&#8217;architecte Jean-Michel Wilmotte.?Cet incontestable chef-d&#8217;oeuvre parisien du Mouvement moderne, maintenu dans son \u00e9tat d&#8217;origine, a \u00e9t\u00e9 class\u00e9 Monument historique en 2018. Les photographies de Fran\u00e7oise Huguier nous donnent \u00e0 voir l&#8217;authenticit\u00e9 d&#8217;une maison d&#8217;artiste hors du commun.<\/p>\n<p>Photographe auteure, Fran\u00e7oise Huguier collabore avec les magazines fran\u00e7ais et \u00e9trangers depuis les ann\u00e9es 1980, elle photographie le monde du cin\u00e9ma, de la culture et de la mode. En 1988, elle suit les traces de Michel Leiris de Dakar \u00e0 Djibouti (Sur les traces de l&#8217;Afrique fant\u00f4me, Maeght). En 1991, elle photographie la Sib\u00e9rie polaire pendant six mois (En route pour Behring, Maeght). Puis pendant dix ans elle photographie les appartements communautaires \u00e0 Saint-P\u00e9tersbourg (Kommounalki, Actes Sud). En 2011, laur\u00e9ate du Prix de Photographie Marc Ladreit de Lacharri\u00e8re-Acad\u00e9mie des beaux-arts. En 2019, elle expose sa collection personnelle au mus\u00e9e du Quai Branly.<\/p>\n","protected":false},"excerpt":{"rendered":"<p>Le reportage de Fran\u00e7oise Huguier restitue l&#8217;atmosph\u00e8re du lieu de vie et de travail de l&#8217;artiste tel qu&#8217;il nous l&#8217;a laiss\u00e9. Elle propose une \u00e9mouvante promenade dans une maison d&#8217;artiste demeur\u00e9e \u00e0 l&#8217;\u00e9tat d&#8217;origine. La maison-atelier du peintre Jean Lur\u00e7at (1892-1966) est la premi\u00e8re des huit maisons d&#8217;artistes construites en 1925 par son fr\u00e8re, l&#8217;architecte [&hellip;]<\/p>\n","protected":false},"featured_media":28743,"template":"","meta":[],"product_cat":[55,2948,18,2952],"product_tag":[],"acf":[],"yoast_head":"<!-- This site is optimized with the Yoast SEO plugin v20.11 - https:\/\/yoast.com\/wordpress\/plugins\/seo\/ -->\n<title>CHEZ JEAN LURCAT 4, VILLA SEURAT, PARIS QUATORZI\u00c8ME - Librairie 7L<\/title>\n<meta name=\"robots\" content=\"index, follow, max-snippet:-1, max-image-preview:large, max-video-preview:-1\" \/>\n<link rel=\"canonical\" href=\"https:\/\/librairie7l.com\/en\/produit\/chez-jean-lurcat-4-villa-seurat-paris-quatorzieme\/\" \/>\n<meta property=\"og:locale\" content=\"en_US\" \/>\n<meta property=\"og:type\" content=\"article\" \/>\n<meta property=\"og:title\" content=\"CHEZ JEAN LURCAT 4, VILLA SEURAT, PARIS QUATORZI\u00c8ME - Librairie 7L\" \/>\n<meta property=\"og:description\" content=\"Le reportage de Fran\u00e7oise Huguier restitue l&#8217;atmosph\u00e8re du lieu de vie et de travail de l&#8217;artiste tel qu&#8217;il nous l&#8217;a laiss\u00e9. Elle propose une \u00e9mouvante promenade dans une maison d&#8217;artiste demeur\u00e9e \u00e0 l&#8217;\u00e9tat d&#8217;origine. La maison-atelier du peintre Jean Lur\u00e7at (1892-1966) est la premi\u00e8re des huit maisons d&#8217;artistes construites en 1925 par son fr\u00e8re, l&#8217;architecte [&hellip;]\" \/>\n<meta property=\"og:url\" content=\"https:\/\/librairie7l.com\/en\/produit\/chez-jean-lurcat-4-villa-seurat-paris-quatorzieme\/\" \/>\n<meta property=\"og:site_name\" content=\"Librairie 7L\" \/>\n<meta property=\"article:modified_time\" content=\"2026-04-26T04:19:35+00:00\" \/>\n<meta property=\"og:image\" content=\"https:\/\/librairie7l.com\/wp-content\/uploads\/2021\/06\/9782867423031_1_75.jpg\" \/>\n\t<meta property=\"og:image:width\" content=\"600\" \/>\n\t<meta property=\"og:image:height\" content=\"775\" \/>\n\t<meta property=\"og:image:type\" content=\"image\/jpeg\" \/>\n<meta name=\"twitter:card\" content=\"summary_large_image\" \/>\n<meta name=\"twitter:label1\" content=\"Est. reading time\" \/>\n\t<meta name=\"twitter:data1\" content=\"1 minute\" \/>\n<script type=\"application\/ld+json\" class=\"yoast-schema-graph\">{\"@context\":\"https:\/\/schema.org\",\"@graph\":[{\"@type\":\"WebPage\",\"@id\":\"https:\/\/librairie7l.com\/en\/produit\/chez-jean-lurcat-4-villa-seurat-paris-quatorzieme\/\",\"url\":\"https:\/\/librairie7l.com\/en\/produit\/chez-jean-lurcat-4-villa-seurat-paris-quatorzieme\/\",\"name\":\"CHEZ JEAN LURCAT 4, VILLA SEURAT, PARIS QUATORZI\u00c8ME - Librairie 7L\",\"isPartOf\":{\"@id\":\"https:\/\/librairie7l.com\/en\/#website\"},\"datePublished\":\"2023-05-10T11:43:04+00:00\",\"dateModified\":\"2026-04-26T04:19:35+00:00\",\"breadcrumb\":{\"@id\":\"https:\/\/librairie7l.com\/en\/produit\/chez-jean-lurcat-4-villa-seurat-paris-quatorzieme\/#breadcrumb\"},\"inLanguage\":\"en-US\",\"potentialAction\":[{\"@type\":\"ReadAction\",\"target\":[\"https:\/\/librairie7l.com\/en\/produit\/chez-jean-lurcat-4-villa-seurat-paris-quatorzieme\/\"]}]},{\"@type\":\"BreadcrumbList\",\"@id\":\"https:\/\/librairie7l.com\/en\/produit\/chez-jean-lurcat-4-villa-seurat-paris-quatorzieme\/#breadcrumb\",\"itemListElement\":[{\"@type\":\"ListItem\",\"position\":1,\"name\":\"Accueil\",\"item\":\"https:\/\/librairie7l.com\/en\/\"},{\"@type\":\"ListItem\",\"position\":2,\"name\":\"Shop\",\"item\":\"https:\/\/librairie7l.com\/en\/shop\/\"},{\"@type\":\"ListItem\",\"position\":3,\"name\":\"CHEZ JEAN LURCAT 4, VILLA SEURAT, PARIS QUATORZI\u00c8ME\"}]},{\"@type\":\"WebSite\",\"@id\":\"https:\/\/librairie7l.com\/en\/#website\",\"url\":\"https:\/\/librairie7l.com\/en\/\",\"name\":\"Librairie 7L\",\"description\":\"Librairie fond\u00e9e en 1999 par Karl Lagerfeld \u00e0 Paris\",\"publisher\":{\"@id\":\"https:\/\/librairie7l.com\/en\/#organization\"},\"potentialAction\":[{\"@type\":\"SearchAction\",\"target\":{\"@type\":\"EntryPoint\",\"urlTemplate\":\"https:\/\/librairie7l.com\/en\/?s={search_term_string}\"},\"query-input\":\"required name=search_term_string\"}],\"inLanguage\":\"en-US\"},{\"@type\":\"Organization\",\"@id\":\"https:\/\/librairie7l.com\/en\/#organization\",\"name\":\"Librairie 7L\",\"url\":\"https:\/\/librairie7l.com\/en\/\",\"logo\":{\"@type\":\"ImageObject\",\"inLanguage\":\"en-US\",\"@id\":\"https:\/\/librairie7l.com\/en\/#\/schema\/logo\/image\/\",\"url\":\"https:\/\/librairie7l.com\/wp-content\/uploads\/2022\/08\/logo-1.png\",\"contentUrl\":\"https:\/\/librairie7l.com\/wp-content\/uploads\/2022\/08\/logo-1.png\",\"width\":227,\"height\":301,\"caption\":\"Librairie 7L\"},\"image\":{\"@id\":\"https:\/\/librairie7l.com\/en\/#\/schema\/logo\/image\/\"}}]}<\/script>\n<!-- \/ Yoast SEO plugin. -->","yoast_head_json":{"title":"CHEZ JEAN LURCAT 4, VILLA SEURAT, PARIS QUATORZI\u00c8ME - Librairie 7L","robots":{"index":"index","follow":"follow","max-snippet":"max-snippet:-1","max-image-preview":"max-image-preview:large","max-video-preview":"max-video-preview:-1"},"canonical":"https:\/\/librairie7l.com\/en\/produit\/chez-jean-lurcat-4-villa-seurat-paris-quatorzieme\/","og_locale":"en_US","og_type":"article","og_title":"CHEZ JEAN LURCAT 4, VILLA SEURAT, PARIS QUATORZI\u00c8ME - Librairie 7L","og_description":"Le reportage de Fran\u00e7oise Huguier restitue l&#8217;atmosph\u00e8re du lieu de vie et de travail de l&#8217;artiste tel qu&#8217;il nous l&#8217;a laiss\u00e9. Elle propose une \u00e9mouvante promenade dans une maison d&#8217;artiste demeur\u00e9e \u00e0 l&#8217;\u00e9tat d&#8217;origine. La maison-atelier du peintre Jean Lur\u00e7at (1892-1966) est la premi\u00e8re des huit maisons d&#8217;artistes construites en 1925 par son fr\u00e8re, l&#8217;architecte [&hellip;]","og_url":"https:\/\/librairie7l.com\/en\/produit\/chez-jean-lurcat-4-villa-seurat-paris-quatorzieme\/","og_site_name":"Librairie 7L","article_modified_time":"2026-04-26T04:19:35+00:00","og_image":[{"width":600,"height":775,"url":"https:\/\/librairie7l.com\/wp-content\/uploads\/2021\/06\/9782867423031_1_75.jpg","type":"image\/jpeg"}],"twitter_card":"summary_large_image","twitter_misc":{"Est. reading time":"1 minute"},"schema":{"@context":"https:\/\/schema.org","@graph":[{"@type":"WebPage","@id":"https:\/\/librairie7l.com\/en\/produit\/chez-jean-lurcat-4-villa-seurat-paris-quatorzieme\/","url":"https:\/\/librairie7l.com\/en\/produit\/chez-jean-lurcat-4-villa-seurat-paris-quatorzieme\/","name":"CHEZ JEAN LURCAT 4, VILLA SEURAT, PARIS QUATORZI\u00c8ME - Librairie 7L","isPartOf":{"@id":"https:\/\/librairie7l.com\/en\/#website"},"datePublished":"2023-05-10T11:43:04+00:00","dateModified":"2026-04-26T04:19:35+00:00","breadcrumb":{"@id":"https:\/\/librairie7l.com\/en\/produit\/chez-jean-lurcat-4-villa-seurat-paris-quatorzieme\/#breadcrumb"},"inLanguage":"en-US","potentialAction":[{"@type":"ReadAction","target":["https:\/\/librairie7l.com\/en\/produit\/chez-jean-lurcat-4-villa-seurat-paris-quatorzieme\/"]}]},{"@type":"BreadcrumbList","@id":"https:\/\/librairie7l.com\/en\/produit\/chez-jean-lurcat-4-villa-seurat-paris-quatorzieme\/#breadcrumb","itemListElement":[{"@type":"ListItem","position":1,"name":"Accueil","item":"https:\/\/librairie7l.com\/en\/"},{"@type":"ListItem","position":2,"name":"Shop","item":"https:\/\/librairie7l.com\/en\/shop\/"},{"@type":"ListItem","position":3,"name":"CHEZ JEAN LURCAT 4, VILLA SEURAT, PARIS QUATORZI\u00c8ME"}]},{"@type":"WebSite","@id":"https:\/\/librairie7l.com\/en\/#website","url":"https:\/\/librairie7l.com\/en\/","name":"Librairie 7L","description":"Librairie fond\u00e9e en 1999 par Karl Lagerfeld \u00e0 Paris","publisher":{"@id":"https:\/\/librairie7l.com\/en\/#organization"},"potentialAction":[{"@type":"SearchAction","target":{"@type":"EntryPoint","urlTemplate":"https:\/\/librairie7l.com\/en\/?s={search_term_string}"},"query-input":"required name=search_term_string"}],"inLanguage":"en-US"},{"@type":"Organization","@id":"https:\/\/librairie7l.com\/en\/#organization","name":"Librairie 7L","url":"https:\/\/librairie7l.com\/en\/","logo":{"@type":"ImageObject","inLanguage":"en-US","@id":"https:\/\/librairie7l.com\/en\/#\/schema\/logo\/image\/","url":"https:\/\/librairie7l.com\/wp-content\/uploads\/2022\/08\/logo-1.png","contentUrl":"https:\/\/librairie7l.com\/wp-content\/uploads\/2022\/08\/logo-1.png","width":227,"height":301,"caption":"Librairie 7L"},"image":{"@id":"https:\/\/librairie7l.com\/en\/#\/schema\/logo\/image\/"}}]}},"_links":{"self":[{"href":"https:\/\/librairie7l.com\/en\/wp-json\/wp\/v2\/product\/28745"}],"collection":[{"href":"https:\/\/librairie7l.com\/en\/wp-json\/wp\/v2\/product"}],"about":[{"href":"https:\/\/librairie7l.com\/en\/wp-json\/wp\/v2\/types\/product"}],"wp:featuredmedia":[{"embeddable":true,"href":"https:\/\/librairie7l.com\/en\/wp-json\/wp\/v2\/media\/28743"}],"wp:attachment":[{"href":"https:\/\/librairie7l.com\/en\/wp-json\/wp\/v2\/media?parent=28745"}],"wp:term":[{"taxonomy":"product_cat","embeddable":true,"href":"https:\/\/librairie7l.com\/en\/wp-json\/wp\/v2\/product_cat?post=28745"},{"taxonomy":"product_tag","embeddable":true,"href":"https:\/\/librairie7l.com\/en\/wp-json\/wp\/v2\/product_tag?post=28745"}],"curies":[{"name":"wp","href":"https:\/\/api.w.org\/{rel}","templated":true}]}}