{"id":28749,"date":"2023-05-10T13:43:11","date_gmt":"2023-05-10T11:43:11","guid":{"rendered":"https:\/\/librairie7l.com\/?post_type=product&#038;p=28749"},"modified":"2026-04-28T08:51:28","modified_gmt":"2026-04-28T06:51:28","slug":"caroline-et-cyril-desroche-los-angeles-standards","status":"publish","type":"product","link":"https:\/\/librairie7l.com\/en\/produit\/caroline-et-cyril-desroche-los-angeles-standards\/","title":{"rendered":"CAROLINE ET CYRIL DESROCHE LOS ANGELES STANDARDS"},"content":{"rendered":"<p>Los Angeles Standards est un portrait photographique de Los Angeles qui pr\u00e9sente la ville \u00e0 travers 15 typologies ordinaires caract\u00e9ristiques de son tissu urbain.<\/p>\n<p>1300 photographies prises entre 2008 et 2012 par Caroline et Cyril Desroche, architectes fran\u00e7ais venus habiter et travailler \u00e0 Los Angeles, sont pr\u00e9sent\u00e9es \u00e0 la mani\u00e8re d&#8217;un documentaire. Organis\u00e9es en chapitres, elles permettent d&#8217;\u00e9tablir des comparaisons, des analogies et des correspondances entre des arch\u00e9types tels que les freeways, les parkings, les rues, les chantiers, les billboards, les mini-malls, les habitations. Chacune de ces images est r\u00e9f\u00e9renc\u00e9e par son adresse.<\/p>\n<p>Alors que Los Angeles s&#8217;engage dans un processus de forte densification de son existant et de transformation de ses infrastructures, ce livre est un t\u00e9moignage visuel de son \u00e9tat actuel, de sa forme contemporaine et de son histoire urbaine.<\/p>\n","protected":false},"excerpt":{"rendered":"<p>Los Angeles Standards est un portrait photographique de Los Angeles qui pr\u00e9sente la ville \u00e0 travers 15 typologies ordinaires caract\u00e9ristiques de son tissu urbain. 1300 photographies prises entre 2008 et 2012 par Caroline et Cyril Desroche, architectes fran\u00e7ais venus habiter et travailler \u00e0 Los Angeles, sont pr\u00e9sent\u00e9es \u00e0 la mani\u00e8re d&#8217;un documentaire. Organis\u00e9es en chapitres, [&hellip;]<\/p>\n","protected":false},"featured_media":28747,"template":"","meta":[],"product_cat":[55,2948,22,2950],"product_tag":[],"acf":[],"yoast_head":"<!-- This site is optimized with the Yoast SEO plugin v20.11 - https:\/\/yoast.com\/wordpress\/plugins\/seo\/ -->\n<title>CAROLINE ET CYRIL DESROCHE LOS ANGELES STANDARDS - Librairie 7L<\/title>\n<meta name=\"robots\" content=\"index, follow, max-snippet:-1, max-image-preview:large, max-video-preview:-1\" \/>\n<link rel=\"canonical\" href=\"https:\/\/librairie7l.com\/en\/produit\/caroline-et-cyril-desroche-los-angeles-standards\/\" \/>\n<meta property=\"og:locale\" content=\"en_US\" \/>\n<meta property=\"og:type\" content=\"article\" \/>\n<meta property=\"og:title\" content=\"CAROLINE ET CYRIL DESROCHE LOS ANGELES STANDARDS - Librairie 7L\" \/>\n<meta property=\"og:description\" content=\"Los Angeles Standards est un portrait photographique de Los Angeles qui pr\u00e9sente la ville \u00e0 travers 15 typologies ordinaires caract\u00e9ristiques de son tissu urbain. 1300 photographies prises entre 2008 et 2012 par Caroline et Cyril Desroche, architectes fran\u00e7ais venus habiter et travailler \u00e0 Los Angeles, sont pr\u00e9sent\u00e9es \u00e0 la mani\u00e8re d&#8217;un documentaire. Organis\u00e9es en chapitres, [&hellip;]\" \/>\n<meta property=\"og:url\" content=\"https:\/\/librairie7l.com\/en\/produit\/caroline-et-cyril-desroche-los-angeles-standards\/\" \/>\n<meta property=\"og:site_name\" content=\"Librairie 7L\" \/>\n<meta property=\"article:modified_time\" content=\"2026-04-28T06:51:28+00:00\" \/>\n<meta property=\"og:image\" content=\"https:\/\/librairie7l.com\/wp-content\/uploads\/2021\/09\/9782490140329_1_75.jpg\" \/>\n\t<meta property=\"og:image:width\" content=\"600\" \/>\n\t<meta property=\"og:image:height\" content=\"799\" \/>\n\t<meta property=\"og:image:type\" content=\"image\/jpeg\" \/>\n<meta name=\"twitter:card\" content=\"summary_large_image\" \/>\n<meta name=\"twitter:label1\" content=\"Est. reading time\" \/>\n\t<meta name=\"twitter:data1\" content=\"1 minute\" \/>\n<script type=\"application\/ld+json\" class=\"yoast-schema-graph\">{\"@context\":\"https:\/\/schema.org\",\"@graph\":[{\"@type\":\"WebPage\",\"@id\":\"https:\/\/librairie7l.com\/en\/produit\/caroline-et-cyril-desroche-los-angeles-standards\/\",\"url\":\"https:\/\/librairie7l.com\/en\/produit\/caroline-et-cyril-desroche-los-angeles-standards\/\",\"name\":\"CAROLINE ET CYRIL DESROCHE LOS ANGELES STANDARDS - Librairie 7L\",\"isPartOf\":{\"@id\":\"https:\/\/librairie7l.com\/en\/#website\"},\"datePublished\":\"2023-05-10T11:43:11+00:00\",\"dateModified\":\"2026-04-28T06:51:28+00:00\",\"breadcrumb\":{\"@id\":\"https:\/\/librairie7l.com\/en\/produit\/caroline-et-cyril-desroche-los-angeles-standards\/#breadcrumb\"},\"inLanguage\":\"en-US\",\"potentialAction\":[{\"@type\":\"ReadAction\",\"target\":[\"https:\/\/librairie7l.com\/en\/produit\/caroline-et-cyril-desroche-los-angeles-standards\/\"]}]},{\"@type\":\"BreadcrumbList\",\"@id\":\"https:\/\/librairie7l.com\/en\/produit\/caroline-et-cyril-desroche-los-angeles-standards\/#breadcrumb\",\"itemListElement\":[{\"@type\":\"ListItem\",\"position\":1,\"name\":\"Accueil\",\"item\":\"https:\/\/librairie7l.com\/en\/\"},{\"@type\":\"ListItem\",\"position\":2,\"name\":\"Shop\",\"item\":\"https:\/\/librairie7l.com\/en\/shop\/\"},{\"@type\":\"ListItem\",\"position\":3,\"name\":\"CAROLINE ET CYRIL DESROCHE LOS ANGELES STANDARDS\"}]},{\"@type\":\"WebSite\",\"@id\":\"https:\/\/librairie7l.com\/en\/#website\",\"url\":\"https:\/\/librairie7l.com\/en\/\",\"name\":\"Librairie 7L\",\"description\":\"Librairie fond\u00e9e en 1999 par Karl Lagerfeld \u00e0 Paris\",\"publisher\":{\"@id\":\"https:\/\/librairie7l.com\/en\/#organization\"},\"potentialAction\":[{\"@type\":\"SearchAction\",\"target\":{\"@type\":\"EntryPoint\",\"urlTemplate\":\"https:\/\/librairie7l.com\/en\/?s={search_term_string}\"},\"query-input\":\"required name=search_term_string\"}],\"inLanguage\":\"en-US\"},{\"@type\":\"Organization\",\"@id\":\"https:\/\/librairie7l.com\/en\/#organization\",\"name\":\"Librairie 7L\",\"url\":\"https:\/\/librairie7l.com\/en\/\",\"logo\":{\"@type\":\"ImageObject\",\"inLanguage\":\"en-US\",\"@id\":\"https:\/\/librairie7l.com\/en\/#\/schema\/logo\/image\/\",\"url\":\"https:\/\/librairie7l.com\/wp-content\/uploads\/2022\/08\/logo-1.png\",\"contentUrl\":\"https:\/\/librairie7l.com\/wp-content\/uploads\/2022\/08\/logo-1.png\",\"width\":227,\"height\":301,\"caption\":\"Librairie 7L\"},\"image\":{\"@id\":\"https:\/\/librairie7l.com\/en\/#\/schema\/logo\/image\/\"}}]}<\/script>\n<!-- \/ Yoast SEO plugin. -->","yoast_head_json":{"title":"CAROLINE ET CYRIL DESROCHE LOS ANGELES STANDARDS - Librairie 7L","robots":{"index":"index","follow":"follow","max-snippet":"max-snippet:-1","max-image-preview":"max-image-preview:large","max-video-preview":"max-video-preview:-1"},"canonical":"https:\/\/librairie7l.com\/en\/produit\/caroline-et-cyril-desroche-los-angeles-standards\/","og_locale":"en_US","og_type":"article","og_title":"CAROLINE ET CYRIL DESROCHE LOS ANGELES STANDARDS - Librairie 7L","og_description":"Los Angeles Standards est un portrait photographique de Los Angeles qui pr\u00e9sente la ville \u00e0 travers 15 typologies ordinaires caract\u00e9ristiques de son tissu urbain. 1300 photographies prises entre 2008 et 2012 par Caroline et Cyril Desroche, architectes fran\u00e7ais venus habiter et travailler \u00e0 Los Angeles, sont pr\u00e9sent\u00e9es \u00e0 la mani\u00e8re d&#8217;un documentaire. Organis\u00e9es en chapitres, [&hellip;]","og_url":"https:\/\/librairie7l.com\/en\/produit\/caroline-et-cyril-desroche-los-angeles-standards\/","og_site_name":"Librairie 7L","article_modified_time":"2026-04-28T06:51:28+00:00","og_image":[{"width":600,"height":799,"url":"https:\/\/librairie7l.com\/wp-content\/uploads\/2021\/09\/9782490140329_1_75.jpg","type":"image\/jpeg"}],"twitter_card":"summary_large_image","twitter_misc":{"Est. reading time":"1 minute"},"schema":{"@context":"https:\/\/schema.org","@graph":[{"@type":"WebPage","@id":"https:\/\/librairie7l.com\/en\/produit\/caroline-et-cyril-desroche-los-angeles-standards\/","url":"https:\/\/librairie7l.com\/en\/produit\/caroline-et-cyril-desroche-los-angeles-standards\/","name":"CAROLINE ET CYRIL DESROCHE LOS ANGELES STANDARDS - Librairie 7L","isPartOf":{"@id":"https:\/\/librairie7l.com\/en\/#website"},"datePublished":"2023-05-10T11:43:11+00:00","dateModified":"2026-04-28T06:51:28+00:00","breadcrumb":{"@id":"https:\/\/librairie7l.com\/en\/produit\/caroline-et-cyril-desroche-los-angeles-standards\/#breadcrumb"},"inLanguage":"en-US","potentialAction":[{"@type":"ReadAction","target":["https:\/\/librairie7l.com\/en\/produit\/caroline-et-cyril-desroche-los-angeles-standards\/"]}]},{"@type":"BreadcrumbList","@id":"https:\/\/librairie7l.com\/en\/produit\/caroline-et-cyril-desroche-los-angeles-standards\/#breadcrumb","itemListElement":[{"@type":"ListItem","position":1,"name":"Accueil","item":"https:\/\/librairie7l.com\/en\/"},{"@type":"ListItem","position":2,"name":"Shop","item":"https:\/\/librairie7l.com\/en\/shop\/"},{"@type":"ListItem","position":3,"name":"CAROLINE ET CYRIL DESROCHE LOS ANGELES STANDARDS"}]},{"@type":"WebSite","@id":"https:\/\/librairie7l.com\/en\/#website","url":"https:\/\/librairie7l.com\/en\/","name":"Librairie 7L","description":"Librairie fond\u00e9e en 1999 par Karl Lagerfeld \u00e0 Paris","publisher":{"@id":"https:\/\/librairie7l.com\/en\/#organization"},"potentialAction":[{"@type":"SearchAction","target":{"@type":"EntryPoint","urlTemplate":"https:\/\/librairie7l.com\/en\/?s={search_term_string}"},"query-input":"required name=search_term_string"}],"inLanguage":"en-US"},{"@type":"Organization","@id":"https:\/\/librairie7l.com\/en\/#organization","name":"Librairie 7L","url":"https:\/\/librairie7l.com\/en\/","logo":{"@type":"ImageObject","inLanguage":"en-US","@id":"https:\/\/librairie7l.com\/en\/#\/schema\/logo\/image\/","url":"https:\/\/librairie7l.com\/wp-content\/uploads\/2022\/08\/logo-1.png","contentUrl":"https:\/\/librairie7l.com\/wp-content\/uploads\/2022\/08\/logo-1.png","width":227,"height":301,"caption":"Librairie 7L"},"image":{"@id":"https:\/\/librairie7l.com\/en\/#\/schema\/logo\/image\/"}}]}},"_links":{"self":[{"href":"https:\/\/librairie7l.com\/en\/wp-json\/wp\/v2\/product\/28749"}],"collection":[{"href":"https:\/\/librairie7l.com\/en\/wp-json\/wp\/v2\/product"}],"about":[{"href":"https:\/\/librairie7l.com\/en\/wp-json\/wp\/v2\/types\/product"}],"wp:featuredmedia":[{"embeddable":true,"href":"https:\/\/librairie7l.com\/en\/wp-json\/wp\/v2\/media\/28747"}],"wp:attachment":[{"href":"https:\/\/librairie7l.com\/en\/wp-json\/wp\/v2\/media?parent=28749"}],"wp:term":[{"taxonomy":"product_cat","embeddable":true,"href":"https:\/\/librairie7l.com\/en\/wp-json\/wp\/v2\/product_cat?post=28749"},{"taxonomy":"product_tag","embeddable":true,"href":"https:\/\/librairie7l.com\/en\/wp-json\/wp\/v2\/product_tag?post=28749"}],"curies":[{"name":"wp","href":"https:\/\/api.w.org\/{rel}","templated":true}]}}