{"id":28769,"date":"2023-05-10T13:43:33","date_gmt":"2023-05-10T11:43:33","guid":{"rendered":"https:\/\/librairie7l.com\/?post_type=product&#038;p=28769"},"modified":"2026-04-23T18:06:34","modified_gmt":"2026-04-23T16:06:34","slug":"jean-lurcat-1892-1966-au-seul-bruit-du-soleil","status":"publish","type":"product","link":"https:\/\/librairie7l.com\/en\/produit\/jean-lurcat-1892-1966-au-seul-bruit-du-soleil\/","title":{"rendered":"JEAN LUR\u00c7AT (1892-1966) ; AU SEUL BRUIT DU SOLEIL"},"content":{"rendered":"<p>Peintre, po\u00e8te, r\u00e9sistant et grand r\u00e9novateur de la tapisserie, Jean Lur\u00e7at (1892-1966) est un artiste engag\u00e9 dans son \u00e9poque et passionn\u00e9ment curieux du monde.<br \/>\nLe Mobilier national, en partenariat avec la Fondation Jean et Simone Lur\u00e7at et l&#8217;Acad\u00e9mie des Beaux-Arts (Institut de France) lui consacre \u00e0 la Galerie des Gobelins une exposition d&#8217;envergure, la premi\u00e8re \u00e0 Paris depuis la r\u00e9trospective que lui a d\u00e9di\u00e9 le Mus\u00e9e national d&#8217;art moderne en 1958.<br \/>\nRichement illustr\u00e9, suivant le parcours de l&#8217;exposition, cet ouvrage d\u00e9bute par le regard port\u00e9 par l&#8217;architecte Jean- Michel Wilmotte sur l&#8217;oeuvre de Lur\u00e7at. Il aborde ensuite les grands jalons de sa carri\u00e8re : sa peinture, les commandes des Manufactures nationales, sa collaboration privil\u00e9gi\u00e9e avec les ateliers d&#8217;Aubusson.<br \/>\nEnfin, il offre un appareil critique in\u00e9dit permettant de comprendre la d\u00e9marche cr\u00e9atrice de Lur\u00e7at, d&#8217;\u00eatre t\u00e9moin de ses \u00e9changes avec les artistes de son temps et de s&#8217;immerger dans son univers po\u00e9tique.<\/p>\n<p>Exposition, Paris, Galerie des Gobelins, du 4 mai au 18 septembre 2016.<\/p>\n","protected":false},"excerpt":{"rendered":"<p>Peintre, po\u00e8te, r\u00e9sistant et grand r\u00e9novateur de la tapisserie, Jean Lur\u00e7at (1892-1966) est un artiste engag\u00e9 dans son \u00e9poque et passionn\u00e9ment curieux du monde. Le Mobilier national, en partenariat avec la Fondation Jean et Simone Lur\u00e7at et l&#8217;Acad\u00e9mie des Beaux-Arts (Institut de France) lui consacre \u00e0 la Galerie des Gobelins une exposition d&#8217;envergure, la premi\u00e8re [&hellip;]<\/p>\n","protected":false},"featured_media":28767,"template":"","meta":[],"product_cat":[55,2948,18,2952],"product_tag":[],"acf":[],"yoast_head":"<!-- This site is optimized with the Yoast SEO plugin v20.11 - https:\/\/yoast.com\/wordpress\/plugins\/seo\/ -->\n<title>JEAN LUR\u00c7AT (1892-1966) ; AU SEUL BRUIT DU SOLEIL - Librairie 7L<\/title>\n<meta name=\"robots\" content=\"index, follow, max-snippet:-1, max-image-preview:large, max-video-preview:-1\" \/>\n<link rel=\"canonical\" href=\"https:\/\/librairie7l.com\/en\/produit\/jean-lurcat-1892-1966-au-seul-bruit-du-soleil\/\" \/>\n<meta property=\"og:locale\" content=\"en_US\" \/>\n<meta property=\"og:type\" content=\"article\" \/>\n<meta property=\"og:title\" content=\"JEAN LUR\u00c7AT (1892-1966) ; AU SEUL BRUIT DU SOLEIL - Librairie 7L\" \/>\n<meta property=\"og:description\" content=\"Peintre, po\u00e8te, r\u00e9sistant et grand r\u00e9novateur de la tapisserie, Jean Lur\u00e7at (1892-1966) est un artiste engag\u00e9 dans son \u00e9poque et passionn\u00e9ment curieux du monde. Le Mobilier national, en partenariat avec la Fondation Jean et Simone Lur\u00e7at et l&#8217;Acad\u00e9mie des Beaux-Arts (Institut de France) lui consacre \u00e0 la Galerie des Gobelins une exposition d&#8217;envergure, la premi\u00e8re [&hellip;]\" \/>\n<meta property=\"og:url\" content=\"https:\/\/librairie7l.com\/en\/produit\/jean-lurcat-1892-1966-au-seul-bruit-du-soleil\/\" \/>\n<meta property=\"og:site_name\" content=\"Librairie 7L\" \/>\n<meta property=\"article:modified_time\" content=\"2026-04-23T16:06:34+00:00\" \/>\n<meta property=\"og:image\" content=\"https:\/\/librairie7l.com\/wp-content\/uploads\/2016\/03\/9788836633326_1_75.jpg\" \/>\n\t<meta property=\"og:image:width\" content=\"428\" \/>\n\t<meta property=\"og:image:height\" content=\"500\" \/>\n\t<meta property=\"og:image:type\" content=\"image\/jpeg\" \/>\n<meta name=\"twitter:card\" content=\"summary_large_image\" \/>\n<meta name=\"twitter:label1\" content=\"Est. reading time\" \/>\n\t<meta name=\"twitter:data1\" content=\"1 minute\" \/>\n<script type=\"application\/ld+json\" class=\"yoast-schema-graph\">{\"@context\":\"https:\/\/schema.org\",\"@graph\":[{\"@type\":\"WebPage\",\"@id\":\"https:\/\/librairie7l.com\/en\/produit\/jean-lurcat-1892-1966-au-seul-bruit-du-soleil\/\",\"url\":\"https:\/\/librairie7l.com\/en\/produit\/jean-lurcat-1892-1966-au-seul-bruit-du-soleil\/\",\"name\":\"JEAN LUR\u00c7AT (1892-1966) ; AU SEUL BRUIT DU SOLEIL - Librairie 7L\",\"isPartOf\":{\"@id\":\"https:\/\/librairie7l.com\/en\/#website\"},\"datePublished\":\"2023-05-10T11:43:33+00:00\",\"dateModified\":\"2026-04-23T16:06:34+00:00\",\"breadcrumb\":{\"@id\":\"https:\/\/librairie7l.com\/en\/produit\/jean-lurcat-1892-1966-au-seul-bruit-du-soleil\/#breadcrumb\"},\"inLanguage\":\"en-US\",\"potentialAction\":[{\"@type\":\"ReadAction\",\"target\":[\"https:\/\/librairie7l.com\/en\/produit\/jean-lurcat-1892-1966-au-seul-bruit-du-soleil\/\"]}]},{\"@type\":\"BreadcrumbList\",\"@id\":\"https:\/\/librairie7l.com\/en\/produit\/jean-lurcat-1892-1966-au-seul-bruit-du-soleil\/#breadcrumb\",\"itemListElement\":[{\"@type\":\"ListItem\",\"position\":1,\"name\":\"Accueil\",\"item\":\"https:\/\/librairie7l.com\/en\/\"},{\"@type\":\"ListItem\",\"position\":2,\"name\":\"Shop\",\"item\":\"https:\/\/librairie7l.com\/en\/shop\/\"},{\"@type\":\"ListItem\",\"position\":3,\"name\":\"JEAN LUR\u00c7AT (1892-1966) ; AU SEUL BRUIT DU SOLEIL\"}]},{\"@type\":\"WebSite\",\"@id\":\"https:\/\/librairie7l.com\/en\/#website\",\"url\":\"https:\/\/librairie7l.com\/en\/\",\"name\":\"Librairie 7L\",\"description\":\"Librairie fond\u00e9e en 1999 par Karl Lagerfeld \u00e0 Paris\",\"publisher\":{\"@id\":\"https:\/\/librairie7l.com\/en\/#organization\"},\"potentialAction\":[{\"@type\":\"SearchAction\",\"target\":{\"@type\":\"EntryPoint\",\"urlTemplate\":\"https:\/\/librairie7l.com\/en\/?s={search_term_string}\"},\"query-input\":\"required name=search_term_string\"}],\"inLanguage\":\"en-US\"},{\"@type\":\"Organization\",\"@id\":\"https:\/\/librairie7l.com\/en\/#organization\",\"name\":\"Librairie 7L\",\"url\":\"https:\/\/librairie7l.com\/en\/\",\"logo\":{\"@type\":\"ImageObject\",\"inLanguage\":\"en-US\",\"@id\":\"https:\/\/librairie7l.com\/en\/#\/schema\/logo\/image\/\",\"url\":\"https:\/\/librairie7l.com\/wp-content\/uploads\/2022\/08\/logo-1.png\",\"contentUrl\":\"https:\/\/librairie7l.com\/wp-content\/uploads\/2022\/08\/logo-1.png\",\"width\":227,\"height\":301,\"caption\":\"Librairie 7L\"},\"image\":{\"@id\":\"https:\/\/librairie7l.com\/en\/#\/schema\/logo\/image\/\"}}]}<\/script>\n<!-- \/ Yoast SEO plugin. -->","yoast_head_json":{"title":"JEAN LUR\u00c7AT (1892-1966) ; AU SEUL BRUIT DU SOLEIL - Librairie 7L","robots":{"index":"index","follow":"follow","max-snippet":"max-snippet:-1","max-image-preview":"max-image-preview:large","max-video-preview":"max-video-preview:-1"},"canonical":"https:\/\/librairie7l.com\/en\/produit\/jean-lurcat-1892-1966-au-seul-bruit-du-soleil\/","og_locale":"en_US","og_type":"article","og_title":"JEAN LUR\u00c7AT (1892-1966) ; AU SEUL BRUIT DU SOLEIL - Librairie 7L","og_description":"Peintre, po\u00e8te, r\u00e9sistant et grand r\u00e9novateur de la tapisserie, Jean Lur\u00e7at (1892-1966) est un artiste engag\u00e9 dans son \u00e9poque et passionn\u00e9ment curieux du monde. Le Mobilier national, en partenariat avec la Fondation Jean et Simone Lur\u00e7at et l&#8217;Acad\u00e9mie des Beaux-Arts (Institut de France) lui consacre \u00e0 la Galerie des Gobelins une exposition d&#8217;envergure, la premi\u00e8re [&hellip;]","og_url":"https:\/\/librairie7l.com\/en\/produit\/jean-lurcat-1892-1966-au-seul-bruit-du-soleil\/","og_site_name":"Librairie 7L","article_modified_time":"2026-04-23T16:06:34+00:00","og_image":[{"width":428,"height":500,"url":"https:\/\/librairie7l.com\/wp-content\/uploads\/2016\/03\/9788836633326_1_75.jpg","type":"image\/jpeg"}],"twitter_card":"summary_large_image","twitter_misc":{"Est. reading time":"1 minute"},"schema":{"@context":"https:\/\/schema.org","@graph":[{"@type":"WebPage","@id":"https:\/\/librairie7l.com\/en\/produit\/jean-lurcat-1892-1966-au-seul-bruit-du-soleil\/","url":"https:\/\/librairie7l.com\/en\/produit\/jean-lurcat-1892-1966-au-seul-bruit-du-soleil\/","name":"JEAN LUR\u00c7AT (1892-1966) ; AU SEUL BRUIT DU SOLEIL - Librairie 7L","isPartOf":{"@id":"https:\/\/librairie7l.com\/en\/#website"},"datePublished":"2023-05-10T11:43:33+00:00","dateModified":"2026-04-23T16:06:34+00:00","breadcrumb":{"@id":"https:\/\/librairie7l.com\/en\/produit\/jean-lurcat-1892-1966-au-seul-bruit-du-soleil\/#breadcrumb"},"inLanguage":"en-US","potentialAction":[{"@type":"ReadAction","target":["https:\/\/librairie7l.com\/en\/produit\/jean-lurcat-1892-1966-au-seul-bruit-du-soleil\/"]}]},{"@type":"BreadcrumbList","@id":"https:\/\/librairie7l.com\/en\/produit\/jean-lurcat-1892-1966-au-seul-bruit-du-soleil\/#breadcrumb","itemListElement":[{"@type":"ListItem","position":1,"name":"Accueil","item":"https:\/\/librairie7l.com\/en\/"},{"@type":"ListItem","position":2,"name":"Shop","item":"https:\/\/librairie7l.com\/en\/shop\/"},{"@type":"ListItem","position":3,"name":"JEAN LUR\u00c7AT (1892-1966) ; AU SEUL BRUIT DU SOLEIL"}]},{"@type":"WebSite","@id":"https:\/\/librairie7l.com\/en\/#website","url":"https:\/\/librairie7l.com\/en\/","name":"Librairie 7L","description":"Librairie fond\u00e9e en 1999 par Karl Lagerfeld \u00e0 Paris","publisher":{"@id":"https:\/\/librairie7l.com\/en\/#organization"},"potentialAction":[{"@type":"SearchAction","target":{"@type":"EntryPoint","urlTemplate":"https:\/\/librairie7l.com\/en\/?s={search_term_string}"},"query-input":"required name=search_term_string"}],"inLanguage":"en-US"},{"@type":"Organization","@id":"https:\/\/librairie7l.com\/en\/#organization","name":"Librairie 7L","url":"https:\/\/librairie7l.com\/en\/","logo":{"@type":"ImageObject","inLanguage":"en-US","@id":"https:\/\/librairie7l.com\/en\/#\/schema\/logo\/image\/","url":"https:\/\/librairie7l.com\/wp-content\/uploads\/2022\/08\/logo-1.png","contentUrl":"https:\/\/librairie7l.com\/wp-content\/uploads\/2022\/08\/logo-1.png","width":227,"height":301,"caption":"Librairie 7L"},"image":{"@id":"https:\/\/librairie7l.com\/en\/#\/schema\/logo\/image\/"}}]}},"_links":{"self":[{"href":"https:\/\/librairie7l.com\/en\/wp-json\/wp\/v2\/product\/28769"}],"collection":[{"href":"https:\/\/librairie7l.com\/en\/wp-json\/wp\/v2\/product"}],"about":[{"href":"https:\/\/librairie7l.com\/en\/wp-json\/wp\/v2\/types\/product"}],"wp:featuredmedia":[{"embeddable":true,"href":"https:\/\/librairie7l.com\/en\/wp-json\/wp\/v2\/media\/28767"}],"wp:attachment":[{"href":"https:\/\/librairie7l.com\/en\/wp-json\/wp\/v2\/media?parent=28769"}],"wp:term":[{"taxonomy":"product_cat","embeddable":true,"href":"https:\/\/librairie7l.com\/en\/wp-json\/wp\/v2\/product_cat?post=28769"},{"taxonomy":"product_tag","embeddable":true,"href":"https:\/\/librairie7l.com\/en\/wp-json\/wp\/v2\/product_tag?post=28769"}],"curies":[{"name":"wp","href":"https:\/\/api.w.org\/{rel}","templated":true}]}}