{"id":28805,"date":"2023-05-10T13:44:50","date_gmt":"2023-05-10T11:44:50","guid":{"rendered":"https:\/\/librairie7l.com\/?post_type=product&#038;p=28805"},"modified":"2026-04-19T16:49:58","modified_gmt":"2026-04-19T14:49:58","slug":"les-regles-du-jeu-2008-2014","status":"publish","type":"product","link":"https:\/\/librairie7l.com\/en\/produit\/les-regles-du-jeu-2008-2014\/","title":{"rendered":"LES R\u00c8GLES DU JEU ; 2008-2014"},"content":{"rendered":"<p>Apr\u00e8s le formidable succ\u00e8s public et critique de son exposition r\u00e9trospective pr\u00e9sent\u00e9e en 2014 dans le cadre des Rencontres d&#8217;Arles, et de l&#8217;ouvrage qui l&#8217;accompagnait, le photographe espagnol Chema Madoz propose, dans son nouveau livre Les R\u00e8gles du jeu, ses travaux les plus r\u00e9cents (2008-2014). Il se confirme, dans cet ouvrage, que chaque image de Chema Madoz procure une forme de pure d\u00e9lectation visuelle tout en suscitant chez son spectateur une sorte de d\u00e9r\u00e8glement des perspectives subtil et parfois joyeux.<\/p>\n","protected":false},"excerpt":{"rendered":"<p>Apr\u00e8s le formidable succ\u00e8s public et critique de son exposition r\u00e9trospective pr\u00e9sent\u00e9e en 2014 dans le cadre des Rencontres d&#8217;Arles, et de l&#8217;ouvrage qui l&#8217;accompagnait, le photographe espagnol Chema Madoz propose, dans son nouveau livre Les R\u00e8gles du jeu, ses travaux les plus r\u00e9cents (2008-2014). Il se confirme, dans cet ouvrage, que chaque image de [&hellip;]<\/p>\n","protected":false},"featured_media":28803,"template":"","meta":[],"product_cat":[55,2948,2958,17],"product_tag":[],"acf":[],"yoast_head":"<!-- This site is optimized with the Yoast SEO plugin v20.11 - https:\/\/yoast.com\/wordpress\/plugins\/seo\/ -->\n<title>LES R\u00c8GLES DU JEU ; 2008-2014 - Librairie 7L<\/title>\n<meta name=\"robots\" content=\"index, follow, max-snippet:-1, max-image-preview:large, max-video-preview:-1\" \/>\n<link rel=\"canonical\" href=\"https:\/\/librairie7l.com\/en\/produit\/les-regles-du-jeu-2008-2014\/\" \/>\n<meta property=\"og:locale\" content=\"en_US\" \/>\n<meta property=\"og:type\" content=\"article\" \/>\n<meta property=\"og:title\" content=\"LES R\u00c8GLES DU JEU ; 2008-2014 - Librairie 7L\" \/>\n<meta property=\"og:description\" content=\"Apr\u00e8s le formidable succ\u00e8s public et critique de son exposition r\u00e9trospective pr\u00e9sent\u00e9e en 2014 dans le cadre des Rencontres d&#8217;Arles, et de l&#8217;ouvrage qui l&#8217;accompagnait, le photographe espagnol Chema Madoz propose, dans son nouveau livre Les R\u00e8gles du jeu, ses travaux les plus r\u00e9cents (2008-2014). Il se confirme, dans cet ouvrage, que chaque image de [&hellip;]\" \/>\n<meta property=\"og:url\" content=\"https:\/\/librairie7l.com\/en\/produit\/les-regles-du-jeu-2008-2014\/\" \/>\n<meta property=\"og:site_name\" content=\"Librairie 7L\" \/>\n<meta property=\"article:modified_time\" content=\"2026-04-19T14:49:58+00:00\" \/>\n<meta property=\"og:image\" content=\"https:\/\/librairie7l.com\/wp-content\/uploads\/2015\/05\/9782330054564_1_75.jpg\" \/>\n\t<meta property=\"og:image:width\" content=\"600\" \/>\n\t<meta property=\"og:image:height\" content=\"727\" \/>\n\t<meta property=\"og:image:type\" content=\"image\/jpeg\" \/>\n<meta name=\"twitter:card\" content=\"summary_large_image\" \/>\n<script type=\"application\/ld+json\" class=\"yoast-schema-graph\">{\"@context\":\"https:\/\/schema.org\",\"@graph\":[{\"@type\":\"WebPage\",\"@id\":\"https:\/\/librairie7l.com\/en\/produit\/les-regles-du-jeu-2008-2014\/\",\"url\":\"https:\/\/librairie7l.com\/en\/produit\/les-regles-du-jeu-2008-2014\/\",\"name\":\"LES R\u00c8GLES DU JEU ; 2008-2014 - Librairie 7L\",\"isPartOf\":{\"@id\":\"https:\/\/librairie7l.com\/en\/#website\"},\"datePublished\":\"2023-05-10T11:44:50+00:00\",\"dateModified\":\"2026-04-19T14:49:58+00:00\",\"breadcrumb\":{\"@id\":\"https:\/\/librairie7l.com\/en\/produit\/les-regles-du-jeu-2008-2014\/#breadcrumb\"},\"inLanguage\":\"en-US\",\"potentialAction\":[{\"@type\":\"ReadAction\",\"target\":[\"https:\/\/librairie7l.com\/en\/produit\/les-regles-du-jeu-2008-2014\/\"]}]},{\"@type\":\"BreadcrumbList\",\"@id\":\"https:\/\/librairie7l.com\/en\/produit\/les-regles-du-jeu-2008-2014\/#breadcrumb\",\"itemListElement\":[{\"@type\":\"ListItem\",\"position\":1,\"name\":\"Accueil\",\"item\":\"https:\/\/librairie7l.com\/en\/\"},{\"@type\":\"ListItem\",\"position\":2,\"name\":\"Shop\",\"item\":\"https:\/\/librairie7l.com\/en\/shop\/\"},{\"@type\":\"ListItem\",\"position\":3,\"name\":\"LES R\u00c8GLES DU JEU ; 2008-2014\"}]},{\"@type\":\"WebSite\",\"@id\":\"https:\/\/librairie7l.com\/en\/#website\",\"url\":\"https:\/\/librairie7l.com\/en\/\",\"name\":\"Librairie 7L\",\"description\":\"Librairie fond\u00e9e en 1999 par Karl Lagerfeld \u00e0 Paris\",\"publisher\":{\"@id\":\"https:\/\/librairie7l.com\/en\/#organization\"},\"potentialAction\":[{\"@type\":\"SearchAction\",\"target\":{\"@type\":\"EntryPoint\",\"urlTemplate\":\"https:\/\/librairie7l.com\/en\/?s={search_term_string}\"},\"query-input\":\"required name=search_term_string\"}],\"inLanguage\":\"en-US\"},{\"@type\":\"Organization\",\"@id\":\"https:\/\/librairie7l.com\/en\/#organization\",\"name\":\"Librairie 7L\",\"url\":\"https:\/\/librairie7l.com\/en\/\",\"logo\":{\"@type\":\"ImageObject\",\"inLanguage\":\"en-US\",\"@id\":\"https:\/\/librairie7l.com\/en\/#\/schema\/logo\/image\/\",\"url\":\"https:\/\/librairie7l.com\/wp-content\/uploads\/2022\/08\/logo-1.png\",\"contentUrl\":\"https:\/\/librairie7l.com\/wp-content\/uploads\/2022\/08\/logo-1.png\",\"width\":227,\"height\":301,\"caption\":\"Librairie 7L\"},\"image\":{\"@id\":\"https:\/\/librairie7l.com\/en\/#\/schema\/logo\/image\/\"}}]}<\/script>\n<!-- \/ Yoast SEO plugin. -->","yoast_head_json":{"title":"LES R\u00c8GLES DU JEU ; 2008-2014 - Librairie 7L","robots":{"index":"index","follow":"follow","max-snippet":"max-snippet:-1","max-image-preview":"max-image-preview:large","max-video-preview":"max-video-preview:-1"},"canonical":"https:\/\/librairie7l.com\/en\/produit\/les-regles-du-jeu-2008-2014\/","og_locale":"en_US","og_type":"article","og_title":"LES R\u00c8GLES DU JEU ; 2008-2014 - Librairie 7L","og_description":"Apr\u00e8s le formidable succ\u00e8s public et critique de son exposition r\u00e9trospective pr\u00e9sent\u00e9e en 2014 dans le cadre des Rencontres d&#8217;Arles, et de l&#8217;ouvrage qui l&#8217;accompagnait, le photographe espagnol Chema Madoz propose, dans son nouveau livre Les R\u00e8gles du jeu, ses travaux les plus r\u00e9cents (2008-2014). Il se confirme, dans cet ouvrage, que chaque image de [&hellip;]","og_url":"https:\/\/librairie7l.com\/en\/produit\/les-regles-du-jeu-2008-2014\/","og_site_name":"Librairie 7L","article_modified_time":"2026-04-19T14:49:58+00:00","og_image":[{"width":600,"height":727,"url":"https:\/\/librairie7l.com\/wp-content\/uploads\/2015\/05\/9782330054564_1_75.jpg","type":"image\/jpeg"}],"twitter_card":"summary_large_image","schema":{"@context":"https:\/\/schema.org","@graph":[{"@type":"WebPage","@id":"https:\/\/librairie7l.com\/en\/produit\/les-regles-du-jeu-2008-2014\/","url":"https:\/\/librairie7l.com\/en\/produit\/les-regles-du-jeu-2008-2014\/","name":"LES R\u00c8GLES DU JEU ; 2008-2014 - Librairie 7L","isPartOf":{"@id":"https:\/\/librairie7l.com\/en\/#website"},"datePublished":"2023-05-10T11:44:50+00:00","dateModified":"2026-04-19T14:49:58+00:00","breadcrumb":{"@id":"https:\/\/librairie7l.com\/en\/produit\/les-regles-du-jeu-2008-2014\/#breadcrumb"},"inLanguage":"en-US","potentialAction":[{"@type":"ReadAction","target":["https:\/\/librairie7l.com\/en\/produit\/les-regles-du-jeu-2008-2014\/"]}]},{"@type":"BreadcrumbList","@id":"https:\/\/librairie7l.com\/en\/produit\/les-regles-du-jeu-2008-2014\/#breadcrumb","itemListElement":[{"@type":"ListItem","position":1,"name":"Accueil","item":"https:\/\/librairie7l.com\/en\/"},{"@type":"ListItem","position":2,"name":"Shop","item":"https:\/\/librairie7l.com\/en\/shop\/"},{"@type":"ListItem","position":3,"name":"LES R\u00c8GLES DU JEU ; 2008-2014"}]},{"@type":"WebSite","@id":"https:\/\/librairie7l.com\/en\/#website","url":"https:\/\/librairie7l.com\/en\/","name":"Librairie 7L","description":"Librairie fond\u00e9e en 1999 par Karl Lagerfeld \u00e0 Paris","publisher":{"@id":"https:\/\/librairie7l.com\/en\/#organization"},"potentialAction":[{"@type":"SearchAction","target":{"@type":"EntryPoint","urlTemplate":"https:\/\/librairie7l.com\/en\/?s={search_term_string}"},"query-input":"required name=search_term_string"}],"inLanguage":"en-US"},{"@type":"Organization","@id":"https:\/\/librairie7l.com\/en\/#organization","name":"Librairie 7L","url":"https:\/\/librairie7l.com\/en\/","logo":{"@type":"ImageObject","inLanguage":"en-US","@id":"https:\/\/librairie7l.com\/en\/#\/schema\/logo\/image\/","url":"https:\/\/librairie7l.com\/wp-content\/uploads\/2022\/08\/logo-1.png","contentUrl":"https:\/\/librairie7l.com\/wp-content\/uploads\/2022\/08\/logo-1.png","width":227,"height":301,"caption":"Librairie 7L"},"image":{"@id":"https:\/\/librairie7l.com\/en\/#\/schema\/logo\/image\/"}}]}},"_links":{"self":[{"href":"https:\/\/librairie7l.com\/en\/wp-json\/wp\/v2\/product\/28805"}],"collection":[{"href":"https:\/\/librairie7l.com\/en\/wp-json\/wp\/v2\/product"}],"about":[{"href":"https:\/\/librairie7l.com\/en\/wp-json\/wp\/v2\/types\/product"}],"wp:featuredmedia":[{"embeddable":true,"href":"https:\/\/librairie7l.com\/en\/wp-json\/wp\/v2\/media\/28803"}],"wp:attachment":[{"href":"https:\/\/librairie7l.com\/en\/wp-json\/wp\/v2\/media?parent=28805"}],"wp:term":[{"taxonomy":"product_cat","embeddable":true,"href":"https:\/\/librairie7l.com\/en\/wp-json\/wp\/v2\/product_cat?post=28805"},{"taxonomy":"product_tag","embeddable":true,"href":"https:\/\/librairie7l.com\/en\/wp-json\/wp\/v2\/product_tag?post=28805"}],"curies":[{"name":"wp","href":"https:\/\/api.w.org\/{rel}","templated":true}]}}