{"id":28849,"date":"2023-05-10T13:46:03","date_gmt":"2023-05-10T11:46:03","guid":{"rendered":"https:\/\/librairie7l.com\/?post_type=product&#038;p=28849"},"modified":"2026-04-29T22:59:08","modified_gmt":"2026-04-29T20:59:08","slug":"lucian-freud-new-perspectives","status":"publish","type":"product","link":"https:\/\/librairie7l.com\/en\/produit\/lucian-freud-new-perspectives\/","title":{"rendered":"LUCIAN FREUD NEW PERSPECTIVES"},"content":{"rendered":"<p>Une publication importante d&#8217;\u00e9crits originaux sur Lucian Freud, y compris des entretiens avec des artistes contemporains de premier plan, marquant le 100e anniversaire de sa naissance Lucian Freud (1922-2011) est l&#8217;un des plus grands peintres figuratifs du XXe si\u00e8cle. Avec un oeil inflexible et un engagement sans compromis envers son travail, il a cr\u00e9\u00e9 des chefs-d&#8217;oeuvre qui continuent d&#8217;inspirer les artistes contemporains jusqu&#8217;\u00e0 nos jours. S&#8217;\u00e9tendant sur pr\u00e8s de 70 ans, la carri\u00e8re de Freud a souvent \u00e9t\u00e9 \u00e9clips\u00e9e par sa biographie et sa c\u00e9l\u00e9brit\u00e9. Ce livre revisite ses peintures \u00e0 travers une large s\u00e9rie d&#8217;approches originales. Les textes de divers \u00e9crivains internationaux \u00e9mergents explorent des sujets allant des \u00e9chos compositionnels des peintures de ma\u00eetres anciens dans les oeuvres de Freud \u00e0 la contextualisation de sa pratique dans les luttes de classe des ann\u00e9es 1980 en Grande- Bretagne. Tout au long du livre, des peintres contemporains de premier plan tels que Tracey Emin et Chantal Joffe donnent un t\u00e9moignage perspicace de la pertinence de Freud aujourd&#8217;hui. Marquant le 100e anniversaire de la naissance de Freud, cette publication accompagne la premi\u00e8re grande exposition de son oeuvre en 10 ans. Pr\u00e9sentant de nouvelles perspectives sur ses peintures, il pr\u00e9sente Freud \u00e0 une nouvelle g\u00e9n\u00e9ration d&#8217;\u00e9rudits et de passionn\u00e9s &#8211; d\u00e9montrant son importance internationale durable. Daniel F. Herrmann est conservateur des projets modernes et contemporains \u00e0 la National Gallery de Londres.<\/p>\n","protected":false},"excerpt":{"rendered":"<p>Une publication importante d&#8217;\u00e9crits originaux sur Lucian Freud, y compris des entretiens avec des artistes contemporains de premier plan, marquant le 100e anniversaire de sa naissance Lucian Freud (1922-2011) est l&#8217;un des plus grands peintres figuratifs du XXe si\u00e8cle. Avec un oeil inflexible et un engagement sans compromis envers son travail, il a cr\u00e9\u00e9 des [&hellip;]<\/p>\n","protected":false},"featured_media":33963,"template":"","meta":[],"product_cat":[55,2948,47,2953],"product_tag":[],"acf":[],"yoast_head":"<!-- This site is optimized with the Yoast SEO plugin v20.11 - https:\/\/yoast.com\/wordpress\/plugins\/seo\/ -->\n<title>LUCIAN FREUD NEW PERSPECTIVES - Librairie 7L<\/title>\n<meta name=\"robots\" content=\"index, follow, max-snippet:-1, max-image-preview:large, max-video-preview:-1\" \/>\n<link rel=\"canonical\" href=\"https:\/\/librairie7l.com\/en\/produit\/lucian-freud-new-perspectives\/\" \/>\n<meta property=\"og:locale\" content=\"en_US\" \/>\n<meta property=\"og:type\" content=\"article\" \/>\n<meta property=\"og:title\" content=\"LUCIAN FREUD NEW PERSPECTIVES - Librairie 7L\" \/>\n<meta property=\"og:description\" content=\"Une publication importante d&#8217;\u00e9crits originaux sur Lucian Freud, y compris des entretiens avec des artistes contemporains de premier plan, marquant le 100e anniversaire de sa naissance Lucian Freud (1922-2011) est l&#8217;un des plus grands peintres figuratifs du XXe si\u00e8cle. Avec un oeil inflexible et un engagement sans compromis envers son travail, il a cr\u00e9\u00e9 des [&hellip;]\" \/>\n<meta property=\"og:url\" content=\"https:\/\/librairie7l.com\/en\/produit\/lucian-freud-new-perspectives\/\" \/>\n<meta property=\"og:site_name\" content=\"Librairie 7L\" \/>\n<meta property=\"article:modified_time\" content=\"2026-04-29T20:59:08+00:00\" \/>\n<meta property=\"og:image\" content=\"https:\/\/librairie7l.com\/wp-content\/uploads\/2022\/09\/9781857096866_1_75.jpg\" \/>\n\t<meta property=\"og:image:width\" content=\"300\" \/>\n\t<meta property=\"og:image:height\" content=\"362\" \/>\n\t<meta property=\"og:image:type\" content=\"image\/jpeg\" \/>\n<meta name=\"twitter:card\" content=\"summary_large_image\" \/>\n<meta name=\"twitter:label1\" content=\"Est. reading time\" \/>\n\t<meta name=\"twitter:data1\" content=\"1 minute\" \/>\n<script type=\"application\/ld+json\" class=\"yoast-schema-graph\">{\"@context\":\"https:\/\/schema.org\",\"@graph\":[{\"@type\":\"WebPage\",\"@id\":\"https:\/\/librairie7l.com\/en\/produit\/lucian-freud-new-perspectives\/\",\"url\":\"https:\/\/librairie7l.com\/en\/produit\/lucian-freud-new-perspectives\/\",\"name\":\"LUCIAN FREUD NEW PERSPECTIVES - Librairie 7L\",\"isPartOf\":{\"@id\":\"https:\/\/librairie7l.com\/en\/#website\"},\"datePublished\":\"2023-05-10T11:46:03+00:00\",\"dateModified\":\"2026-04-29T20:59:08+00:00\",\"breadcrumb\":{\"@id\":\"https:\/\/librairie7l.com\/en\/produit\/lucian-freud-new-perspectives\/#breadcrumb\"},\"inLanguage\":\"en-US\",\"potentialAction\":[{\"@type\":\"ReadAction\",\"target\":[\"https:\/\/librairie7l.com\/en\/produit\/lucian-freud-new-perspectives\/\"]}]},{\"@type\":\"BreadcrumbList\",\"@id\":\"https:\/\/librairie7l.com\/en\/produit\/lucian-freud-new-perspectives\/#breadcrumb\",\"itemListElement\":[{\"@type\":\"ListItem\",\"position\":1,\"name\":\"Accueil\",\"item\":\"https:\/\/librairie7l.com\/en\/\"},{\"@type\":\"ListItem\",\"position\":2,\"name\":\"Shop\",\"item\":\"https:\/\/librairie7l.com\/en\/shop\/\"},{\"@type\":\"ListItem\",\"position\":3,\"name\":\"LUCIAN FREUD NEW PERSPECTIVES\"}]},{\"@type\":\"WebSite\",\"@id\":\"https:\/\/librairie7l.com\/en\/#website\",\"url\":\"https:\/\/librairie7l.com\/en\/\",\"name\":\"Librairie 7L\",\"description\":\"Librairie fond\u00e9e en 1999 par Karl Lagerfeld \u00e0 Paris\",\"publisher\":{\"@id\":\"https:\/\/librairie7l.com\/en\/#organization\"},\"potentialAction\":[{\"@type\":\"SearchAction\",\"target\":{\"@type\":\"EntryPoint\",\"urlTemplate\":\"https:\/\/librairie7l.com\/en\/?s={search_term_string}\"},\"query-input\":\"required name=search_term_string\"}],\"inLanguage\":\"en-US\"},{\"@type\":\"Organization\",\"@id\":\"https:\/\/librairie7l.com\/en\/#organization\",\"name\":\"Librairie 7L\",\"url\":\"https:\/\/librairie7l.com\/en\/\",\"logo\":{\"@type\":\"ImageObject\",\"inLanguage\":\"en-US\",\"@id\":\"https:\/\/librairie7l.com\/en\/#\/schema\/logo\/image\/\",\"url\":\"https:\/\/librairie7l.com\/wp-content\/uploads\/2022\/08\/logo-1.png\",\"contentUrl\":\"https:\/\/librairie7l.com\/wp-content\/uploads\/2022\/08\/logo-1.png\",\"width\":227,\"height\":301,\"caption\":\"Librairie 7L\"},\"image\":{\"@id\":\"https:\/\/librairie7l.com\/en\/#\/schema\/logo\/image\/\"}}]}<\/script>\n<!-- \/ Yoast SEO plugin. -->","yoast_head_json":{"title":"LUCIAN FREUD NEW PERSPECTIVES - Librairie 7L","robots":{"index":"index","follow":"follow","max-snippet":"max-snippet:-1","max-image-preview":"max-image-preview:large","max-video-preview":"max-video-preview:-1"},"canonical":"https:\/\/librairie7l.com\/en\/produit\/lucian-freud-new-perspectives\/","og_locale":"en_US","og_type":"article","og_title":"LUCIAN FREUD NEW PERSPECTIVES - Librairie 7L","og_description":"Une publication importante d&#8217;\u00e9crits originaux sur Lucian Freud, y compris des entretiens avec des artistes contemporains de premier plan, marquant le 100e anniversaire de sa naissance Lucian Freud (1922-2011) est l&#8217;un des plus grands peintres figuratifs du XXe si\u00e8cle. Avec un oeil inflexible et un engagement sans compromis envers son travail, il a cr\u00e9\u00e9 des [&hellip;]","og_url":"https:\/\/librairie7l.com\/en\/produit\/lucian-freud-new-perspectives\/","og_site_name":"Librairie 7L","article_modified_time":"2026-04-29T20:59:08+00:00","og_image":[{"width":300,"height":362,"url":"https:\/\/librairie7l.com\/wp-content\/uploads\/2022\/09\/9781857096866_1_75.jpg","type":"image\/jpeg"}],"twitter_card":"summary_large_image","twitter_misc":{"Est. reading time":"1 minute"},"schema":{"@context":"https:\/\/schema.org","@graph":[{"@type":"WebPage","@id":"https:\/\/librairie7l.com\/en\/produit\/lucian-freud-new-perspectives\/","url":"https:\/\/librairie7l.com\/en\/produit\/lucian-freud-new-perspectives\/","name":"LUCIAN FREUD NEW PERSPECTIVES - Librairie 7L","isPartOf":{"@id":"https:\/\/librairie7l.com\/en\/#website"},"datePublished":"2023-05-10T11:46:03+00:00","dateModified":"2026-04-29T20:59:08+00:00","breadcrumb":{"@id":"https:\/\/librairie7l.com\/en\/produit\/lucian-freud-new-perspectives\/#breadcrumb"},"inLanguage":"en-US","potentialAction":[{"@type":"ReadAction","target":["https:\/\/librairie7l.com\/en\/produit\/lucian-freud-new-perspectives\/"]}]},{"@type":"BreadcrumbList","@id":"https:\/\/librairie7l.com\/en\/produit\/lucian-freud-new-perspectives\/#breadcrumb","itemListElement":[{"@type":"ListItem","position":1,"name":"Accueil","item":"https:\/\/librairie7l.com\/en\/"},{"@type":"ListItem","position":2,"name":"Shop","item":"https:\/\/librairie7l.com\/en\/shop\/"},{"@type":"ListItem","position":3,"name":"LUCIAN FREUD NEW PERSPECTIVES"}]},{"@type":"WebSite","@id":"https:\/\/librairie7l.com\/en\/#website","url":"https:\/\/librairie7l.com\/en\/","name":"Librairie 7L","description":"Librairie fond\u00e9e en 1999 par Karl Lagerfeld \u00e0 Paris","publisher":{"@id":"https:\/\/librairie7l.com\/en\/#organization"},"potentialAction":[{"@type":"SearchAction","target":{"@type":"EntryPoint","urlTemplate":"https:\/\/librairie7l.com\/en\/?s={search_term_string}"},"query-input":"required name=search_term_string"}],"inLanguage":"en-US"},{"@type":"Organization","@id":"https:\/\/librairie7l.com\/en\/#organization","name":"Librairie 7L","url":"https:\/\/librairie7l.com\/en\/","logo":{"@type":"ImageObject","inLanguage":"en-US","@id":"https:\/\/librairie7l.com\/en\/#\/schema\/logo\/image\/","url":"https:\/\/librairie7l.com\/wp-content\/uploads\/2022\/08\/logo-1.png","contentUrl":"https:\/\/librairie7l.com\/wp-content\/uploads\/2022\/08\/logo-1.png","width":227,"height":301,"caption":"Librairie 7L"},"image":{"@id":"https:\/\/librairie7l.com\/en\/#\/schema\/logo\/image\/"}}]}},"_links":{"self":[{"href":"https:\/\/librairie7l.com\/en\/wp-json\/wp\/v2\/product\/28849"}],"collection":[{"href":"https:\/\/librairie7l.com\/en\/wp-json\/wp\/v2\/product"}],"about":[{"href":"https:\/\/librairie7l.com\/en\/wp-json\/wp\/v2\/types\/product"}],"wp:featuredmedia":[{"embeddable":true,"href":"https:\/\/librairie7l.com\/en\/wp-json\/wp\/v2\/media\/33963"}],"wp:attachment":[{"href":"https:\/\/librairie7l.com\/en\/wp-json\/wp\/v2\/media?parent=28849"}],"wp:term":[{"taxonomy":"product_cat","embeddable":true,"href":"https:\/\/librairie7l.com\/en\/wp-json\/wp\/v2\/product_cat?post=28849"},{"taxonomy":"product_tag","embeddable":true,"href":"https:\/\/librairie7l.com\/en\/wp-json\/wp\/v2\/product_tag?post=28849"}],"curies":[{"name":"wp","href":"https:\/\/api.w.org\/{rel}","templated":true}]}}