{"id":28877,"date":"2023-05-10T13:46:35","date_gmt":"2023-05-10T11:46:35","guid":{"rendered":"https:\/\/librairie7l.com\/?post_type=product&#038;p=28877"},"modified":"2026-04-30T00:18:31","modified_gmt":"2026-04-29T22:18:31","slug":"picasso-2","status":"publish","type":"product","link":"https:\/\/librairie7l.com\/en\/produit\/picasso-2\/","title":{"rendered":"PICASSO"},"content":{"rendered":"<p>A la fois biographique et r\u00e9flexive, cette monographie cherche \u00e0 r\u00e9pondre \u00e0 un certain nombre de questions que soul\u00e8vent le temp\u00e9rament artistique et l&#8217;oeuvre exceptionnelle de Picasso surgis \u00e0 une \u00e9poque non moins exceptionnelle. Picasso y est consid\u00e9r\u00e9 en fonction de sa situation en son temps, au sens le plus large du mot, bien au-del\u00e0 des amiti\u00e9s et des rivalit\u00e9s strictement artistiques du milieu parisien et fran\u00e7ais. Lui-m\u00eame par nombre de ses prises de position n&#8217;a-t-il pas affirm\u00e9 qu&#8217;il refusait de s&#8217;enfermer dans l&#8217;atelier et se r\u00e9servait le droit d&#8217;intervenir dans les affaires du monde &#8211; d&#8217;y r\u00e9agir et de leur r\u00e9pondre ? C&#8217;est donc d&#8217;un Picasso r\u00e9solument moderne parce que constamment et consciemment confront\u00e9 \u00e0 la modernit\u00e9 du monde qu&#8217;il s&#8217;agira de montrer : comment il laisse cette modernit\u00e9 p\u00e9n\u00e9trer dans ses travaux &#8211; mat\u00e9riaux, images, techniques, inventions &#8211; et comment, en r\u00e9action contre elle, il donne forme picturale ou sculpturale \u00e0 des arch\u00e9types &#8211; \u00e0 des passions, \u00e0 des pulsions- dont, \u00e0 ses yeux en tout cas, la permanence atteste de l&#8217;intemporalit\u00e9. Mouvement d&#8217;acceptation mouvement de refus : cette confrontation sans tr\u00eave est, peut-\u00eatre, l&#8217;explication la plus satisfaisante que l&#8217;on puisse avancer de la volont\u00e9 de changement qui l&#8217;a anim\u00e9 au point de laisser l&#8217;oeuvre la plus polymorphe et la plus diverse de toute l&#8217;histoire de l&#8217;art. La r\u00e9flexion se d\u00e9veloppe ainsi en quatre mouvements. Le premier, qui s&#8217;ach\u00e8ve peu avant que la Premi\u00e8re Guerre Mondiale r\u00e9v\u00e8le la face terrible de la modernit\u00e9 scientifique et industrielle, est celui de l&#8217;ouverture \u00e0 toutes les modernit\u00e9s. La travers\u00e9e rapide des styles artistiques issus de la Renaissance &#8211; de ce qui a \u00e9t\u00e9 l&#8217;art et son histoire jusqu&#8217;alors- conduit au moment critique par excellence : le primitivisme, qui peut \u00eatre pens\u00e9 comme la n\u00e9gation r\u00e9solue du moderne, et le cubisme, qui appara\u00eet \u00e0 l&#8217;inverse comme son acceptation et la fa\u00e7on la plus radicale d&#8217;en tirer les cons\u00e9quences plastiques. Le deuxi\u00e8me, dont la conjonction du cubisme et d&#8217;un dessin quasi ingresque \u00e0 Avignon au d\u00e9but de l&#8217;\u00e9t\u00e9 14 marque le commencement et qui dure jusqu&#8217;au d\u00e9but des ann\u00e9es 30, se caract\u00e9rise \u00e0 l&#8217;\u00e9vidence par la simultan\u00e9it\u00e9 de pratiques et de styles si distincts qu&#8217;on peut les penser incompatibles, le post-cubisme qui ne dispara\u00eet pas, le \u00ab n\u00e9o-classicisme \u00bb et l&#8217;invention d&#8217;une autre peinture encore. Cette p\u00e9riode pourrait \u00eatre dite celle de l&#8217;artiste \u00ab ma\u00eetre du monde \u00bb, puisque capable de donner \u00e0 chaque sujet et \u00e0 chaque sentiment sa forme visuelle la plus juste &#8211; ma\u00eetrise qui est aussi celle d&#8217;une \u00ab vedette \u00bb \u00e0 la prosp\u00e9rit\u00e9 visible, soup\u00e7onnable d&#8217;embourgeoisement ; celle, en somme, d&#8217;un Picasso assur\u00e9 de ses moyens et de sa logique, de sa position et de sa gloire. La troisi\u00e8me se place sous le signe des monstres, quand la ma\u00eetrise maintenue pendant une quinzaine d&#8217;ann\u00e9es \u00e9clate sous la pression d&#8217;\u00e9v\u00e8nements publics et priv\u00e9s qui sont tous de l&#8217;ordre du d\u00e9sordre et du drame. Il n&#8217;y aura pas d&#8217;ordre, il n&#8217;aura que des trag\u00e9dies. Il n&#8217;y a donc plus lieu de maintenir l&#8217;\u00e9quilibre compl\u00e9mentaire entre plusieurs styles, mais de se pr\u00e9cipiter dans l&#8217;exp\u00e9rimentation, du c\u00f4t\u00e9 des terreurs et des crimes avec pour principaux compagnons les surr\u00e9alistes et surtout Andr\u00e9 Breton. A moins que l&#8217;on ne veuille reconna\u00eetre dans l&#8217;oeuvre picassienne des ann\u00e9es 30 et 40 quelque chose comme l&#8217;\u00e9quivalent de l&#8217;analyse freudienne &#8211; celle du \u00ab malaise dans la civilisation \u00bb qui tourne \u00e0 la catastrophe. Ces v\u00e9rit\u00e9s montr\u00e9es, que reste-t-il \u00e0 faire ? D&#8217;une part \u00e0 pousser \u00e0 ses extr\u00e9mit\u00e9s les plus affolantes l&#8217;exp\u00e9rience de la violence &#8211; ce qui a donn\u00e9 la \u00ab derni\u00e8re p\u00e9riode \u00bb de l&#8217;oeuvre selon les terminologies habituelles, longtemps la moins admise et la plus redout\u00e9e. Et d&#8217;autre part \u00e0 d\u00e9montrer par la reprise et la mise \u00e0 nu de leurs toiles que les grands pr\u00e9d\u00e9cesseurs de Picasso avaient donn\u00e9 de l&#8217;humanit\u00e9 des repr\u00e9sentations qu&#8217;il suffit de durcir pour y reconna\u00eetre les sc\u00e8nes d&#8217;Eros et de Thanatos, les Femmes d&#8217;Alger et le Massacre des Innocents, le D\u00e9jeuner sur l&#8217;herbe et L&#8217;enl\u00e8vement des Sabines. Dans un monde occidental qui se glorifie de ses nouveaut\u00e9s et de sa prosp\u00e9rit\u00e9, le vieux Picasso rappelle inlassablement &#8211; et non sans une cruaut\u00e9 d\u00e9sabus\u00e9e- que l&#8217;histoire est vou\u00e9e \u00e0 finir par des d\u00e9sastres &#8211; y compris l&#8217;histoire de l&#8217;art du reste.<\/p>\n","protected":false},"excerpt":{"rendered":"<p>A la fois biographique et r\u00e9flexive, cette monographie cherche \u00e0 r\u00e9pondre \u00e0 un certain nombre de questions que soul\u00e8vent le temp\u00e9rament artistique et l&#8217;oeuvre exceptionnelle de Picasso surgis \u00e0 une \u00e9poque non moins exceptionnelle. Picasso y est consid\u00e9r\u00e9 en fonction de sa situation en son temps, au sens le plus large du mot, bien au-del\u00e0 [&hellip;]<\/p>\n","protected":false},"featured_media":28875,"template":"","meta":[],"product_cat":[55,2948,47,2953],"product_tag":[],"acf":[],"yoast_head":"<!-- This site is optimized with the Yoast SEO plugin v20.11 - https:\/\/yoast.com\/wordpress\/plugins\/seo\/ -->\n<title>PICASSO - Librairie 7L<\/title>\n<meta name=\"robots\" content=\"index, follow, max-snippet:-1, max-image-preview:large, max-video-preview:-1\" \/>\n<link rel=\"canonical\" href=\"https:\/\/librairie7l.com\/en\/produit\/picasso-2\/\" \/>\n<meta property=\"og:locale\" content=\"en_US\" \/>\n<meta property=\"og:type\" content=\"article\" \/>\n<meta property=\"og:title\" content=\"PICASSO - Librairie 7L\" \/>\n<meta property=\"og:description\" content=\"A la fois biographique et r\u00e9flexive, cette monographie cherche \u00e0 r\u00e9pondre \u00e0 un certain nombre de questions que soul\u00e8vent le temp\u00e9rament artistique et l&#8217;oeuvre exceptionnelle de Picasso surgis \u00e0 une \u00e9poque non moins exceptionnelle. Picasso y est consid\u00e9r\u00e9 en fonction de sa situation en son temps, au sens le plus large du mot, bien au-del\u00e0 [&hellip;]\" \/>\n<meta property=\"og:url\" content=\"https:\/\/librairie7l.com\/en\/produit\/picasso-2\/\" \/>\n<meta property=\"og:site_name\" content=\"Librairie 7L\" \/>\n<meta property=\"article:modified_time\" content=\"2026-04-29T22:18:31+00:00\" \/>\n<meta property=\"og:image\" content=\"https:\/\/librairie7l.com\/wp-content\/uploads\/2008\/06\/9782754101578_1_75.jpg\" \/>\n\t<meta property=\"og:image:width\" content=\"250\" \/>\n\t<meta property=\"og:image:height\" content=\"214\" \/>\n\t<meta property=\"og:image:type\" content=\"image\/jpeg\" \/>\n<meta name=\"twitter:card\" content=\"summary_large_image\" \/>\n<meta name=\"twitter:label1\" content=\"Est. reading time\" \/>\n\t<meta name=\"twitter:data1\" content=\"4 minutes\" \/>\n<script type=\"application\/ld+json\" class=\"yoast-schema-graph\">{\"@context\":\"https:\/\/schema.org\",\"@graph\":[{\"@type\":\"WebPage\",\"@id\":\"https:\/\/librairie7l.com\/en\/produit\/picasso-2\/\",\"url\":\"https:\/\/librairie7l.com\/en\/produit\/picasso-2\/\",\"name\":\"PICASSO - Librairie 7L\",\"isPartOf\":{\"@id\":\"https:\/\/librairie7l.com\/en\/#website\"},\"datePublished\":\"2023-05-10T11:46:35+00:00\",\"dateModified\":\"2026-04-29T22:18:31+00:00\",\"breadcrumb\":{\"@id\":\"https:\/\/librairie7l.com\/en\/produit\/picasso-2\/#breadcrumb\"},\"inLanguage\":\"en-US\",\"potentialAction\":[{\"@type\":\"ReadAction\",\"target\":[\"https:\/\/librairie7l.com\/en\/produit\/picasso-2\/\"]}]},{\"@type\":\"BreadcrumbList\",\"@id\":\"https:\/\/librairie7l.com\/en\/produit\/picasso-2\/#breadcrumb\",\"itemListElement\":[{\"@type\":\"ListItem\",\"position\":1,\"name\":\"Accueil\",\"item\":\"https:\/\/librairie7l.com\/en\/\"},{\"@type\":\"ListItem\",\"position\":2,\"name\":\"Shop\",\"item\":\"https:\/\/librairie7l.com\/en\/shop\/\"},{\"@type\":\"ListItem\",\"position\":3,\"name\":\"PICASSO\"}]},{\"@type\":\"WebSite\",\"@id\":\"https:\/\/librairie7l.com\/en\/#website\",\"url\":\"https:\/\/librairie7l.com\/en\/\",\"name\":\"Librairie 7L\",\"description\":\"Librairie fond\u00e9e en 1999 par Karl Lagerfeld \u00e0 Paris\",\"publisher\":{\"@id\":\"https:\/\/librairie7l.com\/en\/#organization\"},\"potentialAction\":[{\"@type\":\"SearchAction\",\"target\":{\"@type\":\"EntryPoint\",\"urlTemplate\":\"https:\/\/librairie7l.com\/en\/?s={search_term_string}\"},\"query-input\":\"required name=search_term_string\"}],\"inLanguage\":\"en-US\"},{\"@type\":\"Organization\",\"@id\":\"https:\/\/librairie7l.com\/en\/#organization\",\"name\":\"Librairie 7L\",\"url\":\"https:\/\/librairie7l.com\/en\/\",\"logo\":{\"@type\":\"ImageObject\",\"inLanguage\":\"en-US\",\"@id\":\"https:\/\/librairie7l.com\/en\/#\/schema\/logo\/image\/\",\"url\":\"https:\/\/librairie7l.com\/wp-content\/uploads\/2022\/08\/logo-1.png\",\"contentUrl\":\"https:\/\/librairie7l.com\/wp-content\/uploads\/2022\/08\/logo-1.png\",\"width\":227,\"height\":301,\"caption\":\"Librairie 7L\"},\"image\":{\"@id\":\"https:\/\/librairie7l.com\/en\/#\/schema\/logo\/image\/\"}}]}<\/script>\n<!-- \/ Yoast SEO plugin. -->","yoast_head_json":{"title":"PICASSO - Librairie 7L","robots":{"index":"index","follow":"follow","max-snippet":"max-snippet:-1","max-image-preview":"max-image-preview:large","max-video-preview":"max-video-preview:-1"},"canonical":"https:\/\/librairie7l.com\/en\/produit\/picasso-2\/","og_locale":"en_US","og_type":"article","og_title":"PICASSO - Librairie 7L","og_description":"A la fois biographique et r\u00e9flexive, cette monographie cherche \u00e0 r\u00e9pondre \u00e0 un certain nombre de questions que soul\u00e8vent le temp\u00e9rament artistique et l&#8217;oeuvre exceptionnelle de Picasso surgis \u00e0 une \u00e9poque non moins exceptionnelle. Picasso y est consid\u00e9r\u00e9 en fonction de sa situation en son temps, au sens le plus large du mot, bien au-del\u00e0 [&hellip;]","og_url":"https:\/\/librairie7l.com\/en\/produit\/picasso-2\/","og_site_name":"Librairie 7L","article_modified_time":"2026-04-29T22:18:31+00:00","og_image":[{"width":250,"height":214,"url":"https:\/\/librairie7l.com\/wp-content\/uploads\/2008\/06\/9782754101578_1_75.jpg","type":"image\/jpeg"}],"twitter_card":"summary_large_image","twitter_misc":{"Est. reading time":"4 minutes"},"schema":{"@context":"https:\/\/schema.org","@graph":[{"@type":"WebPage","@id":"https:\/\/librairie7l.com\/en\/produit\/picasso-2\/","url":"https:\/\/librairie7l.com\/en\/produit\/picasso-2\/","name":"PICASSO - Librairie 7L","isPartOf":{"@id":"https:\/\/librairie7l.com\/en\/#website"},"datePublished":"2023-05-10T11:46:35+00:00","dateModified":"2026-04-29T22:18:31+00:00","breadcrumb":{"@id":"https:\/\/librairie7l.com\/en\/produit\/picasso-2\/#breadcrumb"},"inLanguage":"en-US","potentialAction":[{"@type":"ReadAction","target":["https:\/\/librairie7l.com\/en\/produit\/picasso-2\/"]}]},{"@type":"BreadcrumbList","@id":"https:\/\/librairie7l.com\/en\/produit\/picasso-2\/#breadcrumb","itemListElement":[{"@type":"ListItem","position":1,"name":"Accueil","item":"https:\/\/librairie7l.com\/en\/"},{"@type":"ListItem","position":2,"name":"Shop","item":"https:\/\/librairie7l.com\/en\/shop\/"},{"@type":"ListItem","position":3,"name":"PICASSO"}]},{"@type":"WebSite","@id":"https:\/\/librairie7l.com\/en\/#website","url":"https:\/\/librairie7l.com\/en\/","name":"Librairie 7L","description":"Librairie fond\u00e9e en 1999 par Karl Lagerfeld \u00e0 Paris","publisher":{"@id":"https:\/\/librairie7l.com\/en\/#organization"},"potentialAction":[{"@type":"SearchAction","target":{"@type":"EntryPoint","urlTemplate":"https:\/\/librairie7l.com\/en\/?s={search_term_string}"},"query-input":"required name=search_term_string"}],"inLanguage":"en-US"},{"@type":"Organization","@id":"https:\/\/librairie7l.com\/en\/#organization","name":"Librairie 7L","url":"https:\/\/librairie7l.com\/en\/","logo":{"@type":"ImageObject","inLanguage":"en-US","@id":"https:\/\/librairie7l.com\/en\/#\/schema\/logo\/image\/","url":"https:\/\/librairie7l.com\/wp-content\/uploads\/2022\/08\/logo-1.png","contentUrl":"https:\/\/librairie7l.com\/wp-content\/uploads\/2022\/08\/logo-1.png","width":227,"height":301,"caption":"Librairie 7L"},"image":{"@id":"https:\/\/librairie7l.com\/en\/#\/schema\/logo\/image\/"}}]}},"_links":{"self":[{"href":"https:\/\/librairie7l.com\/en\/wp-json\/wp\/v2\/product\/28877"}],"collection":[{"href":"https:\/\/librairie7l.com\/en\/wp-json\/wp\/v2\/product"}],"about":[{"href":"https:\/\/librairie7l.com\/en\/wp-json\/wp\/v2\/types\/product"}],"wp:featuredmedia":[{"embeddable":true,"href":"https:\/\/librairie7l.com\/en\/wp-json\/wp\/v2\/media\/28875"}],"wp:attachment":[{"href":"https:\/\/librairie7l.com\/en\/wp-json\/wp\/v2\/media?parent=28877"}],"wp:term":[{"taxonomy":"product_cat","embeddable":true,"href":"https:\/\/librairie7l.com\/en\/wp-json\/wp\/v2\/product_cat?post=28877"},{"taxonomy":"product_tag","embeddable":true,"href":"https:\/\/librairie7l.com\/en\/wp-json\/wp\/v2\/product_tag?post=28877"}],"curies":[{"name":"wp","href":"https:\/\/api.w.org\/{rel}","templated":true}]}}