{"id":28881,"date":"2023-05-10T13:46:38","date_gmt":"2023-05-10T11:46:38","guid":{"rendered":"https:\/\/librairie7l.com\/?post_type=product&#038;p=28881"},"modified":"2026-04-27T06:58:05","modified_gmt":"2026-04-27T04:58:05","slug":"dentelles-de-france","status":"publish","type":"product","link":"https:\/\/librairie7l.com\/en\/produit\/dentelles-de-france\/","title":{"rendered":"DENTELLES DE FRANCE"},"content":{"rendered":"<p>Par un \u00ab come-back \u00bb extraordinaire, la dentelle est redevenue un passe-temps, un art de loisir : dans plus de 40 pays et plus de 300 clubs en France, on refait de la dentelle pour le plaisir.<\/p>\n<p>Cet ouvrage permet de reconna\u00eetre les dentelles propres \u00e0 chaque r\u00e9gion\u00a0: dentelles de Paris, du Puy-en-Velay, de Craponne, d&#8217;Issoire, de Mirecourt, de Luxeuil, de Valenciennes, de Lille, de Bailleul, de Chantilly, de Caen, de Bayeux, de Courseulles, de Sedan, d&#8217;Argentan, d&#8217;Alen\u00e7on, de Tulle, de Calais, etc.<\/p>\n<p>Pour chaque dentelle, un historique et les caract\u00e9ristiques permettant de la reconna\u00eetre.<\/p>\n<p>De nombreuses illustrations et photos  pour appuyer les descriptions + photos d&#8217;archives.<\/p>\n","protected":false},"excerpt":{"rendered":"<p>Par un \u00ab come-back \u00bb extraordinaire, la dentelle est redevenue un passe-temps, un art de loisir : dans plus de 40 pays et plus de 300 clubs en France, on refait de la dentelle pour le plaisir. Cet ouvrage permet de reconna\u00eetre les dentelles propres \u00e0 chaque r\u00e9gion\u00a0: dentelles de Paris, du Puy-en-Velay, de Craponne, [&hellip;]<\/p>\n","protected":false},"featured_media":28879,"template":"","meta":[],"product_cat":[55,2948,2957,19],"product_tag":[],"acf":[],"yoast_head":"<!-- This site is optimized with the Yoast SEO plugin v20.11 - https:\/\/yoast.com\/wordpress\/plugins\/seo\/ -->\n<title>DENTELLES DE FRANCE - Librairie 7L<\/title>\n<meta name=\"robots\" content=\"index, follow, max-snippet:-1, max-image-preview:large, max-video-preview:-1\" \/>\n<link rel=\"canonical\" href=\"https:\/\/librairie7l.com\/en\/produit\/dentelles-de-france\/\" \/>\n<meta property=\"og:locale\" content=\"en_US\" \/>\n<meta property=\"og:type\" content=\"article\" \/>\n<meta property=\"og:title\" content=\"DENTELLES DE FRANCE - Librairie 7L\" \/>\n<meta property=\"og:description\" content=\"Par un \u00ab come-back \u00bb extraordinaire, la dentelle est redevenue un passe-temps, un art de loisir : dans plus de 40 pays et plus de 300 clubs en France, on refait de la dentelle pour le plaisir. Cet ouvrage permet de reconna\u00eetre les dentelles propres \u00e0 chaque r\u00e9gion\u00a0: dentelles de Paris, du Puy-en-Velay, de Craponne, [&hellip;]\" \/>\n<meta property=\"og:url\" content=\"https:\/\/librairie7l.com\/en\/produit\/dentelles-de-france\/\" \/>\n<meta property=\"og:site_name\" content=\"Librairie 7L\" \/>\n<meta property=\"article:modified_time\" content=\"2026-04-27T04:58:05+00:00\" \/>\n<meta property=\"og:image\" content=\"https:\/\/librairie7l.com\/wp-content\/uploads\/2018\/04\/9782862537702_1_75.jpg\" \/>\n\t<meta property=\"og:image:width\" content=\"600\" \/>\n\t<meta property=\"og:image:height\" content=\"764\" \/>\n\t<meta property=\"og:image:type\" content=\"image\/jpeg\" \/>\n<meta name=\"twitter:card\" content=\"summary_large_image\" \/>\n<meta name=\"twitter:label1\" content=\"Est. reading time\" \/>\n\t<meta name=\"twitter:data1\" content=\"1 minute\" \/>\n<script type=\"application\/ld+json\" class=\"yoast-schema-graph\">{\"@context\":\"https:\/\/schema.org\",\"@graph\":[{\"@type\":\"WebPage\",\"@id\":\"https:\/\/librairie7l.com\/en\/produit\/dentelles-de-france\/\",\"url\":\"https:\/\/librairie7l.com\/en\/produit\/dentelles-de-france\/\",\"name\":\"DENTELLES DE FRANCE - Librairie 7L\",\"isPartOf\":{\"@id\":\"https:\/\/librairie7l.com\/en\/#website\"},\"datePublished\":\"2023-05-10T11:46:38+00:00\",\"dateModified\":\"2026-04-27T04:58:05+00:00\",\"breadcrumb\":{\"@id\":\"https:\/\/librairie7l.com\/en\/produit\/dentelles-de-france\/#breadcrumb\"},\"inLanguage\":\"en-US\",\"potentialAction\":[{\"@type\":\"ReadAction\",\"target\":[\"https:\/\/librairie7l.com\/en\/produit\/dentelles-de-france\/\"]}]},{\"@type\":\"BreadcrumbList\",\"@id\":\"https:\/\/librairie7l.com\/en\/produit\/dentelles-de-france\/#breadcrumb\",\"itemListElement\":[{\"@type\":\"ListItem\",\"position\":1,\"name\":\"Accueil\",\"item\":\"https:\/\/librairie7l.com\/en\/\"},{\"@type\":\"ListItem\",\"position\":2,\"name\":\"Shop\",\"item\":\"https:\/\/librairie7l.com\/en\/shop\/\"},{\"@type\":\"ListItem\",\"position\":3,\"name\":\"DENTELLES DE FRANCE\"}]},{\"@type\":\"WebSite\",\"@id\":\"https:\/\/librairie7l.com\/en\/#website\",\"url\":\"https:\/\/librairie7l.com\/en\/\",\"name\":\"Librairie 7L\",\"description\":\"Librairie fond\u00e9e en 1999 par Karl Lagerfeld \u00e0 Paris\",\"publisher\":{\"@id\":\"https:\/\/librairie7l.com\/en\/#organization\"},\"potentialAction\":[{\"@type\":\"SearchAction\",\"target\":{\"@type\":\"EntryPoint\",\"urlTemplate\":\"https:\/\/librairie7l.com\/en\/?s={search_term_string}\"},\"query-input\":\"required name=search_term_string\"}],\"inLanguage\":\"en-US\"},{\"@type\":\"Organization\",\"@id\":\"https:\/\/librairie7l.com\/en\/#organization\",\"name\":\"Librairie 7L\",\"url\":\"https:\/\/librairie7l.com\/en\/\",\"logo\":{\"@type\":\"ImageObject\",\"inLanguage\":\"en-US\",\"@id\":\"https:\/\/librairie7l.com\/en\/#\/schema\/logo\/image\/\",\"url\":\"https:\/\/librairie7l.com\/wp-content\/uploads\/2022\/08\/logo-1.png\",\"contentUrl\":\"https:\/\/librairie7l.com\/wp-content\/uploads\/2022\/08\/logo-1.png\",\"width\":227,\"height\":301,\"caption\":\"Librairie 7L\"},\"image\":{\"@id\":\"https:\/\/librairie7l.com\/en\/#\/schema\/logo\/image\/\"}}]}<\/script>\n<!-- \/ Yoast SEO plugin. -->","yoast_head_json":{"title":"DENTELLES DE FRANCE - Librairie 7L","robots":{"index":"index","follow":"follow","max-snippet":"max-snippet:-1","max-image-preview":"max-image-preview:large","max-video-preview":"max-video-preview:-1"},"canonical":"https:\/\/librairie7l.com\/en\/produit\/dentelles-de-france\/","og_locale":"en_US","og_type":"article","og_title":"DENTELLES DE FRANCE - Librairie 7L","og_description":"Par un \u00ab come-back \u00bb extraordinaire, la dentelle est redevenue un passe-temps, un art de loisir : dans plus de 40 pays et plus de 300 clubs en France, on refait de la dentelle pour le plaisir. Cet ouvrage permet de reconna\u00eetre les dentelles propres \u00e0 chaque r\u00e9gion\u00a0: dentelles de Paris, du Puy-en-Velay, de Craponne, [&hellip;]","og_url":"https:\/\/librairie7l.com\/en\/produit\/dentelles-de-france\/","og_site_name":"Librairie 7L","article_modified_time":"2026-04-27T04:58:05+00:00","og_image":[{"width":600,"height":764,"url":"https:\/\/librairie7l.com\/wp-content\/uploads\/2018\/04\/9782862537702_1_75.jpg","type":"image\/jpeg"}],"twitter_card":"summary_large_image","twitter_misc":{"Est. reading time":"1 minute"},"schema":{"@context":"https:\/\/schema.org","@graph":[{"@type":"WebPage","@id":"https:\/\/librairie7l.com\/en\/produit\/dentelles-de-france\/","url":"https:\/\/librairie7l.com\/en\/produit\/dentelles-de-france\/","name":"DENTELLES DE FRANCE - Librairie 7L","isPartOf":{"@id":"https:\/\/librairie7l.com\/en\/#website"},"datePublished":"2023-05-10T11:46:38+00:00","dateModified":"2026-04-27T04:58:05+00:00","breadcrumb":{"@id":"https:\/\/librairie7l.com\/en\/produit\/dentelles-de-france\/#breadcrumb"},"inLanguage":"en-US","potentialAction":[{"@type":"ReadAction","target":["https:\/\/librairie7l.com\/en\/produit\/dentelles-de-france\/"]}]},{"@type":"BreadcrumbList","@id":"https:\/\/librairie7l.com\/en\/produit\/dentelles-de-france\/#breadcrumb","itemListElement":[{"@type":"ListItem","position":1,"name":"Accueil","item":"https:\/\/librairie7l.com\/en\/"},{"@type":"ListItem","position":2,"name":"Shop","item":"https:\/\/librairie7l.com\/en\/shop\/"},{"@type":"ListItem","position":3,"name":"DENTELLES DE FRANCE"}]},{"@type":"WebSite","@id":"https:\/\/librairie7l.com\/en\/#website","url":"https:\/\/librairie7l.com\/en\/","name":"Librairie 7L","description":"Librairie fond\u00e9e en 1999 par Karl Lagerfeld \u00e0 Paris","publisher":{"@id":"https:\/\/librairie7l.com\/en\/#organization"},"potentialAction":[{"@type":"SearchAction","target":{"@type":"EntryPoint","urlTemplate":"https:\/\/librairie7l.com\/en\/?s={search_term_string}"},"query-input":"required name=search_term_string"}],"inLanguage":"en-US"},{"@type":"Organization","@id":"https:\/\/librairie7l.com\/en\/#organization","name":"Librairie 7L","url":"https:\/\/librairie7l.com\/en\/","logo":{"@type":"ImageObject","inLanguage":"en-US","@id":"https:\/\/librairie7l.com\/en\/#\/schema\/logo\/image\/","url":"https:\/\/librairie7l.com\/wp-content\/uploads\/2022\/08\/logo-1.png","contentUrl":"https:\/\/librairie7l.com\/wp-content\/uploads\/2022\/08\/logo-1.png","width":227,"height":301,"caption":"Librairie 7L"},"image":{"@id":"https:\/\/librairie7l.com\/en\/#\/schema\/logo\/image\/"}}]}},"_links":{"self":[{"href":"https:\/\/librairie7l.com\/en\/wp-json\/wp\/v2\/product\/28881"}],"collection":[{"href":"https:\/\/librairie7l.com\/en\/wp-json\/wp\/v2\/product"}],"about":[{"href":"https:\/\/librairie7l.com\/en\/wp-json\/wp\/v2\/types\/product"}],"wp:featuredmedia":[{"embeddable":true,"href":"https:\/\/librairie7l.com\/en\/wp-json\/wp\/v2\/media\/28879"}],"wp:attachment":[{"href":"https:\/\/librairie7l.com\/en\/wp-json\/wp\/v2\/media?parent=28881"}],"wp:term":[{"taxonomy":"product_cat","embeddable":true,"href":"https:\/\/librairie7l.com\/en\/wp-json\/wp\/v2\/product_cat?post=28881"},{"taxonomy":"product_tag","embeddable":true,"href":"https:\/\/librairie7l.com\/en\/wp-json\/wp\/v2\/product_tag?post=28881"}],"curies":[{"name":"wp","href":"https:\/\/api.w.org\/{rel}","templated":true}]}}