{"id":28893,"date":"2023-05-10T13:46:52","date_gmt":"2023-05-10T11:46:52","guid":{"rendered":"https:\/\/librairie7l.com\/?post_type=product&#038;p=28893"},"modified":"2026-04-21T10:54:36","modified_gmt":"2026-04-21T08:54:36","slug":"lily-pastre-la-bonne-mere-des-artistes","status":"publish","type":"product","link":"https:\/\/librairie7l.com\/en\/produit\/lily-pastre-la-bonne-mere-des-artistes\/","title":{"rendered":"LILY PASTR\u00c9 ; LA BONNE-M\u00c8RE DES ARTISTES"},"content":{"rendered":"<p>Premi\u00e8re biographie d&#8217;une m\u00e9c\u00e8ne audacieuse et courageuse \u00c9clairage sur un versant m\u00e9connu de l&#8217;histoire de l&#8217;art et particuli\u00e8rement de la musique classique eu xxe si\u00e8cle  Pr\u00e9face de Bernard Foccroulle, directeur du festival d&#8217;Aix-en-Provence Le temps est venu de rendre justice \u00e0 une femme d&#8217;exception dont le parcours a trouv\u00e9 sa coh\u00e9rence entre sa passion pour la musique et sa Villa Proven\u00e7ale o\u00f9 pendant la derni\u00e8re guerre, elle a recueilli des dizaines d&#8217;artistes proscrits. Situ\u00e9e dans un parc que tous les Marseillais et les touristes connaissent sous le nom de \u00ab Campagne Pastr\u00e9 \u00bb, cette maison a abrit\u00e9 un personnage embl\u00e9matique de la r\u00e9sistance au totalitarisme.<br \/>\n La comtesse Lily Pastr\u00e9 (1891-1974), riche h\u00e9riti\u00e8re marseillaise, femme excentrique, romanesque, g\u00e9n\u00e9reuse, et grande m\u00e9lomane s&#8217;engage entre 1939 et fin 1942 dans une r\u00e9sistance qui ne dit pas son nom. Elle transforme sa maison de Montredon \u00e0 quelques kilom\u00e8tres du centre-ville de Marseille en refuge pour les artistes et les intellectuels en danger. Les peintres Rudolf Kundera, Christian B\u00e9rard, Andr\u00e9 Masson, les \u00e9crivains Lus Dietrich, Lanza des Vasto, les chor\u00e9graphes et chanteurs Boris Kochno, \u00c9dith Piaf, et surtout les musiciens Clara Haskil, Youra Guller, Samsom Fran\u00e7ois Jacques Ibert, Pablo Casals, Manuel Rosenthal, F\u00e9lix Raugel ou Darius Milhaud ont trouv\u00e9 chez elle le g\u00eete, le couvert et la possibilit\u00e9 de se consacrer \u00e0 leur art.<br \/>\n Elle adh\u00e8re au Comit\u00e9 de secours am\u00e9ricain de Varian Fry et fonde en 1940, dans le tourbillon de l&#8217;exode, \u00ab Pour que l&#8217;esprit vive \u00bb, une association de soutien aux artistes.<br \/>\n En 1948, aux c\u00f4t\u00e9 de Gabriel Dussurget, elle soutient la cr\u00e9ation du festival d&#8217;art lyrique d&#8217;Aix-en-Provence et prouve une fois encore son engagement pour le rayonnement de la musique.<br \/>\n Lily Pastr\u00e9 meurt en 1974 \u00e0 Marseille et la ville, sous la mandature de Gaston Deferre, devient propri\u00e9taire de sa maison et de son parc.<br \/>\n Pour livrer le r\u00e9cit de cette vie hors-norme, l&#8217;auteur s&#8217;est appuy\u00e9e sur une documentation exhaustive ainsi que sur les entretiens qu&#8217;elle a men\u00e9 aupr\u00e8s de ceux qui ont cotoy\u00e9 Lily Pastr\u00e9.<\/p>\n","protected":false},"excerpt":{"rendered":"<p>Premi\u00e8re biographie d&#8217;une m\u00e9c\u00e8ne audacieuse et courageuse \u00c9clairage sur un versant m\u00e9connu de l&#8217;histoire de l&#8217;art et particuli\u00e8rement de la musique classique eu xxe si\u00e8cle Pr\u00e9face de Bernard Foccroulle, directeur du festival d&#8217;Aix-en-Provence Le temps est venu de rendre justice \u00e0 une femme d&#8217;exception dont le parcours a trouv\u00e9 sa coh\u00e9rence entre sa passion pour [&hellip;]<\/p>\n","protected":false},"featured_media":28891,"template":"","meta":[],"product_cat":[55,2948,47,2953],"product_tag":[],"acf":[],"yoast_head":"<!-- This site is optimized with the Yoast SEO plugin v20.11 - https:\/\/yoast.com\/wordpress\/plugins\/seo\/ -->\n<title>LILY PASTR\u00c9 ; LA BONNE-M\u00c8RE DES ARTISTES - Librairie 7L<\/title>\n<meta name=\"robots\" content=\"index, follow, max-snippet:-1, max-image-preview:large, max-video-preview:-1\" \/>\n<link rel=\"canonical\" href=\"https:\/\/librairie7l.com\/en\/produit\/lily-pastre-la-bonne-mere-des-artistes\/\" \/>\n<meta property=\"og:locale\" content=\"en_US\" \/>\n<meta property=\"og:type\" content=\"article\" \/>\n<meta property=\"og:title\" content=\"LILY PASTR\u00c9 ; LA BONNE-M\u00c8RE DES ARTISTES - Librairie 7L\" \/>\n<meta property=\"og:description\" content=\"Premi\u00e8re biographie d&#8217;une m\u00e9c\u00e8ne audacieuse et courageuse \u00c9clairage sur un versant m\u00e9connu de l&#8217;histoire de l&#8217;art et particuli\u00e8rement de la musique classique eu xxe si\u00e8cle Pr\u00e9face de Bernard Foccroulle, directeur du festival d&#8217;Aix-en-Provence Le temps est venu de rendre justice \u00e0 une femme d&#8217;exception dont le parcours a trouv\u00e9 sa coh\u00e9rence entre sa passion pour [&hellip;]\" \/>\n<meta property=\"og:url\" content=\"https:\/\/librairie7l.com\/en\/produit\/lily-pastre-la-bonne-mere-des-artistes\/\" \/>\n<meta property=\"og:site_name\" content=\"Librairie 7L\" \/>\n<meta property=\"article:modified_time\" content=\"2026-04-21T08:54:36+00:00\" \/>\n<meta property=\"og:image\" content=\"https:\/\/librairie7l.com\/wp-content\/uploads\/2013\/09\/9782356980670_1_75.jpg\" \/>\n\t<meta property=\"og:image:width\" content=\"428\" \/>\n\t<meta property=\"og:image:height\" content=\"600\" \/>\n\t<meta property=\"og:image:type\" content=\"image\/jpeg\" \/>\n<meta name=\"twitter:card\" content=\"summary_large_image\" \/>\n<meta name=\"twitter:label1\" content=\"Est. reading time\" \/>\n\t<meta name=\"twitter:data1\" content=\"2 minutes\" \/>\n<script type=\"application\/ld+json\" class=\"yoast-schema-graph\">{\"@context\":\"https:\/\/schema.org\",\"@graph\":[{\"@type\":\"WebPage\",\"@id\":\"https:\/\/librairie7l.com\/en\/produit\/lily-pastre-la-bonne-mere-des-artistes\/\",\"url\":\"https:\/\/librairie7l.com\/en\/produit\/lily-pastre-la-bonne-mere-des-artistes\/\",\"name\":\"LILY PASTR\u00c9 ; LA BONNE-M\u00c8RE DES ARTISTES - Librairie 7L\",\"isPartOf\":{\"@id\":\"https:\/\/librairie7l.com\/en\/#website\"},\"datePublished\":\"2023-05-10T11:46:52+00:00\",\"dateModified\":\"2026-04-21T08:54:36+00:00\",\"breadcrumb\":{\"@id\":\"https:\/\/librairie7l.com\/en\/produit\/lily-pastre-la-bonne-mere-des-artistes\/#breadcrumb\"},\"inLanguage\":\"en-US\",\"potentialAction\":[{\"@type\":\"ReadAction\",\"target\":[\"https:\/\/librairie7l.com\/en\/produit\/lily-pastre-la-bonne-mere-des-artistes\/\"]}]},{\"@type\":\"BreadcrumbList\",\"@id\":\"https:\/\/librairie7l.com\/en\/produit\/lily-pastre-la-bonne-mere-des-artistes\/#breadcrumb\",\"itemListElement\":[{\"@type\":\"ListItem\",\"position\":1,\"name\":\"Accueil\",\"item\":\"https:\/\/librairie7l.com\/en\/\"},{\"@type\":\"ListItem\",\"position\":2,\"name\":\"Shop\",\"item\":\"https:\/\/librairie7l.com\/en\/shop\/\"},{\"@type\":\"ListItem\",\"position\":3,\"name\":\"LILY PASTR\u00c9 ; LA BONNE-M\u00c8RE DES ARTISTES\"}]},{\"@type\":\"WebSite\",\"@id\":\"https:\/\/librairie7l.com\/en\/#website\",\"url\":\"https:\/\/librairie7l.com\/en\/\",\"name\":\"Librairie 7L\",\"description\":\"Librairie fond\u00e9e en 1999 par Karl Lagerfeld \u00e0 Paris\",\"publisher\":{\"@id\":\"https:\/\/librairie7l.com\/en\/#organization\"},\"potentialAction\":[{\"@type\":\"SearchAction\",\"target\":{\"@type\":\"EntryPoint\",\"urlTemplate\":\"https:\/\/librairie7l.com\/en\/?s={search_term_string}\"},\"query-input\":\"required name=search_term_string\"}],\"inLanguage\":\"en-US\"},{\"@type\":\"Organization\",\"@id\":\"https:\/\/librairie7l.com\/en\/#organization\",\"name\":\"Librairie 7L\",\"url\":\"https:\/\/librairie7l.com\/en\/\",\"logo\":{\"@type\":\"ImageObject\",\"inLanguage\":\"en-US\",\"@id\":\"https:\/\/librairie7l.com\/en\/#\/schema\/logo\/image\/\",\"url\":\"https:\/\/librairie7l.com\/wp-content\/uploads\/2022\/08\/logo-1.png\",\"contentUrl\":\"https:\/\/librairie7l.com\/wp-content\/uploads\/2022\/08\/logo-1.png\",\"width\":227,\"height\":301,\"caption\":\"Librairie 7L\"},\"image\":{\"@id\":\"https:\/\/librairie7l.com\/en\/#\/schema\/logo\/image\/\"}}]}<\/script>\n<!-- \/ Yoast SEO plugin. -->","yoast_head_json":{"title":"LILY PASTR\u00c9 ; LA BONNE-M\u00c8RE DES ARTISTES - Librairie 7L","robots":{"index":"index","follow":"follow","max-snippet":"max-snippet:-1","max-image-preview":"max-image-preview:large","max-video-preview":"max-video-preview:-1"},"canonical":"https:\/\/librairie7l.com\/en\/produit\/lily-pastre-la-bonne-mere-des-artistes\/","og_locale":"en_US","og_type":"article","og_title":"LILY PASTR\u00c9 ; LA BONNE-M\u00c8RE DES ARTISTES - Librairie 7L","og_description":"Premi\u00e8re biographie d&#8217;une m\u00e9c\u00e8ne audacieuse et courageuse \u00c9clairage sur un versant m\u00e9connu de l&#8217;histoire de l&#8217;art et particuli\u00e8rement de la musique classique eu xxe si\u00e8cle Pr\u00e9face de Bernard Foccroulle, directeur du festival d&#8217;Aix-en-Provence Le temps est venu de rendre justice \u00e0 une femme d&#8217;exception dont le parcours a trouv\u00e9 sa coh\u00e9rence entre sa passion pour [&hellip;]","og_url":"https:\/\/librairie7l.com\/en\/produit\/lily-pastre-la-bonne-mere-des-artistes\/","og_site_name":"Librairie 7L","article_modified_time":"2026-04-21T08:54:36+00:00","og_image":[{"width":428,"height":600,"url":"https:\/\/librairie7l.com\/wp-content\/uploads\/2013\/09\/9782356980670_1_75.jpg","type":"image\/jpeg"}],"twitter_card":"summary_large_image","twitter_misc":{"Est. reading time":"2 minutes"},"schema":{"@context":"https:\/\/schema.org","@graph":[{"@type":"WebPage","@id":"https:\/\/librairie7l.com\/en\/produit\/lily-pastre-la-bonne-mere-des-artistes\/","url":"https:\/\/librairie7l.com\/en\/produit\/lily-pastre-la-bonne-mere-des-artistes\/","name":"LILY PASTR\u00c9 ; LA BONNE-M\u00c8RE DES ARTISTES - Librairie 7L","isPartOf":{"@id":"https:\/\/librairie7l.com\/en\/#website"},"datePublished":"2023-05-10T11:46:52+00:00","dateModified":"2026-04-21T08:54:36+00:00","breadcrumb":{"@id":"https:\/\/librairie7l.com\/en\/produit\/lily-pastre-la-bonne-mere-des-artistes\/#breadcrumb"},"inLanguage":"en-US","potentialAction":[{"@type":"ReadAction","target":["https:\/\/librairie7l.com\/en\/produit\/lily-pastre-la-bonne-mere-des-artistes\/"]}]},{"@type":"BreadcrumbList","@id":"https:\/\/librairie7l.com\/en\/produit\/lily-pastre-la-bonne-mere-des-artistes\/#breadcrumb","itemListElement":[{"@type":"ListItem","position":1,"name":"Accueil","item":"https:\/\/librairie7l.com\/en\/"},{"@type":"ListItem","position":2,"name":"Shop","item":"https:\/\/librairie7l.com\/en\/shop\/"},{"@type":"ListItem","position":3,"name":"LILY PASTR\u00c9 ; LA BONNE-M\u00c8RE DES ARTISTES"}]},{"@type":"WebSite","@id":"https:\/\/librairie7l.com\/en\/#website","url":"https:\/\/librairie7l.com\/en\/","name":"Librairie 7L","description":"Librairie fond\u00e9e en 1999 par Karl Lagerfeld \u00e0 Paris","publisher":{"@id":"https:\/\/librairie7l.com\/en\/#organization"},"potentialAction":[{"@type":"SearchAction","target":{"@type":"EntryPoint","urlTemplate":"https:\/\/librairie7l.com\/en\/?s={search_term_string}"},"query-input":"required name=search_term_string"}],"inLanguage":"en-US"},{"@type":"Organization","@id":"https:\/\/librairie7l.com\/en\/#organization","name":"Librairie 7L","url":"https:\/\/librairie7l.com\/en\/","logo":{"@type":"ImageObject","inLanguage":"en-US","@id":"https:\/\/librairie7l.com\/en\/#\/schema\/logo\/image\/","url":"https:\/\/librairie7l.com\/wp-content\/uploads\/2022\/08\/logo-1.png","contentUrl":"https:\/\/librairie7l.com\/wp-content\/uploads\/2022\/08\/logo-1.png","width":227,"height":301,"caption":"Librairie 7L"},"image":{"@id":"https:\/\/librairie7l.com\/en\/#\/schema\/logo\/image\/"}}]}},"_links":{"self":[{"href":"https:\/\/librairie7l.com\/en\/wp-json\/wp\/v2\/product\/28893"}],"collection":[{"href":"https:\/\/librairie7l.com\/en\/wp-json\/wp\/v2\/product"}],"about":[{"href":"https:\/\/librairie7l.com\/en\/wp-json\/wp\/v2\/types\/product"}],"wp:featuredmedia":[{"embeddable":true,"href":"https:\/\/librairie7l.com\/en\/wp-json\/wp\/v2\/media\/28891"}],"wp:attachment":[{"href":"https:\/\/librairie7l.com\/en\/wp-json\/wp\/v2\/media?parent=28893"}],"wp:term":[{"taxonomy":"product_cat","embeddable":true,"href":"https:\/\/librairie7l.com\/en\/wp-json\/wp\/v2\/product_cat?post=28893"},{"taxonomy":"product_tag","embeddable":true,"href":"https:\/\/librairie7l.com\/en\/wp-json\/wp\/v2\/product_tag?post=28893"}],"curies":[{"name":"wp","href":"https:\/\/api.w.org\/{rel}","templated":true}]}}