{"id":28905,"date":"2023-05-10T13:47:09","date_gmt":"2023-05-10T11:47:09","guid":{"rendered":"https:\/\/librairie7l.com\/?post_type=product&#038;p=28905"},"modified":"2026-04-28T10:35:54","modified_gmt":"2026-04-28T08:35:54","slug":"en-vain","status":"publish","type":"product","link":"https:\/\/librairie7l.com\/en\/produit\/en-vain\/","title":{"rendered":"EN VAIN"},"content":{"rendered":"<p>Une compilation de billets d&#8217;humeur de l&#8217;architecte (et redoutable pamphl\u00e9taire) au sujet de 59 artistes ou personnalit\u00e9s.<br \/>\nSi ses cr\u00e9ations architecturales mondialement c\u00e9l\u00e8bres ont fait la renomm\u00e9e de Rudy Ricciotti, son franc-parler est tout aussi mythique. L&#8217;ouvrage En vain ! en est une illustration. L&#8217;architecte y \u00e9grenne ses consid\u00e9rations, tant\u00f4t mordantes, tant\u00f4t admiratives, mais toujours percutantes, au sujet de cinquante-neuf personnalit\u00e9s, d&#8217;Andy Warhol \u00e0 Ettore Sottsass en passant par Pierre Soulages, Francis Bacon ou Claude Viallat. Ainsi, Malevitch se voit-il qualifier d&#8217; \u00ab assassin \u00bb, tandis qu&#8217;Oscar Niemeyer se retrouve \u00ab \u00e0 la droite de Dieu \u00bb mais \u00ab vit en enfer \u00e0 cause de la b\u00e9tonni\u00e8re \u00bb, tandis que Beuys est r\u00e9duit \u00e0 un \u00ab pi\u00e8tre pilote, dompteur de coyotes et grand reporter au Wall Street Journal \u00bb.<br \/>\nArchitecte et ing\u00e9nieur, laur\u00e9at du grand prix national de l&#8217;architecture en 2006, Rudy Ricciotti (n\u00e9 en 1952 \u00e0 Kouba en Alg\u00e9rie, vit et travaille \u00e0 Bandol dans le Var) est notamment l&#8217;architecte du MuCEM (Mus\u00e9e des civilisations \u00e0 Marseille).<\/p>\n","protected":false},"excerpt":{"rendered":"<p>Une compilation de billets d&#8217;humeur de l&#8217;architecte (et redoutable pamphl\u00e9taire) au sujet de 59 artistes ou personnalit\u00e9s. Si ses cr\u00e9ations architecturales mondialement c\u00e9l\u00e8bres ont fait la renomm\u00e9e de Rudy Ricciotti, son franc-parler est tout aussi mythique. L&#8217;ouvrage En vain ! en est une illustration. L&#8217;architecte y \u00e9grenne ses consid\u00e9rations, tant\u00f4t mordantes, tant\u00f4t admiratives, mais toujours [&hellip;]<\/p>\n","protected":false},"featured_media":28903,"template":"","meta":[],"product_cat":[55,2948,22,2950],"product_tag":[],"acf":[],"yoast_head":"<!-- This site is optimized with the Yoast SEO plugin v20.11 - https:\/\/yoast.com\/wordpress\/plugins\/seo\/ -->\n<title>EN VAIN - Librairie 7L<\/title>\n<meta name=\"robots\" content=\"index, follow, max-snippet:-1, max-image-preview:large, max-video-preview:-1\" \/>\n<link rel=\"canonical\" href=\"https:\/\/librairie7l.com\/en\/produit\/en-vain\/\" \/>\n<meta property=\"og:locale\" content=\"en_US\" \/>\n<meta property=\"og:type\" content=\"article\" \/>\n<meta property=\"og:title\" content=\"EN VAIN - Librairie 7L\" \/>\n<meta property=\"og:description\" content=\"Une compilation de billets d&#8217;humeur de l&#8217;architecte (et redoutable pamphl\u00e9taire) au sujet de 59 artistes ou personnalit\u00e9s. Si ses cr\u00e9ations architecturales mondialement c\u00e9l\u00e8bres ont fait la renomm\u00e9e de Rudy Ricciotti, son franc-parler est tout aussi mythique. L&#8217;ouvrage En vain ! en est une illustration. L&#8217;architecte y \u00e9grenne ses consid\u00e9rations, tant\u00f4t mordantes, tant\u00f4t admiratives, mais toujours [&hellip;]\" \/>\n<meta property=\"og:url\" content=\"https:\/\/librairie7l.com\/en\/produit\/en-vain\/\" \/>\n<meta property=\"og:site_name\" content=\"Librairie 7L\" \/>\n<meta property=\"article:modified_time\" content=\"2026-04-28T08:35:54+00:00\" \/>\n<meta property=\"og:image\" content=\"https:\/\/librairie7l.com\/wp-content\/uploads\/2015\/01\/9782372290029_1_75.jpg\" \/>\n\t<meta property=\"og:image:width\" content=\"180\" \/>\n\t<meta property=\"og:image:height\" content=\"300\" \/>\n\t<meta property=\"og:image:type\" content=\"image\/jpeg\" \/>\n<meta name=\"twitter:card\" content=\"summary_large_image\" \/>\n<meta name=\"twitter:label1\" content=\"Est. reading time\" \/>\n\t<meta name=\"twitter:data1\" content=\"1 minute\" \/>\n<script type=\"application\/ld+json\" class=\"yoast-schema-graph\">{\"@context\":\"https:\/\/schema.org\",\"@graph\":[{\"@type\":\"WebPage\",\"@id\":\"https:\/\/librairie7l.com\/en\/produit\/en-vain\/\",\"url\":\"https:\/\/librairie7l.com\/en\/produit\/en-vain\/\",\"name\":\"EN VAIN - Librairie 7L\",\"isPartOf\":{\"@id\":\"https:\/\/librairie7l.com\/en\/#website\"},\"datePublished\":\"2023-05-10T11:47:09+00:00\",\"dateModified\":\"2026-04-28T08:35:54+00:00\",\"breadcrumb\":{\"@id\":\"https:\/\/librairie7l.com\/en\/produit\/en-vain\/#breadcrumb\"},\"inLanguage\":\"en-US\",\"potentialAction\":[{\"@type\":\"ReadAction\",\"target\":[\"https:\/\/librairie7l.com\/en\/produit\/en-vain\/\"]}]},{\"@type\":\"BreadcrumbList\",\"@id\":\"https:\/\/librairie7l.com\/en\/produit\/en-vain\/#breadcrumb\",\"itemListElement\":[{\"@type\":\"ListItem\",\"position\":1,\"name\":\"Accueil\",\"item\":\"https:\/\/librairie7l.com\/en\/\"},{\"@type\":\"ListItem\",\"position\":2,\"name\":\"Shop\",\"item\":\"https:\/\/librairie7l.com\/en\/shop\/\"},{\"@type\":\"ListItem\",\"position\":3,\"name\":\"EN VAIN\"}]},{\"@type\":\"WebSite\",\"@id\":\"https:\/\/librairie7l.com\/en\/#website\",\"url\":\"https:\/\/librairie7l.com\/en\/\",\"name\":\"Librairie 7L\",\"description\":\"Librairie fond\u00e9e en 1999 par Karl Lagerfeld \u00e0 Paris\",\"publisher\":{\"@id\":\"https:\/\/librairie7l.com\/en\/#organization\"},\"potentialAction\":[{\"@type\":\"SearchAction\",\"target\":{\"@type\":\"EntryPoint\",\"urlTemplate\":\"https:\/\/librairie7l.com\/en\/?s={search_term_string}\"},\"query-input\":\"required name=search_term_string\"}],\"inLanguage\":\"en-US\"},{\"@type\":\"Organization\",\"@id\":\"https:\/\/librairie7l.com\/en\/#organization\",\"name\":\"Librairie 7L\",\"url\":\"https:\/\/librairie7l.com\/en\/\",\"logo\":{\"@type\":\"ImageObject\",\"inLanguage\":\"en-US\",\"@id\":\"https:\/\/librairie7l.com\/en\/#\/schema\/logo\/image\/\",\"url\":\"https:\/\/librairie7l.com\/wp-content\/uploads\/2022\/08\/logo-1.png\",\"contentUrl\":\"https:\/\/librairie7l.com\/wp-content\/uploads\/2022\/08\/logo-1.png\",\"width\":227,\"height\":301,\"caption\":\"Librairie 7L\"},\"image\":{\"@id\":\"https:\/\/librairie7l.com\/en\/#\/schema\/logo\/image\/\"}}]}<\/script>\n<!-- \/ Yoast SEO plugin. -->","yoast_head_json":{"title":"EN VAIN - Librairie 7L","robots":{"index":"index","follow":"follow","max-snippet":"max-snippet:-1","max-image-preview":"max-image-preview:large","max-video-preview":"max-video-preview:-1"},"canonical":"https:\/\/librairie7l.com\/en\/produit\/en-vain\/","og_locale":"en_US","og_type":"article","og_title":"EN VAIN - Librairie 7L","og_description":"Une compilation de billets d&#8217;humeur de l&#8217;architecte (et redoutable pamphl\u00e9taire) au sujet de 59 artistes ou personnalit\u00e9s. Si ses cr\u00e9ations architecturales mondialement c\u00e9l\u00e8bres ont fait la renomm\u00e9e de Rudy Ricciotti, son franc-parler est tout aussi mythique. L&#8217;ouvrage En vain ! en est une illustration. L&#8217;architecte y \u00e9grenne ses consid\u00e9rations, tant\u00f4t mordantes, tant\u00f4t admiratives, mais toujours [&hellip;]","og_url":"https:\/\/librairie7l.com\/en\/produit\/en-vain\/","og_site_name":"Librairie 7L","article_modified_time":"2026-04-28T08:35:54+00:00","og_image":[{"width":180,"height":300,"url":"https:\/\/librairie7l.com\/wp-content\/uploads\/2015\/01\/9782372290029_1_75.jpg","type":"image\/jpeg"}],"twitter_card":"summary_large_image","twitter_misc":{"Est. reading time":"1 minute"},"schema":{"@context":"https:\/\/schema.org","@graph":[{"@type":"WebPage","@id":"https:\/\/librairie7l.com\/en\/produit\/en-vain\/","url":"https:\/\/librairie7l.com\/en\/produit\/en-vain\/","name":"EN VAIN - Librairie 7L","isPartOf":{"@id":"https:\/\/librairie7l.com\/en\/#website"},"datePublished":"2023-05-10T11:47:09+00:00","dateModified":"2026-04-28T08:35:54+00:00","breadcrumb":{"@id":"https:\/\/librairie7l.com\/en\/produit\/en-vain\/#breadcrumb"},"inLanguage":"en-US","potentialAction":[{"@type":"ReadAction","target":["https:\/\/librairie7l.com\/en\/produit\/en-vain\/"]}]},{"@type":"BreadcrumbList","@id":"https:\/\/librairie7l.com\/en\/produit\/en-vain\/#breadcrumb","itemListElement":[{"@type":"ListItem","position":1,"name":"Accueil","item":"https:\/\/librairie7l.com\/en\/"},{"@type":"ListItem","position":2,"name":"Shop","item":"https:\/\/librairie7l.com\/en\/shop\/"},{"@type":"ListItem","position":3,"name":"EN VAIN"}]},{"@type":"WebSite","@id":"https:\/\/librairie7l.com\/en\/#website","url":"https:\/\/librairie7l.com\/en\/","name":"Librairie 7L","description":"Librairie fond\u00e9e en 1999 par Karl Lagerfeld \u00e0 Paris","publisher":{"@id":"https:\/\/librairie7l.com\/en\/#organization"},"potentialAction":[{"@type":"SearchAction","target":{"@type":"EntryPoint","urlTemplate":"https:\/\/librairie7l.com\/en\/?s={search_term_string}"},"query-input":"required name=search_term_string"}],"inLanguage":"en-US"},{"@type":"Organization","@id":"https:\/\/librairie7l.com\/en\/#organization","name":"Librairie 7L","url":"https:\/\/librairie7l.com\/en\/","logo":{"@type":"ImageObject","inLanguage":"en-US","@id":"https:\/\/librairie7l.com\/en\/#\/schema\/logo\/image\/","url":"https:\/\/librairie7l.com\/wp-content\/uploads\/2022\/08\/logo-1.png","contentUrl":"https:\/\/librairie7l.com\/wp-content\/uploads\/2022\/08\/logo-1.png","width":227,"height":301,"caption":"Librairie 7L"},"image":{"@id":"https:\/\/librairie7l.com\/en\/#\/schema\/logo\/image\/"}}]}},"_links":{"self":[{"href":"https:\/\/librairie7l.com\/en\/wp-json\/wp\/v2\/product\/28905"}],"collection":[{"href":"https:\/\/librairie7l.com\/en\/wp-json\/wp\/v2\/product"}],"about":[{"href":"https:\/\/librairie7l.com\/en\/wp-json\/wp\/v2\/types\/product"}],"wp:featuredmedia":[{"embeddable":true,"href":"https:\/\/librairie7l.com\/en\/wp-json\/wp\/v2\/media\/28903"}],"wp:attachment":[{"href":"https:\/\/librairie7l.com\/en\/wp-json\/wp\/v2\/media?parent=28905"}],"wp:term":[{"taxonomy":"product_cat","embeddable":true,"href":"https:\/\/librairie7l.com\/en\/wp-json\/wp\/v2\/product_cat?post=28905"},{"taxonomy":"product_tag","embeddable":true,"href":"https:\/\/librairie7l.com\/en\/wp-json\/wp\/v2\/product_tag?post=28905"}],"curies":[{"name":"wp","href":"https:\/\/api.w.org\/{rel}","templated":true}]}}