{"id":28909,"date":"2023-05-10T13:47:13","date_gmt":"2023-05-10T11:47:13","guid":{"rendered":"https:\/\/librairie7l.com\/?post_type=product&#038;p=28909"},"modified":"2026-04-09T12:31:26","modified_gmt":"2026-04-09T10:31:26","slug":"de-main-de-maitres-eloge-de-la-main-en-peinture","status":"publish","type":"product","link":"https:\/\/librairie7l.com\/en\/produit\/de-main-de-maitres-eloge-de-la-main-en-peinture\/","title":{"rendered":"DE MAIN DE MA\u00ceTRES ; \u00c9LOGE DE LA MAIN EN PEINTURE"},"content":{"rendered":"<p>De mains de ma\u00eetre. \u00c9loge de la main en peinture Les mains disent des hommes peut-\u00eatre autant que leurs yeux. Elles parlent en silence un langage \u00e9loquent. Il n&#8217;est gu\u00e8re \u00e9tonnant que les peintres, parce que s&#8217;ils d&#8217;abord des artisans, dont la main est le premier outil, y aient toujours accord\u00e9 une grande importance. Qu&#8217;il s&#8217;agisse de sc\u00e8nes religieuses, de portraits officiels ou de tableaux historiques, les repr\u00e9sentations des mains sont toujours riches de connotations, voire de discours secrets.<br \/>\nEn choisissant dans cet ouvrage de \u00ab d\u00e9tourer \u00bb et recomposer les mains d&#8217;une quarantaine de chefs-d&#8217;oeuvre du mus\u00e9e des Beaux-Arts de Strasbourg, cet ouvrage d\u00e9voile un vocabulaire gestuel tr\u00e8s expressif. Mains douces, maternelles, d\u00e9licates ou potel\u00e9es, mains viriles, laborieuses ou combatives, mains sensuelles, cupides ou suppliantes, racontent autant de sc\u00e8nes intimes ou mythologiques.<br \/>\nLe cahier central permet au lecteur de jouer \u00e0 identifier les tableaux dont les d\u00e9tails sont extraits et fait de cette proposition originale un ouvrage \u00e0 la fois ludique et po\u00e9tique.<\/p>\n","protected":false},"excerpt":{"rendered":"<p>De mains de ma\u00eetre. \u00c9loge de la main en peinture Les mains disent des hommes peut-\u00eatre autant que leurs yeux. Elles parlent en silence un langage \u00e9loquent. Il n&#8217;est gu\u00e8re \u00e9tonnant que les peintres, parce que s&#8217;ils d&#8217;abord des artisans, dont la main est le premier outil, y aient toujours accord\u00e9 une grande importance. Qu&#8217;il [&hellip;]<\/p>\n","protected":false},"featured_media":28907,"template":"","meta":[],"product_cat":[2948,2953],"product_tag":[],"acf":[],"yoast_head":"<!-- This site is optimized with the Yoast SEO plugin v20.11 - https:\/\/yoast.com\/wordpress\/plugins\/seo\/ -->\n<title>DE MAIN DE MA\u00ceTRES ; \u00c9LOGE DE LA MAIN EN PEINTURE - Librairie 7L<\/title>\n<meta name=\"robots\" content=\"index, follow, max-snippet:-1, max-image-preview:large, max-video-preview:-1\" \/>\n<link rel=\"canonical\" href=\"https:\/\/librairie7l.com\/en\/produit\/de-main-de-maitres-eloge-de-la-main-en-peinture\/\" \/>\n<meta property=\"og:locale\" content=\"en_US\" \/>\n<meta property=\"og:type\" content=\"article\" \/>\n<meta property=\"og:title\" content=\"DE MAIN DE MA\u00ceTRES ; \u00c9LOGE DE LA MAIN EN PEINTURE - Librairie 7L\" \/>\n<meta property=\"og:description\" content=\"De mains de ma\u00eetre. \u00c9loge de la main en peinture Les mains disent des hommes peut-\u00eatre autant que leurs yeux. Elles parlent en silence un langage \u00e9loquent. Il n&#8217;est gu\u00e8re \u00e9tonnant que les peintres, parce que s&#8217;ils d&#8217;abord des artisans, dont la main est le premier outil, y aient toujours accord\u00e9 une grande importance. Qu&#8217;il [&hellip;]\" \/>\n<meta property=\"og:url\" content=\"https:\/\/librairie7l.com\/en\/produit\/de-main-de-maitres-eloge-de-la-main-en-peinture\/\" \/>\n<meta property=\"og:site_name\" content=\"Librairie 7L\" \/>\n<meta property=\"article:modified_time\" content=\"2026-04-09T10:31:26+00:00\" \/>\n<meta property=\"og:image\" content=\"https:\/\/librairie7l.com\/wp-content\/uploads\/2015\/04\/9782351251331_1_75.jpg\" \/>\n\t<meta property=\"og:image:width\" content=\"400\" \/>\n\t<meta property=\"og:image:height\" content=\"588\" \/>\n\t<meta property=\"og:image:type\" content=\"image\/jpeg\" \/>\n<meta name=\"twitter:card\" content=\"summary_large_image\" \/>\n<meta name=\"twitter:label1\" content=\"Est. reading time\" \/>\n\t<meta name=\"twitter:data1\" content=\"1 minute\" \/>\n<script type=\"application\/ld+json\" class=\"yoast-schema-graph\">{\"@context\":\"https:\/\/schema.org\",\"@graph\":[{\"@type\":\"WebPage\",\"@id\":\"https:\/\/librairie7l.com\/en\/produit\/de-main-de-maitres-eloge-de-la-main-en-peinture\/\",\"url\":\"https:\/\/librairie7l.com\/en\/produit\/de-main-de-maitres-eloge-de-la-main-en-peinture\/\",\"name\":\"DE MAIN DE MA\u00ceTRES ; \u00c9LOGE DE LA MAIN EN PEINTURE - Librairie 7L\",\"isPartOf\":{\"@id\":\"https:\/\/librairie7l.com\/en\/#website\"},\"datePublished\":\"2023-05-10T11:47:13+00:00\",\"dateModified\":\"2026-04-09T10:31:26+00:00\",\"breadcrumb\":{\"@id\":\"https:\/\/librairie7l.com\/en\/produit\/de-main-de-maitres-eloge-de-la-main-en-peinture\/#breadcrumb\"},\"inLanguage\":\"en-US\",\"potentialAction\":[{\"@type\":\"ReadAction\",\"target\":[\"https:\/\/librairie7l.com\/en\/produit\/de-main-de-maitres-eloge-de-la-main-en-peinture\/\"]}]},{\"@type\":\"BreadcrumbList\",\"@id\":\"https:\/\/librairie7l.com\/en\/produit\/de-main-de-maitres-eloge-de-la-main-en-peinture\/#breadcrumb\",\"itemListElement\":[{\"@type\":\"ListItem\",\"position\":1,\"name\":\"Accueil\",\"item\":\"https:\/\/librairie7l.com\/en\/\"},{\"@type\":\"ListItem\",\"position\":2,\"name\":\"Shop\",\"item\":\"https:\/\/librairie7l.com\/en\/shop\/\"},{\"@type\":\"ListItem\",\"position\":3,\"name\":\"DE MAIN DE MA\u00ceTRES ; \u00c9LOGE DE LA MAIN EN PEINTURE\"}]},{\"@type\":\"WebSite\",\"@id\":\"https:\/\/librairie7l.com\/en\/#website\",\"url\":\"https:\/\/librairie7l.com\/en\/\",\"name\":\"Librairie 7L\",\"description\":\"Librairie fond\u00e9e en 1999 par Karl Lagerfeld \u00e0 Paris\",\"publisher\":{\"@id\":\"https:\/\/librairie7l.com\/en\/#organization\"},\"potentialAction\":[{\"@type\":\"SearchAction\",\"target\":{\"@type\":\"EntryPoint\",\"urlTemplate\":\"https:\/\/librairie7l.com\/en\/?s={search_term_string}\"},\"query-input\":\"required name=search_term_string\"}],\"inLanguage\":\"en-US\"},{\"@type\":\"Organization\",\"@id\":\"https:\/\/librairie7l.com\/en\/#organization\",\"name\":\"Librairie 7L\",\"url\":\"https:\/\/librairie7l.com\/en\/\",\"logo\":{\"@type\":\"ImageObject\",\"inLanguage\":\"en-US\",\"@id\":\"https:\/\/librairie7l.com\/en\/#\/schema\/logo\/image\/\",\"url\":\"https:\/\/librairie7l.com\/wp-content\/uploads\/2022\/08\/logo-1.png\",\"contentUrl\":\"https:\/\/librairie7l.com\/wp-content\/uploads\/2022\/08\/logo-1.png\",\"width\":227,\"height\":301,\"caption\":\"Librairie 7L\"},\"image\":{\"@id\":\"https:\/\/librairie7l.com\/en\/#\/schema\/logo\/image\/\"}}]}<\/script>\n<!-- \/ Yoast SEO plugin. -->","yoast_head_json":{"title":"DE MAIN DE MA\u00ceTRES ; \u00c9LOGE DE LA MAIN EN PEINTURE - Librairie 7L","robots":{"index":"index","follow":"follow","max-snippet":"max-snippet:-1","max-image-preview":"max-image-preview:large","max-video-preview":"max-video-preview:-1"},"canonical":"https:\/\/librairie7l.com\/en\/produit\/de-main-de-maitres-eloge-de-la-main-en-peinture\/","og_locale":"en_US","og_type":"article","og_title":"DE MAIN DE MA\u00ceTRES ; \u00c9LOGE DE LA MAIN EN PEINTURE - Librairie 7L","og_description":"De mains de ma\u00eetre. \u00c9loge de la main en peinture Les mains disent des hommes peut-\u00eatre autant que leurs yeux. Elles parlent en silence un langage \u00e9loquent. Il n&#8217;est gu\u00e8re \u00e9tonnant que les peintres, parce que s&#8217;ils d&#8217;abord des artisans, dont la main est le premier outil, y aient toujours accord\u00e9 une grande importance. Qu&#8217;il [&hellip;]","og_url":"https:\/\/librairie7l.com\/en\/produit\/de-main-de-maitres-eloge-de-la-main-en-peinture\/","og_site_name":"Librairie 7L","article_modified_time":"2026-04-09T10:31:26+00:00","og_image":[{"width":400,"height":588,"url":"https:\/\/librairie7l.com\/wp-content\/uploads\/2015\/04\/9782351251331_1_75.jpg","type":"image\/jpeg"}],"twitter_card":"summary_large_image","twitter_misc":{"Est. reading time":"1 minute"},"schema":{"@context":"https:\/\/schema.org","@graph":[{"@type":"WebPage","@id":"https:\/\/librairie7l.com\/en\/produit\/de-main-de-maitres-eloge-de-la-main-en-peinture\/","url":"https:\/\/librairie7l.com\/en\/produit\/de-main-de-maitres-eloge-de-la-main-en-peinture\/","name":"DE MAIN DE MA\u00ceTRES ; \u00c9LOGE DE LA MAIN EN PEINTURE - Librairie 7L","isPartOf":{"@id":"https:\/\/librairie7l.com\/en\/#website"},"datePublished":"2023-05-10T11:47:13+00:00","dateModified":"2026-04-09T10:31:26+00:00","breadcrumb":{"@id":"https:\/\/librairie7l.com\/en\/produit\/de-main-de-maitres-eloge-de-la-main-en-peinture\/#breadcrumb"},"inLanguage":"en-US","potentialAction":[{"@type":"ReadAction","target":["https:\/\/librairie7l.com\/en\/produit\/de-main-de-maitres-eloge-de-la-main-en-peinture\/"]}]},{"@type":"BreadcrumbList","@id":"https:\/\/librairie7l.com\/en\/produit\/de-main-de-maitres-eloge-de-la-main-en-peinture\/#breadcrumb","itemListElement":[{"@type":"ListItem","position":1,"name":"Accueil","item":"https:\/\/librairie7l.com\/en\/"},{"@type":"ListItem","position":2,"name":"Shop","item":"https:\/\/librairie7l.com\/en\/shop\/"},{"@type":"ListItem","position":3,"name":"DE MAIN DE MA\u00ceTRES ; \u00c9LOGE DE LA MAIN EN PEINTURE"}]},{"@type":"WebSite","@id":"https:\/\/librairie7l.com\/en\/#website","url":"https:\/\/librairie7l.com\/en\/","name":"Librairie 7L","description":"Librairie fond\u00e9e en 1999 par Karl Lagerfeld \u00e0 Paris","publisher":{"@id":"https:\/\/librairie7l.com\/en\/#organization"},"potentialAction":[{"@type":"SearchAction","target":{"@type":"EntryPoint","urlTemplate":"https:\/\/librairie7l.com\/en\/?s={search_term_string}"},"query-input":"required name=search_term_string"}],"inLanguage":"en-US"},{"@type":"Organization","@id":"https:\/\/librairie7l.com\/en\/#organization","name":"Librairie 7L","url":"https:\/\/librairie7l.com\/en\/","logo":{"@type":"ImageObject","inLanguage":"en-US","@id":"https:\/\/librairie7l.com\/en\/#\/schema\/logo\/image\/","url":"https:\/\/librairie7l.com\/wp-content\/uploads\/2022\/08\/logo-1.png","contentUrl":"https:\/\/librairie7l.com\/wp-content\/uploads\/2022\/08\/logo-1.png","width":227,"height":301,"caption":"Librairie 7L"},"image":{"@id":"https:\/\/librairie7l.com\/en\/#\/schema\/logo\/image\/"}}]}},"_links":{"self":[{"href":"https:\/\/librairie7l.com\/en\/wp-json\/wp\/v2\/product\/28909"}],"collection":[{"href":"https:\/\/librairie7l.com\/en\/wp-json\/wp\/v2\/product"}],"about":[{"href":"https:\/\/librairie7l.com\/en\/wp-json\/wp\/v2\/types\/product"}],"wp:featuredmedia":[{"embeddable":true,"href":"https:\/\/librairie7l.com\/en\/wp-json\/wp\/v2\/media\/28907"}],"wp:attachment":[{"href":"https:\/\/librairie7l.com\/en\/wp-json\/wp\/v2\/media?parent=28909"}],"wp:term":[{"taxonomy":"product_cat","embeddable":true,"href":"https:\/\/librairie7l.com\/en\/wp-json\/wp\/v2\/product_cat?post=28909"},{"taxonomy":"product_tag","embeddable":true,"href":"https:\/\/librairie7l.com\/en\/wp-json\/wp\/v2\/product_tag?post=28909"}],"curies":[{"name":"wp","href":"https:\/\/api.w.org\/{rel}","templated":true}]}}