{"id":28913,"date":"2023-05-10T13:47:20","date_gmt":"2023-05-10T11:47:20","guid":{"rendered":"https:\/\/librairie7l.com\/?post_type=product&#038;p=28913"},"modified":"2026-04-06T16:52:12","modified_gmt":"2026-04-06T14:52:12","slug":"hubert-de-givenchy","status":"publish","type":"product","link":"https:\/\/librairie7l.com\/en\/produit\/hubert-de-givenchy\/","title":{"rendered":"HUBERT DE GIVENCHY"},"content":{"rendered":"<p>Toute sa vie, Hubert de Givenchy a habill\u00e9 une client\u00e8le fid\u00e8le et cosmopolite, dont des c\u00e9l\u00e9brit\u00e9s comme Jacqueline Kennedy et Audrey Hepburn, sa muse et amie. Des \u00ab?s\u00e9parables?\u00bb de 1952 aux vaporeuses robes de mari\u00e9e en tulle et dentelle de ses derni\u00e8res ann\u00e9es de cr\u00e9ation?: les pi\u00e8ces pr\u00e9sent\u00e9es dans ce magnifique ouvrage donnent la mesure d&#8217;un sens aigu de l&#8217;\u00e9l\u00e9gance et d&#8217;une grande culture. Entre autres sources d&#8217;inspiration, on reconnait l&#8217;\u00e9vocation d&#8217;artistes chers au couturier tels Mir\u00f3, de Sta\u00ebl, Delaunay ou Rothko, mais \u00e9galement les fastes du xviiie si\u00e8cle \u00e0 travers des couleurs profondes, des mati\u00e8res pr\u00e9cieuses et des drap\u00e9s somptueux.<br \/>\nL&#8217;ouvrage retrace ainsi la carri\u00e8re de Givenchy \u00e0 travers l&#8217;histoire des rencontres marquantes ayant jalonn\u00e9 sa vie et fa\u00e7onn\u00e9 son oeuvre. Un hommage rendu \u00e0 l&#8217;un des plus grands couturiers du xxe si\u00e8cle.<\/p>\n","protected":false},"excerpt":{"rendered":"<p>Toute sa vie, Hubert de Givenchy a habill\u00e9 une client\u00e8le fid\u00e8le et cosmopolite, dont des c\u00e9l\u00e9brit\u00e9s comme Jacqueline Kennedy et Audrey Hepburn, sa muse et amie. Des \u00ab?s\u00e9parables?\u00bb de 1952 aux vaporeuses robes de mari\u00e9e en tulle et dentelle de ses derni\u00e8res ann\u00e9es de cr\u00e9ation?: les pi\u00e8ces pr\u00e9sent\u00e9es dans ce magnifique ouvrage donnent la mesure [&hellip;]<\/p>\n","protected":false},"featured_media":28911,"template":"","meta":[],"product_cat":[55,2948,2957,19],"product_tag":[],"acf":[],"yoast_head":"<!-- This site is optimized with the Yoast SEO plugin v20.11 - https:\/\/yoast.com\/wordpress\/plugins\/seo\/ -->\n<title>HUBERT DE GIVENCHY - Librairie 7L<\/title>\n<meta name=\"robots\" content=\"index, follow, max-snippet:-1, max-image-preview:large, max-video-preview:-1\" \/>\n<link rel=\"canonical\" href=\"https:\/\/librairie7l.com\/en\/produit\/hubert-de-givenchy\/\" \/>\n<meta property=\"og:locale\" content=\"en_US\" \/>\n<meta property=\"og:type\" content=\"article\" \/>\n<meta property=\"og:title\" content=\"HUBERT DE GIVENCHY - Librairie 7L\" \/>\n<meta property=\"og:description\" content=\"Toute sa vie, Hubert de Givenchy a habill\u00e9 une client\u00e8le fid\u00e8le et cosmopolite, dont des c\u00e9l\u00e9brit\u00e9s comme Jacqueline Kennedy et Audrey Hepburn, sa muse et amie. Des \u00ab?s\u00e9parables?\u00bb de 1952 aux vaporeuses robes de mari\u00e9e en tulle et dentelle de ses derni\u00e8res ann\u00e9es de cr\u00e9ation?: les pi\u00e8ces pr\u00e9sent\u00e9es dans ce magnifique ouvrage donnent la mesure [&hellip;]\" \/>\n<meta property=\"og:url\" content=\"https:\/\/librairie7l.com\/en\/produit\/hubert-de-givenchy\/\" \/>\n<meta property=\"og:site_name\" content=\"Librairie 7L\" \/>\n<meta property=\"article:modified_time\" content=\"2026-04-06T14:52:12+00:00\" \/>\n<meta property=\"og:image\" content=\"https:\/\/librairie7l.com\/wp-content\/uploads\/2017\/02\/9782359062007_1_75.jpg\" \/>\n\t<meta property=\"og:image:width\" content=\"600\" \/>\n\t<meta property=\"og:image:height\" content=\"788\" \/>\n\t<meta property=\"og:image:type\" content=\"image\/jpeg\" \/>\n<meta name=\"twitter:card\" content=\"summary_large_image\" \/>\n<meta name=\"twitter:label1\" content=\"Est. reading time\" \/>\n\t<meta name=\"twitter:data1\" content=\"1 minute\" \/>\n<script type=\"application\/ld+json\" class=\"yoast-schema-graph\">{\"@context\":\"https:\/\/schema.org\",\"@graph\":[{\"@type\":\"WebPage\",\"@id\":\"https:\/\/librairie7l.com\/en\/produit\/hubert-de-givenchy\/\",\"url\":\"https:\/\/librairie7l.com\/en\/produit\/hubert-de-givenchy\/\",\"name\":\"HUBERT DE GIVENCHY - Librairie 7L\",\"isPartOf\":{\"@id\":\"https:\/\/librairie7l.com\/en\/#website\"},\"datePublished\":\"2023-05-10T11:47:20+00:00\",\"dateModified\":\"2026-04-06T14:52:12+00:00\",\"breadcrumb\":{\"@id\":\"https:\/\/librairie7l.com\/en\/produit\/hubert-de-givenchy\/#breadcrumb\"},\"inLanguage\":\"en-US\",\"potentialAction\":[{\"@type\":\"ReadAction\",\"target\":[\"https:\/\/librairie7l.com\/en\/produit\/hubert-de-givenchy\/\"]}]},{\"@type\":\"BreadcrumbList\",\"@id\":\"https:\/\/librairie7l.com\/en\/produit\/hubert-de-givenchy\/#breadcrumb\",\"itemListElement\":[{\"@type\":\"ListItem\",\"position\":1,\"name\":\"Accueil\",\"item\":\"https:\/\/librairie7l.com\/en\/\"},{\"@type\":\"ListItem\",\"position\":2,\"name\":\"Shop\",\"item\":\"https:\/\/librairie7l.com\/en\/shop\/\"},{\"@type\":\"ListItem\",\"position\":3,\"name\":\"HUBERT DE GIVENCHY\"}]},{\"@type\":\"WebSite\",\"@id\":\"https:\/\/librairie7l.com\/en\/#website\",\"url\":\"https:\/\/librairie7l.com\/en\/\",\"name\":\"Librairie 7L\",\"description\":\"Librairie fond\u00e9e en 1999 par Karl Lagerfeld \u00e0 Paris\",\"publisher\":{\"@id\":\"https:\/\/librairie7l.com\/en\/#organization\"},\"potentialAction\":[{\"@type\":\"SearchAction\",\"target\":{\"@type\":\"EntryPoint\",\"urlTemplate\":\"https:\/\/librairie7l.com\/en\/?s={search_term_string}\"},\"query-input\":\"required name=search_term_string\"}],\"inLanguage\":\"en-US\"},{\"@type\":\"Organization\",\"@id\":\"https:\/\/librairie7l.com\/en\/#organization\",\"name\":\"Librairie 7L\",\"url\":\"https:\/\/librairie7l.com\/en\/\",\"logo\":{\"@type\":\"ImageObject\",\"inLanguage\":\"en-US\",\"@id\":\"https:\/\/librairie7l.com\/en\/#\/schema\/logo\/image\/\",\"url\":\"https:\/\/librairie7l.com\/wp-content\/uploads\/2022\/08\/logo-1.png\",\"contentUrl\":\"https:\/\/librairie7l.com\/wp-content\/uploads\/2022\/08\/logo-1.png\",\"width\":227,\"height\":301,\"caption\":\"Librairie 7L\"},\"image\":{\"@id\":\"https:\/\/librairie7l.com\/en\/#\/schema\/logo\/image\/\"}}]}<\/script>\n<!-- \/ Yoast SEO plugin. -->","yoast_head_json":{"title":"HUBERT DE GIVENCHY - Librairie 7L","robots":{"index":"index","follow":"follow","max-snippet":"max-snippet:-1","max-image-preview":"max-image-preview:large","max-video-preview":"max-video-preview:-1"},"canonical":"https:\/\/librairie7l.com\/en\/produit\/hubert-de-givenchy\/","og_locale":"en_US","og_type":"article","og_title":"HUBERT DE GIVENCHY - Librairie 7L","og_description":"Toute sa vie, Hubert de Givenchy a habill\u00e9 une client\u00e8le fid\u00e8le et cosmopolite, dont des c\u00e9l\u00e9brit\u00e9s comme Jacqueline Kennedy et Audrey Hepburn, sa muse et amie. Des \u00ab?s\u00e9parables?\u00bb de 1952 aux vaporeuses robes de mari\u00e9e en tulle et dentelle de ses derni\u00e8res ann\u00e9es de cr\u00e9ation?: les pi\u00e8ces pr\u00e9sent\u00e9es dans ce magnifique ouvrage donnent la mesure [&hellip;]","og_url":"https:\/\/librairie7l.com\/en\/produit\/hubert-de-givenchy\/","og_site_name":"Librairie 7L","article_modified_time":"2026-04-06T14:52:12+00:00","og_image":[{"width":600,"height":788,"url":"https:\/\/librairie7l.com\/wp-content\/uploads\/2017\/02\/9782359062007_1_75.jpg","type":"image\/jpeg"}],"twitter_card":"summary_large_image","twitter_misc":{"Est. reading time":"1 minute"},"schema":{"@context":"https:\/\/schema.org","@graph":[{"@type":"WebPage","@id":"https:\/\/librairie7l.com\/en\/produit\/hubert-de-givenchy\/","url":"https:\/\/librairie7l.com\/en\/produit\/hubert-de-givenchy\/","name":"HUBERT DE GIVENCHY - Librairie 7L","isPartOf":{"@id":"https:\/\/librairie7l.com\/en\/#website"},"datePublished":"2023-05-10T11:47:20+00:00","dateModified":"2026-04-06T14:52:12+00:00","breadcrumb":{"@id":"https:\/\/librairie7l.com\/en\/produit\/hubert-de-givenchy\/#breadcrumb"},"inLanguage":"en-US","potentialAction":[{"@type":"ReadAction","target":["https:\/\/librairie7l.com\/en\/produit\/hubert-de-givenchy\/"]}]},{"@type":"BreadcrumbList","@id":"https:\/\/librairie7l.com\/en\/produit\/hubert-de-givenchy\/#breadcrumb","itemListElement":[{"@type":"ListItem","position":1,"name":"Accueil","item":"https:\/\/librairie7l.com\/en\/"},{"@type":"ListItem","position":2,"name":"Shop","item":"https:\/\/librairie7l.com\/en\/shop\/"},{"@type":"ListItem","position":3,"name":"HUBERT DE GIVENCHY"}]},{"@type":"WebSite","@id":"https:\/\/librairie7l.com\/en\/#website","url":"https:\/\/librairie7l.com\/en\/","name":"Librairie 7L","description":"Librairie fond\u00e9e en 1999 par Karl Lagerfeld \u00e0 Paris","publisher":{"@id":"https:\/\/librairie7l.com\/en\/#organization"},"potentialAction":[{"@type":"SearchAction","target":{"@type":"EntryPoint","urlTemplate":"https:\/\/librairie7l.com\/en\/?s={search_term_string}"},"query-input":"required name=search_term_string"}],"inLanguage":"en-US"},{"@type":"Organization","@id":"https:\/\/librairie7l.com\/en\/#organization","name":"Librairie 7L","url":"https:\/\/librairie7l.com\/en\/","logo":{"@type":"ImageObject","inLanguage":"en-US","@id":"https:\/\/librairie7l.com\/en\/#\/schema\/logo\/image\/","url":"https:\/\/librairie7l.com\/wp-content\/uploads\/2022\/08\/logo-1.png","contentUrl":"https:\/\/librairie7l.com\/wp-content\/uploads\/2022\/08\/logo-1.png","width":227,"height":301,"caption":"Librairie 7L"},"image":{"@id":"https:\/\/librairie7l.com\/en\/#\/schema\/logo\/image\/"}}]}},"_links":{"self":[{"href":"https:\/\/librairie7l.com\/en\/wp-json\/wp\/v2\/product\/28913"}],"collection":[{"href":"https:\/\/librairie7l.com\/en\/wp-json\/wp\/v2\/product"}],"about":[{"href":"https:\/\/librairie7l.com\/en\/wp-json\/wp\/v2\/types\/product"}],"wp:featuredmedia":[{"embeddable":true,"href":"https:\/\/librairie7l.com\/en\/wp-json\/wp\/v2\/media\/28911"}],"wp:attachment":[{"href":"https:\/\/librairie7l.com\/en\/wp-json\/wp\/v2\/media?parent=28913"}],"wp:term":[{"taxonomy":"product_cat","embeddable":true,"href":"https:\/\/librairie7l.com\/en\/wp-json\/wp\/v2\/product_cat?post=28913"},{"taxonomy":"product_tag","embeddable":true,"href":"https:\/\/librairie7l.com\/en\/wp-json\/wp\/v2\/product_tag?post=28913"}],"curies":[{"name":"wp","href":"https:\/\/api.w.org\/{rel}","templated":true}]}}